{"id":534,"date":"2020-03-10T12:36:25","date_gmt":"2020-03-10T11:36:25","guid":{"rendered":"https:\/\/agora.xtec.cat\/iebalsareny\/\/?page_id=534"},"modified":"2020-03-10T12:36:25","modified_gmt":"2020-03-10T11:36:25","slug":"regim-disciplinari","status":"publish","type":"page","link":"https:\/\/agora.xtec.cat\/iebalsareny\/documents-del-centre\/projecte-educatiu\/prioritats-i-objectius-educatius\/regim-disciplinari\/","title":{"rendered":"R\u00e8gim Disciplinari"},"content":{"rendered":"<h4>Les NOFC. (Normes d&#8217;organitzaci\u00f3 i funcionament del centre).<\/h4>\n<p>La disciplina i l&#8217;ordre s\u00f3n aspectes fonamentals, ja que hem de garantir unes condicions m\u00ednimes que permetin un ambient de conviv\u00e8ncia i treball adequat per al progr\u00e9s integral dels nostres alumnes.<\/p>\n<p>Els alumnes de l&#8217;escola han de justificar totes les seves faltes d\u2019assist\u00e8ncia, aix\u00ed com els retards. Es porta un control diari deixant-ne const\u00e0ncia als informes trimestrals per a les fam\u00edlies, i activant el protocol d&#8217;absentisme en cas d&#8217;abs\u00e8ncies i\/o retards sovintejats.<\/p>\n<p>El r\u00e8gim disciplinari del centre aplica la normativa LEC, el decret d&#8217;autonomia de centres i el decret de direccions; aix\u00ed com les modificacions fetes en el PEC, i l&#8217;aprovaci\u00f3 de les NOFC.<\/p>\n","protected":false},"excerpt":{"rendered":"<p>Les NOFC. (Normes d&#8217;organitzaci\u00f3 i funcionament del centre).<br \/>\nLa disciplina i l&#8217;ordre s\u00f3n aspectes fonamentals, ja que hem de garantir unes condicions m\u00ednimes que permetin un ambient de conviv\u00e8ncia i treball adequat per al progr\u00e9s integral dels nostres alumnes.<br \/>\nEls alumnes de l&#8217;escola han de justificar totes&hellip;  <a href=\"https:\/\/agora.xtec.cat\/iebalsareny\/documents-del-centre\/projecte-educatiu\/prioritats-i-objectius-educatius\/regim-disciplinari\/\" title=\"Read R\u00e8gim Disciplinari\">Llegeix m\u00e9s\u00bb<\/a><\/p>\n","protected":false},"author":1,"featured_media":0,"parent":523,"menu_order":0,"comment_status":"closed","ping_status":"closed","template":"page-templates\/side-menu.php","meta":{"_bbp_topic_count":0,"_bbp_reply_count":0,"_bbp_total_topic_count":0,"_bbp_total_reply_count":0,"_bbp_voice_count":0,"_bbp_anonymous_reply_count":0,"_bbp_topic_count_hidden":0,"_bbp_reply_count_hidden":0,"_bbp_forum_subforum_count":0,"footnotes":""},"class_list":["post-534","page","type-page","status-publish","hentry"],"post_mailing_queue_ids":[],"_links":{"self":[{"href":"https:\/\/agora.xtec.cat\/iebalsareny\/wp-json\/wp\/v2\/pages\/534","targetHints":{"allow":["GET"]}}],"collection":[{"href":"https:\/\/agora.xtec.cat\/iebalsareny\/wp-json\/wp\/v2\/pages"}],"about":[{"href":"https:\/\/agora.xtec.cat\/iebalsareny\/wp-json\/wp\/v2\/types\/page"}],"author":[{"embeddable":true,"href":"https:\/\/agora.xtec.cat\/iebalsareny\/wp-json\/wp\/v2\/users\/1"}],"replies":[{"embeddable":true,"href":"https:\/\/agora.xtec.cat\/iebalsareny\/wp-json\/wp\/v2\/comments?post=534"}],"version-history":[{"count":1,"href":"https:\/\/agora.xtec.cat\/iebalsareny\/wp-json\/wp\/v2\/pages\/534\/revisions"}],"predecessor-version":[{"id":535,"href":"https:\/\/agora.xtec.cat\/iebalsareny\/wp-json\/wp\/v2\/pages\/534\/revisions\/535"}],"up":[{"embeddable":true,"href":"https:\/\/agora.xtec.cat\/iebalsareny\/wp-json\/wp\/v2\/pages\/523"}],"wp:attachment":[{"href":"https:\/\/agora.xtec.cat\/iebalsareny\/wp-json\/wp\/v2\/media?parent=534"}],"curies":[{"name":"wp","href":"https:\/\/api.w.org\/{rel}","templated":true}]}}