{"id":532,"date":"2020-03-10T12:35:01","date_gmt":"2020-03-10T11:35:01","guid":{"rendered":"https:\/\/agora.xtec.cat\/iebalsareny\/\/?page_id=532"},"modified":"2020-03-10T12:35:01","modified_gmt":"2020-03-10T11:35:01","slug":"llibres-socialitzats","status":"publish","type":"page","link":"https:\/\/agora.xtec.cat\/iebalsareny\/documents-del-centre\/projecte-educatiu\/prioritats-i-objectius-educatius\/llibres-socialitzats\/","title":{"rendered":"Llibres socialitzats"},"content":{"rendered":"<p>Es va iniciar aquest projecte cooperatiu el curs 2005-06 en el qual el centre va comen\u00e7ar a rebre una subvenci\u00f3 del Departament d&#8217;educaci\u00f3 per aquest fi. Amb aquesta subvenci\u00f3 es va aconseguir poder comptar amb tots els llibres de text socialitzats, en els quals no s&#8217;hi ha d&#8217;escriure, a m\u00e9s d&#8217;altres recursos complementaris com diccionaris, atles, materials de mates, llengua oral&#8230;<\/p>\n<p>A banda dels anys en els quals es va poder disposar de les subvencions del Departament d&#8217;educaci\u00f3, les fam\u00edlies de 3r fins a 6\u00e8, paguen una quota anual pel manteniment dels llibres socialitzats.<\/p>\n<p>Actualment i a causa de les mesures d&#8217;austeritat de la Generalitat, ja no rebem cap subvenci\u00f3 i mantenim els llibres socialitzats amb els ingressos de les quotes de les fam\u00edlies a partir de 3r.<\/p>\n","protected":false},"excerpt":{"rendered":"<p>Es va iniciar aquest projecte cooperatiu el curs 2005-06 en el qual el centre va comen\u00e7ar a rebre una subvenci\u00f3 del Departament d&#8217;educaci\u00f3 per aquest fi. Amb aquesta subvenci\u00f3 es va aconseguir poder comptar amb tots els llibres de text socialitzats, en els quals no&hellip;  <a href=\"https:\/\/agora.xtec.cat\/iebalsareny\/documents-del-centre\/projecte-educatiu\/prioritats-i-objectius-educatius\/llibres-socialitzats\/\" title=\"Read Llibres socialitzats\">Llegeix m\u00e9s\u00bb<\/a><\/p>\n","protected":false},"author":1,"featured_media":0,"parent":523,"menu_order":0,"comment_status":"closed","ping_status":"closed","template":"page-templates\/side-menu.php","meta":{"_bbp_topic_count":0,"_bbp_reply_count":0,"_bbp_total_topic_count":0,"_bbp_total_reply_count":0,"_bbp_voice_count":0,"_bbp_anonymous_reply_count":0,"_bbp_topic_count_hidden":0,"_bbp_reply_count_hidden":0,"_bbp_forum_subforum_count":0,"footnotes":""},"class_list":["post-532","page","type-page","status-publish","hentry"],"post_mailing_queue_ids":[],"_links":{"self":[{"href":"https:\/\/agora.xtec.cat\/iebalsareny\/wp-json\/wp\/v2\/pages\/532","targetHints":{"allow":["GET"]}}],"collection":[{"href":"https:\/\/agora.xtec.cat\/iebalsareny\/wp-json\/wp\/v2\/pages"}],"about":[{"href":"https:\/\/agora.xtec.cat\/iebalsareny\/wp-json\/wp\/v2\/types\/page"}],"author":[{"embeddable":true,"href":"https:\/\/agora.xtec.cat\/iebalsareny\/wp-json\/wp\/v2\/users\/1"}],"replies":[{"embeddable":true,"href":"https:\/\/agora.xtec.cat\/iebalsareny\/wp-json\/wp\/v2\/comments?post=532"}],"version-history":[{"count":1,"href":"https:\/\/agora.xtec.cat\/iebalsareny\/wp-json\/wp\/v2\/pages\/532\/revisions"}],"predecessor-version":[{"id":533,"href":"https:\/\/agora.xtec.cat\/iebalsareny\/wp-json\/wp\/v2\/pages\/532\/revisions\/533"}],"up":[{"embeddable":true,"href":"https:\/\/agora.xtec.cat\/iebalsareny\/wp-json\/wp\/v2\/pages\/523"}],"wp:attachment":[{"href":"https:\/\/agora.xtec.cat\/iebalsareny\/wp-json\/wp\/v2\/media?parent=532"}],"curies":[{"name":"wp","href":"https:\/\/api.w.org\/{rel}","templated":true}]}}