{"id":530,"date":"2020-03-10T12:34:09","date_gmt":"2020-03-10T11:34:09","guid":{"rendered":"https:\/\/agora.xtec.cat\/iebalsareny\/\/?page_id=530"},"modified":"2020-03-10T12:34:09","modified_gmt":"2020-03-10T11:34:09","slug":"material-comunitari","status":"publish","type":"page","link":"https:\/\/agora.xtec.cat\/iebalsareny\/documents-del-centre\/projecte-educatiu\/prioritats-i-objectius-educatius\/material-comunitari\/","title":{"rendered":"Material comunitari"},"content":{"rendered":"<p>L&#8217;escola considera convenient que tot el material fungible que es faci servir sigui comunitari. Aquesta \u00e9s una f\u00f3rmula que ens permet treballar amb material col\u00b7lectiu de forma \u00e0gil i disponible en qualsevol moment, cosa que seria m\u00e9s problem\u00e0tica si fos cada alumne qui ho hagu\u00e9s de portar de casa seva (oblits, p\u00e8rdues&#8230;), i sobretot per inculcar els valors de la igualtat i la cohesi\u00f3 social.<\/p>\n","protected":false},"excerpt":{"rendered":"<p>L&#8217;escola considera convenient que tot el material fungible que es faci servir sigui comunitari. Aquesta \u00e9s una f\u00f3rmula que ens permet treballar amb material col\u00b7lectiu de forma \u00e0gil i disponible en qualsevol moment, cosa que seria m\u00e9s problem\u00e0tica si fos cada alumne qui ho hagu\u00e9s&hellip;  <a href=\"https:\/\/agora.xtec.cat\/iebalsareny\/documents-del-centre\/projecte-educatiu\/prioritats-i-objectius-educatius\/material-comunitari\/\" title=\"Read Material comunitari\">Llegeix m\u00e9s\u00bb<\/a><\/p>\n","protected":false},"author":1,"featured_media":0,"parent":523,"menu_order":0,"comment_status":"closed","ping_status":"closed","template":"page-templates\/side-menu.php","meta":{"_bbp_topic_count":0,"_bbp_reply_count":0,"_bbp_total_topic_count":0,"_bbp_total_reply_count":0,"_bbp_voice_count":0,"_bbp_anonymous_reply_count":0,"_bbp_topic_count_hidden":0,"_bbp_reply_count_hidden":0,"_bbp_forum_subforum_count":0,"footnotes":""},"class_list":["post-530","page","type-page","status-publish","hentry"],"post_mailing_queue_ids":[],"_links":{"self":[{"href":"https:\/\/agora.xtec.cat\/iebalsareny\/wp-json\/wp\/v2\/pages\/530","targetHints":{"allow":["GET"]}}],"collection":[{"href":"https:\/\/agora.xtec.cat\/iebalsareny\/wp-json\/wp\/v2\/pages"}],"about":[{"href":"https:\/\/agora.xtec.cat\/iebalsareny\/wp-json\/wp\/v2\/types\/page"}],"author":[{"embeddable":true,"href":"https:\/\/agora.xtec.cat\/iebalsareny\/wp-json\/wp\/v2\/users\/1"}],"replies":[{"embeddable":true,"href":"https:\/\/agora.xtec.cat\/iebalsareny\/wp-json\/wp\/v2\/comments?post=530"}],"version-history":[{"count":1,"href":"https:\/\/agora.xtec.cat\/iebalsareny\/wp-json\/wp\/v2\/pages\/530\/revisions"}],"predecessor-version":[{"id":531,"href":"https:\/\/agora.xtec.cat\/iebalsareny\/wp-json\/wp\/v2\/pages\/530\/revisions\/531"}],"up":[{"embeddable":true,"href":"https:\/\/agora.xtec.cat\/iebalsareny\/wp-json\/wp\/v2\/pages\/523"}],"wp:attachment":[{"href":"https:\/\/agora.xtec.cat\/iebalsareny\/wp-json\/wp\/v2\/media?parent=530"}],"curies":[{"name":"wp","href":"https:\/\/api.w.org\/{rel}","templated":true}]}}