{"id":526,"date":"2020-03-10T12:31:10","date_gmt":"2020-03-10T11:31:10","guid":{"rendered":"https:\/\/agora.xtec.cat\/iebalsareny\/\/?page_id=526"},"modified":"2020-03-10T12:31:10","modified_gmt":"2020-03-10T11:31:10","slug":"les-llengues","status":"publish","type":"page","link":"https:\/\/agora.xtec.cat\/iebalsareny\/documents-del-centre\/projecte-educatiu\/prioritats-i-objectius-educatius\/les-llengues\/","title":{"rendered":"Les lleng\u00fces"},"content":{"rendered":"<p>L&#8217;Escola Guillem \u00e9s una escola catalana, per tant totes les activitats que promou i els aprenentatges que imparteix des de l&#8217;Educaci\u00f3 Infantil es fan en aquesta llengua.<\/p>\n<p>El castell\u00e0 es considera com a segona llengua i s&#8217;introdueix a partir de primer curs del Cicle Inicial i a partir de C. Mitj\u00e0 ja t\u00e9 un tractament igual que la llengua catalana, el qu\u00e8 permet garantir el domini de les dues lleng\u00fces al final de l&#8217;Etapa.<\/p>\n<p>Pel que fa a l&#8217;idioma angl\u00e8s, es comen\u00e7a a impartir en el Cicle Inicial a nivell oral i es continua de forma progressiva durant tota la Prim\u00e0ria. Des de l&#8217;any 2003 es porta a terme un Projecte d&#8217;Innovaci\u00f3 en aquesta \u00e0rea, posant \u00e8mfasis especial en el treball de la llengua oral, a partir de desdoblaments de grups, i contacte m\u00e9s sovintejat dins el possible.<\/p>\n","protected":false},"excerpt":{"rendered":"<p>L&#8217;Escola Guillem \u00e9s una escola catalana, per tant totes les activitats que promou i els aprenentatges que imparteix des de l&#8217;Educaci\u00f3 Infantil es fan en aquesta llengua.<br \/>\nEl castell\u00e0 es considera com a segona llengua i s&#8217;introdueix a partir de primer curs del Cicle Inicial i&hellip;  <a href=\"https:\/\/agora.xtec.cat\/iebalsareny\/documents-del-centre\/projecte-educatiu\/prioritats-i-objectius-educatius\/les-llengues\/\" title=\"Read Les lleng\u00fces\">Llegeix m\u00e9s\u00bb<\/a><\/p>\n","protected":false},"author":1,"featured_media":0,"parent":523,"menu_order":0,"comment_status":"closed","ping_status":"closed","template":"page-templates\/side-menu.php","meta":{"_bbp_topic_count":0,"_bbp_reply_count":0,"_bbp_total_topic_count":0,"_bbp_total_reply_count":0,"_bbp_voice_count":0,"_bbp_anonymous_reply_count":0,"_bbp_topic_count_hidden":0,"_bbp_reply_count_hidden":0,"_bbp_forum_subforum_count":0,"footnotes":""},"class_list":["post-526","page","type-page","status-publish","hentry"],"post_mailing_queue_ids":[],"_links":{"self":[{"href":"https:\/\/agora.xtec.cat\/iebalsareny\/wp-json\/wp\/v2\/pages\/526","targetHints":{"allow":["GET"]}}],"collection":[{"href":"https:\/\/agora.xtec.cat\/iebalsareny\/wp-json\/wp\/v2\/pages"}],"about":[{"href":"https:\/\/agora.xtec.cat\/iebalsareny\/wp-json\/wp\/v2\/types\/page"}],"author":[{"embeddable":true,"href":"https:\/\/agora.xtec.cat\/iebalsareny\/wp-json\/wp\/v2\/users\/1"}],"replies":[{"embeddable":true,"href":"https:\/\/agora.xtec.cat\/iebalsareny\/wp-json\/wp\/v2\/comments?post=526"}],"version-history":[{"count":1,"href":"https:\/\/agora.xtec.cat\/iebalsareny\/wp-json\/wp\/v2\/pages\/526\/revisions"}],"predecessor-version":[{"id":527,"href":"https:\/\/agora.xtec.cat\/iebalsareny\/wp-json\/wp\/v2\/pages\/526\/revisions\/527"}],"up":[{"embeddable":true,"href":"https:\/\/agora.xtec.cat\/iebalsareny\/wp-json\/wp\/v2\/pages\/523"}],"wp:attachment":[{"href":"https:\/\/agora.xtec.cat\/iebalsareny\/wp-json\/wp\/v2\/media?parent=526"}],"curies":[{"name":"wp","href":"https:\/\/api.w.org\/{rel}","templated":true}]}}