{"id":521,"date":"2020-03-10T12:14:50","date_gmt":"2020-03-10T11:14:50","guid":{"rendered":"https:\/\/agora.xtec.cat\/iebalsareny\/\/?page_id=521"},"modified":"2020-03-10T12:18:18","modified_gmt":"2020-03-10T11:18:18","slug":"caracteristiques-socioeconomiques-i-culturals-de-la-poblacio-escolar","status":"publish","type":"page","link":"https:\/\/agora.xtec.cat\/iebalsareny\/documents-del-centre\/projecte-educatiu\/caracteristiques-socioeconomiques-i-culturals-de-la-poblacio-escolar\/","title":{"rendered":"Caracter\u00edstiques socioecon\u00f2miques i culturals de la poblaci\u00f3 escolar"},"content":{"rendered":"<p>La poblaci\u00f3 del nucli, seguint el proc\u00e9s hist\u00f2ric, ha sofert mes d&#8217;un canvi. Antigament la majoria de la gent es dedicava ai conreu de les terres, fins que la fil\u00b7loxera va fer estralls i part de la poblaci\u00f3 va servir de mat\u00e8ria humana per fer anar les fabriques t\u00e8xtils. Quan va entrar en funcionament la mina, altra part de poblaci\u00f3 van passar a ser obrers d\u2019aquesta empresa. Amb la crisi del t\u00e8xtil hi va haver una recerca de feina a pobles ve\u00efns. tot i que moltes fam\u00edlies van continuar residint a Balsareny.<br \/>\nEn aquells moments hi havia una poblaci\u00f3 un tant diversificada:<br \/>\n&#8211; La poblaci\u00f3 que forma el nucli i del poble.<br \/>\n&#8211; La poblaci\u00f3 de les col\u00f2nies t\u00e8xtils i mineres.<br \/>\n&#8211; La poblaci\u00f3 de les cases de pag\u00e8s.<br \/>\nPel que fa a les col\u00f2nies hi havia, per una banda, totes les que provenien de les col\u00f2nies t\u00e8xtils de la conca del Llobregat: Sant Esteve, La Rabeia, El Mol\u00ed i Vilafruns; i, per altra banda, la que provenia de la mina de potassa.<br \/>\nSi be les col\u00f2nies t\u00e8xtils van acollir poblaci\u00f3 de la zona, la col\u00f2nia de la mina, tamb\u00e9 ubicada a Vilafruns, va introduir un nucli nombr\u00f3s de poblaci\u00f3 totalment de fora del pa\u00eds. Aquest factor va ser molt decisiu, ja que Balsareny va ser un dels pobles del Bages que va viure un nivell d\u2019immigraci\u00f3 m\u00e9s elevat.<br \/>\nAquest recurs econ\u00f2mic, juntament amb tot un seguit d\u2019altres elements, van determinar unes caracter\u00edstiques socio-econ\u00f2miques de la poblaci\u00f3 que perfilen uns trets espec\u00edfics.<br \/>\nEn el moment de la primera crisi, en la qual es van tancar les f\u00e0briques t\u00e8xtils, la poblaci\u00f3 de Balsareny va patir un fort daltabaix, amb forces fam\u00edlies a l&#8217;atur.<br \/>\nDurant el per\u00edode de recuperaci\u00f3 i creixement econ\u00f2mic, es van obrir algunes industries i van anar arribant al poble fam\u00edlies procedents d\u2019altres indrets, sobretot estrangers procedents de l&#8217;Europa de l&#8217;Est i de la \u00cdndia.<br \/>\nEn esclatar aquesta darrera crisi, han deixat d&#8217;arribar fam\u00edlies estrangeres, m\u00e9s aviat han marxat del poble algunes de les que hi vivien, i els moviments de poblaci\u00f3 que hi ha en aquests moments s\u00f3n de fam\u00edlies del pa\u00eds, que sobretot van canviant de resid\u00e8ncia a la recerca de feina i d&#8217;un lloc econ\u00f2mic per viure.<\/p>\n","protected":false},"excerpt":{"rendered":"<p>La poblaci\u00f3 del nucli, seguint el proc\u00e9s hist\u00f2ric, ha sofert mes d&#8217;un canvi. Antigament la majoria de la gent es dedicava ai conreu de les terres, fins que la fil\u00b7loxera va fer estralls i part de la poblaci\u00f3 va servir de mat\u00e8ria humana per fer&hellip;  <a href=\"https:\/\/agora.xtec.cat\/iebalsareny\/documents-del-centre\/projecte-educatiu\/caracteristiques-socioeconomiques-i-culturals-de-la-poblacio-escolar\/\" title=\"Read Caracter\u00edstiques socioecon\u00f2miques i culturals de la poblaci\u00f3 escolar\">Llegeix m\u00e9s\u00bb<\/a><\/p>\n","protected":false},"author":1,"featured_media":0,"parent":64,"menu_order":0,"comment_status":"closed","ping_status":"closed","template":"page-templates\/side-menu.php","meta":{"_bbp_topic_count":0,"_bbp_reply_count":0,"_bbp_total_topic_count":0,"_bbp_total_reply_count":0,"_bbp_voice_count":0,"_bbp_anonymous_reply_count":0,"_bbp_topic_count_hidden":0,"_bbp_reply_count_hidden":0,"_bbp_forum_subforum_count":0,"footnotes":""},"class_list":["post-521","page","type-page","status-publish","hentry"],"post_mailing_queue_ids":[],"_links":{"self":[{"href":"https:\/\/agora.xtec.cat\/iebalsareny\/wp-json\/wp\/v2\/pages\/521","targetHints":{"allow":["GET"]}}],"collection":[{"href":"https:\/\/agora.xtec.cat\/iebalsareny\/wp-json\/wp\/v2\/pages"}],"about":[{"href":"https:\/\/agora.xtec.cat\/iebalsareny\/wp-json\/wp\/v2\/types\/page"}],"author":[{"embeddable":true,"href":"https:\/\/agora.xtec.cat\/iebalsareny\/wp-json\/wp\/v2\/users\/1"}],"replies":[{"embeddable":true,"href":"https:\/\/agora.xtec.cat\/iebalsareny\/wp-json\/wp\/v2\/comments?post=521"}],"version-history":[{"count":1,"href":"https:\/\/agora.xtec.cat\/iebalsareny\/wp-json\/wp\/v2\/pages\/521\/revisions"}],"predecessor-version":[{"id":522,"href":"https:\/\/agora.xtec.cat\/iebalsareny\/wp-json\/wp\/v2\/pages\/521\/revisions\/522"}],"up":[{"embeddable":true,"href":"https:\/\/agora.xtec.cat\/iebalsareny\/wp-json\/wp\/v2\/pages\/64"}],"wp:attachment":[{"href":"https:\/\/agora.xtec.cat\/iebalsareny\/wp-json\/wp\/v2\/media?parent=521"}],"curies":[{"name":"wp","href":"https:\/\/api.w.org\/{rel}","templated":true}]}}