{"id":5188,"date":"2024-01-29T10:49:16","date_gmt":"2024-01-29T09:49:16","guid":{"rendered":"https:\/\/agora.xtec.cat\/iebalsareny\/?page_id=5188"},"modified":"2024-04-22T10:35:39","modified_gmt":"2024-04-22T08:35:39","slug":"documentacio-oficial","status":"publish","type":"page","link":"https:\/\/agora.xtec.cat\/iebalsareny\/edc\/cultura-digital\/documentacio-oficial\/","title":{"rendered":"Documentaci\u00f3 oficial"},"content":{"rendered":"<p><strong>PEC<\/strong>:<\/p>\n<ul>\n<li>Utilitzar les TIC i els recursos digitals per tal d\u2019afavorir la millora dels processos d&#8217;ensenyament i aprenentatge i dels resultats educatius, aix\u00ed com donar suport a l&#8217;atenci\u00f3 a les necessitats educatives espec\u00edfiques i a la diversitat de l\u2019alumnat el qual ha de desenvolupar la compet\u00e8ncia digital en tots els nivells educatius. L\u2019escola aposta per les noves tecnologies i l\u2019afavoriment de la seva inclusi\u00f3 dins el treball de les diferents \u00e0rees.<\/li>\n<\/ul>\n<p><strong>Projecte de Direcci\u00f3:<\/strong><\/p>\n<ul>\n<li>Millorar els resultats educatius:\n<ul>\n<li>Vetllar perqu\u00e8 les activitats que afavoreixen l\u2019assoliment de la Compet\u00e8ncia Digital siguin incloses a les programacions de totes les \u00e0rees.<\/li>\n<li>Facilitar i potenciar l\u2019\u00fas de Google Work Space a tot el Cicle Mitj\u00e0, Superior i l\u2019ESO (compartiment d\u2019arxius per DRIVE, \u00fas del correu electr\u00f2nic, \u00fas del Classroom, etc.). Introducci\u00f3 de nous programes i aplicacions de l&#8217;\u00e0mbit educatiu en el dia a dia de la feina dels alumnes.<\/li>\n<li>Consolidar entre els membres del Claustre les informacions a trav\u00e9s de mitjans digitals.<\/li>\n<\/ul>\n<\/li>\n<li>Planificaci\u00f3 global de centre respecte a la utilitzaci\u00f3 de les noves tecnologies de la informaci\u00f3 i comunicaci\u00f3:\n<ul>\n<li>Dotaci\u00f3 i manteniment adequat dels recursos necessaris (maquinari i programari) per a l\u2019acci\u00f3 did\u00e0ctica i l\u2019aprenentatge de l\u2019alumnat.<\/li>\n<li>Destinaci\u00f3 de les hores necess\u00e0ries per facilitar el manteniment al\/a la coordinador\/a de l\u2019aula, aix\u00ed com el pressupost adequat per a respondre a les necessitats sorgides.<\/li>\n<li>Elaboraci\u00f3 d\u2019un horari global de centre en relaci\u00f3 a l\u2019\u00fas de les aules i la resta d\u2019equipaments inform\u00e0tics, per tal que tots els grups hi tinguin acc\u00e9s.<\/li>\n<li>Fer una distribuci\u00f3 correcta i un seguiment dels aparells que rebran els alumnes el curs 21\/22 i potenciar-ne l\u2019\u00fas.<\/li>\n<li>Continuar destinant priorit\u00e0riament els recursos econ\u00f2mics disponibles a dotar les aules amb monitors interactius i els recursos necessaris, per a facilitar l\u2019\u00fas de les TAC en els processos quotidians d\u2019ensenyament-aprenentatge.<\/li>\n<li>Augmentar la dotaci\u00f3 de chromebooks paulatinament. L\u2019escola ja disposa de 30 i cal anar augmentant la dotaci\u00f3 cada curs per arribar a tenir-ne uns 40. Anirem augmentant en funci\u00f3 de les necessitats, tot i que sembla que el Departament est\u00e0 apostant per dotar d\u2019ordinador d\u2019\u00fas personal als alumnes. aix\u00f2 alliberar\u00e0 una mica la c\u00e0rrega pressupost\u00e0ria que ha de suportar el centre per la compra de nous aparells.\n<ul>\n<li><em>Actualment disposem de 39 dispositius pr\u00f2pis del centre i 15 de dotaci\u00f3 del departament. Restem a l&#8217;espera de 68 equips provinents del PEDC i el programa Educa en Digital.<\/em><\/li>\n<\/ul>\n<\/li>\n<li>Potenciar l\u2019\u00fas del Google WorkSpace, assignant a cada alumne de prim\u00e0ria i secund\u00e0ria d\u2019un correu electr\u00f2nic corporatiu del Centre fins a aconseguir que tots els alumnes a partir de 3r facin \u00fas de les eines Google Work Space (classroom, docs, e-mail, etc.).<\/li>\n<li>Potenciar, per a temes pedag\u00f2gics, l\u2019\u00fas del Google WorkSpace entre el Claustre de mestres. Utilitzant totes les eines disponibles fent especial atenci\u00f3 a l\u2019\u00fas del Classroom de mestres per a consulta de documents del Centre i del Departament, impresos, documents d\u2019elaboraci\u00f3 pr\u00f2pia que surtin de les diferents Formacions Internes de Centre, Projectes en funcionament o creaci\u00f3 de nous projectes, etc.<\/li>\n<li>Facilitar el coneixement dels recursos existents, apropiats a les diverses \u00e0rees, per part de tots\/es els\/les mestres.<\/li>\n<li>Facilitar l\u2019acc\u00e9s a l\u2019alumnat que ho necessiti, fora de les hores lectives, als recursos inform\u00e0tics i d\u2019Internet per al treball individual o en equip, previ acord amb un mestre disponible per al control de l\u2019aula.<\/li>\n<\/ul>\n<\/li>\n<li><a href=\"https:\/\/agora.xtec.cat\/iebalsareny\/wp-content\/uploads\/usu2029\/bp-attachments\/3985\/Annex-NOFC-Novembre-2022-Ordinadors.pdf\">Annex NOFC \u2013 Novembre 2022 Ordinadors<\/a>\n<ul>\n<li>\u00das dels ordinadors<\/li>\n<li>Pla d\u2019educaci\u00f3 digital de Catalunya 2020-2023<\/li>\n<li>Marc normatiu<\/li>\n<li>\u00das a l\u2019escola Ordinadors<\/li>\n<li>Normativa interna d\u2019\u00fas<\/li>\n<li>Mal \u00fas, desperfectes i sancions<\/li>\n<\/ul>\n<\/li>\n<\/ul>\n<ul>\n<li><a href=\"https:\/\/drive.google.com\/file\/d\/1URviTLOyAO6OdJnZOqTu8CpK3ssUMeKM\/view?usp=sharing\" target=\"_blank\" rel=\"noopener\">Fotografies en actes escolars amb participaci\u00f3 de les fam\u00edlies<\/a><\/li>\n<li><a href=\"https:\/\/drive.google.com\/file\/d\/1oQQHaIpMgJn7GRdu72NDlhZg-DeEgZIx\/view?usp=sharing\" target=\"_blank\" rel=\"noopener\">Carta de comprom\u00eds de la fam\u00edlia amb l&#8217;equip assignat.\u00a0<\/a><\/li>\n<li><a href=\"https:\/\/portaljuridic.gencat.cat\/eli\/es\/lo\/2018\/12\/05\/3\" target=\"_blank\" rel=\"noopener\">Protocols en protecci\u00f3 de dades i seguretat<\/a><\/li>\n<li>\u00das dels dispositius comuns.<\/li>\n<li>\u00das dels dispositius personals\/propis.<\/li>\n<\/ul>\n<ul>\n<li><a href=\"https:\/\/drive.google.com\/file\/d\/1U11YKhh9D970ljRgMIB2MCLhgB2oPZDX\/view?usp=sharing\" target=\"_blank\" rel=\"noopener\">Autoritzacions de serveis digitals. Menors 14 a<\/a><\/li>\n<li><a href=\"https:\/\/drive.google.com\/file\/d\/1Y1Ys3y-cxp_W-nI115fKUx8k096BpWR9\/view?usp=sharing\" target=\"_blank\" rel=\"noopener\">Autoritzacions de drets d\u2019imatge i veu. <\/a><a href=\"https:\/\/drive.google.com\/file\/d\/1U11YKhh9D970ljRgMIB2MCLhgB2oPZDX\/view?usp=sharing\" target=\"_blank\" rel=\"noopener\">Menors 14 a<\/a><\/li>\n<li><a href=\"https:\/\/drive.google.com\/file\/d\/1LPEZXBA41K4qVra6ajPWhzXP9pJLnws_\/view?usp=sharing\" target=\"_blank\" rel=\"noopener\">Autoritzacions de serveis digitals. Majors 14 a<\/a><\/li>\n<\/ul>\n","protected":false},"excerpt":{"rendered":"<p>PEC:<\/p>\n<ul>\n<li>Utilitzar les TIC i els recursos digitals per tal d\u2019afavorir la millora dels processos d&#8217;ensenyament i aprenentatge i dels resultats educatius, aix\u00ed com donar suport a l&#8217;atenci\u00f3 a les necessitats educatives espec\u00edfiques i a la diversitat de l\u2019alumnat el qual ha de desenvolupar la compet\u00e8ncia&hellip;  <a href=\"https:\/\/agora.xtec.cat\/iebalsareny\/edc\/cultura-digital\/documentacio-oficial\/\" title=\"Read Documentaci\u00f3 oficial\">Llegeix m\u00e9s\u00bb<\/a><br \/>\n","protected":false},"author":1,"featured_media":0,"parent":3413,"menu_order":1,"comment_status":"closed","ping_status":"closed","template":"page-templates\/side-menu.php","meta":{"_bbp_topic_count":0,"_bbp_reply_count":0,"_bbp_total_topic_count":0,"_bbp_total_reply_count":0,"_bbp_voice_count":0,"_bbp_anonymous_reply_count":0,"_bbp_topic_count_hidden":0,"_bbp_reply_count_hidden":0,"_bbp_forum_subforum_count":0,"footnotes":""},"class_list":["post-5188","page","type-page","status-publish","hentry"],"post_mailing_queue_ids":[],"_links":{"self":[{"href":"https:\/\/agora.xtec.cat\/iebalsareny\/wp-json\/wp\/v2\/pages\/5188","targetHints":{"allow":["GET"]}}],"collection":[{"href":"https:\/\/agora.xtec.cat\/iebalsareny\/wp-json\/wp\/v2\/pages"}],"about":[{"href":"https:\/\/agora.xtec.cat\/iebalsareny\/wp-json\/wp\/v2\/types\/page"}],"author":[{"embeddable":true,"href":"https:\/\/agora.xtec.cat\/iebalsareny\/wp-json\/wp\/v2\/users\/1"}],"replies":[{"embeddable":true,"href":"https:\/\/agora.xtec.cat\/iebalsareny\/wp-json\/wp\/v2\/comments?post=5188"}],"version-history":[{"count":6,"href":"https:\/\/agora.xtec.cat\/iebalsareny\/wp-json\/wp\/v2\/pages\/5188\/revisions"}],"predecessor-version":[{"id":5617,"href":"https:\/\/agora.xtec.cat\/iebalsareny\/wp-json\/wp\/v2\/pages\/5188\/revisions\/5617"}],"up":[{"embeddable":true,"href":"https:\/\/agora.xtec.cat\/iebalsareny\/wp-json\/wp\/v2\/pages\/3413"}],"wp:attachment":[{"href":"https:\/\/agora.xtec.cat\/iebalsareny\/wp-json\/wp\/v2\/media?parent=5188"}],"curies":[{"name":"wp","href":"https:\/\/api.w.org\/{rel}","templated":true}]}}