{"id":38,"date":"2014-09-18T12:34:08","date_gmt":"2014-09-18T11:34:08","guid":{"rendered":"http:\/\/agora.xtec.cat\/iebalsareny\/\/?page_id=38"},"modified":"2024-04-15T11:17:29","modified_gmt":"2024-04-15T09:17:29","slug":"salut","status":"publish","type":"page","link":"https:\/\/agora.xtec.cat\/iebalsareny\/lescola\/salut\/","title":{"rendered":"Transpar\u00e8ncia"},"content":{"rendered":"<p>&nbsp;<\/p>\n<p>IE Guillem de Balsareny \u00e9s un centre educatiu on s&#8217;imparteix El 2n cicle d&#8217;Educaci\u00f3 Infantil i l&#8217;educaci\u00f3 b\u00e0sica (prim\u00e0ria i secund\u00e0ria). Aquest \u00e9s<strong> l&#8217;\u00fanic<\/strong> centre educatiu del poble i pertany a la zona educativa de la Catalunya Central.<\/p>\n<p>El centre ofereix sortides i col\u00f2nies a final de cicle. Els preus varien segons el curs, per\u00f2 es prioritza que tinguin un baix cost per adaptar-nos a la realitat s\u00f2cioecon\u00f2mica de la majoria de les fam\u00edlies del poble. Tamb\u00e9 es poden rebre ajudes com:<\/p>\n<ul>\n<li>La motxilla social<\/li>\n<li>Beques menjador del Consell Comarcal<\/li>\n<li>Beques de l&#8217;ajuntament<\/li>\n<li>Beques del MEC<\/li>\n<\/ul>\n<p>Per tal de garantir que l&#8217;alumnat amb condicions socioecon\u00f2miques desafavorides, tingui un acc\u00e9s equitatiu\u00a0 a les activitats complement\u00e0ries, extraescolars i als serveis escolars, el centre t\u00e9 previst les seg\u00fcents mesures:<\/p>\n<ul>\n<li>Reuni\u00f3 inicial fam\u00edlia &#8211; Equip directiu durant el proc\u00e9s de matriculaci\u00f3 per definir la tipologia d&#8217;ajuts necessaris<\/li>\n<li>Reuni\u00f3 inicial fam\u00edlia &#8211; tutor\/a un cop s&#8217;ha efectuat la matriculaci\u00f3 (si fos necessari)<\/li>\n<li>Atenci\u00f3 de l&#8217;\u00e0rea d&#8217;Educaci\u00f3 Especial i de la psicopedag\u00f2ga, per tal de definir les possibles necessitats de l&#8217;alumne. Etapa Ed. infantil i prim\u00e0ria.<\/li>\n<li>Atenci\u00f3 de l&#8217;orientaci\u00f3 educativa a l&#8217;etapa de secund\u00e0ria.<\/li>\n<li>Reunions peri\u00f2diques amb la Comissi\u00f3 social.<\/li>\n<\/ul>\n<p>AMPA<\/p>\n<p>\u00c9s l&#8217;associaci\u00f3 de mares i pares de l&#8217;escola qui gestiona els seg\u00fcents serveis educatius:<\/p>\n<p>&#8211; Extraescolars:<\/p>\n<p><strong>Preus i inscripcions<\/strong><br \/>\nEl preu ser\u00e0 el mateix per a totes les activitats i els cobraments es realitzaran a trav\u00e9s de TPVEscola:<br \/>\n\u25cf Matr\u00edcula: 5\u20ac.<br \/>\n\u25cf Mensualitat: 25\u20ac.L\u2019inici de les activitats ser\u00e0 el mes d\u2019octubre. Les places seran limitades a 10 alumnes per grup i les inscripcions es realitzaran per ordre d\u2019arribada.<\/p>\n<p>Per dubtes podeu escriure\u2019ns a:ampabalsareny@gmail.com<\/p>\n<p>&#8211; Menjador<\/p>\n<p id=\"yui_3_17_2_1_1594985770660_733\"><span id=\"yui_3_17_2_1_1594985770660_735\">L\u2019<strong id=\"yui_3_17_2_1_1594985770660_736\">horari<\/strong>\u00a0de menjador ser\u00e0\u00a0<strong id=\"yui_3_17_2_1_1594985770660_737\">de 12:30h a 15:00h<\/strong>\u00a0per a l\u2019alumnat d\u2019educaci\u00f3 infantil i prim\u00e0ria i\u00a0<strong>de 13h\/13:30h a 15:00h<\/strong> per a l\u2019alumnat de secund\u00e0ria. S&#8217;ofereix un men\u00fa vegetari\u00e0 a part del com\u00fa.\u00a0<\/span><\/p>\n<p id=\"yui_3_17_2_1_1594985770660_738\"><span id=\"yui_3_17_2_1_1594985770660_739\">Els tiquets de menjador es poden adquirir\u00a0<strong>al mateix centre<\/strong>\u00a0els<span id=\"yui_3_17_2_1_1594985770660_741\" class=\"\">\u00a0<\/span><em id=\"yui_3_17_2_1_1594985770660_742\"><strong id=\"yui_3_17_2_1_1594985770660_743\"><span id=\"yui_3_17_2_1_1594985770660_744\" class=\"\">dimarts a les 9:05h i a les 15:05h\u00a0<\/span><\/strong><\/em><span id=\"yui_3_17_2_1_1594985770660_744\" class=\"\">o des de l\u2019aplicaci\u00f3\u00a0<strong>TPVEscola<\/strong>.<\/span><br id=\"yui_3_17_2_1_1594985770660_745\" \/><\/span><\/p>\n<p id=\"yui_3_17_2_1_1594985770660_746\"><span id=\"yui_3_17_2_1_1594985770660_747\">El cost del tiquet ser\u00e0 de\u00a0<b id=\"yui_3_17_2_1_1594985770660_748\">6,90<\/b><strong id=\"yui_3_17_2_1_1594985770660_749\">\u20ac\u00a0<\/strong>(<strong>7.10<\/strong><strong id=\"yui_3_17_2_1_1594985770660_749\">\u20ac\u00a0<\/strong>si es compra des de TPVEscola)<strong id=\"yui_3_17_2_1_1594985770660_749\">.<\/strong>\u00a0<span id=\"yui_3_17_2_1_1594985770660_750\">L\u2019empresa \u201c<b id=\"yui_3_17_2_1_1594985770660_751\">Ca La Gana<\/b>\u201d servir\u00e0 el menjar.\u00a0<\/span><\/span><\/p>\n<p>L&#8217;escola penja mensualment els dos men\u00fas al seu blog.<\/p>\n<p>&nbsp;<\/p>\n<p>&nbsp;<\/p>\n<p>&nbsp;<\/p>\n<p>&nbsp;<\/p>\n","protected":false},"excerpt":{"rendered":"<p>&nbsp;<br \/>\nIE Guillem de Balsareny \u00e9s un centre educatiu on s&#8217;imparteix El 2n cicle d&#8217;Educaci\u00f3 Infantil i l&#8217;educaci\u00f3 b\u00e0sica (prim\u00e0ria i secund\u00e0ria). Aquest \u00e9s l&#8217;\u00fanic centre educatiu del poble i pertany a la zona educativa de la Catalunya Central.<br \/>\nEl centre ofereix sortides i col\u00f2nies a final&hellip;  <a href=\"https:\/\/agora.xtec.cat\/iebalsareny\/lescola\/salut\/\" title=\"Read Transpar\u00e8ncia\">Llegeix m\u00e9s\u00bb<\/a><\/p>\n","protected":false},"author":1,"featured_media":0,"parent":22,"menu_order":80,"comment_status":"closed","ping_status":"closed","template":"page-templates\/side-menu.php","meta":{"_bbp_topic_count":0,"_bbp_reply_count":0,"_bbp_total_topic_count":0,"_bbp_total_reply_count":0,"_bbp_voice_count":0,"_bbp_anonymous_reply_count":0,"_bbp_topic_count_hidden":0,"_bbp_reply_count_hidden":0,"_bbp_forum_subforum_count":0,"footnotes":""},"class_list":["post-38","page","type-page","status-publish","hentry"],"post_mailing_queue_ids":[],"_links":{"self":[{"href":"https:\/\/agora.xtec.cat\/iebalsareny\/wp-json\/wp\/v2\/pages\/38","targetHints":{"allow":["GET"]}}],"collection":[{"href":"https:\/\/agora.xtec.cat\/iebalsareny\/wp-json\/wp\/v2\/pages"}],"about":[{"href":"https:\/\/agora.xtec.cat\/iebalsareny\/wp-json\/wp\/v2\/types\/page"}],"author":[{"embeddable":true,"href":"https:\/\/agora.xtec.cat\/iebalsareny\/wp-json\/wp\/v2\/users\/1"}],"replies":[{"embeddable":true,"href":"https:\/\/agora.xtec.cat\/iebalsareny\/wp-json\/wp\/v2\/comments?post=38"}],"version-history":[{"count":3,"href":"https:\/\/agora.xtec.cat\/iebalsareny\/wp-json\/wp\/v2\/pages\/38\/revisions"}],"predecessor-version":[{"id":5492,"href":"https:\/\/agora.xtec.cat\/iebalsareny\/wp-json\/wp\/v2\/pages\/38\/revisions\/5492"}],"up":[{"embeddable":true,"href":"https:\/\/agora.xtec.cat\/iebalsareny\/wp-json\/wp\/v2\/pages\/22"}],"wp:attachment":[{"href":"https:\/\/agora.xtec.cat\/iebalsareny\/wp-json\/wp\/v2\/media?parent=38"}],"curies":[{"name":"wp","href":"https:\/\/api.w.org\/{rel}","templated":true}]}}