{"id":3423,"date":"2022-03-29T16:14:07","date_gmt":"2022-03-29T14:14:07","guid":{"rendered":"https:\/\/agora.xtec.cat\/iebalsareny\/?page_id=3423"},"modified":"2022-05-03T11:50:35","modified_gmt":"2022-05-03T09:50:35","slug":"diagnosi","status":"publish","type":"page","link":"https:\/\/agora.xtec.cat\/iebalsareny\/edc\/lestrategia-digital\/diagnosi\/","title":{"rendered":"Diagnosi"},"content":{"rendered":"<p>L\u2019octubre del curs 21-22 hem realitzat una diagnosi per comprovar l\u2019\u00fas pedag\u00f2gic i organitzatiu de les eines digitals. Aquesta diagnosi s\u2019ha basat b\u00e0sicament en 4 elements:<\/p>\n<p>L\u2019eina SELFIE.<br \/>\nEls q\u00fcestionaris de Compet\u00e8ncia Digital Docent (CDD). (pendent)<br \/>\nEls objectius de l\u2019antic Pla TAC no assolits.<br \/>\nEls indicadors de centre.<br \/>\nEnquestes a les fam\u00edlies<br \/>\nEDC-diagnosi<\/p>\n\t\t\t\t\t\t\t<h3 style=\"margin-bottom:20px ;display:block;width:100%;margin-top:10px\">EDC-diagnosi <\/h3>\r\n\t\t\t\t\t\t\t\t<style>\r\n\t\t\t\t\r\n\t\t\t\t\t#tab_container_3118 {\r\n\toverflow:hidden;\r\n\tdisplay:block;\r\n\twidth:100%;\r\n\tborder:0px solid #ddd;\r\n\tmargin-bottom:30px;\r\n\t}\r\n\r\n#tab_container_3118 .tab-content{\r\n\tpadding:20px;\r\n\tborder: 1px solid #e6e6e6 !important;\r\n\tmargin-top: 0px;\r\n\tbackground-color:#ffffff !important;\r\n\tcolor: #000000 !important;\r\n\tfont-size:16px !important;\r\n\tfont-family: Arial !important;\r\n\t\r\n\t\tborder: 1px solid #e6e6e6 !important;\r\n\t}\r\n#tab_container_3118 .wpsm_nav-tabs {\r\n    border-bottom: 0px solid #ddd;\r\n}\r\n#tab_container_3118 .wpsm_nav-tabs > li.active > a, #tab_container_3118 .wpsm_nav-tabs > li.active > a:hover, #tab_container_3118 .wpsm_nav-tabs > li.active > a:focus {\r\n\tcolor: #000000 !important;\r\n\tcursor: default;\r\n\tbackground-color: #ffffff !important;\r\n\tborder: 1px solid #e6e6e6 !important;\r\n}\r\n\r\n#tab_container_3118 .wpsm_nav-tabs > li > a {\r\n    margin-right: 0px !important; \r\n    line-height: 1.42857143 !important;\r\n    border: 1px solid #d56161 !important;\r\n    border-radius: 0px 0px 0 0 !important; \r\n\tbackground-color: #e87474 !important;\r\n\tcolor: #ffffff !important;\r\n\tpadding: 15px 18px 15px 18px !important;\r\n\ttext-decoration: none !important;\r\n\tfont-size: 16px !important;\r\n\ttext-align:center !important;\r\n\tfont-family: Arial !important;\r\n}\r\n#tab_container_3118 .wpsm_nav-tabs > li > a:focus {\r\noutline: 0px !important;\r\n}\r\n\r\n#tab_container_3118 .wpsm_nav-tabs > li > a:before {\r\n\tdisplay:none !important;\r\n}\r\n#tab_container_3118 .wpsm_nav-tabs > li > a:after {\r\n\tdisplay:none !important ;\r\n}\r\n#tab_container_3118 .wpsm_nav-tabs > li{\r\npadding:0px !important ;\r\nmargin:0px;\r\n}\r\n\r\n#tab_container_3118 .wpsm_nav-tabs > li > a:hover , #tab_container_3118 .wpsm_nav-tabs > li > a:focus {\r\n    color: #ffffff !important;\r\n    background-color: #e87474 !important;\r\n\tborder: 1px solid #d56161 !important;\r\n\t\r\n}\r\n#tab_container_3118 .wpsm_nav-tabs > li > a .fa{\r\n\r\nmargin-right:5px !important;\r\n\r\nmargin-left:5px !important;\r\n\r\n\r\n}\r\n\r\n\t\t#tab_container_3118 .wpsm_nav-tabs a{\r\n\t\t\tbackground-image: none;\r\n\t\t\tbackground-position: 0 0;\r\n\t\t\tbackground-repeat: repeat-x;\r\n\t\t}\r\n\t\t\t\r\n\r\n\r\n#tab_container_3118 .wpsm_nav-tabs > li {\r\n    float: left;\r\n    margin-bottom: -1px !important;\r\n\tmargin-right:0px !important; \r\n}\r\n\r\n\r\n#tab_container_3118 .tab-content{\r\noverflow:hidden !important;\r\n}\r\n\r\n\r\n@media (min-width: 769px) {\r\n\r\n\t#tab_container_3118 .wpsm_nav-tabs > li{\r\n\t\tfloat:left !important ;\r\n\t\t\t\tmargin-right:-1px !important;\r\n\t\t\t\t\t}\r\n\t#tab_container_3118 .wpsm_nav-tabs{\r\n\t\tfloat:none !important;\r\n\t\tmargin:0px !important;\r\n\t}\r\n\r\n\t#tab_container_3118 .wpsm_nav-tabs > li {\r\n\t\t\t\t\t\t\t\t\tmargin-right: 8px !important;\r\n\t\t\t\t\r\n\t\t\t\t\r\n\t\t\t\t\r\n\t}\r\n\t#tab_container_3118 .wpsm_nav{\r\n\t\t\t\tmargin-bottom: 8px !important;\r\n\t\t\t}\r\n\r\n}\r\n\r\n\r\n\r\n@media (max-width: 768px) {\r\n\t#tab_container_3118 .wpsm_nav-tabs > li {\r\n\t\t\t\tmargin-bottom: 8px !important;\r\n\t\tmargin-right:0px !important;\r\n\t\tmargin-left:0px !important;\r\n\t\t\t\t\r\n\t}\r\n\t#tab_container_3118 .wpsm_nav{\r\n\t\t\t\tmargin-bottom: 8px !important;\r\n\t\tmargin-right:0px !important;\r\n\t\tmargin-left:0px !important;\r\n\t\t\t}\r\n}\r\n\r\n\r\n\t.wpsm_nav-tabs li:before{\r\n\t\tdisplay:none !important;\r\n\t}\r\n\r\n\t@media (max-width: 768px) {\r\n\t\t\t\t\r\n\t\t\t\t.wpsm_nav-tabs{\r\n\t\t\tmargin-left:0px !important;\r\n\t\t\tmargin-right:0px !important; \r\n\t\t\t\r\n\t\t}\r\n\t\t\t\t#tab_container_3118 .wpsm_nav-tabs > li{\r\n\t\t\tfloat:none !important;\r\n\t\t}\r\n\t\t\t\r\n\t}\t\t\t\t<\/style>\r\n\t\t\t\t<div id=\"tab_container_3118\" >\r\n\t \r\n\t\t\t\t\t<ul class=\"wpsm_nav wpsm_nav-tabs\" role=\"tablist\" id=\"myTab_3118\">\r\n\t\t\t\t\t\t\t\r\n\t\t\t\t\t\t\t<li role=\"presentation\"  class=\"active\"  onclick=\"do_resize()\">\r\n\r\n\t\t\t\t\t\t\t\t<!-- XTEC ************ MODIFICAT - Disable scrolling on tab change. Fixes error in option \"Tabs Description Animation\" -->\r\n\t\t\t\t\t\t\t\t<!-- 2021.12.01 @aginard -->\r\n\t\t\t\t\t\t\t\t<a href=\"javascript:void(0);\" aria-controls=\"tabs_desc_3118_1\" role=\"tab\" data-toggle=\"tab\" data-target=\"#tabs_desc_3118_1\">\r\n\t\t\t\t\t\t\t\t<!-- ORIGINAL\r\n\t\t\t\t\t\t\t\t<a href=\"#tabs_desc_3118_1\" aria-controls=\"tabs_desc_3118_1\" role=\"tab\" data-toggle=\"tab\">\r\n\t\t\t\t\t\t\t\t-->\r\n\t\t\t\t\t\t\t\t<!-- ************ FI -->\r\n\t\t\t\t\t\t\t\t\t\r\n\t\t\t\t\t\t\t\t\t\t\t\t\t\t\t\t\t\t\t\t\t\t\t\t\t\t\t\t\r\n\t\t\t\t\t\t\t\t\t\t\t\t\t\t\t\t\t\t\r\n\t\t\t\t\t\t\t\t\t<span>SELFIE<\/span>\r\n\t\t\t\t\t\t\t\t\t\r\n\t\t\t\t\t\t\t\t\t\t\t\t\t\t\t\t\t\t\r\n\t\t\t\t\t\t\t\t\t\t\t\t\t\t\t\t\t\t\t\t\r\n\t\t\t\t\t\t\t\t\t\r\n\t\t\t\t\t\t\t\t<\/a>\r\n\t\t\t\t\t\t\t<\/li>\r\n\t\t\t\t\t\t\t\r\n\t\t\t\t\t\t\t<li role=\"presentation\"  onclick=\"do_resize()\">\r\n\r\n\t\t\t\t\t\t\t\t<!-- XTEC ************ MODIFICAT - Disable scrolling on tab change. Fixes error in option \"Tabs Description Animation\" -->\r\n\t\t\t\t\t\t\t\t<!-- 2021.12.01 @aginard -->\r\n\t\t\t\t\t\t\t\t<a href=\"javascript:void(0);\" aria-controls=\"tabs_desc_3118_2\" role=\"tab\" data-toggle=\"tab\" data-target=\"#tabs_desc_3118_2\">\r\n\t\t\t\t\t\t\t\t<!-- ORIGINAL\r\n\t\t\t\t\t\t\t\t<a href=\"#tabs_desc_3118_2\" aria-controls=\"tabs_desc_3118_2\" role=\"tab\" data-toggle=\"tab\">\r\n\t\t\t\t\t\t\t\t-->\r\n\t\t\t\t\t\t\t\t<!-- ************ FI -->\r\n\t\t\t\t\t\t\t\t\t\r\n\t\t\t\t\t\t\t\t\t\t\t\t\t\t\t\t\t\t\t\t\t\t\t\t\t\t\t\t\r\n\t\t\t\t\t\t\t\t\t\t\t\t\t\t\t\t\t\t\r\n\t\t\t\t\t\t\t\t\t<span>Pla TAC<\/span>\r\n\t\t\t\t\t\t\t\t\t\r\n\t\t\t\t\t\t\t\t\t\t\t\t\t\t\t\t\t\t\r\n\t\t\t\t\t\t\t\t\t\t\t\t\t\t\t\t\t\t\t\t\r\n\t\t\t\t\t\t\t\t\t\r\n\t\t\t\t\t\t\t\t<\/a>\r\n\t\t\t\t\t\t\t<\/li>\r\n\t\t\t\t\t\t\t\r\n\t\t\t\t\t\t\t<li role=\"presentation\"  onclick=\"do_resize()\">\r\n\r\n\t\t\t\t\t\t\t\t<!-- XTEC ************ MODIFICAT - Disable scrolling on tab change. Fixes error in option \"Tabs Description Animation\" -->\r\n\t\t\t\t\t\t\t\t<!-- 2021.12.01 @aginard -->\r\n\t\t\t\t\t\t\t\t<a href=\"javascript:void(0);\" aria-controls=\"tabs_desc_3118_3\" role=\"tab\" data-toggle=\"tab\" data-target=\"#tabs_desc_3118_3\">\r\n\t\t\t\t\t\t\t\t<!-- ORIGINAL\r\n\t\t\t\t\t\t\t\t<a href=\"#tabs_desc_3118_3\" aria-controls=\"tabs_desc_3118_3\" role=\"tab\" data-toggle=\"tab\">\r\n\t\t\t\t\t\t\t\t-->\r\n\t\t\t\t\t\t\t\t<!-- ************ FI -->\r\n\t\t\t\t\t\t\t\t\t\r\n\t\t\t\t\t\t\t\t\t\t\t\t\t\t\t\t\t\t\t\t\t\t\t\t\t\t\t\t\r\n\t\t\t\t\t\t\t\t\t\t\t\t\t\t\t\t\t\t\r\n\t\t\t\t\t\t\t\t\t<span>Indicadors de Centre<\/span>\r\n\t\t\t\t\t\t\t\t\t\r\n\t\t\t\t\t\t\t\t\t\t\t\t\t\t\t\t\t\t\r\n\t\t\t\t\t\t\t\t\t\t\t\t\t\t\t\t\t\t\t\t\r\n\t\t\t\t\t\t\t\t\t\r\n\t\t\t\t\t\t\t\t<\/a>\r\n\t\t\t\t\t\t\t<\/li>\r\n\t\t\t\t\t\t\t\r\n\t\t\t\t\t\t\t<li role=\"presentation\"  onclick=\"do_resize()\">\r\n\r\n\t\t\t\t\t\t\t\t<!-- XTEC ************ MODIFICAT - Disable scrolling on tab change. Fixes error in option \"Tabs Description Animation\" -->\r\n\t\t\t\t\t\t\t\t<!-- 2021.12.01 @aginard -->\r\n\t\t\t\t\t\t\t\t<a href=\"javascript:void(0);\" aria-controls=\"tabs_desc_3118_4\" role=\"tab\" data-toggle=\"tab\" data-target=\"#tabs_desc_3118_4\">\r\n\t\t\t\t\t\t\t\t<!-- ORIGINAL\r\n\t\t\t\t\t\t\t\t<a href=\"#tabs_desc_3118_4\" aria-controls=\"tabs_desc_3118_4\" role=\"tab\" data-toggle=\"tab\">\r\n\t\t\t\t\t\t\t\t-->\r\n\t\t\t\t\t\t\t\t<!-- ************ FI -->\r\n\t\t\t\t\t\t\t\t\t\r\n\t\t\t\t\t\t\t\t\t\t\t\t\t\t\t\t\t\t\t\t\t\t\t\t\t\t\t\t\r\n\t\t\t\t\t\t\t\t\t\t\t\t\t\t\t\t\t\t\r\n\t\t\t\t\t\t\t\t\t<span>Enquestes a fam\u00edlies<\/span>\r\n\t\t\t\t\t\t\t\t\t\r\n\t\t\t\t\t\t\t\t\t\t\t\t\t\t\t\t\t\t\r\n\t\t\t\t\t\t\t\t\t\t\t\t\t\t\t\t\t\t\t\t\r\n\t\t\t\t\t\t\t\t\t\r\n\t\t\t\t\t\t\t\t<\/a>\r\n\t\t\t\t\t\t\t<\/li>\r\n\t\t\t\t\t\t\t\r\n\t\t\t\t\t\t\t<li role=\"presentation\"  onclick=\"do_resize()\">\r\n\r\n\t\t\t\t\t\t\t\t<!-- XTEC ************ MODIFICAT - Disable scrolling on tab change. Fixes error in option \"Tabs Description Animation\" -->\r\n\t\t\t\t\t\t\t\t<!-- 2021.12.01 @aginard -->\r\n\t\t\t\t\t\t\t\t<a href=\"javascript:void(0);\" aria-controls=\"tabs_desc_3118_5\" role=\"tab\" data-toggle=\"tab\" data-target=\"#tabs_desc_3118_5\">\r\n\t\t\t\t\t\t\t\t<!-- ORIGINAL\r\n\t\t\t\t\t\t\t\t<a href=\"#tabs_desc_3118_5\" aria-controls=\"tabs_desc_3118_5\" role=\"tab\" data-toggle=\"tab\">\r\n\t\t\t\t\t\t\t\t-->\r\n\t\t\t\t\t\t\t\t<!-- ************ FI -->\r\n\t\t\t\t\t\t\t\t\t\r\n\t\t\t\t\t\t\t\t\t\t\t\t\t\t\t\t\t\t\t\t\t\t\t\t\t\t\t\t\r\n\t\t\t\t\t\t\t\t\t\t\t\t\t\t\t\t\t\t\r\n\t\t\t\t\t\t\t\t\t<span>RESULTATS<\/span>\r\n\t\t\t\t\t\t\t\t\t\r\n\t\t\t\t\t\t\t\t\t\t\t\t\t\t\t\t\t\t\r\n\t\t\t\t\t\t\t\t\t\t\t\t\t\t\t\t\t\t\t\t\r\n\t\t\t\t\t\t\t\t\t\r\n\t\t\t\t\t\t\t\t<\/a>\r\n\t\t\t\t\t\t\t<\/li>\r\n\t\t\t\t\t\t\t\t\t\t\t <\/ul>\r\n\r\n\t\t\t\t\t  <!-- Tab panes -->\r\n\t\t\t\t\t  <div class=\"tab-content\" id=\"tab-content_3118\">\r\n\t\t\t\t\t\t\t\t\t\t\t\t <div role=\"tabpanel\" class=\"tab-pane  in active \" id=\"tabs_desc_3118_1\">\r\n\t\t\t\t\t\t\t\t<p>A l'octubre del curs 21-22 s'ha realitzat l'enquesta SELFIE als docents del centre i a l'alumnat de 5\u00e8, 6\u00e8 i 1r d'ESO. Clicant a l'enlla\u00e7 podreu visualitzar els resultats obtinguts.<\/p>\n<p><a href=\"https:\/\/agora.xtec.cat\/iebalsareny\/docs\/resultats-selfie-curs-2021\/?bp-attachment=SELFIE-IE_guillem_de_balsareny_21-22.pdf\" rel=\"noopener\" target=\"_blank\">Informe de centre SELFIE<\/a><\/p>\n\t\t\t\t\t\t <\/div>\r\n\t\t\t\t\t\t\t\t\t\t\t\t <div role=\"tabpanel\" class=\"tab-pane \" id=\"tabs_desc_3118_2\">\r\n\t\t\t\t\t\t\t\t<p>El pla TAC de centre finalitzava el curs 18-19.<br \/>\nD'aquest pla el 60% objectius proposats s'han assolit, per\u00f2 encara hi ha una s\u00e8rie d'actuacions que no s'han dut a terme, que s'han de reformular de nou o s\u00f3n objectius continuats.<br \/>\nAquests s\u00f3n:<\/p>\n<ul>\n<li>013. Definir i revisar la composici\u00f3 de la comissi\u00f3<br \/>\nTAC.<\/li>\n<li>014. Establir l'\u00e0mbit d'actuaci\u00f3 de la comissi\u00f3 TAC.<\/li>\n<li>015. Revisar la seq\u00fcenciaci\u00f3 de la compet\u00e8ncia<br \/>\ndigital a les \u00e0rees curriculars.<\/li>\n<li>042. Assegurar la pres\u00e8ncia de l'aplicaci\u00f3 metodol\u00f2gica de les tecnologies a les programacions did\u00e0ctiques de les diferents \u00e0rees curriculars.<\/li>\n<li>043. Establir pautes de seguiment de l'aplicaci\u00f3 de les tecnologies a l'aula a les diferents \u00e0rees curriculars.<\/li>\n<li>053. Recollir les noves necessitats de recursos i valorar-ne la seva viabilitat.<\/li>\n<li>061. Establir la din\u00e0mica anual de funcionament de la comissi\u00f3 TAC del centre i marcar les actuacions priorit\u00e0ries.<\/li>\n<li>086. Definir les normes d'\u00fas d'Internet i establir mesures de filtratge de continguts.<\/li>\n<li>093. Cercar i crear recursos espec\u00edfics per a l'alumnat amb necessitats educatives especials.<\/li>\n<li>101. Posar a l'abast del professorat recursos TAC per a la seva pr\u00e0ctica docent.<\/li>\n<li>104. Definir mecanismes per avaluar l'assoliment de la compet\u00e8ncia digital.<\/li>\n<li>106. Definir i dissenyar mecanismes i eines d'avaluaci\u00f3 i seguiment de l'alumnat mitjan\u00e7ant les tecnologies.<\/li>\n<li>111. Detectar les necessitats formatives del professorat respecte les TAC i proposar el cursos de formaci\u00f3 necessaris.<\/li>\n<li>112. Donar a con\u00e8ixer a la comunitat educativa les activitats realitzades pel professorat.<\/li>\n<li>113. Compartir recursos entre la comunitat educativa.<\/li>\n<\/ul>\n\t\t\t\t\t\t <\/div>\r\n\t\t\t\t\t\t\t\t\t\t\t\t <div role=\"tabpanel\" class=\"tab-pane \" id=\"tabs_desc_3118_3\">\r\n\t\t\t\t\t\t\t\t<p>Dels<a href=\"https:\/\/agora.xtec.cat\/iebalsareny\/edc\/#h5pbookid=29&chapter=h5p-interactive-book-chapter-f177c6a3-3df2-408e-919b-fec4c0b48d8c&section=0\"> documents de centre<\/a> extraiem alguns punts referents a la cultura digital que cal desenvolupar:<\/p>\n<ul>\n<li>Definir l'avaluaci\u00f3 de la compet\u00e8ncia digital de l'alumnat (quins criteris i indicadors s'utilitzar\u00e0 a prim\u00e0ria i secund\u00e0ria de forma consensuada).<\/li>\n<li>Definir actuacions per la millora de la compet\u00e8ncia digital del claustre.<\/li>\n<li>Redefinir l'\u00fas i distribuci\u00f3 dels equipaments que disposa el centre.<\/li>\n<li>Redefinir i planificar les dotacions pr\u00f2pies del centre.<\/li>\n<\/ul>\n\t\t\t\t\t\t <\/div>\r\n\t\t\t\t\t\t\t\t\t\t\t\t <div role=\"tabpanel\" class=\"tab-pane \" id=\"tabs_desc_3118_4\">\r\n\t\t\t\t\t\t\t\t<p>S'han enviat uns formularis a una mostra representativa de les fam\u00edlies del centre (20%) en que es volia rebre informaci\u00f3 en aspectes referents a les plataformes de comunicaci\u00f3 a digitals (web, classroom, TPVescola, missatgeria, ...). Els aspectes m\u00e9s destacables s\u00f3n:<\/p>\n<ul>\n<li>Els canals de comunicaci\u00f3, aix\u00ed com les informacions i la freq\u00fc\u00e8ncia, s\u00f3n correctes.<\/li>\n<li>Les fam\u00edlies tenen facilitat per seguir el treball dels seus fills quan s'utilitza la plataforma classroom.<\/li>\n<li>El funcionament de la plataforma de pagament TPVescola est\u00e0 ben assimilat.<\/li>\n<li>Es troba a faltar algunes informacions a la p\u00e0gina web del centre (fotografies passades, fulls informatius, ..)<\/li>\n<\/ul>\n\t\t\t\t\t\t <\/div>\r\n\t\t\t\t\t\t\t\t\t\t\t\t <div role=\"tabpanel\" class=\"tab-pane \" id=\"tabs_desc_3118_5\">\r\n\t\t\t\t\t\t\t\t<p><strong>ALUMNAT<\/strong><\/p>\n<table style=\"border-collapse: collapse; width: 100%;\">\n<tbody>\n<tr>\n<td style=\"width: 50%;\"><span style=\"text-decoration: underline;\">PUNTS FORTS<\/span><\/td>\n<td style=\"width: 50%;\"><span style=\"text-decoration: underline;\">PUNTS FEBLES<\/span><\/td>\n<\/tr>\n<tr>\n<td style=\"width: 50%;\">\n<ul>\n<li style=\"font-weight: 400;\" aria-level=\"1\"><span style=\"font-weight: 400;\">Els docents adquireixen coneixements sobre el civisme i la seguretat en l'\u00fas d\u2019eines digitals.<\/span><\/li>\n<li style=\"font-weight: 400;\" aria-level=\"1\"><span style=\"font-weight: 400;\">L\u2019alumnat es motiva i es sent segur utilitzant eines digitals.<\/span><\/li>\n<\/ul>\n<\/td>\n<td style=\"width: 50%;\">\n<ul>\n<li style=\"font-weight: 400;\" aria-level=\"1\"><span style=\"font-weight: 400;\">Els alumnes no tenen en compte els drets d\u2019autor i la protecci\u00f3 de dades en les seves activitats escolars.<\/span><\/li>\n<li style=\"font-weight: 400;\" aria-level=\"1\"><span style=\"font-weight: 400;\">L\u2019alumnat reprodueix models de continguts digitals, per\u00f2 no els utilitza de forma creativa i adaptada a ell.<\/span><\/li>\n<li style=\"font-weight: 400;\" aria-level=\"1\"><span style=\"font-weight: 400;\">Dificultat de control relacions negatives entre alumnat mitjan\u00e7ant plataformes digitals.<\/span><\/li>\n<\/ul>\n<\/td>\n<\/tr>\n<\/tbody>\n<\/table>\n<p><strong>DOCENTS<\/strong><\/p>\n<table style=\"border-collapse: collapse; width: 100%;\">\n<tbody>\n<tr>\n<td style=\"width: 50%;\"><span style=\"text-decoration: underline;\">PUNTS FORTS<\/span><\/td>\n<td style=\"width: 50%;\"><span style=\"text-decoration: underline;\">PUNTS FEBLES<\/span><\/td>\n<\/tr>\n<tr>\n<td style=\"width: 50%;\">\n<ul>\n<li style=\"font-weight: 400;\" aria-level=\"1\"><span style=\"font-weight: 400;\">El claustre est\u00e0 conscienciat en l\u2019\u00fas de les tecnologies digitals en l\u2019aprenentatge.<\/span><\/li>\n<li style=\"font-weight: 400;\" aria-level=\"1\"><span style=\"font-weight: 400;\">Els docents exploren i cerquen continguts digitals per donar suport a l\u2019ensenyament.<\/span><\/li>\n<li style=\"font-weight: 400;\" aria-level=\"1\"><span style=\"font-weight: 400;\">Els docents utilitzen diversos canals de comunicaci\u00f3 per recolzar la tasca educativa (videoconfer\u00e8ncies, meet, plataformes educatives\u2026)<\/span><\/li>\n<li style=\"font-weight: 400;\" aria-level=\"1\"><span style=\"font-weight: 400;\">\u00das de les tecnologies digitals per eliminar barreres de l\u2019aprenentatge i potenciar la comunicaci\u00f3.<\/span><\/li>\n<\/ul>\n<\/td>\n<td style=\"width: 50%;\">\n<ul>\n<li style=\"font-weight: 400;\" aria-level=\"1\"><span style=\"font-weight: 400;\">No s'utilitzen les eines digitals per a l\u2019avaluaci\u00f3 formativa i formadora de l\u2019alumnat.<\/span><\/li>\n<li style=\"font-weight: 400;\" aria-level=\"1\"><span style=\"font-weight: 400;\">Els docents no tenen en compte les llic\u00e8ncies d\u2019\u00fas i drets d\u2019autor en els continguts digitals.<\/span><\/li>\n<li style=\"font-weight: 400;\" aria-level=\"1\"><span style=\"font-weight: 400;\">No s\u2019utilitzen les eines digitals per crear xarxes i col\u00b7laborar amb altres entitats.<\/span><\/li>\n<li style=\"font-weight: 400;\" aria-level=\"1\"><span style=\"font-weight: 400;\">Falta temps per explorar, debatre i compartir l\u2019\u00fas de les tecnologies digitals per a l\u2019aprenentatge.<\/span><\/li>\n<li style=\"font-weight: 400;\" aria-level=\"1\"><span style=\"font-weight: 400;\">Falta coneixement sobre la creaci\u00f3 i possibilitats dels recursos digitals per a l\u2019ensenyament.<\/span><\/li>\n<\/ul>\n<\/td>\n<\/tr>\n<\/tbody>\n<\/table>\n<p><strong>CENTRE<\/strong><\/p>\n<table style=\"border-collapse: collapse; width: 100%;\">\n<tbody>\n<tr>\n<td style=\"width: 50%;\"><span style=\"text-decoration: underline;\">PUNTS FORTS<\/span><\/td>\n<td style=\"width: 50%;\"><span style=\"text-decoration: underline;\">PUNTS FEBLES<\/span><\/td>\n<\/tr>\n<tr>\n<td style=\"width: 50%;\">\n<ul>\n<li style=\"font-weight: 400;\" aria-level=\"1\"><span style=\"font-weight: 400;\">El centre t\u00e9 una connexi\u00f3 a internet fiable (tot i que millorable) i una dotaci\u00f3 suficient d\u2019ordinadors port\u00e0tils i PDI per a l\u2019alumnat.<\/span><\/li>\n<li style=\"font-weight: 400;\" aria-level=\"1\"><span style=\"font-weight: 400;\">El centre t\u00e9 organitzats els canals i funcions dels diferents canals de comunicaci\u00f3 (Web,TPVescola,\u00a0 twitter, correus, \u2026.)<\/span><\/li>\n<\/ul>\n<\/td>\n<td style=\"width: 50%;\">\n<ul>\n<li style=\"font-weight: 400;\" aria-level=\"1\"><span style=\"font-weight: 400;\">El centre t\u00e9 una bona dotaci\u00f3 de port\u00e0tils (pro\u00f2pia i del departament), per\u00f2 no disposa d\u2019altres materials digitals (rob\u00f2tica a prim\u00e0ria, tauletes, \u2026).<\/span><\/li>\n<li style=\"font-weight: 400;\" aria-level=\"1\"><span style=\"font-weight: 400;\">El centre no t\u00e9 estipulat un protocol de protecci\u00f3 de dades.<\/span><\/li>\n<li style=\"font-weight: 400;\" aria-level=\"1\"><span style=\"font-weight: 400;\">El centre no t\u00e9 descrites les actuacions ni les responsabilitats per a l\u2019acollida digital dels docents i alumnat.<\/span><\/li>\n<li style=\"font-weight: 400;\" aria-level=\"1\"><span style=\"font-weight: 400;\">No est\u00e0 organitzada i acordada l\u2019avaluaci\u00f3 de la compet\u00e8ncia digital de l\u2019alumnat.<\/span><\/li>\n<li style=\"font-weight: 400;\" aria-level=\"1\"><span style=\"font-weight: 400;\">Les fam\u00edlies els costa trobar informacions (fulls informatius, fotografies, \u2026) antigues a la web de centre.<\/span><\/li>\n<\/ul>\n<\/td>\n<\/tr>\n<\/tbody>\n<\/table>\n\t\t\t\t\t\t <\/div>\r\n\t\t\t\t\t\t\t\r\n\t\t\t\t\t <\/div>\r\n\t\t\t\t\t \r\n\t\t\t\t <\/div>\r\n <script>\r\n\t\tjQuery(function () {\r\n\t\t\tjQuery('#myTab_3118 a:first').tab('show')\r\n\t\t});\r\n\t\t\r\n\t\t\t\tjQuery(function(){\r\n\t\t\tvar b=\"fadeInRight\";\r\n\t\t\tvar c;\r\n\t\t\tvar a;\r\n\t\t\td(jQuery(\"#myTab_3118 a\"),jQuery(\"#tab-content_3118\"));function d(e,f,g){\r\n\t\t\t\te.click(function(i){\r\n\t\t\t\t\ti.preventDefault();\r\n\t\t\t\t\tjQuery(this).tab(\"show\");\r\n\t\t\t\t\tvar h=jQuery(this).data(\"easein\");\r\n\t\t\t\t\tif(c){c.removeClass(a);}\r\n\t\t\t\t\tif(h){f.find(\"div.active\").addClass(\"animated \"+h);a=h;}\r\n\t\t\t\t\telse{if(g){f.find(\"div.active\").addClass(\"animated \"+g);a=g;}else{f.find(\"div.active\").addClass(\"animated \"+b);a=b;}}c=f.find(\"div.active\");\r\n\t\t\t\t});\r\n\t\t\t}\r\n\t\t});\r\n\t\t\r\n\r\n\t\tfunction do_resize(){\r\n\r\n\t\t\tvar width=jQuery( '.tab-content .tab-pane iframe' ).width();\r\n\t\t\tvar height=jQuery( '.tab-content .tab-pane iframe' ).height();\r\n\r\n\t\t\tvar toggleSize = true;\r\n\t\t\tjQuery('iframe').animate({\r\n\t\t\t    width: toggleSize ? width : 640,\r\n\t\t\t    height: toggleSize ? height : 360\r\n\t\t\t  }, 250);\r\n\r\n\t\t\t  toggleSize = !toggleSize;\r\n\t\t}\r\n\r\n\r\n\t<\/script>\r\n\t\t\t\t\r\n\t\t\t\n<p><img loading=\"lazy\" decoding=\"async\" class=\"size-thumbnail wp-image-3080 alignleft\" src=\"https:\/\/agora.xtec.cat\/iebalsareny\/wp-content\/uploads\/usu2029\/2021\/11\/4ec0070aeacca935d7b20224dfeefc25332b5b51-150x150.png\" alt=\"\" width=\"150\" height=\"150\" srcset=\"https:\/\/agora.xtec.cat\/iebalsareny\/wp-content\/uploads\/usu2029\/2021\/11\/4ec0070aeacca935d7b20224dfeefc25332b5b51-150x150.png 150w, https:\/\/agora.xtec.cat\/iebalsareny\/wp-content\/uploads\/usu2029\/2021\/11\/4ec0070aeacca935d7b20224dfeefc25332b5b51-300x300.png 300w, https:\/\/agora.xtec.cat\/iebalsareny\/wp-content\/uploads\/usu2029\/2021\/11\/4ec0070aeacca935d7b20224dfeefc25332b5b51-1024x1024.png 1024w, https:\/\/agora.xtec.cat\/iebalsareny\/wp-content\/uploads\/usu2029\/2021\/11\/4ec0070aeacca935d7b20224dfeefc25332b5b51-768x768.png 768w, https:\/\/agora.xtec.cat\/iebalsareny\/wp-content\/uploads\/usu2029\/2021\/11\/4ec0070aeacca935d7b20224dfeefc25332b5b51-1536x1536.png 1536w, https:\/\/agora.xtec.cat\/iebalsareny\/wp-content\/uploads\/usu2029\/2021\/11\/4ec0070aeacca935d7b20224dfeefc25332b5b51.png 1667w\" sizes=\"auto, (max-width: 150px) 100vw, 150px\" \/><\/p>\n","protected":false},"excerpt":{"rendered":"","protected":false},"author":1,"featured_media":0,"parent":3411,"menu_order":0,"comment_status":"closed","ping_status":"closed","template":"page-templates\/side-menu.php","meta":{"_bbp_topic_count":0,"_bbp_reply_count":0,"_bbp_total_topic_count":0,"_bbp_total_reply_count":0,"_bbp_voice_count":0,"_bbp_anonymous_reply_count":0,"_bbp_topic_count_hidden":0,"_bbp_reply_count_hidden":0,"_bbp_forum_subforum_count":0,"footnotes":""},"class_list":["post-3423","page","type-page","status-publish","hentry"],"post_mailing_queue_ids":[],"_links":{"self":[{"href":"https:\/\/agora.xtec.cat\/iebalsareny\/wp-json\/wp\/v2\/pages\/3423","targetHints":{"allow":["GET"]}}],"collection":[{"href":"https:\/\/agora.xtec.cat\/iebalsareny\/wp-json\/wp\/v2\/pages"}],"about":[{"href":"https:\/\/agora.xtec.cat\/iebalsareny\/wp-json\/wp\/v2\/types\/page"}],"author":[{"embeddable":true,"href":"https:\/\/agora.xtec.cat\/iebalsareny\/wp-json\/wp\/v2\/users\/1"}],"replies":[{"embeddable":true,"href":"https:\/\/agora.xtec.cat\/iebalsareny\/wp-json\/wp\/v2\/comments?post=3423"}],"version-history":[{"count":3,"href":"https:\/\/agora.xtec.cat\/iebalsareny\/wp-json\/wp\/v2\/pages\/3423\/revisions"}],"predecessor-version":[{"id":3489,"href":"https:\/\/agora.xtec.cat\/iebalsareny\/wp-json\/wp\/v2\/pages\/3423\/revisions\/3489"}],"up":[{"embeddable":true,"href":"https:\/\/agora.xtec.cat\/iebalsareny\/wp-json\/wp\/v2\/pages\/3411"}],"wp:attachment":[{"href":"https:\/\/agora.xtec.cat\/iebalsareny\/wp-json\/wp\/v2\/media?parent=3423"}],"curies":[{"name":"wp","href":"https:\/\/api.w.org\/{rel}","templated":true}]}}