{"id":3409,"date":"2022-03-29T16:04:58","date_gmt":"2022-03-29T14:04:58","guid":{"rendered":"https:\/\/agora.xtec.cat\/iebalsareny\/?page_id=3409"},"modified":"2025-10-17T13:10:46","modified_gmt":"2025-10-17T11:10:46","slug":"edc","status":"publish","type":"page","link":"https:\/\/agora.xtec.cat\/iebalsareny\/edc\/","title":{"rendered":"Estrat\u00e8gia digital de centre"},"content":{"rendered":"<p>L\u2019Estrat\u00e8gia Digital de Centre (EDC) \u00e9s un document que recull totes les accions que es realitzen en un centre, i les que es realitzaran a mitj\u00e0 termini, per aconseguir la <strong>m\u00e0xima compet\u00e8ncia digital de l\u2019alumnat, del professorat i del centre educatiu<\/strong>. T\u00e9 com a referent el Pla d\u2019educaci\u00f3 digital de Catalunya (PEDC), on s\u2019indica la necessitat d\u2019assolir la fita d\u2019una societat digitalment competent, fent \u00e8mfasi en l\u2019equitat i tenint en compte l\u2019evoluci\u00f3 del context social i tecnol\u00f2gic.<\/p>\n<p>Aquest document consta de dues parts:<\/p>\n<p>La part <strong>estrat\u00e8gica<\/strong>, que marca una visi\u00f3 clara d&#8217;on vol arribar el centre en termes digitals a partir d&#8217;un proc\u00e9s de diagnosi, planificaci\u00f3 d&#8217;uns objectius i un proc\u00e9s d&#8217;avaluaci\u00f3 cont\u00ednua.<\/p>\n<p>Tamb\u00e9 recull totes les accions ja consolidades al centre, plans, protocols, normatives, etc. que conformaran la <strong>cultura digital del centre<\/strong>.<\/p>\n<p style=\"text-align: center;\"><a class=\"button large\" style=\"padding: 1em; font-weight: 400; margin: 0.1em; color: white !important; background-color: #fcb535;\" href=\"https:\/\/agora.xtec.cat\/iebalsareny\/edc\/lestrategia-digital\/\" rel=\"noopener noreferrer\">Estrat\u00e8gia Digital<\/a>\u00a0 \u00a0 \u00a0 \u00a0 \u00a0 \u00a0 \u00a0 \u00a0 \u00a0 \u00a0 \u00a0 \u00a0 \u00a0 \u00a0 \u00a0 \u00a0 \u00a0 \u00a0 \u00a0<a class=\"button large\" style=\"padding: 1em; font-weight: 400; margin: 0.1em; color: white !important; background-color: #e04b35;\" href=\"https:\/\/agora.xtec.cat\/iebalsareny\/edc\/cultura-digital\/\" rel=\"noopener noreferrer\">Cultura Digital<\/a><\/p>\n","protected":false},"excerpt":{"rendered":"<p>L\u2019Estrat\u00e8gia Digital de Centre (EDC) \u00e9s un document que recull totes les accions que es realitzen en un centre, i les que es realitzaran a mitj\u00e0 termini, per aconseguir la m\u00e0xima compet\u00e8ncia digital de l\u2019alumnat, del professorat i del centre educatiu. T\u00e9 com a referent&hellip;  <a href=\"https:\/\/agora.xtec.cat\/iebalsareny\/edc\/\" title=\"Read Estrat\u00e8gia digital de centre\">Llegeix m\u00e9s\u00bb<\/a><\/p>\n","protected":false},"author":1,"featured_media":0,"parent":0,"menu_order":0,"comment_status":"closed","ping_status":"closed","template":"page-templates\/side-menu.php","meta":{"_bbp_topic_count":0,"_bbp_reply_count":0,"_bbp_total_topic_count":0,"_bbp_total_reply_count":0,"_bbp_voice_count":0,"_bbp_anonymous_reply_count":0,"_bbp_topic_count_hidden":0,"_bbp_reply_count_hidden":0,"_bbp_forum_subforum_count":0,"footnotes":""},"class_list":["post-3409","page","type-page","status-publish","hentry"],"post_mailing_queue_ids":[],"_links":{"self":[{"href":"https:\/\/agora.xtec.cat\/iebalsareny\/wp-json\/wp\/v2\/pages\/3409","targetHints":{"allow":["GET"]}}],"collection":[{"href":"https:\/\/agora.xtec.cat\/iebalsareny\/wp-json\/wp\/v2\/pages"}],"about":[{"href":"https:\/\/agora.xtec.cat\/iebalsareny\/wp-json\/wp\/v2\/types\/page"}],"author":[{"embeddable":true,"href":"https:\/\/agora.xtec.cat\/iebalsareny\/wp-json\/wp\/v2\/users\/1"}],"replies":[{"embeddable":true,"href":"https:\/\/agora.xtec.cat\/iebalsareny\/wp-json\/wp\/v2\/comments?post=3409"}],"version-history":[{"count":6,"href":"https:\/\/agora.xtec.cat\/iebalsareny\/wp-json\/wp\/v2\/pages\/3409\/revisions"}],"predecessor-version":[{"id":6742,"href":"https:\/\/agora.xtec.cat\/iebalsareny\/wp-json\/wp\/v2\/pages\/3409\/revisions\/6742"}],"wp:attachment":[{"href":"https:\/\/agora.xtec.cat\/iebalsareny\/wp-json\/wp\/v2\/media?parent=3409"}],"curies":[{"name":"wp","href":"https:\/\/api.w.org\/{rel}","templated":true}]}}