{"id":30,"date":"2014-09-18T12:30:23","date_gmt":"2014-09-18T11:30:23","guid":{"rendered":"http:\/\/agora.xtec.cat\/iebalsareny\/\/?page_id=30"},"modified":"2025-10-17T12:19:48","modified_gmt":"2025-10-17T10:19:48","slug":"instal%c2%b7lacions","status":"publish","type":"page","link":"https:\/\/agora.xtec.cat\/iebalsareny\/lescola\/instal%c2%b7lacions\/","title":{"rendered":"Instal\u00b7lacions"},"content":{"rendered":"<p>El centre disposa de dos edificis que es troben en contacte per\u00f2 no units. En un s&#8217;imparteixen els ensenyaments d&#8217;Educaci\u00f3 Infantil i en l&#8217;altre els ensenyaments d&#8217;Educaci\u00f3 Primaria i Secund\u00e0ria Obligat\u00f2ria.<\/p>\n<p>En aquest segon edifici tamb\u00e9 hi podem trobar les aules d&#8217;ensenyaments espec\u00edfics com l&#8217;aula d&#8217;Angl\u00e8s, de M\u00fasica, taller de tecnologia, gimn\u00e0s, aula de pl\u00e0stica, tutories&#8230;<\/p>\n<p>Totes les aules de doc\u00e8ncia compten amb sistemes de projecci\u00f3 (SDI), normalment formades per un ordinador, una can\u00f3 u una pissarra digital interactiva.<\/p>\n<p>A m\u00e9s a m\u00e9s el centre disposa de Chromebooks per facilitar l&#8217;aprenentatge amb (i de) les tecnologies de la informaci\u00f3 i comunicaci\u00f3.<\/p>\n<h1><\/h1>\n","protected":false},"excerpt":{"rendered":"<p>El centre disposa de dos edificis que es troben en contacte per\u00f2 no units. En un s&#8217;imparteixen els ensenyaments d&#8217;Educaci\u00f3 Infantil i en l&#8217;altre els ensenyaments d&#8217;Educaci\u00f3 Primaria i Secund\u00e0ria Obligat\u00f2ria.<br \/>\nEn aquest segon edifici tamb\u00e9 hi podem trobar les aules d&#8217;ensenyaments espec\u00edfics com l&#8217;aula d&#8217;Angl\u00e8s,&hellip;  <a href=\"https:\/\/agora.xtec.cat\/iebalsareny\/lescola\/instal%c2%b7lacions\/\" title=\"Read Instal\u00b7lacions\">Llegeix m\u00e9s\u00bb<\/a><\/p>\n","protected":false},"author":1,"featured_media":0,"parent":22,"menu_order":40,"comment_status":"closed","ping_status":"closed","template":"page-templates\/side-menu.php","meta":{"_bbp_topic_count":0,"_bbp_reply_count":0,"_bbp_total_topic_count":0,"_bbp_total_reply_count":0,"_bbp_voice_count":0,"_bbp_anonymous_reply_count":0,"_bbp_topic_count_hidden":0,"_bbp_reply_count_hidden":0,"_bbp_forum_subforum_count":0,"footnotes":""},"class_list":["post-30","page","type-page","status-publish","hentry"],"post_mailing_queue_ids":[],"_links":{"self":[{"href":"https:\/\/agora.xtec.cat\/iebalsareny\/wp-json\/wp\/v2\/pages\/30","targetHints":{"allow":["GET"]}}],"collection":[{"href":"https:\/\/agora.xtec.cat\/iebalsareny\/wp-json\/wp\/v2\/pages"}],"about":[{"href":"https:\/\/agora.xtec.cat\/iebalsareny\/wp-json\/wp\/v2\/types\/page"}],"author":[{"embeddable":true,"href":"https:\/\/agora.xtec.cat\/iebalsareny\/wp-json\/wp\/v2\/users\/1"}],"replies":[{"embeddable":true,"href":"https:\/\/agora.xtec.cat\/iebalsareny\/wp-json\/wp\/v2\/comments?post=30"}],"version-history":[{"count":4,"href":"https:\/\/agora.xtec.cat\/iebalsareny\/wp-json\/wp\/v2\/pages\/30\/revisions"}],"predecessor-version":[{"id":6738,"href":"https:\/\/agora.xtec.cat\/iebalsareny\/wp-json\/wp\/v2\/pages\/30\/revisions\/6738"}],"up":[{"embeddable":true,"href":"https:\/\/agora.xtec.cat\/iebalsareny\/wp-json\/wp\/v2\/pages\/22"}],"wp:attachment":[{"href":"https:\/\/agora.xtec.cat\/iebalsareny\/wp-json\/wp\/v2\/media?parent=30"}],"curies":[{"name":"wp","href":"https:\/\/api.w.org\/{rel}","templated":true}]}}