{"id":28,"date":"2014-09-18T12:29:35","date_gmt":"2014-09-18T11:29:35","guid":{"rendered":"http:\/\/agora.xtec.cat\/iebalsareny\/\/?page_id=28"},"modified":"2025-12-05T13:09:53","modified_gmt":"2025-12-05T12:09:53","slug":"consell-escolar","status":"publish","type":"page","link":"https:\/\/agora.xtec.cat\/iebalsareny\/lescola\/consell-escolar\/","title":{"rendered":"Consell escolar"},"content":{"rendered":"<p>El consell escolar del centre \u00e9s l&#8217;\u00f2rgan col\u00b7legiat de participaci\u00f3 de la comunitat escolar en el govern del centre. En el consell escolar hi ha representats tots els col\u00b7lectius que intervenen en la comunitat educativa: director, professorat, alumnat, personal d&#8217;administraci\u00f3 i serveis, etc.<\/p>\n<p>La funci\u00f3 principal del consell escolar \u00e9s participar en la presa de decisions en relaci\u00f3 amb aquells temes importants per al funcionament i l&#8217;organitzaci\u00f3 del centre: el projecte educatiu, la programaci\u00f3 general, la gesti\u00f3 econ\u00f2mica, etc.<\/p>\n<p>Els membres del Consell Escolar de l&#8217;Escola s\u00f3n:<\/p>\n<p><strong>President:<\/strong> Joan Sorroche Sola<\/p>\n<p><strong>Cap d&#8217;Estudis:<\/strong> Aleix Garcia Casals<\/p>\n<p><strong>Coordinadora pedag\u00f2gica:<\/strong> Mireia Manzano Sola<\/p>\n<p><strong>Secret\u00e0ria: <\/strong>N\u00faria Vera<\/p>\n<p><strong>Representants de mestres: <\/strong>Chantal Albaladejo Molins, Ferran Morral Ganduix\u00e9, Salvador Sala Montraveta, Laura Ferrer Huch i Marc Estrems Rius.<\/p>\n<p><strong>Representants de mares i pares:<\/strong> Alba Novell Asensio, Mireia Montagut Bacardit, Maria Rotch\u00e9s Ribalta i Ivet Manuel Rodr\u00edguez.<\/p>\n<p><strong>Representant PAS:<\/strong> Gisela Comellas Zafra<\/p>\n<p><strong>Representant AFA:<\/strong> Alba P\u00e9rez Herrera<\/p>\n<p><strong>Representant de l&#8217;Ajuntament:<\/strong> Vanessa Mart\u00ednez Crespo<\/p>\n<p><strong>Representant alumnat:<\/strong> Gur Charandip Kaur i Aditi Kumar Sharma<\/p>\n<p><strong>Secret\u00e0ria: <\/strong>N\u00faria Vera<\/p>\n","protected":false},"excerpt":{"rendered":"<p>El consell escolar del centre \u00e9s l&#8217;\u00f2rgan col\u00b7legiat de participaci\u00f3 de la comunitat escolar en el govern del centre. En el consell escolar hi ha representats tots els col\u00b7lectius que intervenen en la comunitat educativa: director, professorat, alumnat, personal d&#8217;administraci\u00f3 i serveis, etc.<br \/>\nLa funci\u00f3 principal&hellip;  <a href=\"https:\/\/agora.xtec.cat\/iebalsareny\/lescola\/consell-escolar\/\" title=\"Read Consell escolar\">Llegeix m\u00e9s\u00bb<\/a><\/p>\n","protected":false},"author":1,"featured_media":0,"parent":22,"menu_order":30,"comment_status":"closed","ping_status":"closed","template":"page-templates\/side-menu.php","meta":{"_bbp_topic_count":0,"_bbp_reply_count":0,"_bbp_total_topic_count":0,"_bbp_total_reply_count":0,"_bbp_voice_count":0,"_bbp_anonymous_reply_count":0,"_bbp_topic_count_hidden":0,"_bbp_reply_count_hidden":0,"_bbp_forum_subforum_count":0,"footnotes":""},"class_list":["post-28","page","type-page","status-publish","hentry"],"post_mailing_queue_ids":[],"_links":{"self":[{"href":"https:\/\/agora.xtec.cat\/iebalsareny\/wp-json\/wp\/v2\/pages\/28","targetHints":{"allow":["GET"]}}],"collection":[{"href":"https:\/\/agora.xtec.cat\/iebalsareny\/wp-json\/wp\/v2\/pages"}],"about":[{"href":"https:\/\/agora.xtec.cat\/iebalsareny\/wp-json\/wp\/v2\/types\/page"}],"author":[{"embeddable":true,"href":"https:\/\/agora.xtec.cat\/iebalsareny\/wp-json\/wp\/v2\/users\/1"}],"replies":[{"embeddable":true,"href":"https:\/\/agora.xtec.cat\/iebalsareny\/wp-json\/wp\/v2\/comments?post=28"}],"version-history":[{"count":7,"href":"https:\/\/agora.xtec.cat\/iebalsareny\/wp-json\/wp\/v2\/pages\/28\/revisions"}],"predecessor-version":[{"id":6910,"href":"https:\/\/agora.xtec.cat\/iebalsareny\/wp-json\/wp\/v2\/pages\/28\/revisions\/6910"}],"up":[{"embeddable":true,"href":"https:\/\/agora.xtec.cat\/iebalsareny\/wp-json\/wp\/v2\/pages\/22"}],"wp:attachment":[{"href":"https:\/\/agora.xtec.cat\/iebalsareny\/wp-json\/wp\/v2\/media?parent=28"}],"curies":[{"name":"wp","href":"https:\/\/api.w.org\/{rel}","templated":true}]}}