{"id":26,"date":"2014-09-18T12:24:32","date_gmt":"2014-09-18T11:24:32","guid":{"rendered":"http:\/\/agora.xtec.cat\/iebalsareny\/\/?page_id=26"},"modified":"2025-01-09T16:49:43","modified_gmt":"2025-01-09T15:49:43","slug":"historia","status":"publish","type":"page","link":"https:\/\/agora.xtec.cat\/iebalsareny\/lescola\/historia\/","title":{"rendered":"Hist\u00f2ria"},"content":{"rendered":"<p><span style=\"text-decoration: underline;\"><strong><span class=\"titol\">Hist\u00f2ria de la nostra escola<\/span><\/strong><\/span><\/p>\n<p><b>Antecedents<\/b><\/p>\n<div>\n<p><span class=\"cos\">El nostre centre es va inaugurar el 28 de febrer de 1974 i actualment al nostre municipi, l&#8217;Escola Guillem de Balsareny \u00e9s l&#8217;\u00fanic centre d&#8217;ed. infantil i prim\u00e0ria que hi ha. Per\u00f2 per saber una mica d&#8217;on venim ens hem de remuntar a uns quants anys enrera.<\/span><\/p>\n<p><span class=\"cos\">En la d\u00e8cada dels anys 60 hi havia diverses escoles al nostre poble:<\/span><\/p>\n<p><span class=\"cos\"><strong>&#8211; Escuela Mixta Dr. Roque Garc\u00eda<\/strong>: Era una escola p\u00fablica i la que acollia la majoria dels alumnes del poble. Disposava de dos edificis: un a la Pla\u00e7a de l\u2019Esgl\u00e9sia (actualment Casal del Jubilat) on anaven exclusivament els nens; l\u2019altre edifici estava situat al carrer Sant Marc i aqu\u00ed s\u2019escolaritzaven les noies.<\/span><\/p>\n<p><a href=\"https:\/\/agora.xtec.cat\/iebalsareny\/wp-content\/uploads\/usu2029\/2021\/07\/Escola-Roc-Garcia.jpeg\"><img loading=\"lazy\" decoding=\"async\" class=\"alignnone size-full wp-image-2688\" src=\"https:\/\/agora.xtec.cat\/iebalsareny\/wp-content\/uploads\/usu2029\/2021\/07\/Escola-Roc-Garcia.jpeg\" alt=\"\" width=\"259\" height=\"194\" srcset=\"https:\/\/agora.xtec.cat\/iebalsareny\/wp-content\/uploads\/usu2029\/2021\/07\/Escola-Roc-Garcia.jpeg 259w, https:\/\/agora.xtec.cat\/iebalsareny\/wp-content\/uploads\/usu2029\/2021\/07\/Escola-Roc-Garcia-200x150.jpeg 200w\" sizes=\"auto, (max-width: 259px) 100vw, 259px\" \/><\/a><\/p>\n<\/div>\n<div>\n<p><span class=\"cos\"><strong>&#8211; Escuela Parroquial San Jos\u00e9 Obrero<\/strong>: Aquesta escola estava situada on ara hi ha la rectoria. Aqu\u00ed cursaven estudis nom\u00e9s els nois ja que no era mixta. Aquesta escola era coneguda popularment com la dels parroquials.<\/span><\/p>\n<p><a href=\"https:\/\/agora.xtec.cat\/iebalsareny\/wp-content\/uploads\/usu2029\/2021\/07\/rectoria.jpg\"><img loading=\"lazy\" decoding=\"async\" class=\" wp-image-2690\" src=\"https:\/\/agora.xtec.cat\/iebalsareny\/wp-content\/uploads\/usu2029\/2021\/07\/rectoria.jpg\" alt=\"\" width=\"260\" height=\"347\" srcset=\"https:\/\/agora.xtec.cat\/iebalsareny\/wp-content\/uploads\/usu2029\/2021\/07\/rectoria.jpg 700w, https:\/\/agora.xtec.cat\/iebalsareny\/wp-content\/uploads\/usu2029\/2021\/07\/rectoria-225x300.jpg 225w\" sizes=\"auto, (max-width: 260px) 100vw, 260px\" \/><\/a><\/p>\n<p><span class=\"cos\"><strong>&#8211; Escuela Nuestra Se\u00f1ora del Pilar<\/strong>: Era una escola privada i religiosa. El seu personal docent eren monges de les Germanes Dominiques de l\u2019Anunciata. Nom\u00e9s assistien noies. Aquesta escola estava situada a l\u2019edifici que actualment \u00e9s l\u2019Escola Municipal de M\u00fasica i la Llar d\u2019Infants Pare Coll.<\/span><\/p>\n<p><a href=\"https:\/\/agora.xtec.cat\/iebalsareny\/wp-content\/uploads\/usu2029\/2021\/07\/escola-de-m\u00fasica.jpeg\"><img loading=\"lazy\" decoding=\"async\" class=\"alignnone size-full wp-image-2691\" src=\"https:\/\/agora.xtec.cat\/iebalsareny\/wp-content\/uploads\/usu2029\/2021\/07\/escola-de-m\u00fasica.jpeg\" alt=\"\" width=\"194\" height=\"259\" \/><\/a><\/p>\n<p><span class=\"cos\">A comen\u00e7ament de la d\u00e8cada dels 70 es va fer un segon edifici a Sant Marc, aleshores els alumnes de l\u2019escola Roque Garc\u00eda es van traslladar aqu\u00ed. Les altres escoles per diverses raons van tancar (les germanes Dominiques van haver de marxar, i els parroquials (no ho se) i la gran majoria dels seus alumnes van passar a l\u2019\u00fanic col.legi que hi havia aleshores: el centre p\u00fablic Roque Garc\u00eda. Aquest fet tamb\u00e9 es va repetir amb els alumnes de la perif\u00e8ria del municipi: La Rabeia, la Col\u00f2nia Soldevila i Vilafruns. <\/span><\/p>\n<\/div>\n<p><span class=\"cos\"><br \/>\n<b>Una nova escola<br \/>\n<\/b><\/span><\/p>\n<div><span class=\"cos\">En arribar a aquest punt aquest centre es va massificar i no va poder oferir unes condicions m\u00ednimes, aleshores es va construir l\u2019actual edifici escolar, que va passar a anomenar-se Guillem de Balsareny. En aquest nou edifici s\u2019impartia des del 3r curs fins a 8\u00e8 d\u2019EGB. L\u2019edifici de Sant Marc es va aprofitar per acollir els alumnes de 1r i 2n; mentre que els m\u00e9s menuts \u2013parvulari: 4 i 5 anys- anaven a l\u2019edifici de les Dominiques, conegut popularment com les monges.<\/span><\/div>\n<p><span class=\"cos\"><br \/>\n<b>L&#8217;ampliaci\u00f3<\/b><br \/>\n<\/span><\/p>\n<div><span class=\"cos\">A la d\u00e8cada dels 80 es van construir un edifici annex amb noves aules dins el recinte de l\u2019edifici principal de l\u2019escola, destinades als nens i nenes de cicle inicial. Aquest fet va comportar un efecte domin\u00f3: l\u2019alumnat de Sant Marc es va traslladar a aquest nou edifici, mentre que les aules de Sant Marc es van aprofitar per donar cabuda als petits del parvulari.<\/span><\/div>\n<p><span class=\"cos\"><br \/>\n<b>La unificaci\u00f3 en un sol recinte<\/b><br \/>\n<\/span><\/p>\n<div><span class=\"cos\">A la d\u00e8cada dels 90 amb la darrera Reforma Educativa, l\u2019escola deixa d\u2019impartir ensenyament als alumnes de 13 i 14 anys, \u00e9s a dir, 7\u00e8 i 8\u00e8 de la Segona Etapa d&#8217;EGB, que passen a cursar estudis d&#8217;ESO a l\u2019institut. Aquesta circumst\u00e0ncia fa que quedin aules lliures que s\u2019aprofiten per acollir els alumnes de cicle inicial i les que deixen aquests les aprofiten els del parvulari. Per primera vegada tots els alumnes de la nostra escola es concentren al mateix recinte escolar.<\/span><\/p>\n<div><strong>L&#8217;Institut-Escola<\/strong><\/div>\n<p>&nbsp;<\/p>\n<div>L&#8217;any 2021 el Departament d&#8217;Educaci\u00f3 concedeix a Balsareny l&#8217;Institut-Escola. El curs 21\/22 comen\u00e7a a fer-se l&#8217;ESO al mateix edifici on hi ha la Prim\u00e0ria amb un curs de 1r d&#8217;ESO de 27 alumnes.<\/div>\n<\/div>\n<div>El curs 2024-2025 coincidint amb el primer any que hi ha tot l&#8217;alumnat d&#8217;I3 a 4t d&#8217;ESO, es celebra el 50\u00e8 aniversari del centre.<\/div>\n","protected":false},"excerpt":{"rendered":"<p>Hist\u00f2ria de la nostra escola<br \/>\nAntecedents<\/p>\n<p>El nostre centre es va inaugurar el 28 de febrer de 1974 i actualment al nostre municipi, l&#8217;Escola Guillem de Balsareny \u00e9s l&#8217;\u00fanic centre d&#8217;ed. infantil i prim\u00e0ria que hi ha. Per\u00f2 per saber una mica d&#8217;on venim ens hem de&hellip;  <a href=\"https:\/\/agora.xtec.cat\/iebalsareny\/lescola\/historia\/\" title=\"Read Hist\u00f2ria\">Llegeix m\u00e9s\u00bb<\/a><\/p>\n","protected":false},"author":1,"featured_media":0,"parent":22,"menu_order":20,"comment_status":"closed","ping_status":"closed","template":"page-templates\/side-menu.php","meta":{"_bbp_topic_count":0,"_bbp_reply_count":0,"_bbp_total_topic_count":0,"_bbp_total_reply_count":0,"_bbp_voice_count":0,"_bbp_anonymous_reply_count":0,"_bbp_topic_count_hidden":0,"_bbp_reply_count_hidden":0,"_bbp_forum_subforum_count":0,"footnotes":""},"class_list":["post-26","page","type-page","status-publish","hentry"],"post_mailing_queue_ids":[],"_links":{"self":[{"href":"https:\/\/agora.xtec.cat\/iebalsareny\/wp-json\/wp\/v2\/pages\/26","targetHints":{"allow":["GET"]}}],"collection":[{"href":"https:\/\/agora.xtec.cat\/iebalsareny\/wp-json\/wp\/v2\/pages"}],"about":[{"href":"https:\/\/agora.xtec.cat\/iebalsareny\/wp-json\/wp\/v2\/types\/page"}],"author":[{"embeddable":true,"href":"https:\/\/agora.xtec.cat\/iebalsareny\/wp-json\/wp\/v2\/users\/1"}],"replies":[{"embeddable":true,"href":"https:\/\/agora.xtec.cat\/iebalsareny\/wp-json\/wp\/v2\/comments?post=26"}],"version-history":[{"count":5,"href":"https:\/\/agora.xtec.cat\/iebalsareny\/wp-json\/wp\/v2\/pages\/26\/revisions"}],"predecessor-version":[{"id":6291,"href":"https:\/\/agora.xtec.cat\/iebalsareny\/wp-json\/wp\/v2\/pages\/26\/revisions\/6291"}],"up":[{"embeddable":true,"href":"https:\/\/agora.xtec.cat\/iebalsareny\/wp-json\/wp\/v2\/pages\/22"}],"wp:attachment":[{"href":"https:\/\/agora.xtec.cat\/iebalsareny\/wp-json\/wp\/v2\/media?parent=26"}],"curies":[{"name":"wp","href":"https:\/\/api.w.org\/{rel}","templated":true}]}}