{"id":84,"date":"2014-09-18T14:11:31","date_gmt":"2014-09-18T13:11:31","guid":{"rendered":"http:\/\/agora.xtec.cat\/iebaldomersola\/?page_id=84"},"modified":"2020-10-09T23:05:41","modified_gmt":"2020-10-09T21:05:41","slug":"activitats-extraescolars","status":"publish","type":"page","link":"https:\/\/agora.xtec.cat\/iebaldomersola\/serveis\/activitats-extraescolars\/","title":{"rendered":"\u00das social del centre: Activitats extraescolars"},"content":{"rendered":"<h5 style=\"text-align: center;\"><span style=\"color: #ff0000;\"><strong>&#8212; A conseq\u00fc\u00e8ncia de la COVID 19, les activitats extraescolars aqu\u00ed descrites poden patir modificacions &#8212;<\/strong><\/span><\/h5>\n<p>Les activitats programades al Centre per aquest curs, fora de l\u2019horari escolar, s\u00f3n les seg\u00fcents:<\/p>\n<ul style=\"list-style-type: square;\">\n<li>Activitat esportiva de futbol per 4 grups: de dilluns a dijous de 17 a 18:30 (dilluns i dimecres els alumnes de cicle inicial i cicle mitj\u00e0, dimarts i dijous els alumnes de cicle superior. Els divendres per la tarda i\/o els dissabtes es fan partits de competici\u00f3. Comen\u00e7a el 05.10.15 i acaba el 28.05.2016. L\u2019escola tamb\u00e9 cedeix lavabos i vestuaris. El Consorci Badalona-Sud \u00e9s qui subvenciona aquestes activitats esportives.<\/li>\n<\/ul>\n<ul style=\"list-style-type: square;\">\n<li>Escola de futbol pels alumnes del nostre centre i nens i joves de la zona: dilluns i dimecres Juvenil de 18 a 20 i dimarts i dijous dos grups femenins: el primer de 18 a 20 i el segon de 20 a 21:30. L\u2019escola cedeix, a m\u00e9s de les pistes, vestuaris, lavabos i gimn\u00e0s. La data de comen\u00e7ament \u00e9s el 29.09.2015 i la d\u2019acabament el 29.05.2016. Aquesta activitat est\u00e0 gestionada per Cali Zor.<\/li>\n<\/ul>\n<ul style=\"list-style-type: square;\">\n<li>El Centre Obert Casal d\u2019Infants del Raval ofereix activitats de refor\u00e7 i de lleure per alumnes de P3 a 6\u00e8. Inici activitats el 6.10.2015 i finalitzaci\u00f3 el 29.05.2016. La franja hor\u00e0ria \u00e9s de 17 a 18:45 tots els dies de la setmana. A Parvulari aquesta activitat es comparteix amb l\u2019escola Josep Boada. Els espais cedits s\u00f3n aules de la planta baixa, menjador i una aula de cicle superior.<\/li>\n<\/ul>\n<ul style=\"list-style-type: square;\">\n<li>L\u2019activitat extraescolar de xin\u00e8s continua fent-se els diumenges de 11:30 a 16. Obert a l\u2019entorn del barri.<\/li>\n<\/ul>\n<ul style=\"list-style-type: square;\">\n<li>Activitats que pugui realitzar l\u2019AMPA al llarg del curs fora de l\u2019horari escolar. Cedint espais com pistes i lavabos.<\/li>\n<\/ul>\n<ul style=\"list-style-type: square;\">\n<li>Casal de vacances escolars (Nadal, Setmana Santa, Estiu&#8230;) que sol\u00b7licitin les entitats esmentades anteriorment.<\/li>\n<\/ul>\n<ul style=\"list-style-type: square;\">\n<li>Hort del centre cedit a l&#8217;institut SI Badalona dos dies a la setmana en horari escolar.<\/li>\n<\/ul>\n<ul style=\"list-style-type: square;\">\n<li>Hort comunitari. Obert per les diferents institucions de la zona (Cointegra, B\u00e8tula, Llar de malalts mentals i f\u00edsics Josep Padr\u00f3s, associacions, col\u00b7lectius i centres de la zona) tant en horari escolar (incl\u00f2s el centre) com fora de l\u2019horari lectiu. Hi haur\u00e0 un responsable d\u2019aquest hort que pertany al Consorci Badalona-Sud.<\/li>\n<\/ul>\n","protected":false},"excerpt":{"rendered":"<p>&#8212; A conseq\u00fc\u00e8ncia de la COVID 19, les activitats extraescolars aqu\u00ed descrites poden patir modificacions &#8212; Les activitats programades al Centre per aquest curs, fora de l\u2019horari escolar, s\u00f3n les seg\u00fcents: Activitat esportiva de futbol per 4 grups: de dilluns a dijous de 17 a 18:30 (dilluns i dimecres els alumnes de cicle inicial i [&hellip;]<\/p>\n","protected":false},"author":1,"featured_media":0,"parent":66,"menu_order":60,"comment_status":"closed","ping_status":"closed","template":"","meta":{"_bbp_topic_count":0,"_bbp_reply_count":0,"_bbp_total_topic_count":0,"_bbp_total_reply_count":0,"_bbp_voice_count":0,"_bbp_anonymous_reply_count":0,"_bbp_topic_count_hidden":0,"_bbp_reply_count_hidden":0,"_bbp_forum_subforum_count":0,"site-sidebar-layout":"default","site-content-layout":"","ast-site-content-layout":"","site-content-style":"default","site-sidebar-style":"default","ast-global-header-display":"","ast-banner-title-visibility":"","ast-main-header-display":"","ast-hfb-above-header-display":"","ast-hfb-below-header-display":"","ast-hfb-mobile-header-display":"","site-post-title":"","ast-breadcrumbs-content":"","ast-featured-img":"","footer-sml-layout":"","theme-transparent-header-meta":"","adv-header-id-meta":"","stick-header-meta":"","header-above-stick-meta":"","header-main-stick-meta":"","header-below-stick-meta":"","astra-migrate-meta-layouts":"default","ast-page-background-enabled":"default","ast-page-background-meta":{"desktop":{"background-color":"var(--ast-global-color-4)","background-image":"","background-repeat":"repeat","background-position":"center center","background-size":"auto","background-attachment":"scroll","background-type":"","background-media":"","overlay-type":"","overlay-color":"","overlay-opacity":"","overlay-gradient":""},"tablet":{"background-color":"","background-image":"","background-repeat":"repeat","background-position":"center center","background-size":"auto","background-attachment":"scroll","background-type":"","background-media":"","overlay-type":"","overlay-color":"","overlay-opacity":"","overlay-gradient":""},"mobile":{"background-color":"","background-image":"","background-repeat":"repeat","background-position":"center center","background-size":"auto","background-attachment":"scroll","background-type":"","background-media":"","overlay-type":"","overlay-color":"","overlay-opacity":"","overlay-gradient":""}},"ast-content-background-meta":{"desktop":{"background-color":"var(--ast-global-color-5)","background-image":"","background-repeat":"repeat","background-position":"center center","background-size":"auto","background-attachment":"scroll","background-type":"","background-media":"","overlay-type":"","overlay-color":"","overlay-opacity":"","overlay-gradient":""},"tablet":{"background-color":"var(--ast-global-color-5)","background-image":"","background-repeat":"repeat","background-position":"center center","background-size":"auto","background-attachment":"scroll","background-type":"","background-media":"","overlay-type":"","overlay-color":"","overlay-opacity":"","overlay-gradient":""},"mobile":{"background-color":"var(--ast-global-color-5)","background-image":"","background-repeat":"repeat","background-position":"center center","background-size":"auto","background-attachment":"scroll","background-type":"","background-media":"","overlay-type":"","overlay-color":"","overlay-opacity":"","overlay-gradient":""}},"footnotes":""},"class_list":["post-84","page","type-page","status-publish","hentry"],"post_mailing_queue_ids":[],"_links":{"self":[{"href":"https:\/\/agora.xtec.cat\/iebaldomersola\/wp-json\/wp\/v2\/pages\/84","targetHints":{"allow":["GET"]}}],"collection":[{"href":"https:\/\/agora.xtec.cat\/iebaldomersola\/wp-json\/wp\/v2\/pages"}],"about":[{"href":"https:\/\/agora.xtec.cat\/iebaldomersola\/wp-json\/wp\/v2\/types\/page"}],"author":[{"embeddable":true,"href":"https:\/\/agora.xtec.cat\/iebaldomersola\/wp-json\/wp\/v2\/users\/1"}],"replies":[{"embeddable":true,"href":"https:\/\/agora.xtec.cat\/iebaldomersola\/wp-json\/wp\/v2\/comments?post=84"}],"version-history":[{"count":3,"href":"https:\/\/agora.xtec.cat\/iebaldomersola\/wp-json\/wp\/v2\/pages\/84\/revisions"}],"predecessor-version":[{"id":534,"href":"https:\/\/agora.xtec.cat\/iebaldomersola\/wp-json\/wp\/v2\/pages\/84\/revisions\/534"}],"up":[{"embeddable":true,"href":"https:\/\/agora.xtec.cat\/iebaldomersola\/wp-json\/wp\/v2\/pages\/66"}],"wp:attachment":[{"href":"https:\/\/agora.xtec.cat\/iebaldomersola\/wp-json\/wp\/v2\/media?parent=84"}],"curies":[{"name":"wp","href":"https:\/\/api.w.org\/{rel}","templated":true}]}}