{"id":73,"date":"2014-09-18T14:01:51","date_gmt":"2014-09-18T13:01:51","guid":{"rendered":"http:\/\/agora.xtec.cat\/iebaldomersola\/?page_id=73"},"modified":"2020-10-09T23:04:14","modified_gmt":"2020-10-09T21:04:14","slug":"menjador-escolar","status":"publish","type":"page","link":"https:\/\/agora.xtec.cat\/iebaldomersola\/serveis\/menjador-escolar\/","title":{"rendered":"Menjador escolar"},"content":{"rendered":"<p>A l&#8217;institut-escola Baldomer Sol\u00e0 tenim la gran sort i meravell\u00f3s luxe de tenir un menjador amb cuina pr\u00f2pia.<\/p>\n<p><strong>El preu<\/strong>\u00a0\u00e9s el fixat pel Departament d\u2019Educaci\u00f3, que inclou el cost de l\u2019\u00e0pat, el monitoratge i l\u2019IVA. Enguany \u00e9s de\u00a0<b>6\u201920\u20ac \/dia i<\/b> disposem de tres varietats diferents.<\/p>\n<ul>\n<li>Men\u00fa general<\/li>\n<li>Men\u00fa sense carn<\/li>\n<li>Dieta espec\u00edfica per l&#8217;alumnat que ho necessitin: dieta tova, al\u00b7l\u00e8rgics\u2026<\/li>\n<\/ul>\n<p>El temps de migdia \u00e9s un servei no obligatori per l&#8217;alumnat on s\u2019hi inclou tant l\u2019\u00e0mbit alimentari com els h\u00e0bits a taula. A m\u00e9s es fa activitats d\u2019esbarjo dirigides i lliures.<\/p>\n<p><strong>Els tiquets de men\u00fa de l&#8217;alumnat espor\u00e0dic els heu de comprar directament al menjador. L&#8217;alumne o alumna<\/strong> que es quedi al menjador haur\u00e0 de donar els tiquets al seu tutor o tutora a les 9 del mat\u00ed.<\/p>\n<p>Els usuaris habituals del menjador, el dia que no es quedin a dinar, \u00e9s imprescindible que portin un nota signada pel pare, mare o tutor legal, per tal de poder sortir de l\u2019escola. En cap cas es permetr\u00e0 la sortida del centre si no existeix aquesta autorittzaci\u00f3.<\/p>\n<p>El men\u00fa del nostre centre \u00e9s el seg\u00fcent. Cada mes s&#8217;inicia el men\u00fa de nou des de la primera setmana.<\/p>\n<table class=\" aligncenter\" style=\"height: 602px;\" width=\"1209\">\n<tbody>\n<tr>\n<td style=\"width: 102.727px; text-align: center;\"><\/td>\n<td style=\"width: 282.727px;\">\n<h5><strong>1a. Setmana<\/strong><\/h5>\n<\/td>\n<td style=\"width: 255.455px;\">\n<h5><strong>2a. Setmana<\/strong><\/h5>\n<\/td>\n<td style=\"width: 255.455px;\">\n<h5><strong>3a. Setmana<\/strong><\/h5>\n<\/td>\n<td style=\"width: 299.091px;\">\n<h5><strong>4a. Setmana<\/strong><\/h5>\n<\/td>\n<\/tr>\n<tr>\n<td style=\"width: 102.727px; text-align: left;\" rowspan=\"3\">\n<h5><strong>dilluns<\/strong><\/h5>\n<\/td>\n<td style=\"width: 282.727px; text-align: left;\">Arr\u00f2s a la cubana<\/td>\n<td style=\"width: 255.455px; text-align: left;\">Macarrons<\/td>\n<td style=\"width: 255.455px; text-align: left;\">Llenties estofades<\/td>\n<td style=\"width: 299.091px; text-align: left;\">Arr\u00f2s a la cassola<\/td>\n<\/tr>\n<tr>\n<td style=\"width: 282.727px;\">Botifarra<\/td>\n<td style=\"width: 255.455px;\">Filet de Llu\u00e7<\/td>\n<td style=\"width: 255.455px;\">Carn magra<\/td>\n<td style=\"width: 299.091px;\">Truita de tonyina<\/td>\n<\/tr>\n<tr>\n<td style=\"width: 282.727px;\">Fruita<\/td>\n<td style=\"width: 255.455px;\">Fruita<\/td>\n<td style=\"width: 255.455px;\">Fruita<\/td>\n<td style=\"width: 299.091px;\">Fruita del temps<\/td>\n<\/tr>\n<tr>\n<td style=\"width: 102.727px; text-align: left;\" rowspan=\"3\">\n<h5><strong>dimarts<\/strong><\/h5>\n<\/td>\n<td style=\"width: 282.727px;\">Fideus a la cassola<\/td>\n<td style=\"width: 255.455px;\">Cigrons estofats<\/td>\n<td style=\"width: 255.455px;\">Arr\u00f2s amb tom\u00e0quet<\/td>\n<td style=\"width: 299.091px;\">Macarrons i formatge amb tom\u00e0quet<\/td>\n<\/tr>\n<tr>\n<td style=\"width: 282.727px;\">Filet de panga<\/td>\n<td style=\"width: 255.455px;\">Pit de pollastre<\/td>\n<td style=\"width: 255.455px;\">Croquetes de peix<\/td>\n<td style=\"width: 299.091px;\">Pit de pollastre<\/td>\n<\/tr>\n<tr>\n<td style=\"width: 282.727px;\">Fruita<\/td>\n<td style=\"width: 255.455px;\">fruita<\/td>\n<td style=\"width: 255.455px;\">Fruita<\/td>\n<td style=\"width: 299.091px;\">Flam de vainilla<\/td>\n<\/tr>\n<tr>\n<td style=\"width: 102.727px; text-align: left;\" rowspan=\"3\">\n<h5><strong>dimecres<\/strong><\/h5>\n<\/td>\n<td style=\"width: 282.727px;\">Llenties Estofades<\/td>\n<td style=\"width: 255.455px;\">Verdura amb patates<\/td>\n<td style=\"width: 255.455px;\">Espaguettis bolonyesa<\/td>\n<td style=\"width: 299.091px;\">Mongetes seques<\/td>\n<\/tr>\n<tr>\n<td style=\"width: 282.727px;\">Ous durs amb tom\u00e0quet<\/td>\n<td style=\"width: 255.455px;\">Pilota de vedella<\/td>\n<td style=\"width: 255.455px;\">Hamburguesa de vedella<\/td>\n<td style=\"width: 299.091px;\">Llom arrebossat<\/td>\n<\/tr>\n<tr>\n<td style=\"width: 282.727px;\">Fruita<\/td>\n<td style=\"width: 255.455px;\">Flam<\/td>\n<td style=\"width: 255.455px;\">Fruita<\/td>\n<td style=\"width: 299.091px;\">Fruita del temps<\/td>\n<\/tr>\n<tr>\n<td style=\"width: 102.727px; text-align: left;\" rowspan=\"3\">\n<h5><strong>dijous<\/strong><\/h5>\n<\/td>\n<td style=\"width: 282.727px;\">Patates, p\u00e8sols, mongeta, pastanaga<\/td>\n<td style=\"width: 255.455px;\">Paella<\/td>\n<td style=\"width: 255.455px;\">Sopa de caldo<\/td>\n<td style=\"width: 299.091px;\">Sopa de peix amb pasta i arr\u00f2s<\/td>\n<\/tr>\n<tr>\n<td style=\"width: 282.727px;\">Mandonguilles<\/td>\n<td style=\"width: 255.455px;\">Truita a la francesa<\/td>\n<td style=\"width: 255.455px;\">Truita de patates<\/td>\n<td style=\"width: 299.091px;\">Fricand\u00f3<\/td>\n<\/tr>\n<tr>\n<td style=\"width: 282.727px;\">Iogurts<\/td>\n<td style=\"width: 255.455px;\">Fruita<\/td>\n<td style=\"width: 255.455px;\">Iogurt<\/td>\n<td style=\"width: 299.091px;\">Fruita<\/td>\n<\/tr>\n<tr>\n<td style=\"width: 102.727px; text-align: left;\" rowspan=\"3\">\n<h5><strong>divendres<\/strong><\/h5>\n<\/td>\n<td style=\"width: 282.727px;\">Sopa de caldo<\/td>\n<td style=\"width: 255.455px;\">Pizza de tonyina<\/td>\n<td style=\"width: 255.455px;\">Patates estofades amb verdura<\/td>\n<td style=\"width: 299.091px;\">Verdura amb patates<\/td>\n<\/tr>\n<tr>\n<td style=\"width: 282.727px;\">Pollastre al forn<\/td>\n<td style=\"width: 255.455px;\">Salsitxes amb tom\u00e0quet natural<\/td>\n<td style=\"width: 255.455px;\">Pollastre al forn<\/td>\n<td style=\"width: 299.091px;\">Bunyols de peix<\/td>\n<\/tr>\n<tr>\n<td style=\"width: 282.727px;\">Fruita<\/td>\n<td style=\"width: 255.455px;\">Fruita<\/td>\n<td style=\"width: 255.455px;\">Fruita<\/td>\n<td style=\"width: 299.091px;\">Fruita<\/td>\n<\/tr>\n<\/tbody>\n<\/table>\n","protected":false},"excerpt":{"rendered":"<p>A l&#8217;institut-escola Baldomer Sol\u00e0 tenim la gran sort i meravell\u00f3s luxe de tenir un menjador amb cuina pr\u00f2pia. El preu\u00a0\u00e9s el fixat pel Departament d\u2019Educaci\u00f3, que inclou el cost de l\u2019\u00e0pat, el monitoratge i l\u2019IVA. Enguany \u00e9s de\u00a06\u201920\u20ac \/dia i disposem de tres varietats diferents. Men\u00fa general Men\u00fa sense carn Dieta espec\u00edfica per l&#8217;alumnat que [&hellip;]<\/p>\n","protected":false},"author":1,"featured_media":0,"parent":66,"menu_order":30,"comment_status":"closed","ping_status":"closed","template":"","meta":{"_bbp_topic_count":0,"_bbp_reply_count":0,"_bbp_total_topic_count":0,"_bbp_total_reply_count":0,"_bbp_voice_count":0,"_bbp_anonymous_reply_count":0,"_bbp_topic_count_hidden":0,"_bbp_reply_count_hidden":0,"_bbp_forum_subforum_count":0,"site-sidebar-layout":"default","site-content-layout":"","ast-site-content-layout":"","site-content-style":"default","site-sidebar-style":"default","ast-global-header-display":"","ast-banner-title-visibility":"","ast-main-header-display":"","ast-hfb-above-header-display":"","ast-hfb-below-header-display":"","ast-hfb-mobile-header-display":"","site-post-title":"","ast-breadcrumbs-content":"","ast-featured-img":"","footer-sml-layout":"","theme-transparent-header-meta":"","adv-header-id-meta":"","stick-header-meta":"","header-above-stick-meta":"","header-main-stick-meta":"","header-below-stick-meta":"","astra-migrate-meta-layouts":"default","ast-page-background-enabled":"default","ast-page-background-meta":{"desktop":{"background-color":"var(--ast-global-color-4)","background-image":"","background-repeat":"repeat","background-position":"center center","background-size":"auto","background-attachment":"scroll","background-type":"","background-media":"","overlay-type":"","overlay-color":"","overlay-opacity":"","overlay-gradient":""},"tablet":{"background-color":"","background-image":"","background-repeat":"repeat","background-position":"center center","background-size":"auto","background-attachment":"scroll","background-type":"","background-media":"","overlay-type":"","overlay-color":"","overlay-opacity":"","overlay-gradient":""},"mobile":{"background-color":"","background-image":"","background-repeat":"repeat","background-position":"center center","background-size":"auto","background-attachment":"scroll","background-type":"","background-media":"","overlay-type":"","overlay-color":"","overlay-opacity":"","overlay-gradient":""}},"ast-content-background-meta":{"desktop":{"background-color":"var(--ast-global-color-5)","background-image":"","background-repeat":"repeat","background-position":"center center","background-size":"auto","background-attachment":"scroll","background-type":"","background-media":"","overlay-type":"","overlay-color":"","overlay-opacity":"","overlay-gradient":""},"tablet":{"background-color":"var(--ast-global-color-5)","background-image":"","background-repeat":"repeat","background-position":"center center","background-size":"auto","background-attachment":"scroll","background-type":"","background-media":"","overlay-type":"","overlay-color":"","overlay-opacity":"","overlay-gradient":""},"mobile":{"background-color":"var(--ast-global-color-5)","background-image":"","background-repeat":"repeat","background-position":"center center","background-size":"auto","background-attachment":"scroll","background-type":"","background-media":"","overlay-type":"","overlay-color":"","overlay-opacity":"","overlay-gradient":""}},"footnotes":""},"class_list":["post-73","page","type-page","status-publish","hentry"],"post_mailing_queue_ids":[],"_links":{"self":[{"href":"https:\/\/agora.xtec.cat\/iebaldomersola\/wp-json\/wp\/v2\/pages\/73","targetHints":{"allow":["GET"]}}],"collection":[{"href":"https:\/\/agora.xtec.cat\/iebaldomersola\/wp-json\/wp\/v2\/pages"}],"about":[{"href":"https:\/\/agora.xtec.cat\/iebaldomersola\/wp-json\/wp\/v2\/types\/page"}],"author":[{"embeddable":true,"href":"https:\/\/agora.xtec.cat\/iebaldomersola\/wp-json\/wp\/v2\/users\/1"}],"replies":[{"embeddable":true,"href":"https:\/\/agora.xtec.cat\/iebaldomersola\/wp-json\/wp\/v2\/comments?post=73"}],"version-history":[{"count":0,"href":"https:\/\/agora.xtec.cat\/iebaldomersola\/wp-json\/wp\/v2\/pages\/73\/revisions"}],"up":[{"embeddable":true,"href":"https:\/\/agora.xtec.cat\/iebaldomersola\/wp-json\/wp\/v2\/pages\/66"}],"wp:attachment":[{"href":"https:\/\/agora.xtec.cat\/iebaldomersola\/wp-json\/wp\/v2\/media?parent=73"}],"curies":[{"name":"wp","href":"https:\/\/api.w.org\/{rel}","templated":true}]}}