{"id":4842,"date":"2023-04-25T13:52:13","date_gmt":"2023-04-25T11:52:13","guid":{"rendered":"https:\/\/agora.xtec.cat\/iebaldomersola\/?page_id=4842"},"modified":"2023-04-25T13:54:28","modified_gmt":"2023-04-25T11:54:28","slug":"banc-de-recursos-per-casa","status":"publish","type":"page","link":"https:\/\/agora.xtec.cat\/iebaldomersola\/banc-de-recursos-per-casa\/","title":{"rendered":"Banc de recursos per casa"},"content":{"rendered":"<p>En aquesta p\u00e0gina trobareu diferents <strong>recursos i eines<\/strong> per poder treballar des de casa les vostres mat\u00e8ries preferides o aquelles que necessiteu m\u00e9s refor\u00e7.<\/p>\n<p><strong>\u00c0mbit art\u00edstic<\/strong><\/p>\n<p>Tel\u00e8fon trencat dibuixant:<a href=\"https:\/\/garticphone.com\/es\"> https:\/\/garticphone.com\/es<\/a><\/p>\n<p><strong>Educaci\u00f3 F\u00edsica i Moviment<\/strong><\/p>\n<p><b>\u00c0mbit ling\u00fc\u00edstic<\/b><\/p>\n<p><strong>\u00c0mbit social<\/strong><\/p>\n<p><strong>\u00c0mbit cient\u00edfic<\/strong><\/p>\n<p>Crea hist\u00f2ries, jocs i animacions amb Scratch: <a href=\"https:\/\/scratch.mit.edu\/\">https:\/\/scratch.mit.edu\/<\/a><\/p>\n<p>Crea i programa volums per imprimir amb 3d: <a href=\"https:\/\/www.tinkercad.com\/\">https:\/\/www.tinkercad.com\/<\/a><\/p>\n<p>&nbsp;<\/p>\n","protected":false},"excerpt":{"rendered":"<p>En aquesta p\u00e0gina trobareu diferents recursos i eines per poder treballar des de casa les vostres mat\u00e8ries preferides o aquelles que necessiteu m\u00e9s refor\u00e7. \u00c0mbit art\u00edstic Tel\u00e8fon trencat dibuixant: https:\/\/garticphone.com\/es Educaci\u00f3 F\u00edsica i Moviment \u00c0mbit ling\u00fc\u00edstic \u00c0mbit social \u00c0mbit cient\u00edfic Crea hist\u00f2ries, jocs i animacions amb Scratch: https:\/\/scratch.mit.edu\/ Crea i programa volums per imprimir amb [&hellip;]<\/p>\n","protected":false},"author":56,"featured_media":0,"parent":0,"menu_order":0,"comment_status":"closed","ping_status":"closed","template":"","meta":{"_bbp_topic_count":0,"_bbp_reply_count":0,"_bbp_total_topic_count":0,"_bbp_total_reply_count":0,"_bbp_voice_count":0,"_bbp_anonymous_reply_count":0,"_bbp_topic_count_hidden":0,"_bbp_reply_count_hidden":0,"_bbp_forum_subforum_count":0,"site-sidebar-layout":"default","site-content-layout":"","ast-site-content-layout":"","site-content-style":"default","site-sidebar-style":"default","ast-global-header-display":"","ast-banner-title-visibility":"","ast-main-header-display":"","ast-hfb-above-header-display":"","ast-hfb-below-header-display":"","ast-hfb-mobile-header-display":"","site-post-title":"","ast-breadcrumbs-content":"","ast-featured-img":"","footer-sml-layout":"","theme-transparent-header-meta":"","adv-header-id-meta":"","stick-header-meta":"","header-above-stick-meta":"","header-main-stick-meta":"","header-below-stick-meta":"","astra-migrate-meta-layouts":"default","ast-page-background-enabled":"default","ast-page-background-meta":{"desktop":{"background-color":"var(--ast-global-color-4)","background-image":"","background-repeat":"repeat","background-position":"center center","background-size":"auto","background-attachment":"scroll","background-type":"","background-media":"","overlay-type":"","overlay-color":"","overlay-opacity":"","overlay-gradient":""},"tablet":{"background-color":"","background-image":"","background-repeat":"repeat","background-position":"center center","background-size":"auto","background-attachment":"scroll","background-type":"","background-media":"","overlay-type":"","overlay-color":"","overlay-opacity":"","overlay-gradient":""},"mobile":{"background-color":"","background-image":"","background-repeat":"repeat","background-position":"center center","background-size":"auto","background-attachment":"scroll","background-type":"","background-media":"","overlay-type":"","overlay-color":"","overlay-opacity":"","overlay-gradient":""}},"ast-content-background-meta":{"desktop":{"background-color":"var(--ast-global-color-5)","background-image":"","background-repeat":"repeat","background-position":"center center","background-size":"auto","background-attachment":"scroll","background-type":"","background-media":"","overlay-type":"","overlay-color":"","overlay-opacity":"","overlay-gradient":""},"tablet":{"background-color":"var(--ast-global-color-5)","background-image":"","background-repeat":"repeat","background-position":"center center","background-size":"auto","background-attachment":"scroll","background-type":"","background-media":"","overlay-type":"","overlay-color":"","overlay-opacity":"","overlay-gradient":""},"mobile":{"background-color":"var(--ast-global-color-5)","background-image":"","background-repeat":"repeat","background-position":"center center","background-size":"auto","background-attachment":"scroll","background-type":"","background-media":"","overlay-type":"","overlay-color":"","overlay-opacity":"","overlay-gradient":""}},"footnotes":""},"class_list":["post-4842","page","type-page","status-publish","hentry"],"post_mailing_queue_ids":[],"_links":{"self":[{"href":"https:\/\/agora.xtec.cat\/iebaldomersola\/wp-json\/wp\/v2\/pages\/4842","targetHints":{"allow":["GET"]}}],"collection":[{"href":"https:\/\/agora.xtec.cat\/iebaldomersola\/wp-json\/wp\/v2\/pages"}],"about":[{"href":"https:\/\/agora.xtec.cat\/iebaldomersola\/wp-json\/wp\/v2\/types\/page"}],"author":[{"embeddable":true,"href":"https:\/\/agora.xtec.cat\/iebaldomersola\/wp-json\/wp\/v2\/users\/56"}],"replies":[{"embeddable":true,"href":"https:\/\/agora.xtec.cat\/iebaldomersola\/wp-json\/wp\/v2\/comments?post=4842"}],"version-history":[{"count":2,"href":"https:\/\/agora.xtec.cat\/iebaldomersola\/wp-json\/wp\/v2\/pages\/4842\/revisions"}],"predecessor-version":[{"id":4847,"href":"https:\/\/agora.xtec.cat\/iebaldomersola\/wp-json\/wp\/v2\/pages\/4842\/revisions\/4847"}],"wp:attachment":[{"href":"https:\/\/agora.xtec.cat\/iebaldomersola\/wp-json\/wp\/v2\/media?parent=4842"}],"curies":[{"name":"wp","href":"https:\/\/api.w.org\/{rel}","templated":true}]}}