{"id":38,"date":"2014-09-18T12:34:08","date_gmt":"2014-09-18T11:34:08","guid":{"rendered":"http:\/\/agora.xtec.cat\/iebaldomersola\/?page_id=38"},"modified":"2019-11-03T21:45:27","modified_gmt":"2019-11-03T20:45:27","slug":"salut","status":"publish","type":"page","link":"https:\/\/agora.xtec.cat\/iebaldomersola\/lescola\/salut\/","title":{"rendered":"Salut"},"content":{"rendered":"<ul>\n<li><strong>Medicaments<\/strong><\/li>\n<\/ul>\n<p>Com a norma general a l\u2019escola no s\u2019administraran medicaments, at\u00e8s que no \u00e9s el lloc m\u00e9s adient. Per tant, cal que us organitzeu de manera que el subministrament no coincideixi amb l\u2019horari escolar. En el cas que sigui <strong>realment imprescindible<\/strong>\u00a0subministrar el medicament a l\u2019escola, cal:<\/p>\n<p><img loading=\"lazy\" decoding=\"async\" class=\"alignleft wp-image-2114\" src=\"https:\/\/agora.xtec.cat\/iebaldomersola\/wp-content\/uploads\/usu721\/2019\/11\/pildora-de-los-5-dias-despues-790-150x150.jpg\" alt=\"\" width=\"74\" height=\"55\" \/><\/p>\n<ol>\n<li style=\"list-style-type: none;\">\n<ol>\n<li>Portar el medicament a Consergeria (no a l\u2019aula).<\/li>\n<li>Adjuntar la recepta m\u00e8dica on s\u2019especifiqui la dosificaci\u00f3 i l\u2019horari d\u2019administraci\u00f3.<\/li>\n<li>Complimentar l\u2019autoritzaci\u00f3 corresponent.<\/li>\n<\/ol>\n<\/li>\n<\/ol>\n<p>&nbsp;<\/p>\n<ol>\n<li style=\"list-style-type: none;\"><\/li>\n<\/ol>\n<ul>\n<li><strong>Malaltia<\/strong><\/li>\n<\/ul>\n<p>Quan un nen o nena manifesti s\u00edmptomes de malaltia durant la jornada esco<\/p>\n<p><span style=\"font-family: inherit; font-size: 1em;\">lar que, a consideraci\u00f3 de les persones responsables, ho aconselli, es contactar\u00e0 amb la fam\u00edlia perqu\u00e8 se\u2019n faci c\u00e0rrec i l\u2019alumne pugui ser adequadament at\u00e8s.<\/span><\/p>\n<p><img loading=\"lazy\" decoding=\"async\" class=\"size-full wp-image-2113 alignright\" src=\"https:\/\/agora.xtec.cat\/iebaldomersola\/wp-content\/uploads\/usu721\/2019\/11\/8a8d1ed7b84578433e1c02057976d311-product.jpg\" alt=\"\" width=\"340\" height=\"340\" \/><\/p>\n<ul>\n<li><strong>Accidents<\/strong><\/li>\n<\/ul>\n<p>En cas d\u2019accident (sempre a consideraci\u00f3 de les persones responsables per\u00f2 amb un criteri de precauci\u00f3), si \u00e9s de car\u00e0cter menor i no requereix atenci\u00f3 especial s\u2019informar\u00e0 a la fam\u00edlia. Quan revesteixi m\u00e9s import\u00e0ncia es contactar\u00e0 amb la fam\u00edlia per a qu\u00e8 se\u2019n faci c\u00e0rrec. Si no es pot contactar o no poden fer-se c\u00e0rrec en un temps prudencial es contactar\u00e0 amb els serveis d\u2019urg\u00e8ncies i es seguiran les seves instruccions. En cas d\u2019accident greu, primer de tot, s\u2019informar\u00e0 al serveis d\u2019emerg\u00e8ncies m\u00e8diques i, a continuaci\u00f3, es contactar\u00e0 amb la fam\u00edlia. La direcci\u00f3 del centre coordinar\u00e0 totes les actuacions que s\u2019hagin d\u2019emprendre en aquests casos, per\u00f2 sempre \u00e9s priorit\u00e0ria l\u2019atenci\u00f3 a l\u2019alumne\/a i el contacte amb els serveis d\u2019urg\u00e8ncia.<\/p>\n<ul>\n<li><strong>Normes b\u00e0siques d\u2019higiene i salut<\/strong><\/li>\n<\/ul>\n<p>No s\u2019acceptar\u00e0 l\u2019entrada a l\u2019escola de cap nen\/a quan presenti:<\/p>\n<p><a href=\"https:\/\/agora.xtec.cat\/iebaldomersola\/wp-content\/uploads\/usu721\/2019\/11\/183420002165.jpg\"><img loading=\"lazy\" decoding=\"async\" class=\"alignleft wp-image-2115\" src=\"https:\/\/agora.xtec.cat\/iebaldomersola\/wp-content\/uploads\/usu721\/2019\/11\/183420002165-150x150.jpg\" alt=\"\" width=\"157\" height=\"157\" \/><\/a><\/p>\n<ul>\n<li style=\"list-style-type: none;\">\n<ul>\n<li>Brut\u00edcia o manifesta manca d\u2019higiene.<\/li>\n<li>Febre (Temperatura superior a 37,5 C axil\u00b7lar)<\/li>\n<li>Diarrea l\u00edquida o amb sang.<\/li>\n<li>Estomatitis (infeccions i nafres a la boca).<\/li>\n<li>Erupcions i altres alteracions a la pell (excepte si porten l\u2019informe del pediatre especificant que no s\u00f3n contagioses)<\/li>\n<li>Conjuntivitis purulenta sense tractament.<\/li>\n<li>Parasitosi intestinal (cucs, llambres\u2026) sense tractament.<\/li>\n<\/ul>\n<\/li>\n<\/ul>\n<p>Si durant l\u2019estada a l\u2019escola es detecta febre o s\u00edmptomes de malaltia en un nen o nena, s\u2019avisar\u00e0 a la fam\u00edlia per tal que el vingui a buscar el m\u00e9s aviat possible. Aix\u00ed mateix es podr\u00e0 demanar un certificat m\u00e8dic per poder acceptar un nen\/a despr\u00e9s d\u2019haver passat una malaltia infecciosa. No es podr\u00e0 tornar a l\u2019escola despr\u00e9s d\u2019haver tingut febre fins que no hagin passat 24h.<\/p>\n<p>&nbsp;<\/p>\n<ul>\n<li><strong>Vacunacions<\/strong><\/li>\n<\/ul>\n<p>L\u2019administraci\u00f3 de les vacunes que es fa en els centres educatius est\u00e0 regulada pel Decret 155\/1993, d\u20191 de juny, d\u2019actualitzaci\u00f3 del Programa de salut escolar. A l\u2019article\u00a010 s\u2019especifica quines s\u00f3n les vacunes que en cada cas s\u2019han d\u2019administrar.<\/p>\n<p>En el Calendari de vacunacions del Departament de Salut, hi ha actualitzades les vacunes que s\u2019administren en cada Estat.\u00a0\u00a0<strong>Al nostre alumnat<\/strong>, sempre i quan les fan\u00edlies ho autoritzin, venen a vacunar-los <strong>a sis\u00e8 de prim\u00e0ria.<\/strong><\/p>\n<p>&nbsp;<\/p>\n<ul>\n<li><strong>Malalties transmissibles (polls, conjuntivitis,\u2026)<\/strong><\/li>\n<\/ul>\n<p>Per tal d\u2019informar a les fam\u00edlies sobre l\u2019assist\u00e8ncia o no dels infants al centre educatiu quan pateixen una malaltia transmissilbe, el Departament de salut, ha publicat unes <strong>\u00a0<a href=\"https:\/\/scientiasalut.gencat.cat\/bitstream\/handle\/11351\/3061\/Criteris_no_assistencia_alumnat_a_escola_o_llar_infants_durant_periode_temps_determinat_causa_malalties_transmissibles.pdf?sequence=1&amp;isAllowed=y\">uns criteris de no-assist\u00e8ncia de l\u2019alumnat a l\u2019escola durant un periode determinat a causa de malalties transmissibles<\/a><\/strong>. En aquest document trobareu tots els criteris que seguirem al centre per a l&#8217;admissi\u00f3 o no d&#8217;alumnat en circumst\u00e0ncies de malaltia. En el document trobareu els per\u00edodes que l&#8217;alumnat haur\u00e0 d&#8217;estar sense venir al centre. A continuaci\u00f3 us detallem les m\u00e9s freq\u00fcents:<\/p>\n<ul>\n<li style=\"list-style-type: none;\">\n<ul>\n<li><b>Pediculosis<\/b>\u00a0o POLLS: \u00c9s una infectaci\u00f3 cut\u00e0nea produ\u00efda per polls. S\u2019encomana per contacta de cap amb cap. Quan es detecten a una aula enviem carta de comunicaci\u00f3 a les fam\u00edlies. \u00c9s molt important revisar el cap del fill\/a el mateix dia que arriba la carta. Mesures addicionals: Comprovar regularment l\u2019exist\u00e8ncia de polls amb una pinta<\/li>\n<li><strong>Conjuntivitis: <\/strong>La conjuntivitis \u00e9s la inflamaci\u00f3 de la conjuntiva, una membrana transparent que cobreix part del globus ocular i la porci\u00f3 interna de les parpelles.La conjuntiva cont\u00e9 petits vasos sanguinis que es veuen com unes l\u00ednies vermelles i primes damunt l\u2019escler\u00f2tica (el blanc de l\u2019ull) i que, quan s\u2019inflamen, confereixen un aspecte rogenc a l\u2019ull. <strong>Les conjuntivitis solen tenir evolucions benignes que no afecten la visi\u00f3, per\u00f2 que poden complicar-se si no es tracten adequadament.<\/strong><b> El<\/b><strong> per\u00edode de NO assist\u00e8ncia al centre \u00e9s de 24 hores fins despr\u00e9s que s\u2019hagi iniciat el tractament.<\/strong><strong>\u00a0<\/strong><\/li>\n<\/ul>\n<\/li>\n<\/ul>\n<p>&nbsp;<\/p>\n<ul>\n<li><strong>Col\u00b7laboracions externes en mat\u00e8ria de salut:<\/strong><\/li>\n<\/ul>\n<ul>\n<li style=\"list-style-type: none;\">\n<ul>\n<li><strong>Col\u00b7laboraci\u00f3 entre el centre i la Fundaci\u00f3 IMO. <\/strong>La Fundaci\u00f3 IMO i l\u2019Obra Social \u201cla Caixa\u201d van impulsar a principis del 2013 un programa de prevenci\u00f3 de la salut ocular infantil a l\u2019\u00e0rea metropolitana de Barcelona amb l\u2019objectiu de promoure el diagn\u00f2stic preco\u00e7 de patologies entre aquest col\u00b7lectiu i, aix\u00ed, millorar no nom\u00e9s la visi\u00f3 sin\u00f3 tamb\u00e9 la qualitat de vida de nens en risc d\u2019exclusi\u00f3 social. El 2015 ha suposat la consolidaci\u00f3 definitiva del projecte. Un bon nombre d&#8217;alumnes del centre han estat atesos i ateses dins de la pr\u00f2pia escola.<\/li>\n<li><strong>Col\u00b7laboraci\u00f3 amb el programa de revisions bucodentals a la poblaci\u00f3 escolar.<\/strong> Les revisions es realitzen durant el curs\u00a0escolar\u00a0a trav\u00e9s dels equips d&#8217;atenci\u00f3 prim\u00e0ria del municipi, d&#8217;aquesta manera es garanteix la fiabilitat d&#8217;aquesta revisi\u00f3 al poder disposar de l&#8217;equip odontol\u00f2gic complet. S&#8217;ha centrat en l&#8217;alumnat de 1r, i 6\u00e8 de prim\u00e0ria amb l&#8217;objectiu principal de millorar la seva salut bucodental.<\/li>\n<li><strong>Col\u00b7laboraci\u00f3 amb el programa Thao. <\/strong>\u00c9s un programa de prevenci\u00f3 del sobrep\u00e8s i l\u2019obesitat infantil adre\u00e7at a nens i nenes de 3 a 12 anys que pret\u00e9n mobilitzar a tota la comunitat durant un per\u00edode de 4 anys amb un objectiu com\u00fa: modificar els h\u00e0bits alimentaris i l\u2019activitat f\u00edsica del nens i del seu entorn.<\/li>\n<\/ul>\n<\/li>\n<\/ul>\n<p>&nbsp;<\/p>\n<p>&nbsp;<\/p>\n<p>&nbsp;<\/p>\n<p>&nbsp;<\/p>\n<p>&nbsp;<\/p>\n","protected":false},"excerpt":{"rendered":"<p>Medicaments Com a norma general a l\u2019escola no s\u2019administraran medicaments, at\u00e8s que no \u00e9s el lloc m\u00e9s adient. Per tant, cal que us organitzeu de manera que el subministrament no coincideixi amb l\u2019horari escolar. En el cas que sigui realment imprescindible\u00a0subministrar el medicament a l\u2019escola, cal: Portar el medicament a Consergeria (no a l\u2019aula). Adjuntar [&hellip;]<\/p>\n","protected":false},"author":1,"featured_media":0,"parent":22,"menu_order":80,"comment_status":"closed","ping_status":"closed","template":"","meta":{"_bbp_topic_count":0,"_bbp_reply_count":0,"_bbp_total_topic_count":0,"_bbp_total_reply_count":0,"_bbp_voice_count":0,"_bbp_anonymous_reply_count":0,"_bbp_topic_count_hidden":0,"_bbp_reply_count_hidden":0,"_bbp_forum_subforum_count":0,"site-sidebar-layout":"default","site-content-layout":"","ast-site-content-layout":"","site-content-style":"default","site-sidebar-style":"default","ast-global-header-display":"","ast-banner-title-visibility":"","ast-main-header-display":"","ast-hfb-above-header-display":"","ast-hfb-below-header-display":"","ast-hfb-mobile-header-display":"","site-post-title":"","ast-breadcrumbs-content":"","ast-featured-img":"","footer-sml-layout":"","theme-transparent-header-meta":"","adv-header-id-meta":"","stick-header-meta":"","header-above-stick-meta":"","header-main-stick-meta":"","header-below-stick-meta":"","astra-migrate-meta-layouts":"default","ast-page-background-enabled":"default","ast-page-background-meta":{"desktop":{"background-color":"var(--ast-global-color-4)","background-image":"","background-repeat":"repeat","background-position":"center center","background-size":"auto","background-attachment":"scroll","background-type":"","background-media":"","overlay-type":"","overlay-color":"","overlay-opacity":"","overlay-gradient":""},"tablet":{"background-color":"","background-image":"","background-repeat":"repeat","background-position":"center center","background-size":"auto","background-attachment":"scroll","background-type":"","background-media":"","overlay-type":"","overlay-color":"","overlay-opacity":"","overlay-gradient":""},"mobile":{"background-color":"","background-image":"","background-repeat":"repeat","background-position":"center center","background-size":"auto","background-attachment":"scroll","background-type":"","background-media":"","overlay-type":"","overlay-color":"","overlay-opacity":"","overlay-gradient":""}},"ast-content-background-meta":{"desktop":{"background-color":"var(--ast-global-color-5)","background-image":"","background-repeat":"repeat","background-position":"center center","background-size":"auto","background-attachment":"scroll","background-type":"","background-media":"","overlay-type":"","overlay-color":"","overlay-opacity":"","overlay-gradient":""},"tablet":{"background-color":"var(--ast-global-color-5)","background-image":"","background-repeat":"repeat","background-position":"center center","background-size":"auto","background-attachment":"scroll","background-type":"","background-media":"","overlay-type":"","overlay-color":"","overlay-opacity":"","overlay-gradient":""},"mobile":{"background-color":"var(--ast-global-color-5)","background-image":"","background-repeat":"repeat","background-position":"center center","background-size":"auto","background-attachment":"scroll","background-type":"","background-media":"","overlay-type":"","overlay-color":"","overlay-opacity":"","overlay-gradient":""}},"footnotes":""},"class_list":["post-38","page","type-page","status-publish","hentry"],"post_mailing_queue_ids":[],"_links":{"self":[{"href":"https:\/\/agora.xtec.cat\/iebaldomersola\/wp-json\/wp\/v2\/pages\/38","targetHints":{"allow":["GET"]}}],"collection":[{"href":"https:\/\/agora.xtec.cat\/iebaldomersola\/wp-json\/wp\/v2\/pages"}],"about":[{"href":"https:\/\/agora.xtec.cat\/iebaldomersola\/wp-json\/wp\/v2\/types\/page"}],"author":[{"embeddable":true,"href":"https:\/\/agora.xtec.cat\/iebaldomersola\/wp-json\/wp\/v2\/users\/1"}],"replies":[{"embeddable":true,"href":"https:\/\/agora.xtec.cat\/iebaldomersola\/wp-json\/wp\/v2\/comments?post=38"}],"version-history":[{"count":1,"href":"https:\/\/agora.xtec.cat\/iebaldomersola\/wp-json\/wp\/v2\/pages\/38\/revisions"}],"predecessor-version":[{"id":512,"href":"https:\/\/agora.xtec.cat\/iebaldomersola\/wp-json\/wp\/v2\/pages\/38\/revisions\/512"}],"up":[{"embeddable":true,"href":"https:\/\/agora.xtec.cat\/iebaldomersola\/wp-json\/wp\/v2\/pages\/22"}],"wp:attachment":[{"href":"https:\/\/agora.xtec.cat\/iebaldomersola\/wp-json\/wp\/v2\/media?parent=38"}],"curies":[{"name":"wp","href":"https:\/\/api.w.org\/{rel}","templated":true}]}}