{"id":28,"date":"2016-11-23T12:29:35","date_gmt":"2016-11-23T11:29:35","guid":{"rendered":"http:\/\/agora.xtec.cat\/iebaldomersola\/?page_id=28"},"modified":"2020-10-10T14:29:14","modified_gmt":"2020-10-10T12:29:14","slug":"consell-escolar","status":"publish","type":"page","link":"https:\/\/agora.xtec.cat\/iebaldomersola\/lescola\/consell-escolar\/","title":{"rendered":"Consell escolar"},"content":{"rendered":"<p>El consell escolar \u00e9s l\u2019\u00f2rgan de participaci\u00f3 de la comunitat educativa en el govern del centre i l&#8217;encarregat de fer el seguiment i l&#8217;avaluaci\u00f3 general de les seves activitats.<br \/>\nDins del termini establert per la normativa vigent la direcci\u00f3 del centre constitueix el consell escolar i les seves comissions. Els membres del consell escolar, en representaci\u00f3 dels diferents sectors de la comunitat educativa, seran renovats en els terminis fixats en la normativa vigent del Departament d\u2019Educaci\u00f3.<\/p>\n<p><strong>Correspon al consell escolar:<\/strong><\/p>\n<p>a) Participar en l\u2019aprovaci\u00f3 del projecte educatiu i les seves modificacions. El consell escolar ha de ser consultat pel director\/a de manera preceptiva per valorar la proposta del projecte educatiu i manifestar el seu suport amb una majoria de tres cinquenes parts dels seus membres.<br \/>\nb) Participar en l\u2019aprovar de la programaci\u00f3 anual del centre, de les normes de funcionament i de la gesti\u00f3 econ\u00f2mica del centre. El consell escolar ha de ser consultat de manera perceptiva per valorar cada una de les propostes i manifestar el seu suport per majoria simple dels membres.<br \/>\nc) Avaluar l\u2019aplicaci\u00f3 del projecte educatiu i de les seves modificacions aix\u00ed com de la resta de documents de gesti\u00f3 de centre.<br \/>\nd) Aprovar les propostes d\u2019acords de coresponsabilitat, convenis i altres acords de col\u00b7laboraci\u00f3 del centre amb entitats i institucions.<br \/>\ne) Intervenir en el procediment d\u2019admissi\u00f3 d\u2019alumnes.<br \/>\nf) Participar en el procediment de selecci\u00f3 i en la proposta de cessament del director o directora.<br \/>\ng) Intervenir en la resoluci\u00f3 de conflictes i, si s\u2019escau, revisar les sancions als alumnes, utilitzant els mecanismes establerts en aquest reglament.<br \/>\nh) Aprovar les directrius per a les activitats escolars complement\u00e0ries i extraescolars, i avaluar-ne el desenvolupament.<br \/>\ni) Aprovar els criteris generals pel funcionament del servei de menjador, les seves quotes i avaluar-ne el resultat.<br \/>\nj) Aprovar els criteris de funcionament i la mem\u00f2ria anual del projecte de socialitzaci\u00f3 i fer-ne el seguiment.<br \/>\nk) Participar en les an\u00e0lisis i les avaluacions del funcionament general del centre i con\u00e8ixer l\u2019evoluci\u00f3 del rendiment escolar.<br \/>\nl) Aprovar els criteris de col\u00b7laboraci\u00f3 amb altres centres i amb l\u2019entorn.<br \/>\nm) Qualsevol altra que li sigui atribu\u00efda per les normes legals o reglament\u00e0ries.<\/p>\n<p>&nbsp;<\/p>\n<p style=\"text-align: left;\"><strong>Composici\u00f3 del consell escolar<\/strong>:<\/p>\n<ul>\n<li style=\"list-style-type: none;\">\n<ul style=\"list-style-type: circle;\">\n<li style=\"text-align: left;\">La directora del centre, que el presideix.<\/li>\n<li style=\"text-align: left;\">La cap d\u2019estudis del centre.<\/li>\n<li style=\"text-align: left;\">Un o una representant de l\u2019associaci\u00f3 de pares i mares.<\/li>\n<li style=\"text-align: left;\">Un o una representant de l\u2019Ajuntament.<\/li>\n<li style=\"text-align: left;\">3\u00a0mestres elegits pel claustre.<\/li>\n<li style=\"text-align: left;\">4 pares o mares de l\u2019alumnat elegits entre ells.<\/li>\n<li style=\"text-align: left;\">Un membre del personal d\u2019administraci\u00f3 i Serveis<\/li>\n<li style=\"text-align: left;\">El secretari del centre<\/li>\n<li style=\"text-align: left;\">Un membre del PAE<\/li>\n<\/ul>\n<\/li>\n<\/ul>\n<p>A l&#8217;institut-escola Baldomer Sol\u00e0, l&#8217;actual composici\u00f3 del Consell Escolar \u00e9s la seg\u00fcent.<\/p>\n<p><a href=\"Membres del consell escolar de l'IE Baldomer Sol\u00e0. SECTOR DOCENTS COMUNITAT DE PETITS Montse Molero COMUNITAT DE GRANS N\u00faria Marot Carmen Mart\u00ednez Mireia S\u00e0nchez SECTOR PAS Yolanda Camacho Rosal\u00eda Mart\u00edn \"><img loading=\"lazy\" decoding=\"async\" class=\"wp-image-3007  aligncenter\" src=\"https:\/\/agora.xtec.cat\/iebaldomersola\/wp-content\/uploads\/usu721\/2020\/10\/consell-escolar-21.png\" alt=\"\" width=\"829\" height=\"367\" \/><\/a><\/p>\n<p>&nbsp;<\/p>\n","protected":false},"excerpt":{"rendered":"<p>El consell escolar \u00e9s l\u2019\u00f2rgan de participaci\u00f3 de la comunitat educativa en el govern del centre i l&#8217;encarregat de fer el seguiment i l&#8217;avaluaci\u00f3 general de les seves activitats. Dins del termini establert per la normativa vigent la direcci\u00f3 del centre constitueix el consell escolar i les seves comissions. Els membres del consell escolar, en [&hellip;]<\/p>\n","protected":false},"author":1,"featured_media":0,"parent":22,"menu_order":30,"comment_status":"closed","ping_status":"closed","template":"","meta":{"_bbp_topic_count":0,"_bbp_reply_count":0,"_bbp_total_topic_count":0,"_bbp_total_reply_count":0,"_bbp_voice_count":0,"_bbp_anonymous_reply_count":0,"_bbp_topic_count_hidden":0,"_bbp_reply_count_hidden":0,"_bbp_forum_subforum_count":0,"site-sidebar-layout":"default","site-content-layout":"","ast-site-content-layout":"","site-content-style":"default","site-sidebar-style":"default","ast-global-header-display":"","ast-banner-title-visibility":"","ast-main-header-display":"","ast-hfb-above-header-display":"","ast-hfb-below-header-display":"","ast-hfb-mobile-header-display":"","site-post-title":"","ast-breadcrumbs-content":"","ast-featured-img":"","footer-sml-layout":"","theme-transparent-header-meta":"","adv-header-id-meta":"","stick-header-meta":"","header-above-stick-meta":"","header-main-stick-meta":"","header-below-stick-meta":"","astra-migrate-meta-layouts":"default","ast-page-background-enabled":"default","ast-page-background-meta":{"desktop":{"background-color":"var(--ast-global-color-4)","background-image":"","background-repeat":"repeat","background-position":"center center","background-size":"auto","background-attachment":"scroll","background-type":"","background-media":"","overlay-type":"","overlay-color":"","overlay-opacity":"","overlay-gradient":""},"tablet":{"background-color":"","background-image":"","background-repeat":"repeat","background-position":"center center","background-size":"auto","background-attachment":"scroll","background-type":"","background-media":"","overlay-type":"","overlay-color":"","overlay-opacity":"","overlay-gradient":""},"mobile":{"background-color":"","background-image":"","background-repeat":"repeat","background-position":"center center","background-size":"auto","background-attachment":"scroll","background-type":"","background-media":"","overlay-type":"","overlay-color":"","overlay-opacity":"","overlay-gradient":""}},"ast-content-background-meta":{"desktop":{"background-color":"var(--ast-global-color-5)","background-image":"","background-repeat":"repeat","background-position":"center center","background-size":"auto","background-attachment":"scroll","background-type":"","background-media":"","overlay-type":"","overlay-color":"","overlay-opacity":"","overlay-gradient":""},"tablet":{"background-color":"var(--ast-global-color-5)","background-image":"","background-repeat":"repeat","background-position":"center center","background-size":"auto","background-attachment":"scroll","background-type":"","background-media":"","overlay-type":"","overlay-color":"","overlay-opacity":"","overlay-gradient":""},"mobile":{"background-color":"var(--ast-global-color-5)","background-image":"","background-repeat":"repeat","background-position":"center center","background-size":"auto","background-attachment":"scroll","background-type":"","background-media":"","overlay-type":"","overlay-color":"","overlay-opacity":"","overlay-gradient":""}},"footnotes":""},"class_list":["post-28","page","type-page","status-publish","hentry"],"post_mailing_queue_ids":[],"_links":{"self":[{"href":"https:\/\/agora.xtec.cat\/iebaldomersola\/wp-json\/wp\/v2\/pages\/28","targetHints":{"allow":["GET"]}}],"collection":[{"href":"https:\/\/agora.xtec.cat\/iebaldomersola\/wp-json\/wp\/v2\/pages"}],"about":[{"href":"https:\/\/agora.xtec.cat\/iebaldomersola\/wp-json\/wp\/v2\/types\/page"}],"author":[{"embeddable":true,"href":"https:\/\/agora.xtec.cat\/iebaldomersola\/wp-json\/wp\/v2\/users\/1"}],"replies":[{"embeddable":true,"href":"https:\/\/agora.xtec.cat\/iebaldomersola\/wp-json\/wp\/v2\/comments?post=28"}],"version-history":[{"count":1,"href":"https:\/\/agora.xtec.cat\/iebaldomersola\/wp-json\/wp\/v2\/pages\/28\/revisions"}],"predecessor-version":[{"id":510,"href":"https:\/\/agora.xtec.cat\/iebaldomersola\/wp-json\/wp\/v2\/pages\/28\/revisions\/510"}],"up":[{"embeddable":true,"href":"https:\/\/agora.xtec.cat\/iebaldomersola\/wp-json\/wp\/v2\/pages\/22"}],"wp:attachment":[{"href":"https:\/\/agora.xtec.cat\/iebaldomersola\/wp-json\/wp\/v2\/media?parent=28"}],"curies":[{"name":"wp","href":"https:\/\/api.w.org\/{rel}","templated":true}]}}