{"id":1788,"date":"2017-11-13T13:24:11","date_gmt":"2017-11-13T12:24:11","guid":{"rendered":"http:\/\/agora.xtec.cat\/iebaldomersola\/?page_id=1788"},"modified":"2026-02-27T18:03:44","modified_gmt":"2026-02-27T17:03:44","slug":"equip-docent","status":"publish","type":"page","link":"https:\/\/agora.xtec.cat\/iebaldomersola\/lescola\/equip-docent\/","title":{"rendered":"L&#8217;equip hum\u00e0"},"content":{"rendered":"<p><strong>EQUIP DIRECTIU:<\/strong><\/p>\n<ul>\n<li>Director:<em> Josep Vilar\u00f3 Alarc\u00f3n<\/em><\/li>\n<li>Cap d&#8217;estudis secund\u00e0ria: <em>Victor Dieste Benac<\/em><\/li>\n<li>Cap d&#8217;estudis prim\u00e0ria: <em>Vicky L\u00f3pez Moya<\/em><\/li>\n<li>Secretaria: <em>Eva Cutando Molina<\/em><\/li>\n<\/ul>\n<p><strong>COORDINACIONS<\/strong><\/p>\n<ul>\n<li>Comunitat Petits: <em>Aroa Gonz\u00e1lez<\/em><\/li>\n<li>Comunitat Mitjans: <em>Carmen Mart\u00ednez<\/em><\/li>\n<li>Comunitat Grans: <em>Carol Barberan<\/em><\/li>\n<li>Comunitat Joves: <em>Merc\u00e8 Ferr\u00e8s (1r cicle) i Jordi Gallardo (2n cicle)<\/em><\/li>\n<li>Coordinador TAC: <em>Guillem Baluda<\/em><\/li>\n<li>Coordinador de riscos laborals: <em>Valentin Garcia<\/em><\/li>\n<li>Coordinadores COCOBE: <em>Alicia Arenas i Ainoa de la Concepci\u00f3n<\/em><\/li>\n<li>Coordinadora de festes: <em>Martina Carre\u00f1o<\/em><\/li>\n<\/ul>\n<p><strong>EQUIP DOCENT INFANTIL<\/strong><\/p>\n<ul>\n<li>Aroa Gonz\u00e1lez (Coordinadora i tutora)<\/li>\n<li>Marta Caymel (Tutora)<\/li>\n<li>Monste Molero (Tutora)<\/li>\n<li>Pili Riesco<\/li>\n<li>Sara Guinot<\/li>\n<li>Carolina Lasarte (Atenci\u00f3 a la diversitat)<\/li>\n<li>Raquel P\u00e9rez<\/li>\n<\/ul>\n<p><strong>EQUIP DOCENT MITJANS<\/strong><\/p>\n<ul>\n<li>Carmen Mart\u00ednez (Coordinador i tutora)<\/li>\n<li>Pau Romero (Cotutor)<\/li>\n<li>Lorena Mir (Tutora)<\/li>\n<li>Andrea Castillo (Cotutora)<\/li>\n<li>Nerea Moruno (Tutora)<\/li>\n<li>Mireia S\u00e1nchez (Cotutora)<\/li>\n<li>Carolina Lasarte (Atenci\u00f3 a la diversitat)<\/li>\n<li>Ainoa de la Concepci\u00f3n (Atenci\u00f3 a la diversitat)<\/li>\n<\/ul>\n<p><strong>EQUIP DOCENT GRANS<\/strong><\/p>\n<ul>\n<li>Carol Barberan (Coordinadora i tutora)<\/li>\n<li>Mar Lafuente (Cotutora)<\/li>\n<li>Martina Carre\u00f1o (Tutora)<\/li>\n<li>Irene Ma\u00f1ane (Tutora)<\/li>\n<li>Fran Sanconstantino (Tutor)<\/li>\n<li>Ainoa de la Concepci\u00f3n (Atenci\u00f3 a la diversitat)<\/li>\n<li>Laura Mallol (Aula d&#8217;acollida)<\/li>\n<\/ul>\n<p><strong>EQUIP DOCENT SIEI PRIM\u00c0RIA<\/strong><\/p>\n<ul>\n<li>Gemma Sams\u00f3 (Tutora)<\/li>\n<li>Ezequiel Villa<\/li>\n<\/ul>\n<p><strong>EQUIP DOCENT SIEI SECUND\u00c0RIA<\/strong><\/p>\n<ul>\n<li>Claudia Caprile (Tutora)<\/li>\n<li>Cristina Diaz<\/li>\n<\/ul>\n<p><strong>EQUIP DOCENT JOVES (1r cicle)<\/strong><\/p>\n<ul>\n<li>Merc\u00e8 Ferr\u00e8s (Coordinadora i orientadora)<\/li>\n<li>Henar Valdanzo (Tutora i Biologia i Geologia)<\/li>\n<li>Sergio Ramos (Tutor i Geografia i Hist\u00f2ria)<\/li>\n<li>Mayca Soto (Tutora i Llengua i literatura castellana)<\/li>\n<li>Aitor Fern\u00e1ndez (Tutor i Tecnologia)<\/li>\n<li>Anna Sand\u00edn (Orientadora)<\/li>\n<li>Jaume Marqu\u00e8s (M\u00fasica)<\/li>\n<li>Roberto S\u00e1nchez (Angl\u00e8s)<\/li>\n<li>Adriana Pach\u00e9s (Matem\u00e0tiques)<\/li>\n<li>M\u00f2nica Perdig\u00f3n (Matem\u00e0tiques)<\/li>\n<li>Clara Molin\u00e9 (Llengua i literatura catalana)<\/li>\n<li>Carla Font (Llengua i literatura catalana)<\/li>\n<li>David Oliu (Aula d&#8217;acollida)<\/li>\n<li>Guillem Baluda (Educaci\u00f3 F\u00edsica)<\/li>\n<\/ul>\n<p><strong>EQUIP DOCENT JOVES (2n cicle)<\/strong><\/p>\n<ul>\n<li>Jordi Gallardo (Coordinador i Llengua i literatura Castellana)<\/li>\n<li>Trini Montero (Tutora i Geografia i Hist\u00f2ria)<\/li>\n<li>Carles Fern\u00e1ndez (Tutor i Biologia i Geologia)<\/li>\n<li>Marta Massana (Tutora i Llengua i literatura catalana)<\/li>\n<li>Ana Zapatero (Tutora i Angl\u00e8s)<\/li>\n<li>Javier Montero (Tecnologia)<\/li>\n<li>Araceli Delgado (Matem\u00e0tiques)<\/li>\n<li>Anna Regincos (Orientadora)<\/li>\n<li>Alicia Arenas (Orientadora)<\/li>\n<li>David Oliu (Aula d&#8217;acollida)<\/li>\n<li>Guillem Baluda (Educaci\u00f3 F\u00edsica)<\/li>\n<\/ul>\n<p><strong>EQUIP TIS<\/strong><\/p>\n<ul>\n<li>Marta Ruiz (Infantil i Joves)<\/li>\n<li>Elisenda Salvado (Mitjans i Grans)<\/li>\n<li>Cris Vega (Joves)<a href=\"https:\/\/agora.xtec.cat\/iebaldomersola\/wp-content\/uploads\/usu721\/2026\/02\/ORGANIGRAMA.png\"><br \/>\n<\/a><\/li>\n<\/ul>\n<p><strong>EQUIP PAS<\/strong><\/p>\n<ul>\n<li>Gemma Torres (Administrativa)<\/li>\n<li>Gemma Galindo (Conserge)<\/li>\n<li>Pere Miquel (Oficial d&#8217;oficis)<\/li>\n<\/ul>\n<p>&nbsp;<\/p>\n","protected":false},"excerpt":{"rendered":"<p>EQUIP DIRECTIU: Director: Josep Vilar\u00f3 Alarc\u00f3n Cap d&#8217;estudis secund\u00e0ria: Victor Dieste Benac Cap d&#8217;estudis prim\u00e0ria: Vicky L\u00f3pez Moya Secretaria: Eva Cutando Molina COORDINACIONS Comunitat Petits: Aroa Gonz\u00e1lez Comunitat Mitjans: Carmen Mart\u00ednez Comunitat Grans: Carol Barberan Comunitat Joves: Merc\u00e8 Ferr\u00e8s (1r cicle) i Jordi Gallardo (2n cicle) Coordinador TAC: Guillem Baluda Coordinador de riscos laborals: Valentin [&hellip;]<\/p>\n","protected":false},"author":1,"featured_media":0,"parent":22,"menu_order":4,"comment_status":"closed","ping_status":"closed","template":"","meta":{"_bbp_topic_count":0,"_bbp_reply_count":0,"_bbp_total_topic_count":0,"_bbp_total_reply_count":0,"_bbp_voice_count":0,"_bbp_anonymous_reply_count":0,"_bbp_topic_count_hidden":0,"_bbp_reply_count_hidden":0,"_bbp_forum_subforum_count":0,"site-sidebar-layout":"default","site-content-layout":"","ast-site-content-layout":"default","site-content-style":"default","site-sidebar-style":"default","ast-global-header-display":"","ast-banner-title-visibility":"","ast-main-header-display":"","ast-hfb-above-header-display":"","ast-hfb-below-header-display":"","ast-hfb-mobile-header-display":"","site-post-title":"","ast-breadcrumbs-content":"","ast-featured-img":"","footer-sml-layout":"","theme-transparent-header-meta":"default","adv-header-id-meta":"","stick-header-meta":"","header-above-stick-meta":"","header-main-stick-meta":"","header-below-stick-meta":"","astra-migrate-meta-layouts":"set","ast-page-background-enabled":"default","ast-page-background-meta":{"desktop":{"background-color":"var(--ast-global-color-4)","background-image":"","background-repeat":"repeat","background-position":"center center","background-size":"auto","background-attachment":"scroll","background-type":"","background-media":"","overlay-type":"","overlay-color":"","overlay-opacity":"","overlay-gradient":""},"tablet":{"background-color":"","background-image":"","background-repeat":"repeat","background-position":"center center","background-size":"auto","background-attachment":"scroll","background-type":"","background-media":"","overlay-type":"","overlay-color":"","overlay-opacity":"","overlay-gradient":""},"mobile":{"background-color":"","background-image":"","background-repeat":"repeat","background-position":"center center","background-size":"auto","background-attachment":"scroll","background-type":"","background-media":"","overlay-type":"","overlay-color":"","overlay-opacity":"","overlay-gradient":""}},"ast-content-background-meta":{"desktop":{"background-color":"var(--ast-global-color-5)","background-image":"","background-repeat":"repeat","background-position":"center center","background-size":"auto","background-attachment":"scroll","background-type":"","background-media":"","overlay-type":"","overlay-color":"","overlay-opacity":"","overlay-gradient":""},"tablet":{"background-color":"var(--ast-global-color-5)","background-image":"","background-repeat":"repeat","background-position":"center center","background-size":"auto","background-attachment":"scroll","background-type":"","background-media":"","overlay-type":"","overlay-color":"","overlay-opacity":"","overlay-gradient":""},"mobile":{"background-color":"var(--ast-global-color-5)","background-image":"","background-repeat":"repeat","background-position":"center center","background-size":"auto","background-attachment":"scroll","background-type":"","background-media":"","overlay-type":"","overlay-color":"","overlay-opacity":"","overlay-gradient":""}},"footnotes":""},"class_list":["post-1788","page","type-page","status-publish","hentry"],"post_mailing_queue_ids":[],"_links":{"self":[{"href":"https:\/\/agora.xtec.cat\/iebaldomersola\/wp-json\/wp\/v2\/pages\/1788","targetHints":{"allow":["GET"]}}],"collection":[{"href":"https:\/\/agora.xtec.cat\/iebaldomersola\/wp-json\/wp\/v2\/pages"}],"about":[{"href":"https:\/\/agora.xtec.cat\/iebaldomersola\/wp-json\/wp\/v2\/types\/page"}],"author":[{"embeddable":true,"href":"https:\/\/agora.xtec.cat\/iebaldomersola\/wp-json\/wp\/v2\/users\/1"}],"replies":[{"embeddable":true,"href":"https:\/\/agora.xtec.cat\/iebaldomersola\/wp-json\/wp\/v2\/comments?post=1788"}],"version-history":[{"count":7,"href":"https:\/\/agora.xtec.cat\/iebaldomersola\/wp-json\/wp\/v2\/pages\/1788\/revisions"}],"predecessor-version":[{"id":5219,"href":"https:\/\/agora.xtec.cat\/iebaldomersola\/wp-json\/wp\/v2\/pages\/1788\/revisions\/5219"}],"up":[{"embeddable":true,"href":"https:\/\/agora.xtec.cat\/iebaldomersola\/wp-json\/wp\/v2\/pages\/22"}],"wp:attachment":[{"href":"https:\/\/agora.xtec.cat\/iebaldomersola\/wp-json\/wp\/v2\/media?parent=1788"}],"curies":[{"name":"wp","href":"https:\/\/api.w.org\/{rel}","templated":true}]}}