{"id":984,"date":"2020-01-22T11:04:13","date_gmt":"2020-01-22T10:04:13","guid":{"rendered":"https:\/\/agora.xtec.cat\/iearts\/?page_id=984"},"modified":"2021-02-24T11:40:16","modified_gmt":"2021-02-24T10:40:16","slug":"visual-thinking-strategies-vts","status":"publish","type":"page","link":"https:\/\/agora.xtec.cat\/iearts\/projectes\/tandem\/projectes-transversals\/visual-thinking-strategies-vts\/","title":{"rendered":"Visual Thinking strategies (VTS)"},"content":{"rendered":"<p class=\"western\" lang=\"es-ES\">L\u2019alumnat de l\u2019Institut Escola Arts practica les estr\u00e0tegies de pensament visual <a href=\"https:\/\/vtshome.org\/\">(Visual Thinking Strategies)<\/a> des de P3 fins a 1r ESO. Aquesta metodologia utilitza l\u2019obra d\u2019art per aprendre a mirar, a pensar i a comunicar-se.<\/p>\n<p class=\"western\" lang=\"es-ES\">La pr\u00e0ctica del VTS afavoreix el desenvolupament de les habilitats verbals i comunicatives dels alumnes, refor\u00e7a l\u2019autoestima, promou la integraci\u00f3 i millora les compet\u00e8ncies b\u00e0siques.<\/p>\n<p lang=\"es-ES\">Per saber-ne m\u00e9s consulteu el bloc del Museu Nacional d&#8217;Art de Catalunya . <a href=\"https:\/\/blog.museunacional.cat\/les-estrategies-de-pensament-visual-vts-una-metodologia-educativa-necessaria\/\">Cliqueu aqu\u00ed !<\/a><\/p>\n<p class=\"western\" lang=\"es-ES\">Si voleu practicar podeu mirar aquesta imatge amb molta atenci\u00f3 i fer\u2013vos la pregunta <strong>Qu\u00e8 est\u00e0 passant en aquesta imatge?<\/strong><\/p>\n<p lang=\"es-ES\"><a href=\"https:\/\/agora.xtec.cat\/iearts\/wp-content\/uploads\/usu1451\/2020\/03\/laboratorio-de-la-galette.jpg\"><img loading=\"lazy\" decoding=\"async\" class=\"size-large wp-image-1447 aligncenter\" src=\"https:\/\/agora.xtec.cat\/iearts\/wp-content\/uploads\/usu1451\/2020\/03\/laboratorio-de-la-galette-1024x757.jpg\" alt=\"\" width=\"1024\" height=\"757\" srcset=\"https:\/\/agora.xtec.cat\/iearts\/wp-content\/uploads\/usu1451\/2020\/03\/laboratorio-de-la-galette-1024x757.jpg 1024w, https:\/\/agora.xtec.cat\/iearts\/wp-content\/uploads\/usu1451\/2020\/03\/laboratorio-de-la-galette-300x222.jpg 300w, https:\/\/agora.xtec.cat\/iearts\/wp-content\/uploads\/usu1451\/2020\/03\/laboratorio-de-la-galette-768x567.jpg 768w\" sizes=\"auto, (max-width: 1024px) 100vw, 1024px\" \/><\/a><\/p>\n<p lang=\"es-ES\">\n","protected":false},"excerpt":{"rendered":"<p>L\u2019alumnat de l\u2019Institut Escola Arts practica les estr\u00e0tegies de pensament visual <a href=\"https:\/\/vtshome.org\/\">(Visual Thinking Strategies)<\/a> des de P3 fins a 1r ESO. Aquesta metodologia utilitza l\u2019obra d\u2019art per aprendre a mirar, a pensar i a comunicar-se.<br \/>\nLa pr\u00e0ctica del VTS afavoreix el desenvolupament de les habilitats&hellip;  <a href=\"https:\/\/agora.xtec.cat\/iearts\/projectes\/tandem\/projectes-transversals\/visual-thinking-strategies-vts\/\" title=\"Read Visual Thinking strategies (VTS)\">Llegeix m\u00e9s\u00bb<\/a><\/p>\n","protected":false},"author":1,"featured_media":0,"parent":980,"menu_order":0,"comment_status":"closed","ping_status":"closed","template":"page-templates\/side-menu.php","meta":{"_bbp_topic_count":0,"_bbp_reply_count":0,"_bbp_total_topic_count":0,"_bbp_total_reply_count":0,"_bbp_voice_count":0,"_bbp_anonymous_reply_count":0,"_bbp_topic_count_hidden":0,"_bbp_reply_count_hidden":0,"_bbp_forum_subforum_count":0,"footnotes":""},"class_list":["post-984","page","type-page","status-publish","hentry"],"post_mailing_queue_ids":[],"_links":{"self":[{"href":"https:\/\/agora.xtec.cat\/iearts\/wp-json\/wp\/v2\/pages\/984","targetHints":{"allow":["GET"]}}],"collection":[{"href":"https:\/\/agora.xtec.cat\/iearts\/wp-json\/wp\/v2\/pages"}],"about":[{"href":"https:\/\/agora.xtec.cat\/iearts\/wp-json\/wp\/v2\/types\/page"}],"author":[{"embeddable":true,"href":"https:\/\/agora.xtec.cat\/iearts\/wp-json\/wp\/v2\/users\/1"}],"replies":[{"embeddable":true,"href":"https:\/\/agora.xtec.cat\/iearts\/wp-json\/wp\/v2\/comments?post=984"}],"version-history":[{"count":3,"href":"https:\/\/agora.xtec.cat\/iearts\/wp-json\/wp\/v2\/pages\/984\/revisions"}],"predecessor-version":[{"id":2756,"href":"https:\/\/agora.xtec.cat\/iearts\/wp-json\/wp\/v2\/pages\/984\/revisions\/2756"}],"up":[{"embeddable":true,"href":"https:\/\/agora.xtec.cat\/iearts\/wp-json\/wp\/v2\/pages\/980"}],"wp:attachment":[{"href":"https:\/\/agora.xtec.cat\/iearts\/wp-json\/wp\/v2\/media?parent=984"}],"curies":[{"name":"wp","href":"https:\/\/api.w.org\/{rel}","templated":true}]}}