{"id":884,"date":"2020-01-15T10:49:30","date_gmt":"2020-01-15T09:49:30","guid":{"rendered":"https:\/\/agora.xtec.cat\/iearts\/?page_id=884"},"modified":"2021-11-10T09:48:58","modified_gmt":"2021-11-10T08:48:58","slug":"coral-palau-de-la-musica","status":"publish","type":"page","link":"https:\/\/agora.xtec.cat\/iearts\/projectes-2\/coral-palau-de-la-musica\/","title":{"rendered":"Coral Palau de la M\u00fasica"},"content":{"rendered":"<p>&nbsp;<\/p>\n<h3 style=\"text-align: left;\"><span style=\"font-weight: 400;\">Presentaci\u00f3 del Projecte Social<\/span><\/h3>\n<p style=\"text-align: left;\"><b>Palau Vincles<\/b><span style=\"font-weight: 400;\">, abans anomenat Clav\u00e9 XXI, <\/span><b>\u00e9s el projecte social del Palau de la M\u00fasica Catalana.<\/b><\/p>\n<p style=\"text-align: left;\"><span style=\"font-weight: 400;\">La nova marca, adoptada recentment, respon a l\u2019objectiu d\u2019explicitar els vincles que promou l\u2019activitat coral i alhora la seva relaci\u00f3 amb el Palau. Una iniciativa que va n\u00e9ixer l\u2019any 2011 amb l\u2019acompanyament de l\u2019Escola Coral de l\u2019Orfe\u00f3 Catal\u00e0. El projecte vol enfortir i ampliar la vocaci\u00f3 de servei i la dimensi\u00f3 social i solid\u00e0ria del Palau de la M\u00fasica Catalana i l\u2019Orfe\u00f3 Catal\u00e0.<\/span><\/p>\n<p style=\"text-align: left;\"><span style=\"font-weight: 400;\">L\u2019objectiu de Palau Vincles \u00e9s <\/span><b>fomentar la inclusi\u00f3 i integraci\u00f3 social a trav\u00e9s de la pr\u00e0ctica coral col\u00b7lectiva d\u2019infants i joves<\/b><span style=\"font-weight: 400;\"> a zones o en situacions vulnerades, des del convenciment del gran poder de transformaci\u00f3 personal i social de la pr\u00e0ctica coral.<\/span><\/p>\n<p style=\"text-align: left;\">La directora del Cor IE ARTS \u00e9s la Quima Farr\u00e9 i des del centre participem amb els cursos de 3r i 4tt de prim\u00e0ria.<\/p>\n<p>&nbsp;<\/p>\n<p><center><iframe loading=\"lazy\" title=\"Palau Vincles\" src=\"https:\/\/player.vimeo.com\/video\/563225785?dnt=1&amp;app_id=122963\" width=\"500\" height=\"281\" frameborder=\"0\" allow=\"autoplay; fullscreen; picture-in-picture; clipboard-write\"><\/iframe><\/center><\/p>\n<p>&nbsp;<\/p>\n<p>&nbsp;<\/p>\n<h3>Curs 20-21 (Trailer)<\/h3>\n<p><center><iframe loading=\"lazy\" title=\"Estrena de Carmina Burana amb els Cors de Palau Vincles i el Cor Jove de l&#039;Orfe\u00f3 Catal\u00e0\" width=\"500\" height=\"281\" src=\"https:\/\/www.youtube.com\/embed\/3Z8-5pQM_oY?feature=oembed\" frameborder=\"0\" allow=\"accelerometer; autoplay; clipboard-write; encrypted-media; gyroscope; picture-in-picture; web-share\" referrerpolicy=\"strict-origin-when-cross-origin\" allowfullscreen><\/iframe><\/p>\n<p>&nbsp;<\/p>\n<p>&nbsp;<\/p>\n<p><\/center><\/p>\n","protected":false},"excerpt":{"rendered":"<p>&nbsp;<br \/>\nPresentaci\u00f3 del Projecte Social<br \/>\nPalau Vincles, abans anomenat Clav\u00e9 XXI, \u00e9s el projecte social del Palau de la M\u00fasica Catalana.<br \/>\nLa nova marca, adoptada recentment, respon a l\u2019objectiu d\u2019explicitar els vincles que promou l\u2019activitat coral i alhora la seva relaci\u00f3 amb el Palau. Una iniciativa que va&hellip;  <a href=\"https:\/\/agora.xtec.cat\/iearts\/projectes-2\/coral-palau-de-la-musica\/\" title=\"Read Coral Palau de la M\u00fasica\">Llegeix m\u00e9s\u00bb<\/a><\/p>\n","protected":false},"author":1,"featured_media":0,"parent":975,"menu_order":10,"comment_status":"closed","ping_status":"closed","template":"page-templates\/side-menu.php","meta":{"_bbp_topic_count":0,"_bbp_reply_count":0,"_bbp_total_topic_count":0,"_bbp_total_reply_count":0,"_bbp_voice_count":0,"_bbp_anonymous_reply_count":0,"_bbp_topic_count_hidden":0,"_bbp_reply_count_hidden":0,"_bbp_forum_subforum_count":0,"footnotes":""},"class_list":["post-884","page","type-page","status-publish","hentry"],"post_mailing_queue_ids":[],"_links":{"self":[{"href":"https:\/\/agora.xtec.cat\/iearts\/wp-json\/wp\/v2\/pages\/884","targetHints":{"allow":["GET"]}}],"collection":[{"href":"https:\/\/agora.xtec.cat\/iearts\/wp-json\/wp\/v2\/pages"}],"about":[{"href":"https:\/\/agora.xtec.cat\/iearts\/wp-json\/wp\/v2\/types\/page"}],"author":[{"embeddable":true,"href":"https:\/\/agora.xtec.cat\/iearts\/wp-json\/wp\/v2\/users\/1"}],"replies":[{"embeddable":true,"href":"https:\/\/agora.xtec.cat\/iearts\/wp-json\/wp\/v2\/comments?post=884"}],"version-history":[{"count":3,"href":"https:\/\/agora.xtec.cat\/iearts\/wp-json\/wp\/v2\/pages\/884\/revisions"}],"predecessor-version":[{"id":3369,"href":"https:\/\/agora.xtec.cat\/iearts\/wp-json\/wp\/v2\/pages\/884\/revisions\/3369"}],"up":[{"embeddable":true,"href":"https:\/\/agora.xtec.cat\/iearts\/wp-json\/wp\/v2\/pages\/975"}],"wp:attachment":[{"href":"https:\/\/agora.xtec.cat\/iearts\/wp-json\/wp\/v2\/media?parent=884"}],"curies":[{"name":"wp","href":"https:\/\/api.w.org\/{rel}","templated":true}]}}