{"id":871,"date":"2020-01-15T10:22:53","date_gmt":"2020-01-15T09:22:53","guid":{"rendered":"https:\/\/agora.xtec.cat\/iearts\/?page_id=871"},"modified":"2020-02-05T10:48:33","modified_gmt":"2020-02-05T09:48:33","slug":"qui-som","status":"publish","type":"page","link":"https:\/\/agora.xtec.cat\/iearts\/projecte-educatiu-2\/qui-som\/","title":{"rendered":"Qui som?"},"content":{"rendered":"<p style=\"text-align: justify;\"><strong><span style=\"color: #800000;\">Art i patrimoni<a href=\"https:\/\/agora.xtec.cat\/iearts\/wp-content\/uploads\/usu1451\/2020\/02\/foto-tr\u00edptic2.jpg\"><img loading=\"lazy\" decoding=\"async\" class=\"alignright size-full wp-image-1142\" src=\"https:\/\/agora.xtec.cat\/iearts\/wp-content\/uploads\/usu1451\/2020\/02\/foto-tr\u00edptic2.jpg\" alt=\"\" width=\"350\" height=\"339\" srcset=\"https:\/\/agora.xtec.cat\/iearts\/wp-content\/uploads\/usu1451\/2020\/02\/foto-tr\u00edptic2.jpg 350w, https:\/\/agora.xtec.cat\/iearts\/wp-content\/uploads\/usu1451\/2020\/02\/foto-tr\u00edptic2-300x291.jpg 300w\" sizes=\"auto, (max-width: 350px) 100vw, 350px\" \/><\/a><\/span><\/strong><\/p>\n<p style=\"text-align: justify;\">Som un institut escola en qu\u00e8 l&#8217;art, el patrimoni i l&#8217;actualitat formen part de la vida di\u00e0ria del centre.<\/p>\n<p style=\"text-align: justify;\">La curiositat, el joc i la recerca s\u00f3n el motor principal de l&#8217;aprenentatge.<\/p>\n<p style=\"text-align: justify;\"><strong><span style=\"color: #800000;\">Acompanyament<\/span><\/strong><\/p>\n<p style=\"text-align: justify;\">El nostre centre ofereix acompanyament als infants, als joves i a les seves fam\u00edlies durant tota l&#8217;escolaritat obligat\u00f2ria, dels 3 als 16 anys, amb coher\u00e8ncia pedag\u00f2gica i vinculaci\u00f3 entre les diferents etapes educatives.<\/p>\n<p style=\"text-align: justify;\"><strong><span style=\"color: #800000;\">Respectem la diversitat<\/span><\/strong><\/p>\n<p style=\"text-align: justify;\">Respectem les caracter\u00edstiques i maneres d&#8217;entendre i veure el m\u00f3n de cada infant.<\/p>\n<p style=\"text-align: justify;\"><strong><span style=\"color: #800000;\">Vincles<\/span><\/strong><\/p>\n<p style=\"text-align: justify;\">Fomentem la creaci\u00f3 de vincles entre l&#8217;alumnat, el professorat, les fam\u00edlies i el barri.<\/p>\n<p style=\"text-align: justify;\"><strong><span style=\"color: #800000;\">Projecte Escoles T\u00e0ndem<\/span><\/strong><\/p>\n<p style=\"text-align: justify;\">Som un institut escola T\u00e0ndem que col\u00b7labora amb el Museu Nacional d&#8217;Art de Catalunya.<\/p>\n<p>&nbsp;<\/p>\n<p>&nbsp;<\/p>\n","protected":false},"excerpt":{"rendered":"<p>Art i patrimoni<a href=\"https:\/\/agora.xtec.cat\/iearts\/wp-content\/uploads\/usu1451\/2020\/02\/foto-tr\u00edptic2.jpg\"><\/a><br \/>\nSom un institut escola en qu\u00e8 l&#8217;art, el patrimoni i l&#8217;actualitat formen part de la vida di\u00e0ria del centre.<br \/>\nLa curiositat, el joc i la recerca s\u00f3n el motor principal de l&#8217;aprenentatge.<br \/>\nAcompanyament<br \/>\nEl nostre centre ofereix acompanyament als infants, als joves i a les&hellip;  <a href=\"https:\/\/agora.xtec.cat\/iearts\/projecte-educatiu-2\/qui-som\/\" title=\"Read Qui som?\">Llegeix m\u00e9s\u00bb<\/a><\/p>\n","protected":false},"author":1,"featured_media":0,"parent":862,"menu_order":10,"comment_status":"closed","ping_status":"closed","template":"page-templates\/side-menu.php","meta":{"_bbp_topic_count":0,"_bbp_reply_count":0,"_bbp_total_topic_count":0,"_bbp_total_reply_count":0,"_bbp_voice_count":0,"_bbp_anonymous_reply_count":0,"_bbp_topic_count_hidden":0,"_bbp_reply_count_hidden":0,"_bbp_forum_subforum_count":0,"footnotes":""},"class_list":["post-871","page","type-page","status-publish","hentry"],"post_mailing_queue_ids":[],"_links":{"self":[{"href":"https:\/\/agora.xtec.cat\/iearts\/wp-json\/wp\/v2\/pages\/871","targetHints":{"allow":["GET"]}}],"collection":[{"href":"https:\/\/agora.xtec.cat\/iearts\/wp-json\/wp\/v2\/pages"}],"about":[{"href":"https:\/\/agora.xtec.cat\/iearts\/wp-json\/wp\/v2\/types\/page"}],"author":[{"embeddable":true,"href":"https:\/\/agora.xtec.cat\/iearts\/wp-json\/wp\/v2\/users\/1"}],"replies":[{"embeddable":true,"href":"https:\/\/agora.xtec.cat\/iearts\/wp-json\/wp\/v2\/comments?post=871"}],"version-history":[{"count":3,"href":"https:\/\/agora.xtec.cat\/iearts\/wp-json\/wp\/v2\/pages\/871\/revisions"}],"predecessor-version":[{"id":1141,"href":"https:\/\/agora.xtec.cat\/iearts\/wp-json\/wp\/v2\/pages\/871\/revisions\/1141"}],"up":[{"embeddable":true,"href":"https:\/\/agora.xtec.cat\/iearts\/wp-json\/wp\/v2\/pages\/862"}],"wp:attachment":[{"href":"https:\/\/agora.xtec.cat\/iearts\/wp-json\/wp\/v2\/media?parent=871"}],"curies":[{"name":"wp","href":"https:\/\/api.w.org\/{rel}","templated":true}]}}