{"id":7,"date":"2014-09-12T10:14:31","date_gmt":"2014-09-12T10:14:31","guid":{"rendered":"http:\/\/agora.xtec.cat\/iearts\/?page_id=7"},"modified":"2024-04-30T14:10:04","modified_gmt":"2024-04-30T12:10:04","slug":"pagines-dinici","status":"publish","type":"page","link":"https:\/\/agora.xtec.cat\/iearts\/","title":{"rendered":"_____________________________________________________________________________"},"content":{"rendered":"<h1 style=\"text-align: center;\"><a href=\"https:\/\/www.iearts.cat\/\" target=\"_blank\" rel=\"noopener\"><span style=\"color: #ff9900;\"><strong>ESTRENEM NOVA WEB!!!!<\/strong><\/span><\/a><\/h1>\n<h2 style=\"text-align: center;\"><strong><span style=\"color: #000000;\"><a style=\"color: #000000;\" href=\"https:\/\/www.iearts.cat\/\" target=\"_blank\" rel=\"noopener\">ACCEDIR-HI<\/a><\/span><\/strong><\/h2>\n<p>&nbsp;<\/p>\n<h5 style=\"text-align: center;\"><a href=\"https:\/\/www.iearts.cat\/\" target=\"_blank\" rel=\"noopener\"><span style=\"color: #000000;\">L&#8217;Institut Escola ARTS fa un pas endavant per guanyar en proximitat i familiaritat cap a les fam\u00edlies i el seu entorn. \u00c9s per aquest motiu que disposa d&#8217;una p\u00e0gina web m\u00e9s intu\u00eftiva, f\u00e0cil de navegar i on hi podreu trobar tota la informaci\u00f3 necess\u00e0ria.<\/span><\/a><\/h5>\n<p>&nbsp;<\/p>\n<p>&nbsp;<\/p>\n<p>&nbsp;<\/p>\n<h1 style=\"text-align: center;\"><a href=\"https:\/\/agora.xtec.cat\/iearts\/wp-content\/uploads\/usu1451\/2024\/03\/1900x372.jpg\"><img loading=\"lazy\" decoding=\"async\" class=\"aligncenter size-full wp-image-5390\" src=\"https:\/\/agora.xtec.cat\/iearts\/wp-content\/uploads\/usu1451\/2024\/03\/1900x372.jpg\" alt=\"\" width=\"1900\" height=\"373\" srcset=\"https:\/\/agora.xtec.cat\/iearts\/wp-content\/uploads\/usu1451\/2024\/03\/1900x372.jpg 1900w, https:\/\/agora.xtec.cat\/iearts\/wp-content\/uploads\/usu1451\/2024\/03\/1900x372-300x59.jpg 300w, https:\/\/agora.xtec.cat\/iearts\/wp-content\/uploads\/usu1451\/2024\/03\/1900x372-1024x201.jpg 1024w, https:\/\/agora.xtec.cat\/iearts\/wp-content\/uploads\/usu1451\/2024\/03\/1900x372-768x151.jpg 768w, https:\/\/agora.xtec.cat\/iearts\/wp-content\/uploads\/usu1451\/2024\/03\/1900x372-1536x302.jpg 1536w\" sizes=\"auto, (max-width: 1900px) 100vw, 1900px\" \/><\/a><\/h1>\n<h1 style=\"text-align: center;\"><span style=\"color: #339966;\"><strong>Necessites ajuda per fer la preinscripci\u00f3<\/strong><\/span><\/h1>\n<h1 style=\"text-align: center;\"><span style=\"color: #339966;\"><strong>del curs 2024-2025?<\/strong><\/span><\/h1>\n<p>&nbsp;<\/p>\n<h5 style=\"text-align: center;\"><span style=\"color: #000000;\">A partir de l\u2019<strong>1 de mar\u00e7<\/strong> pots demanar <strong>cita pr\u00e8via <\/strong>per obtenir suport a les oficines d&#8217;escolaritzaci\u00f3:<\/span><\/h5>\n<p>&nbsp;<\/p>\n<h5 style=\"text-align: center;\"><span style=\"color: #000000;\">* Fent clic en <span style=\"text-decoration: underline;\"><a style=\"color: #000000; text-decoration: underline;\" href=\"https:\/\/citaprevia.gestorn.com\/ceb\/#nbb\" target=\"_blank\" rel=\"noopener\">aquest enlla\u00e7<\/a><\/span><\/span><\/h5>\n<h5 style=\"text-align: center;\"><span style=\"color: #000000;\">* Trucant al 012 (Atenci\u00f3 ciutadana)<\/span><\/h5>\n<h5 style=\"text-align: center;\"><span style=\"color: #000000;\">* Trucant al 93 551 10 00 (Consorci d&#8217;Educaci\u00f3 de Barcelona)<\/span><\/h5>\n<h5 style=\"text-align: center;\"><span style=\"color: #000000;\">* A la secretaria del centre de 9h a 12h (carretera de la Bordeta, 39)<\/span><\/h5>\n<p>&nbsp;<\/p>\n<p>&nbsp;<\/p>\n<h1 style=\"text-align: center;\"><strong><span style=\"color: #339966;\">Publicaci\u00f3 de l&#8217;oferta inicial de places<\/span><\/strong><\/h1>\n<p>&nbsp;<\/p>\n<p style=\"text-align: center;\"><a href=\"https:\/\/agora.xtec.cat\/iearts\/wp-content\/uploads\/usu1451\/2024\/03\/INFORME_OFERTA_OME_INFORME_OFERTA.pdf\" target=\"_blank\" rel=\"noopener\"><img loading=\"lazy\" decoding=\"async\" class=\"aligncenter size-full wp-image-5364\" src=\"https:\/\/agora.xtec.cat\/iearts\/wp-content\/uploads\/usu1451\/2024\/03\/OFERTA-INICIAL.jpg\" alt=\"\" width=\"975\" height=\"870\" srcset=\"https:\/\/agora.xtec.cat\/iearts\/wp-content\/uploads\/usu1451\/2024\/03\/OFERTA-INICIAL.jpg 975w, https:\/\/agora.xtec.cat\/iearts\/wp-content\/uploads\/usu1451\/2024\/03\/OFERTA-INICIAL-300x268.jpg 300w, https:\/\/agora.xtec.cat\/iearts\/wp-content\/uploads\/usu1451\/2024\/03\/OFERTA-INICIAL-768x685.jpg 768w\" sizes=\"auto, (max-width: 975px) 100vw, 975px\" \/><\/a><\/p>\n<h1><\/h1>\n<p>&nbsp;<\/p>\n<h1 style=\"text-align: center;\"><strong><span style=\"color: #339966;\">Projecte art\u00edstic 23-24<\/span><\/strong><\/h1>\n<p style=\"text-align: center;\">En aquest espai podreu trobar informaci\u00f3 sobre les diferents activitats relacionades amb el Projecte Art\u00edstic d&#8217;enguany que s&#8217;han anat fent a cada classe i a cada curs.. Aquest any, el projecte gira al voltant del tema CAMINS. \u00a0Estigueu ben atentes i gaudiu! (Clicant a la imatge podreu entrar al Padlet)<\/p>\n<p style=\"text-align: center;\"><a href=\"https:\/\/padlet.com\/institutescolaarts\/camins-83zp83c6p2vazp9t\"><img loading=\"lazy\" decoding=\"async\" class=\"aligncenter wp-image-5222 \" src=\"https:\/\/agora.xtec.cat\/iearts\/wp-content\/uploads\/usu1451\/2023\/11\/padlet.png\" alt=\"https:\/\/padlet.com\/institutescolaarts\/camins-83zp83c6p2vazp9t\" width=\"642\" height=\"302\" srcset=\"https:\/\/agora.xtec.cat\/iearts\/wp-content\/uploads\/usu1451\/2023\/11\/padlet.png 1771w, https:\/\/agora.xtec.cat\/iearts\/wp-content\/uploads\/usu1451\/2023\/11\/padlet-300x141.png 300w, https:\/\/agora.xtec.cat\/iearts\/wp-content\/uploads\/usu1451\/2023\/11\/padlet-1024x481.png 1024w, https:\/\/agora.xtec.cat\/iearts\/wp-content\/uploads\/usu1451\/2023\/11\/padlet-768x361.png 768w, https:\/\/agora.xtec.cat\/iearts\/wp-content\/uploads\/usu1451\/2023\/11\/padlet-1536x722.png 1536w\" sizes=\"auto, (max-width: 642px) 100vw, 642px\" \/><\/a><\/p>\n<h1 style=\"text-align: center;\"><\/h1>\n<h1 style=\"text-align: center;\"><span style=\"color: #339966;\">ELS NOSTRES TRETS D&#8217;IDENTITAT<\/span><\/h1>\n<table style=\"border-collapse: collapse; width: 97.4385%; height: 210px;\">\n<tbody>\n<tr>\n<td style=\"width: 54.9585%; text-align: center; background-color: #f7d594;\">\n<h2><span style=\"color: #993300;\"><strong>LA NOSTRA IDENTITAT<\/strong><\/span><\/h2>\n<\/td>\n<td style=\"width: 44.967%; text-align: center; background-color: #f7d594;\">\n<h2><span style=\"color: #993300;\"><strong>ELS\u00a0 QUATRE EIXOS<\/strong><\/span><\/h2>\n<\/td>\n<\/tr>\n<tr>\n<td style=\"width: 50%; text-align: center;\"><iframe loading=\"lazy\" title=\"INSTITUT ESCOLA ARTS 2023\" width=\"500\" height=\"281\" src=\"https:\/\/www.youtube.com\/embed\/3Jpys8LsY4k?feature=oembed\" frameborder=\"0\" allow=\"accelerometer; autoplay; clipboard-write; encrypted-media; gyroscope; picture-in-picture; web-share\" referrerpolicy=\"strict-origin-when-cross-origin\" allowfullscreen><\/iframe><\/td>\n<td style=\"width: 50%; text-align: center;\"><iframe loading=\"lazy\" title=\"4 EIXOS 2023\" width=\"500\" height=\"281\" src=\"https:\/\/www.youtube.com\/embed\/0w7TeZMBFZY?feature=oembed\" frameborder=\"0\" allow=\"accelerometer; autoplay; clipboard-write; encrypted-media; gyroscope; picture-in-picture; web-share\" referrerpolicy=\"strict-origin-when-cross-origin\" allowfullscreen><\/iframe><\/td>\n<\/tr>\n<\/tbody>\n<\/table>\n<p>&nbsp;<\/p>\n<h1 style=\"text-align: center;\"><span style=\"color: #339966;\">ELS NOUS AMBIENTS DE PRIM\u00c0RIA\u00a0<\/span><\/h1>\n<h4 style=\"text-align: center;\">V\u00cdDEOS 360\u00ba (Cal posar el ratol\u00ed a sobre i anar movent per visualitzar tot l&#8217;espai)<\/h4>\n<table style=\"border-collapse: collapse; width: 100%; height: 260px;\">\n<tbody>\n<tr style=\"height: 229px;\">\n<td style=\"width: 33.333333%; height: 229px;\"><a href=\"https:\/\/youtu.be\/l9m-A50GcD4\"><img loading=\"lazy\" decoding=\"async\" class=\"wp-image-4877 aligncenter\" src=\"https:\/\/agora.xtec.cat\/iearts\/wp-content\/uploads\/usu1451\/2023\/03\/IMG_4593-scaled.jpg\" alt=\"\" width=\"251\" height=\"188\" srcset=\"https:\/\/agora.xtec.cat\/iearts\/wp-content\/uploads\/usu1451\/2023\/03\/IMG_4593-scaled.jpg 2560w, https:\/\/agora.xtec.cat\/iearts\/wp-content\/uploads\/usu1451\/2023\/03\/IMG_4593-300x225.jpg 300w, https:\/\/agora.xtec.cat\/iearts\/wp-content\/uploads\/usu1451\/2023\/03\/IMG_4593-1024x768.jpg 1024w, https:\/\/agora.xtec.cat\/iearts\/wp-content\/uploads\/usu1451\/2023\/03\/IMG_4593-768x576.jpg 768w, https:\/\/agora.xtec.cat\/iearts\/wp-content\/uploads\/usu1451\/2023\/03\/IMG_4593-1536x1152.jpg 1536w, https:\/\/agora.xtec.cat\/iearts\/wp-content\/uploads\/usu1451\/2023\/03\/IMG_4593-2048x1536.jpg 2048w, https:\/\/agora.xtec.cat\/iearts\/wp-content\/uploads\/usu1451\/2023\/03\/IMG_4593-200x150.jpg 200w\" sizes=\"auto, (max-width: 251px) 100vw, 251px\" \/><\/a><\/td>\n<td style=\"width: 33.333333%; height: 229px;\"><a href=\"https:\/\/youtu.be\/fLC5oDUbIv4\"><img loading=\"lazy\" decoding=\"async\" class=\"wp-image-4875 aligncenter\" src=\"https:\/\/agora.xtec.cat\/iearts\/wp-content\/uploads\/usu1451\/2023\/03\/1678348808254-scaled.jpg\" alt=\"\" width=\"248\" height=\"186\" srcset=\"https:\/\/agora.xtec.cat\/iearts\/wp-content\/uploads\/usu1451\/2023\/03\/1678348808254-scaled.jpg 2560w, https:\/\/agora.xtec.cat\/iearts\/wp-content\/uploads\/usu1451\/2023\/03\/1678348808254-300x225.jpg 300w, https:\/\/agora.xtec.cat\/iearts\/wp-content\/uploads\/usu1451\/2023\/03\/1678348808254-1024x768.jpg 1024w, https:\/\/agora.xtec.cat\/iearts\/wp-content\/uploads\/usu1451\/2023\/03\/1678348808254-768x576.jpg 768w, https:\/\/agora.xtec.cat\/iearts\/wp-content\/uploads\/usu1451\/2023\/03\/1678348808254-1536x1152.jpg 1536w, https:\/\/agora.xtec.cat\/iearts\/wp-content\/uploads\/usu1451\/2023\/03\/1678348808254-2048x1536.jpg 2048w, https:\/\/agora.xtec.cat\/iearts\/wp-content\/uploads\/usu1451\/2023\/03\/1678348808254-200x150.jpg 200w\" sizes=\"auto, (max-width: 248px) 100vw, 248px\" \/><\/a><\/td>\n<td style=\"width: 33.333333%; height: 229px;\"><a href=\"https:\/\/youtu.be\/bqmcvvCX8EI\"><img loading=\"lazy\" decoding=\"async\" class=\"aligncenter wp-image-4878\" src=\"https:\/\/agora.xtec.cat\/iearts\/wp-content\/uploads\/usu1451\/2023\/03\/20230301_150903-scaled.jpg\" alt=\"\" width=\"244\" height=\"183\" srcset=\"https:\/\/agora.xtec.cat\/iearts\/wp-content\/uploads\/usu1451\/2023\/03\/20230301_150903-scaled.jpg 2560w, https:\/\/agora.xtec.cat\/iearts\/wp-content\/uploads\/usu1451\/2023\/03\/20230301_150903-300x225.jpg 300w, https:\/\/agora.xtec.cat\/iearts\/wp-content\/uploads\/usu1451\/2023\/03\/20230301_150903-1024x768.jpg 1024w, https:\/\/agora.xtec.cat\/iearts\/wp-content\/uploads\/usu1451\/2023\/03\/20230301_150903-768x576.jpg 768w, https:\/\/agora.xtec.cat\/iearts\/wp-content\/uploads\/usu1451\/2023\/03\/20230301_150903-1536x1152.jpg 1536w, https:\/\/agora.xtec.cat\/iearts\/wp-content\/uploads\/usu1451\/2023\/03\/20230301_150903-2048x1536.jpg 2048w, https:\/\/agora.xtec.cat\/iearts\/wp-content\/uploads\/usu1451\/2023\/03\/20230301_150903-200x150.jpg 200w\" sizes=\"auto, (max-width: 244px) 100vw, 244px\" \/><\/a><\/td>\n<\/tr>\n<tr style=\"height: 31px;\">\n<td style=\"width: 33.333333%; text-align: center; height: 31px;\"><a href=\"https:\/\/youtu.be\/l9m-A50GcD4\">AMBIENT CONSTRU\u00cfM EL M\u00d3N<\/a><\/td>\n<td style=\"width: 33.333333%; text-align: center; height: 31px;\"><a href=\"https:\/\/youtu.be\/fLC5oDUbIv4\">AMBIENT MANDUKA<\/a><\/td>\n<td style=\"width: 33.333333%; height: 31px; text-align: center;\"><a href=\"https:\/\/youtu.be\/bqmcvvCX8EI\">AMBIENT PARAULES DOLCES<\/a><\/td>\n<\/tr>\n<\/tbody>\n<\/table>\n<table style=\"border-collapse: collapse; width: 100%; height: 268px;\">\n<tbody>\n<tr style=\"height: 237px;\">\n<td style=\"width: 33.333333%; height: 237px;\"><a href=\"https:\/\/youtu.be\/rGdugq3jx8s\"><img loading=\"lazy\" decoding=\"async\" class=\"aligncenter wp-image-4884\" src=\"https:\/\/agora.xtec.cat\/iearts\/wp-content\/uploads\/usu1451\/2023\/03\/IMG_0897-scaled.jpg\" alt=\"\" width=\"207\" height=\"182\" srcset=\"https:\/\/agora.xtec.cat\/iearts\/wp-content\/uploads\/usu1451\/2023\/03\/IMG_0897-scaled.jpg 2560w, https:\/\/agora.xtec.cat\/iearts\/wp-content\/uploads\/usu1451\/2023\/03\/IMG_0897-300x263.jpg 300w, https:\/\/agora.xtec.cat\/iearts\/wp-content\/uploads\/usu1451\/2023\/03\/IMG_0897-1024x898.jpg 1024w, https:\/\/agora.xtec.cat\/iearts\/wp-content\/uploads\/usu1451\/2023\/03\/IMG_0897-768x673.jpg 768w, https:\/\/agora.xtec.cat\/iearts\/wp-content\/uploads\/usu1451\/2023\/03\/IMG_0897-1536x1347.jpg 1536w, https:\/\/agora.xtec.cat\/iearts\/wp-content\/uploads\/usu1451\/2023\/03\/IMG_0897-2048x1795.jpg 2048w\" sizes=\"auto, (max-width: 207px) 100vw, 207px\" \/><\/a><\/td>\n<td style=\"width: 33.333333%; height: 237px;\"><a href=\"https:\/\/youtu.be\/FLMxAsf7ekE\"><img loading=\"lazy\" decoding=\"async\" class=\"aligncenter wp-image-4881\" src=\"https:\/\/agora.xtec.cat\/iearts\/wp-content\/uploads\/usu1451\/2023\/03\/IMG_8588-scaled.jpg\" alt=\"\" width=\"255\" height=\"192\" srcset=\"https:\/\/agora.xtec.cat\/iearts\/wp-content\/uploads\/usu1451\/2023\/03\/IMG_8588-scaled.jpg 2560w, https:\/\/agora.xtec.cat\/iearts\/wp-content\/uploads\/usu1451\/2023\/03\/IMG_8588-300x225.jpg 300w, https:\/\/agora.xtec.cat\/iearts\/wp-content\/uploads\/usu1451\/2023\/03\/IMG_8588-1024x768.jpg 1024w, https:\/\/agora.xtec.cat\/iearts\/wp-content\/uploads\/usu1451\/2023\/03\/IMG_8588-768x576.jpg 768w, https:\/\/agora.xtec.cat\/iearts\/wp-content\/uploads\/usu1451\/2023\/03\/IMG_8588-1536x1152.jpg 1536w, https:\/\/agora.xtec.cat\/iearts\/wp-content\/uploads\/usu1451\/2023\/03\/IMG_8588-2048x1536.jpg 2048w, https:\/\/agora.xtec.cat\/iearts\/wp-content\/uploads\/usu1451\/2023\/03\/IMG_8588-200x150.jpg 200w\" sizes=\"auto, (max-width: 255px) 100vw, 255px\" \/><\/a><\/td>\n<td style=\"width: 33.333333%; height: 237px;\"><a href=\"https:\/\/youtu.be\/TmrzW2Irzvw\"><img loading=\"lazy\" decoding=\"async\" class=\"aligncenter wp-image-4880\" src=\"https:\/\/agora.xtec.cat\/iearts\/wp-content\/uploads\/usu1451\/2023\/03\/IMG_5701-scaled.jpg\" alt=\"\" width=\"244\" height=\"183\" srcset=\"https:\/\/agora.xtec.cat\/iearts\/wp-content\/uploads\/usu1451\/2023\/03\/IMG_5701-scaled.jpg 2560w, https:\/\/agora.xtec.cat\/iearts\/wp-content\/uploads\/usu1451\/2023\/03\/IMG_5701-300x225.jpg 300w, https:\/\/agora.xtec.cat\/iearts\/wp-content\/uploads\/usu1451\/2023\/03\/IMG_5701-1024x768.jpg 1024w, https:\/\/agora.xtec.cat\/iearts\/wp-content\/uploads\/usu1451\/2023\/03\/IMG_5701-768x576.jpg 768w, https:\/\/agora.xtec.cat\/iearts\/wp-content\/uploads\/usu1451\/2023\/03\/IMG_5701-1536x1152.jpg 1536w, https:\/\/agora.xtec.cat\/iearts\/wp-content\/uploads\/usu1451\/2023\/03\/IMG_5701-2048x1536.jpg 2048w, https:\/\/agora.xtec.cat\/iearts\/wp-content\/uploads\/usu1451\/2023\/03\/IMG_5701-200x150.jpg 200w\" sizes=\"auto, (max-width: 244px) 100vw, 244px\" \/><\/a><\/td>\n<\/tr>\n<tr style=\"height: 31px;\">\n<td style=\"width: 33.333333%; text-align: center; height: 31px;\"><a href=\"https:\/\/youtu.be\/rGdugq3jx8s\">L&#8217;ATELIER<\/a><\/td>\n<td style=\"width: 33.333333%; text-align: center; height: 31px;\"><a href=\"https:\/\/youtu.be\/FLMxAsf7ekE\">PETITES CIENT\u00cdFIQUES\u00a0<\/a><\/td>\n<td style=\"width: 33.333333%; text-align: center; height: 31px;\"><a href=\"https:\/\/youtu.be\/TmrzW2Irzvw\">JO, ROBOT<\/a><\/td>\n<\/tr>\n<\/tbody>\n<\/table>\n<h1 style=\"text-align: center;\"><\/h1>\n","protected":false},"excerpt":{"rendered":"<p><a href=\"https:\/\/www.iearts.cat\/\" target=\"_blank\" rel=\"noopener\">ESTRENEM NOVA WEB!!!!<\/a><br \/>\n<a style=\"color: #000000;\" href=\"https:\/\/www.iearts.cat\/\" target=\"_blank\" rel=\"noopener\">ACCEDIR-HI<\/a><br \/>\n&nbsp;<br \/>\n<a href=\"https:\/\/www.iearts.cat\/\" target=\"_blank\" rel=\"noopener\">L&#8217;Institut Escola ARTS fa un pas endavant per guanyar en proximitat i familiaritat cap a les fam\u00edlies i el seu entorn. \u00c9s per aquest motiu que disposa d&#8217;una p\u00e0gina web m\u00e9s intu\u00eftiva,&hellip;  <a href=\"https:\/\/agora.xtec.cat\/iearts\/\" title=\"Read _____________________________________________________________________________\">Llegeix m\u00e9s\u00bb<\/a><\/p>\n","protected":false},"author":1,"featured_media":0,"parent":0,"menu_order":0,"comment_status":"closed","ping_status":"closed","template":"","meta":{"_bbp_topic_count":0,"_bbp_reply_count":0,"_bbp_total_topic_count":0,"_bbp_total_reply_count":0,"_bbp_voice_count":0,"_bbp_anonymous_reply_count":0,"_bbp_topic_count_hidden":0,"_bbp_reply_count_hidden":0,"_bbp_forum_subforum_count":0,"footnotes":""},"class_list":["post-7","page","type-page","status-publish","hentry"],"post_mailing_queue_ids":[],"_links":{"self":[{"href":"https:\/\/agora.xtec.cat\/iearts\/wp-json\/wp\/v2\/pages\/7","targetHints":{"allow":["GET"]}}],"collection":[{"href":"https:\/\/agora.xtec.cat\/iearts\/wp-json\/wp\/v2\/pages"}],"about":[{"href":"https:\/\/agora.xtec.cat\/iearts\/wp-json\/wp\/v2\/types\/page"}],"author":[{"embeddable":true,"href":"https:\/\/agora.xtec.cat\/iearts\/wp-json\/wp\/v2\/users\/1"}],"replies":[{"embeddable":true,"href":"https:\/\/agora.xtec.cat\/iearts\/wp-json\/wp\/v2\/comments?post=7"}],"version-history":[{"count":6,"href":"https:\/\/agora.xtec.cat\/iearts\/wp-json\/wp\/v2\/pages\/7\/revisions"}],"predecessor-version":[{"id":5408,"href":"https:\/\/agora.xtec.cat\/iearts\/wp-json\/wp\/v2\/pages\/7\/revisions\/5408"}],"wp:attachment":[{"href":"https:\/\/agora.xtec.cat\/iearts\/wp-json\/wp\/v2\/media?parent=7"}],"curies":[{"name":"wp","href":"https:\/\/api.w.org\/{rel}","templated":true}]}}