{"id":1050,"date":"2020-01-29T16:51:58","date_gmt":"2020-01-29T15:51:58","guid":{"rendered":"https:\/\/agora.xtec.cat\/iearts\/?page_id=1050"},"modified":"2020-02-28T13:14:39","modified_gmt":"2020-02-28T12:14:39","slug":"acollida-matinal","status":"publish","type":"page","link":"https:\/\/agora.xtec.cat\/iearts\/serveis\/acollida-matinal\/","title":{"rendered":"Acollida matinal"},"content":{"rendered":"<p>Acollida matinal de 8.00 a 9.00 del mat\u00ed a l&#8217;Arts 1 (Monitora Ana Miguez) a l&#8217;Arts 2 (Monitora Carolina Coll)<\/p>\n<p>Acollida dels alumnes que tenen germans a l&#8217;Arts 1 que han de recollir a l&#8217;Arts 2: 16.00 a 16.30 (gratu\u00eft) (Monitora Micaela M\u00fa\u00f1oz)<\/p>\n","protected":false},"excerpt":{"rendered":"<p>Acollida matinal de 8.00 a 9.00 del mat\u00ed a l&#8217;Arts 1 (Monitora Ana Miguez) a l&#8217;Arts 2 (Monitora Carolina Coll)<br \/>\nAcollida dels alumnes que tenen germans a l&#8217;Arts 1 que han de recollir a l&#8217;Arts 2: 16.00 a 16.30 (gratu\u00eft) (Monitora Micaela M\u00fa\u00f1oz)<\/p>\n","protected":false},"author":1,"featured_media":0,"parent":63,"menu_order":10,"comment_status":"closed","ping_status":"closed","template":"page-templates\/side-menu.php","meta":{"_bbp_topic_count":0,"_bbp_reply_count":0,"_bbp_total_topic_count":0,"_bbp_total_reply_count":0,"_bbp_voice_count":0,"_bbp_anonymous_reply_count":0,"_bbp_topic_count_hidden":0,"_bbp_reply_count_hidden":0,"_bbp_forum_subforum_count":0,"footnotes":""},"class_list":["post-1050","page","type-page","status-publish","hentry"],"post_mailing_queue_ids":[],"_links":{"self":[{"href":"https:\/\/agora.xtec.cat\/iearts\/wp-json\/wp\/v2\/pages\/1050","targetHints":{"allow":["GET"]}}],"collection":[{"href":"https:\/\/agora.xtec.cat\/iearts\/wp-json\/wp\/v2\/pages"}],"about":[{"href":"https:\/\/agora.xtec.cat\/iearts\/wp-json\/wp\/v2\/types\/page"}],"author":[{"embeddable":true,"href":"https:\/\/agora.xtec.cat\/iearts\/wp-json\/wp\/v2\/users\/1"}],"replies":[{"embeddable":true,"href":"https:\/\/agora.xtec.cat\/iearts\/wp-json\/wp\/v2\/comments?post=1050"}],"version-history":[{"count":2,"href":"https:\/\/agora.xtec.cat\/iearts\/wp-json\/wp\/v2\/pages\/1050\/revisions"}],"predecessor-version":[{"id":1392,"href":"https:\/\/agora.xtec.cat\/iearts\/wp-json\/wp\/v2\/pages\/1050\/revisions\/1392"}],"up":[{"embeddable":true,"href":"https:\/\/agora.xtec.cat\/iearts\/wp-json\/wp\/v2\/pages\/63"}],"wp:attachment":[{"href":"https:\/\/agora.xtec.cat\/iearts\/wp-json\/wp\/v2\/media?parent=1050"}],"curies":[{"name":"wp","href":"https:\/\/api.w.org\/{rel}","templated":true}]}}