{"id":927,"date":"2017-02-20T16:50:05","date_gmt":"2017-02-20T15:50:05","guid":{"rendered":"http:\/\/agora.xtec.cat\/ieaoriolmartorell\/?page_id=927"},"modified":"2017-02-20T16:50:05","modified_gmt":"2017-02-20T15:50:05","slug":"estudis-dansa","status":"publish","type":"page","link":"https:\/\/agora.xtec.cat\/ieaoriolmartorell\/estudis-dansa\/","title":{"rendered":"Estudis dansa"},"content":{"rendered":"<ul>\n<li><span lang=\"CA\">INICIACI\u00d3 ALS ENSENYAMENTS INTEGRATS ELEMENTALS DE MUSICA I DANSA (CICLE INICIAL DE PRIM\u00c0RIA)<u><\/u><u><\/u><\/span><\/li>\n<li><span lang=\"CA\">ENSENYAMENTS INTEGRATS ELEMENTALS DE DANSA (CICLES MITJ\u00c0 I SUPERIOR DE PRIM\u00c0RIA)<u><\/u><u><\/u><\/span><\/li>\n<li><span lang=\"CA\">ENSENYAMENTS INTEGRATS DE GRAU PROFESSIONAL DE DANSA ESPECIALITATS DE DANSA CL\u00c0SSICA I DANSA CONTEMPOR\u00c0NIA (ESO I BATXILLERAT ARTS ESC\u00c8NIQUES)<\/span><\/li>\n<\/ul>\n","protected":false},"excerpt":{"rendered":"<ul>\n<li>INICIACI\u00d3 ALS ENSENYAMENTS INTEGRATS ELEMENTALS DE MUSICA I DANSA (CICLE INICIAL DE PRIM\u00c0RIA)<\/li>\n<li>ENSENYAMENTS INTEGRATS ELEMENTALS DE DANSA (CICLES MITJ\u00c0 I SUPERIOR DE PRIM\u00c0RIA)<\/li>\n<li>ENSENYAMENTS INTEGRATS DE GRAU PROFESSIONAL DE DANSA ESPECIALITATS DE DANSA CL\u00c0SSICA I DANSA CONTEMPOR\u00c0NIA (ESO I BATXILLERAT ARTS ESC\u00c8NIQUES)<\/li>\n<\/ul>\n","protected":false},"author":1,"featured_media":0,"parent":0,"menu_order":0,"comment_status":"closed","ping_status":"closed","template":"","meta":{"_bbp_topic_count":0,"_bbp_reply_count":0,"_bbp_total_topic_count":0,"_bbp_total_reply_count":0,"_bbp_voice_count":0,"_bbp_anonymous_reply_count":0,"_bbp_topic_count_hidden":0,"_bbp_reply_count_hidden":0,"_bbp_forum_subforum_count":0,"footnotes":""},"class_list":["post-927","page","type-page","status-publish","hentry"],"post_mailing_queue_ids":[],"_links":{"self":[{"href":"https:\/\/agora.xtec.cat\/ieaoriolmartorell\/wp-json\/wp\/v2\/pages\/927","targetHints":{"allow":["GET"]}}],"collection":[{"href":"https:\/\/agora.xtec.cat\/ieaoriolmartorell\/wp-json\/wp\/v2\/pages"}],"about":[{"href":"https:\/\/agora.xtec.cat\/ieaoriolmartorell\/wp-json\/wp\/v2\/types\/page"}],"author":[{"embeddable":true,"href":"https:\/\/agora.xtec.cat\/ieaoriolmartorell\/wp-json\/wp\/v2\/users\/1"}],"replies":[{"embeddable":true,"href":"https:\/\/agora.xtec.cat\/ieaoriolmartorell\/wp-json\/wp\/v2\/comments?post=927"}],"version-history":[{"count":2,"href":"https:\/\/agora.xtec.cat\/ieaoriolmartorell\/wp-json\/wp\/v2\/pages\/927\/revisions"}],"predecessor-version":[{"id":930,"href":"https:\/\/agora.xtec.cat\/ieaoriolmartorell\/wp-json\/wp\/v2\/pages\/927\/revisions\/930"}],"wp:attachment":[{"href":"https:\/\/agora.xtec.cat\/ieaoriolmartorell\/wp-json\/wp\/v2\/media?parent=927"}],"curies":[{"name":"wp","href":"https:\/\/api.w.org\/{rel}","templated":true}]}}