{"id":3962,"date":"2021-04-08T11:44:38","date_gmt":"2021-04-08T09:44:38","guid":{"rendered":"https:\/\/agora.xtec.cat\/ieaoriolmartorell\/?page_id=3962"},"modified":"2024-05-13T12:47:07","modified_gmt":"2024-05-13T10:47:07","slug":"cfgs-darts-esceniques","status":"publish","type":"page","link":"https:\/\/agora.xtec.cat\/ieaoriolmartorell\/cfgs-darts-esceniques\/","title":{"rendered":"CFGS de Direcci\u00f3 Coral"},"content":{"rendered":"<p><img loading=\"lazy\" decoding=\"async\" class=\"alignnone wp-image-3963 size-full\" src=\"https:\/\/agora.xtec.cat\/ieaoriolmartorell\/wp-content\/uploads\/usu167\/2021\/04\/Proves-dacc\u00e9s-a-Cicle-Inicial.png\" alt=\"\" width=\"1200\" height=\"150\" srcset=\"https:\/\/agora.xtec.cat\/ieaoriolmartorell\/wp-content\/uploads\/usu167\/2021\/04\/Proves-dacc\u00e9s-a-Cicle-Inicial.png 1200w, https:\/\/agora.xtec.cat\/ieaoriolmartorell\/wp-content\/uploads\/usu167\/2021\/04\/Proves-dacc\u00e9s-a-Cicle-Inicial-300x38.png 300w, https:\/\/agora.xtec.cat\/ieaoriolmartorell\/wp-content\/uploads\/usu167\/2021\/04\/Proves-dacc\u00e9s-a-Cicle-Inicial-768x96.png 768w, https:\/\/agora.xtec.cat\/ieaoriolmartorell\/wp-content\/uploads\/usu167\/2021\/04\/Proves-dacc\u00e9s-a-Cicle-Inicial-1024x128.png 1024w\" sizes=\"auto, (max-width: 1200px) 100vw, 1200px\" \/><\/p>\n<p>El Cicle Formatiu de Grau Superior en T\u00e8cniques en Direcci\u00f3 Coral, emmarcat dintre de les Arts Esc\u00e8niques, es crea fruit de la necessitat de formaci\u00f3 expressada per aquest sector i per les diferents entitats que en formen part. La compet\u00e8ncia general que s\u2019atorgar\u00e0 a trav\u00e9s d\u2019aquests nous estudis \u00e9s la de saber aplicar les t\u00e8cniques de direcci\u00f3 coral, basades en l\u2019elaboraci\u00f3 personal d\u2019un repertori musical i vocal, i en t\u00e8cniques d\u2019expressi\u00f3 art\u00edstica i comunicaci\u00f3. Tamb\u00e9 el fet de ser capa\u00e7 de gestionar el projecte musical i les relacions amb l\u2019equip art\u00edstic i l\u2019organitzaci\u00f3, sigui en actuaci\u00f3 en viu o enregistrament amb criteris art\u00edstics, de qualitat i de seguretat.<\/p>\n<p style=\"text-align: center;\">ANAR A LA NOVA P\u00c0GINA WEB:<\/p>\n<p style=\"text-align: center;\"><a href=\"https:\/\/sites.google.com\/ieaoriolmartorell.cat\/cicleformatiu\/inici\"><em><strong>CICLE FORMATIU DE GRAU SUPERIOR EN T\u00c8CNIQUES EN DIRECCI\u00d3 CORAL&gt;&gt;<\/strong><\/em><\/a><\/p>\n<hr \/>\n<h6>CONTACTA AMB NOSALTRES<\/h6>\n<hr \/>\n<p style=\"text-align: left;\">Per qualsevol dubte o aclariment respecte als ensenyaments del <strong><em>CFGS T\u00e8cniques en Direcci\u00f3 Coral<\/em><\/strong> podeu contactar mitjan\u00e7ant el correu electr\u00f2nic:<\/p>\n<p style=\"text-align: center;\"><a href=\"mailto:coordinaciomusica@ieaoriolmartorell.cat\">cfdirecciocoral@ieaoriolmartorell.cat<\/a><\/p>\n<p><img loading=\"lazy\" decoding=\"async\" class=\"size-full wp-image-3979 alignnone\" src=\"https:\/\/agora.xtec.cat\/ieaoriolmartorell\/wp-content\/uploads\/usu167\/2021\/04\/Proves-dacc\u00e9s-a-Cicle-Inicial-2.png\" alt=\"\" width=\"1200\" height=\"150\" srcset=\"https:\/\/agora.xtec.cat\/ieaoriolmartorell\/wp-content\/uploads\/usu167\/2021\/04\/Proves-dacc\u00e9s-a-Cicle-Inicial-2.png 1200w, https:\/\/agora.xtec.cat\/ieaoriolmartorell\/wp-content\/uploads\/usu167\/2021\/04\/Proves-dacc\u00e9s-a-Cicle-Inicial-2-300x38.png 300w, https:\/\/agora.xtec.cat\/ieaoriolmartorell\/wp-content\/uploads\/usu167\/2021\/04\/Proves-dacc\u00e9s-a-Cicle-Inicial-2-768x96.png 768w, https:\/\/agora.xtec.cat\/ieaoriolmartorell\/wp-content\/uploads\/usu167\/2021\/04\/Proves-dacc\u00e9s-a-Cicle-Inicial-2-1024x128.png 1024w\" sizes=\"auto, (max-width: 1200px) 100vw, 1200px\" \/><\/p>\n","protected":false},"excerpt":{"rendered":"<p>El Cicle Formatiu de Grau Superior en T\u00e8cniques en Direcci\u00f3 Coral, emmarcat dintre de les Arts Esc\u00e8niques, es crea fruit de la necessitat de formaci\u00f3 expressada per aquest sector i per les diferents entitats que en formen part. La compet\u00e8ncia general que s\u2019atorgar\u00e0 a trav\u00e9s&hellip;  <a href=\"https:\/\/agora.xtec.cat\/ieaoriolmartorell\/cfgs-darts-esceniques\/\" title=\"Read CFGS de Direcci\u00f3 Coral\">Llegeix m\u00e9s\u00bb<\/a><\/p>\n","protected":false},"author":3,"featured_media":0,"parent":0,"menu_order":0,"comment_status":"closed","ping_status":"closed","template":"page-templates\/side-menu.php","meta":{"_bbp_topic_count":0,"_bbp_reply_count":0,"_bbp_total_topic_count":0,"_bbp_total_reply_count":0,"_bbp_voice_count":0,"_bbp_anonymous_reply_count":0,"_bbp_topic_count_hidden":0,"_bbp_reply_count_hidden":0,"_bbp_forum_subforum_count":0,"footnotes":""},"class_list":["post-3962","page","type-page","status-publish","hentry"],"post_mailing_queue_ids":[],"_links":{"self":[{"href":"https:\/\/agora.xtec.cat\/ieaoriolmartorell\/wp-json\/wp\/v2\/pages\/3962","targetHints":{"allow":["GET"]}}],"collection":[{"href":"https:\/\/agora.xtec.cat\/ieaoriolmartorell\/wp-json\/wp\/v2\/pages"}],"about":[{"href":"https:\/\/agora.xtec.cat\/ieaoriolmartorell\/wp-json\/wp\/v2\/types\/page"}],"author":[{"embeddable":true,"href":"https:\/\/agora.xtec.cat\/ieaoriolmartorell\/wp-json\/wp\/v2\/users\/3"}],"replies":[{"embeddable":true,"href":"https:\/\/agora.xtec.cat\/ieaoriolmartorell\/wp-json\/wp\/v2\/comments?post=3962"}],"version-history":[{"count":5,"href":"https:\/\/agora.xtec.cat\/ieaoriolmartorell\/wp-json\/wp\/v2\/pages\/3962\/revisions"}],"predecessor-version":[{"id":5758,"href":"https:\/\/agora.xtec.cat\/ieaoriolmartorell\/wp-json\/wp\/v2\/pages\/3962\/revisions\/5758"}],"wp:attachment":[{"href":"https:\/\/agora.xtec.cat\/ieaoriolmartorell\/wp-json\/wp\/v2\/media?parent=3962"}],"curies":[{"name":"wp","href":"https:\/\/api.w.org\/{rel}","templated":true}]}}