{"id":3884,"date":"2021-03-12T22:35:49","date_gmt":"2021-03-12T21:35:49","guid":{"rendered":"https:\/\/agora.xtec.cat\/ieaoriolmartorell\/?page_id=3884"},"modified":"2022-02-01T11:21:04","modified_gmt":"2022-02-01T10:21:04","slug":"oferta-de-places","status":"publish","type":"page","link":"https:\/\/agora.xtec.cat\/ieaoriolmartorell\/oferta-de-places\/","title":{"rendered":"Oferta de places"},"content":{"rendered":"<hr \/>\n<h6><strong>OFERTA DE PLACES PER AL CURS 2021-2022<\/strong><\/h6>\n<hr \/>\n<p>Podeu consultar les vacants que oferim inicialment per aquest curs 2021-2022 en les especialitats de m\u00fasica i dansa dintre dels ensenyaments elementals i del grau professional.<\/p>\n<blockquote><p><strong>PRIM\u00c0RIA<\/strong><\/p><\/blockquote>\n<p><a href=\"https:\/\/drive.google.com\/file\/d\/186ux7eLx_perRzv97yFGTKu9vx5HK4am\/view?usp=sharing\"><strong>Oferta FINAL de places a Prim\u00e0ria (Ensenyaments elementals de M\u00fasica i Dansa).<\/strong><\/a><\/p>\n<p><a href=\"https:\/\/drive.google.com\/file\/d\/1Ev7IHo34qk3XBiXviCoa7IW-lmdAYMpZ\/view?usp=sharing\"><strong>Oferta inicial de places a Prim\u00e0ria (Ensenyaments elementals de M\u00fasica i Dansa).<\/strong><\/a><\/p>\n<blockquote><p><strong>SECUND\u00c0RIA<\/strong><\/p><\/blockquote>\n<blockquote><p>M\u00daSICA<\/p><\/blockquote>\n<p><a href=\"https:\/\/drive.google.com\/file\/d\/1Cdq8udhCNAlSLALNO5rU1ZIhDBPQkAwL\/view?usp=sharing\"><strong>Oferta FINAL de places a Secund\u00e0ria (Grau Professional de M\u00fasica).<\/strong><\/a><\/p>\n<p><a href=\"https:\/\/drive.google.com\/file\/d\/1DdiqJDTC0nKPSFXGxlMjXvyslnHPEQvW\/view?usp=sharing\"><strong>Oferta inicial de places a Secund\u00e0ria (Grau Professional de M\u00fasica).<\/strong><\/a><\/p>\n<p><a href=\"https:\/\/drive.google.com\/file\/d\/1MgXE-RQjmPq5HMjmwcEPhM9x01MsuxPK\/view?usp=sharing\"><strong>Informaci\u00f3 sobre l&#8217;oferta inicial de places a Secund\u00e0ria segons instrument i curs (Grau Professional de M\u00fasica).<\/strong><\/a><\/p>\n<blockquote><p>DANSA<\/p><\/blockquote>\n<p><a href=\"https:\/\/drive.google.com\/file\/d\/15gy7cNxjlWAIIlfe7hN6u4_5EJELrlVB\/view?usp=sharing\"><strong>Oferta FINAL de places a Secund\u00e0ria (Grau Professional de Dansa).<\/strong><\/a><\/p>\n<p><a href=\"https:\/\/drive.google.com\/file\/d\/1t8Kb1OiC_kVXMgzGtqHqCQgq_t1lJHKK\/view?usp=sharing\"><strong>Oferta inicial de places a Secund\u00e0ria (Grau Professional de Dansa).<\/strong><\/a><\/p>\n<p><img loading=\"lazy\" decoding=\"async\" class=\"alignleft wp-image-3719 size-full\" src=\"https:\/\/agora.xtec.cat\/ieaoriolmartorell\/wp-content\/uploads\/usu167\/2021\/02\/16.png\" alt=\"\" width=\"1000\" height=\"220\" srcset=\"https:\/\/agora.xtec.cat\/ieaoriolmartorell\/wp-content\/uploads\/usu167\/2021\/02\/16.png 1000w, https:\/\/agora.xtec.cat\/ieaoriolmartorell\/wp-content\/uploads\/usu167\/2021\/02\/16-300x66.png 300w, https:\/\/agora.xtec.cat\/ieaoriolmartorell\/wp-content\/uploads\/usu167\/2021\/02\/16-768x169.png 768w\" sizes=\"auto, (max-width: 1000px) 100vw, 1000px\" \/><\/p>\n<p>&nbsp;<\/p>\n<p>&nbsp;<\/p>\n<p>&nbsp;<\/p>\n<p>&nbsp;<\/p>\n","protected":false},"excerpt":{"rendered":"<p>OFERTA DE PLACES PER AL CURS 2021-2022<\/p>\n<p>Podeu consultar les vacants que oferim inicialment per aquest curs 2021-2022 en les especialitats de m\u00fasica i dansa dintre dels ensenyaments elementals i del grau professional.<br \/>\nPRIM\u00c0RIA<br \/>\n<a href=\"https:\/\/drive.google.com\/file\/d\/186ux7eLx_perRzv97yFGTKu9vx5HK4am\/view?usp=sharing\">Oferta FINAL de places a Prim\u00e0ria (Ensenyaments elementals de M\u00fasica i Dansa).<\/a><br \/>\n<a href=\"https:\/\/drive.google.com\/file\/d\/1Ev7IHo34qk3XBiXviCoa7IW-lmdAYMpZ\/view?usp=sharing\">Oferta&hellip;  <a href=\"https:\/\/agora.xtec.cat\/ieaoriolmartorell\/oferta-de-places\/\" title=\"Read Oferta de places\">Llegeix m\u00e9s\u00bb<\/a><\/p>\n","protected":false},"author":3,"featured_media":0,"parent":0,"menu_order":0,"comment_status":"closed","ping_status":"closed","template":"page-templates\/side-menu.php","meta":{"_bbp_topic_count":0,"_bbp_reply_count":0,"_bbp_total_topic_count":0,"_bbp_total_reply_count":0,"_bbp_voice_count":0,"_bbp_anonymous_reply_count":0,"_bbp_topic_count_hidden":0,"_bbp_reply_count_hidden":0,"_bbp_forum_subforum_count":0,"footnotes":""},"class_list":["post-3884","page","type-page","status-publish","hentry"],"post_mailing_queue_ids":[],"_links":{"self":[{"href":"https:\/\/agora.xtec.cat\/ieaoriolmartorell\/wp-json\/wp\/v2\/pages\/3884","targetHints":{"allow":["GET"]}}],"collection":[{"href":"https:\/\/agora.xtec.cat\/ieaoriolmartorell\/wp-json\/wp\/v2\/pages"}],"about":[{"href":"https:\/\/agora.xtec.cat\/ieaoriolmartorell\/wp-json\/wp\/v2\/types\/page"}],"author":[{"embeddable":true,"href":"https:\/\/agora.xtec.cat\/ieaoriolmartorell\/wp-json\/wp\/v2\/users\/3"}],"replies":[{"embeddable":true,"href":"https:\/\/agora.xtec.cat\/ieaoriolmartorell\/wp-json\/wp\/v2\/comments?post=3884"}],"version-history":[{"count":3,"href":"https:\/\/agora.xtec.cat\/ieaoriolmartorell\/wp-json\/wp\/v2\/pages\/3884\/revisions"}],"predecessor-version":[{"id":4164,"href":"https:\/\/agora.xtec.cat\/ieaoriolmartorell\/wp-json\/wp\/v2\/pages\/3884\/revisions\/4164"}],"wp:attachment":[{"href":"https:\/\/agora.xtec.cat\/ieaoriolmartorell\/wp-json\/wp\/v2\/media?parent=3884"}],"curies":[{"name":"wp","href":"https:\/\/api.w.org\/{rel}","templated":true}]}}