{"id":3795,"date":"2021-02-17T00:58:06","date_gmt":"2021-02-16T23:58:06","guid":{"rendered":"https:\/\/agora.xtec.cat\/ieaoriolmartorell\/?page_id=3795"},"modified":"2025-01-17T16:31:14","modified_gmt":"2025-01-17T15:31:14","slug":"portes-obertes","status":"publish","type":"page","link":"https:\/\/agora.xtec.cat\/ieaoriolmartorell\/futursestudiants\/portes-obertes\/","title":{"rendered":"Portes Obertes_Curs25\/26"},"content":{"rendered":"<p><a href=\"https:\/\/agora.xtec.cat\/ieaoriolmartorell\/wp-content\/uploads\/usu167\/2024\/01\/PORTES-OBERTES-5-scaled.jpg\"><img loading=\"lazy\" decoding=\"async\" class=\"alignleft wp-image-5887 size-large\" src=\"https:\/\/agora.xtec.cat\/ieaoriolmartorell\/wp-content\/uploads\/usu167\/2025\/01\/Portes-Obertes_2526-1024x474.png\" alt=\"\" width=\"1024\" height=\"474\" srcset=\"https:\/\/agora.xtec.cat\/ieaoriolmartorell\/wp-content\/uploads\/usu167\/2025\/01\/Portes-Obertes_2526-1024x474.png 1024w, https:\/\/agora.xtec.cat\/ieaoriolmartorell\/wp-content\/uploads\/usu167\/2025\/01\/Portes-Obertes_2526-300x139.png 300w, https:\/\/agora.xtec.cat\/ieaoriolmartorell\/wp-content\/uploads\/usu167\/2025\/01\/Portes-Obertes_2526-768x356.png 768w, https:\/\/agora.xtec.cat\/ieaoriolmartorell\/wp-content\/uploads\/usu167\/2025\/01\/Portes-Obertes_2526.png 1080w\" sizes=\"auto, (max-width: 1024px) 100vw, 1024px\" \/><\/a><\/p>\n<p>La jornada de <span style=\"color: #087eb6;\"><strong>Portes Obertes<\/strong><\/span> torna de manera presencial.<\/p>\n<p>Aquesta proposta vol mantenir els eixos fonamentals de l&#8217;activitat i com a resultat podreu assistir a les sessions informatives de cada etapa, de la m\u00e0 dels representants dels equips de <span style=\"color: #087eb6;\"><strong>Dansa<\/strong>, <strong>M\u00fasica<\/strong><\/span>, <span style=\"color: #087eb6;\"><strong>Prim\u00e0ria<\/strong> i <strong>Secund\u00e0ria<\/strong><\/span>, amb els quals podreu comunicar-vos directament perqu\u00e8 pugueu resoldre qualsevol dubte relacionat amb els estudis i el centre.<\/p>\n<p><strong>Benvinguts al vostre primer dia a l&#8217;Oriol!<\/strong><\/p>\n<p><strong>Apunta-t&#8217;hi &gt;&gt; 1 de febrer de 2025<\/strong><\/p>\n<hr \/>\n<h6><strong>Sessions Informatives i formulari d&#8217;inscripci\u00f3 a les Portes Obertes<\/strong><\/h6>\n<hr \/>\n<p><strong>Sessi\u00f3 1<\/strong>: Ensenyaments integrats a Prim\u00e0ria (Edifici de Prim\u00e0ria: 9:00h-11:00h).<\/p>\n<p><strong>Sessi\u00f3 2<\/strong>: Ensenyaments integrats a Secund\u00e0ria (Edifici de Secund\u00e0ria: 11:30h-13:00h).<\/p>\n<p style=\"text-align: center;\"><a href=\"https:\/\/docs.google.com\/forms\/d\/e\/1FAIpQLSfDhs7KH5aefuK8km08K8EV8pAdhG4ADnsFKyqqZeff4YXaEg\/viewform?fbclid=PAY2xjawH1wmhleHRuA2FlbQIxMQABprdzeLwV3zHWUFXLaG_vQ9bEL2H2HQXDcpTqyYJqPukdtVOZtGqmgVgACw_aem_BLQIWFDqAPVqL39MT0LwZw\"><strong><span style=\"background-color: #00ffff;\">INSCRIU-TE&gt;&gt;<\/span><\/strong><\/a><\/p>\n<p style=\"text-align: left;\">\n<hr \/>\n<p><img decoding=\"async\" src=\"https:\/\/agora.xtec.cat\/ieaoriolmartorell\/wp-content\/uploads\/usu167\/2021\/02\/unnamed-e1612465026132-1024x268.jpg\" \/><\/p>\n","protected":false},"excerpt":{"rendered":"<p><a href=\"https:\/\/agora.xtec.cat\/ieaoriolmartorell\/wp-content\/uploads\/usu167\/2024\/01\/PORTES-OBERTES-5-scaled.jpg\"><\/a><br \/>\nLa jornada de Portes Obertes torna de manera presencial.<br \/>\nAquesta proposta vol mantenir els eixos fonamentals de l&#8217;activitat i com a resultat podreu assistir a les sessions informatives de cada etapa, de la m\u00e0 dels representants dels equips de Dansa, M\u00fasica, Prim\u00e0ria i Secund\u00e0ria, amb&hellip;  <a href=\"https:\/\/agora.xtec.cat\/ieaoriolmartorell\/futursestudiants\/portes-obertes\/\" title=\"Read Portes Obertes_Curs25\/26\">Llegeix m\u00e9s\u00bb<\/a><\/p>\n","protected":false},"author":3,"featured_media":0,"parent":3587,"menu_order":0,"comment_status":"closed","ping_status":"closed","template":"page-templates\/side-menu.php","meta":{"_bbp_topic_count":0,"_bbp_reply_count":0,"_bbp_total_topic_count":0,"_bbp_total_reply_count":0,"_bbp_voice_count":0,"_bbp_anonymous_reply_count":0,"_bbp_topic_count_hidden":0,"_bbp_reply_count_hidden":0,"_bbp_forum_subforum_count":0,"footnotes":""},"class_list":["post-3795","page","type-page","status-publish","hentry"],"post_mailing_queue_ids":[],"_links":{"self":[{"href":"https:\/\/agora.xtec.cat\/ieaoriolmartorell\/wp-json\/wp\/v2\/pages\/3795","targetHints":{"allow":["GET"]}}],"collection":[{"href":"https:\/\/agora.xtec.cat\/ieaoriolmartorell\/wp-json\/wp\/v2\/pages"}],"about":[{"href":"https:\/\/agora.xtec.cat\/ieaoriolmartorell\/wp-json\/wp\/v2\/types\/page"}],"author":[{"embeddable":true,"href":"https:\/\/agora.xtec.cat\/ieaoriolmartorell\/wp-json\/wp\/v2\/users\/3"}],"replies":[{"embeddable":true,"href":"https:\/\/agora.xtec.cat\/ieaoriolmartorell\/wp-json\/wp\/v2\/comments?post=3795"}],"version-history":[{"count":6,"href":"https:\/\/agora.xtec.cat\/ieaoriolmartorell\/wp-json\/wp\/v2\/pages\/3795\/revisions"}],"predecessor-version":[{"id":5890,"href":"https:\/\/agora.xtec.cat\/ieaoriolmartorell\/wp-json\/wp\/v2\/pages\/3795\/revisions\/5890"}],"up":[{"embeddable":true,"href":"https:\/\/agora.xtec.cat\/ieaoriolmartorell\/wp-json\/wp\/v2\/pages\/3587"}],"wp:attachment":[{"href":"https:\/\/agora.xtec.cat\/ieaoriolmartorell\/wp-json\/wp\/v2\/media?parent=3795"}],"curies":[{"name":"wp","href":"https:\/\/api.w.org\/{rel}","templated":true}]}}