{"id":1307,"date":"2018-02-06T16:17:37","date_gmt":"2018-02-06T15:17:37","guid":{"rendered":"http:\/\/agora.xtec.cat\/ieaoriolmartorell\/?page_id=1307"},"modified":"2022-11-08T09:45:16","modified_gmt":"2022-11-08T08:45:16","slug":"cicle-musica-cambra","status":"publish","type":"page","link":"https:\/\/agora.xtec.cat\/ieaoriolmartorell\/musica\/cicle-musica-cambra\/","title":{"rendered":"VI Cicle de M\u00fasica de Cambra"},"content":{"rendered":"<p><a href=\"https:\/\/www.canva.com\/design\/DADx6sAIcp4\/5eYBO7tZJemjzzZooNq4wg\/view?website#4:iii-cicle-de-m-sica-de-cambra_d-hivern\"><img loading=\"lazy\" decoding=\"async\" class=\"wp-image-5045 size-full alignnone\" src=\"https:\/\/agora.xtec.cat\/ieaoriolmartorell\/wp-content\/uploads\/usu167\/2022\/11\/1024x260-2.png\" alt=\"\" width=\"1024\" height=\"260\" srcset=\"https:\/\/agora.xtec.cat\/ieaoriolmartorell\/wp-content\/uploads\/usu167\/2022\/11\/1024x260-2.png 1024w, https:\/\/agora.xtec.cat\/ieaoriolmartorell\/wp-content\/uploads\/usu167\/2022\/11\/1024x260-2-300x76.png 300w, https:\/\/agora.xtec.cat\/ieaoriolmartorell\/wp-content\/uploads\/usu167\/2022\/11\/1024x260-2-768x195.png 768w\" sizes=\"auto, (max-width: 1024px) 100vw, 1024px\" \/><\/a><\/p>\n<p>El Cicle de concerts de m\u00fasica de cambra vol ser un espai per potenciar l&#8217;aprenentatge dels nostres joves int\u00e8rprets i donar a con\u00e8ixer la feina que fan des de l&#8217;assignatura de m\u00fasica de cambra dintre el grau professional de m\u00fasica. Tots els grups de cambra, des de 1r d&#8217;ESO fins a Batxillerat, tenen l&#8217;oportunitat de poder participar dintre d&#8217;aquest cicle, repartits en diferents moments del curs acad\u00e8mic on hi haur\u00e0 dos cicles, el d&#8217;hivern i el de primavera.<\/p>\n<p>Dintre de cada concert podreu trobar grups de cambra de diferents especialitats i diferents formacions que poden anar des de duos, trios, quartets i quintets. Per tant, una oportunitat per poder escoltar un repertori molt variat de m\u00fasica de cambra de diferents instruments i formacions cambr\u00edstiques dintre d&#8217;un mateix concert.<\/p>\n<p><img loading=\"lazy\" decoding=\"async\" class=\"alignnone wp-image-5050 size-medium\" src=\"https:\/\/agora.xtec.cat\/ieaoriolmartorell\/wp-content\/uploads\/usu167\/2022\/11\/52134135570_d98cd7c2ea_c-300x200.jpg\" alt=\"\" width=\"300\" height=\"200\" srcset=\"https:\/\/agora.xtec.cat\/ieaoriolmartorell\/wp-content\/uploads\/usu167\/2022\/11\/52134135570_d98cd7c2ea_c-300x200.jpg 300w, https:\/\/agora.xtec.cat\/ieaoriolmartorell\/wp-content\/uploads\/usu167\/2022\/11\/52134135570_d98cd7c2ea_c-768x512.jpg 768w, https:\/\/agora.xtec.cat\/ieaoriolmartorell\/wp-content\/uploads\/usu167\/2022\/11\/52134135570_d98cd7c2ea_c.jpg 799w\" sizes=\"auto, (max-width: 300px) 100vw, 300px\" \/> <img loading=\"lazy\" decoding=\"async\" class=\"wp-image-5048 size-medium alignnone\" src=\"https:\/\/agora.xtec.cat\/ieaoriolmartorell\/wp-content\/uploads\/usu167\/2022\/11\/52134582512_ce54730d32_k-300x200.jpg\" alt=\"\" width=\"300\" height=\"200\" srcset=\"https:\/\/agora.xtec.cat\/ieaoriolmartorell\/wp-content\/uploads\/usu167\/2022\/11\/52134582512_ce54730d32_k-300x200.jpg 300w, https:\/\/agora.xtec.cat\/ieaoriolmartorell\/wp-content\/uploads\/usu167\/2022\/11\/52134582512_ce54730d32_k-1024x683.jpg 1024w, https:\/\/agora.xtec.cat\/ieaoriolmartorell\/wp-content\/uploads\/usu167\/2022\/11\/52134582512_ce54730d32_k-768x512.jpg 768w, https:\/\/agora.xtec.cat\/ieaoriolmartorell\/wp-content\/uploads\/usu167\/2022\/11\/52134582512_ce54730d32_k-1536x1024.jpg 1536w, https:\/\/agora.xtec.cat\/ieaoriolmartorell\/wp-content\/uploads\/usu167\/2022\/11\/52134582512_ce54730d32_k.jpg 2048w\" sizes=\"auto, (max-width: 300px) 100vw, 300px\" \/><\/p>\n<p>&nbsp;<\/p>\n<hr \/>\n<h6>CALENDARI<\/h6>\n<hr \/>\n<p>El <em><strong>VI Cicle de M\u00fasica de Cambra\u00a0<\/strong><\/em>consta d&#8217;un primer cicle, el\u00a0<strong>Cicle d&#8217;Hivern<\/strong>, el qual es dur\u00e0 a terme del<strong>\u00a023 de febrer al 2 de mar\u00e7 de 2023.\u00a0<\/strong>I cap al final del tercer trimestre, hi haur\u00e0 el\u00a0<strong>Cicle de Primavera,\u00a0<\/strong>on hi ha dos concerts programats per als dies\u00a0<strong>7 i 8 de juny de 2023<\/strong>.<\/p>\n<p>Ambd\u00f3s cicles tindran lloc a la sala de concerts de l&#8217;edifici de Secund\u00e0ria de l&#8217;<strong>IEA Oriol Martorell<\/strong>\u00a0i a la Sala de Llevant de la\u00a0<strong>Biblioteca de Catalunya<\/strong>.<\/p>\n<p>&nbsp;<\/p>\n<hr \/>\n<h6>PARTICIPA COM ALUMNI<\/h6>\n<hr \/>\n<p>A m\u00e9s, volem donar l&#8217;oportunitat als nostres <em><strong>ALUMNIS<\/strong><\/em> de tocar dintre el cicle de concerts amb els seus respectius grups de m\u00fasica de cambra, els quals podran participar en els concerts que es realitzaran a la Biblioteca de Catalunya. Per tant, si sou <strong><em>ALUMNI <\/em><\/strong>que formeu part d&#8217;un grup de cambra i voleu participar en el <strong>VI Cicle de M\u00fasica de Cambra<\/strong>, feu-nos arribar les vostres propostes amb les vostres dades i les caracter\u00edstiques del vostre grup cambr\u00edstic i de repertori.<\/p>\n<p style=\"text-align: center;\"><img loading=\"lazy\" decoding=\"async\" class=\"wp-image-5051 alignnone\" src=\"https:\/\/agora.xtec.cat\/ieaoriolmartorell\/wp-content\/uploads\/usu167\/2022\/11\/52134135730_6df399e7e1_c.jpg\" alt=\"\" width=\"696\" height=\"464\" srcset=\"https:\/\/agora.xtec.cat\/ieaoriolmartorell\/wp-content\/uploads\/usu167\/2022\/11\/52134135730_6df399e7e1_c.jpg 799w, https:\/\/agora.xtec.cat\/ieaoriolmartorell\/wp-content\/uploads\/usu167\/2022\/11\/52134135730_6df399e7e1_c-300x200.jpg 300w, https:\/\/agora.xtec.cat\/ieaoriolmartorell\/wp-content\/uploads\/usu167\/2022\/11\/52134135730_6df399e7e1_c-768x512.jpg 768w\" sizes=\"auto, (max-width: 696px) 100vw, 696px\" \/><\/p>\n<p>&nbsp;<\/p>\n<p style=\"text-align: center;\"><span style=\"font-size: 10pt;\">Enviar-ho a: <strong>musicadecambra@ieaoriolmartorell.cat\u00a0 \u00a0<\/strong>\u00a0 <\/span><\/p>\n<p style=\"text-align: center;\"><span style=\"font-size: 10pt;\">Termini per rebre les propostes: <\/span><\/p>\n<p style=\"text-align: center;\"><span style=\"font-size: 10pt;\"><strong>15 de desembre de 2023 (Cicle d&#8217;Hivern)<\/strong><\/span><\/p>\n<p style=\"text-align: center;\"><span style=\"font-size: 10pt;\"><strong>30 de mar\u00e7 de 2023 (Cicle de Primavera)<\/strong><\/span><\/p>\n<p style=\"text-align: center;\"><span style=\"font-size: 10pt;\">_____________________________<\/span><\/p>\n<p style=\"text-align: center;\"><span style=\"font-size: 10pt;\">Dates concerts:<\/span><\/p>\n<p style=\"text-align: center;\"><span style=\"font-size: 10pt;\"><b>dimecres 1 i dijous 2 de mar\u00e7 de 2023\u00a0<\/b><\/span><\/p>\n<p style=\"text-align: center;\"><span style=\"font-size: 10pt;\">20.30 a la Biblioteca de Catalunya<\/span><\/p>\n<p style=\"text-align: center;\"><span style=\"font-size: 10pt;\"><b>dimecres 7 i dijous 8 de juny de 2023<\/b>\u00a0 <\/span><\/p>\n<p style=\"text-align: center;\"><span style=\"font-size: 10pt;\">20.30 a la Biblioteca de Catalunya.<\/span><\/p>\n<hr \/>\n<p>&nbsp;<\/p>\n<p><img loading=\"lazy\" decoding=\"async\" class=\"size-full wp-image-5043 alignnone\" src=\"https:\/\/agora.xtec.cat\/ieaoriolmartorell\/wp-content\/uploads\/usu167\/2022\/11\/1024x260-1.png\" alt=\"\" width=\"1024\" height=\"260\" srcset=\"https:\/\/agora.xtec.cat\/ieaoriolmartorell\/wp-content\/uploads\/usu167\/2022\/11\/1024x260-1.png 1024w, https:\/\/agora.xtec.cat\/ieaoriolmartorell\/wp-content\/uploads\/usu167\/2022\/11\/1024x260-1-300x76.png 300w, https:\/\/agora.xtec.cat\/ieaoriolmartorell\/wp-content\/uploads\/usu167\/2022\/11\/1024x260-1-768x195.png 768w\" sizes=\"auto, (max-width: 1024px) 100vw, 1024px\" \/><\/p>\n","protected":false},"excerpt":{"rendered":"<p><a href=\"https:\/\/www.canva.com\/design\/DADx6sAIcp4\/5eYBO7tZJemjzzZooNq4wg\/view?website#4:iii-cicle-de-m-sica-de-cambra_d-hivern\"><\/a><br \/>\nEl Cicle de concerts de m\u00fasica de cambra vol ser un espai per potenciar l&#8217;aprenentatge dels nostres joves int\u00e8rprets i donar a con\u00e8ixer la feina que fan des de l&#8217;assignatura de m\u00fasica de cambra dintre el grau professional de m\u00fasica. Tots els grups de&hellip;  <a href=\"https:\/\/agora.xtec.cat\/ieaoriolmartorell\/musica\/cicle-musica-cambra\/\" title=\"Read VI Cicle de M\u00fasica de Cambra\">Llegeix m\u00e9s\u00bb<\/a><\/p>\n","protected":false},"author":3,"featured_media":0,"parent":514,"menu_order":0,"comment_status":"closed","ping_status":"closed","template":"page-templates\/side-menu.php","meta":{"_bbp_topic_count":0,"_bbp_reply_count":0,"_bbp_total_topic_count":0,"_bbp_total_reply_count":0,"_bbp_voice_count":0,"_bbp_anonymous_reply_count":0,"_bbp_topic_count_hidden":0,"_bbp_reply_count_hidden":0,"_bbp_forum_subforum_count":0,"footnotes":""},"class_list":["post-1307","page","type-page","status-publish","hentry"],"post_mailing_queue_ids":[],"_links":{"self":[{"href":"https:\/\/agora.xtec.cat\/ieaoriolmartorell\/wp-json\/wp\/v2\/pages\/1307","targetHints":{"allow":["GET"]}}],"collection":[{"href":"https:\/\/agora.xtec.cat\/ieaoriolmartorell\/wp-json\/wp\/v2\/pages"}],"about":[{"href":"https:\/\/agora.xtec.cat\/ieaoriolmartorell\/wp-json\/wp\/v2\/types\/page"}],"author":[{"embeddable":true,"href":"https:\/\/agora.xtec.cat\/ieaoriolmartorell\/wp-json\/wp\/v2\/users\/3"}],"replies":[{"embeddable":true,"href":"https:\/\/agora.xtec.cat\/ieaoriolmartorell\/wp-json\/wp\/v2\/comments?post=1307"}],"version-history":[{"count":4,"href":"https:\/\/agora.xtec.cat\/ieaoriolmartorell\/wp-json\/wp\/v2\/pages\/1307\/revisions"}],"predecessor-version":[{"id":5077,"href":"https:\/\/agora.xtec.cat\/ieaoriolmartorell\/wp-json\/wp\/v2\/pages\/1307\/revisions\/5077"}],"up":[{"embeddable":true,"href":"https:\/\/agora.xtec.cat\/ieaoriolmartorell\/wp-json\/wp\/v2\/pages\/514"}],"wp:attachment":[{"href":"https:\/\/agora.xtec.cat\/ieaoriolmartorell\/wp-json\/wp\/v2\/media?parent=1307"}],"curies":[{"name":"wp","href":"https:\/\/api.w.org\/{rel}","templated":true}]}}