{"id":73,"date":"2014-09-18T14:01:51","date_gmt":"2014-09-18T13:01:51","guid":{"rendered":"http:\/\/agora.xtec.cat\/ieangeldetobies\/?page_id=73"},"modified":"2025-06-12T13:23:14","modified_gmt":"2025-06-12T11:23:14","slug":"menjador-escolar","status":"publish","type":"page","link":"https:\/\/agora.xtec.cat\/ieangeldetobies\/serveis\/menjador-escolar\/","title":{"rendered":"Menjador escolar"},"content":{"rendered":"<p>L&#8217;equip de 7 i Tria, com a empresa que gestiona el Servei de Menjador, titular de la concessi\u00f3 administrativa atorgada per Consell Comarcal de Baix Pened\u00e8s per a la Gesti\u00f3 del Servei P\u00fablic de Menjador Escolar per a diverses escoles de la comarca, (expedient administratiu REX 08083), volem donar-vos la benvinguda.<\/p>\n<p>Pel bon funcionament del servei, us presentem la normativa:<\/p>\n<ul>\n<li>El preu del servei de menjador <strong>FIX<\/strong> ser\u00e0 de 6,20\u20ac\/dia. Es consideren fixos els nens que utilitzen el servei tots els dies h\u00e0bils del mes i tinguin domiciliat el pagament.<\/li>\n<li>Donades les dates d&#8217;inici de curs, els rebuts domiciliats dels usuaris fixos corresponents al mes de <strong>setembre<\/strong> es cobraran a final de mes.<\/li>\n<li>El cobrament dels usuaris <strong>FIXOS<\/strong> es far\u00e0 els primers dies de cada mes (del 3 al 15), mitjan\u00e7ant <strong>DOMICILIACI\u00d3 BANC\u00c0RIA<\/strong>. En cas de retorn del rebut s&#8217;aplicar\u00e0 un rec\u00e0rrec en concepte de despeses banc\u00e0ries. Els nens que tinguin 1 rebut impagat dins de les dates establertes i no es posin en contacte amb l&#8217;encarregat de la gesti\u00f3 no podran fer \u00fas del menjador fins que abonin el deute.<\/li>\n<li>Els nens d&#8217;educaci\u00f3 infantil (P3, P4, P5) hauran de portar una bata per l&#8217;hora de dinar (caldr\u00e0 portar-la dilluns i agafar-la divendres). Els nens d&#8217;aquest cicle no es rentaran les dents. Durant el primer trimestre, els nens de P3 tindran cada dia una nota informativa de la seva evoluci\u00f3.<\/li>\n<li>Horari de gesti\u00f3 de menjador a l&#8217;escola:\n<ul>\n<li>8.30h &#8211; 9h<\/li>\n<li>Tel\u00e8fon: 610.179.088<\/li>\n<\/ul>\n<\/li>\n<li>\u00a0El preu del servei de menjador <strong>EVENTUAL<\/strong> ser\u00e0 de 6,80\u20ac\/dia. Els nens eventuals hauran d&#8217;avisar a la persona encarregada de la gesti\u00f3 del menjador el dia anterior, dins de l&#8217;horari de gesti\u00f3 establert. El cobrament dels usuaris <strong>EVENTUALS<\/strong> es far\u00e0 mitjan\u00e7ant <strong>DOMICILIACI\u00d3 BANC\u00c0RIA<\/strong> (a mes ven\u00e7ut) o a trav\u00e9s del web (www.7itria.cat)<\/li>\n<li>Els nens fixos que per qualsevol motiu no puguin assistir al menjador, hauran d&#8217;avisar el mateix dia a la persona encarregada de la gesti\u00f3 del menjador (dins l&#8217;horari establert), i se&#8217;ls retornar\u00e0 l&#8217;import de 3,50\u20ac (en concepte d&#8217;absentisme). En cas de no avisar, no se&#8217;ls far\u00e0 la devoluci\u00f3 d&#8217;aquest import.<\/li>\n<li>Devoluci\u00f3 Excursi\u00f3: es far\u00e0 p\u00edcnic a tots els usuaris fixos<\/li>\n<li>Devoluci\u00f3 col\u00f2nies: 100%<\/li>\n<li>Els nens becats pagaran el preu normal fins que no arribin les llistes oficials de becats de l&#8217;escola i es puguin aplicar els nous preus i fer les regulacions dels mesos pagats.<\/li>\n<li>Els abonaments de les abs\u00e8ncies i les regulacions es faran efectius en el rebut del mes seg\u00fcent.<\/li>\n<li>Els canvis de rutina d&#8217;assist\u00e8ncia, aix\u00ed com els canvis de domiciliaci\u00f3 banc\u00e0ria i les baixes s&#8217;hauran de comunicar per escrit a la persona encarregada de la gesti\u00f3 del menjador, <strong>abans del dia 3 de cada mes<\/strong>, per tal de poder actualitzar la informaci\u00f3 abans de passar els rebuts del mes. En cas de no fer-ho abans d&#8217;aquesta data, les regulacions es faran el mes seg\u00fcent.<\/li>\n<li>Les abs\u00e8ncies i regulacions del mes de juny es faran en el mes de setembre del curs seg\u00fcent.<\/li>\n<\/ul>\n<p><a href=\"https:\/\/agora.xtec.cat\/ieangeldetobies\/wp-content\/uploads\/usu1448\/2020\/05\/Logo-7-i-Tria.png\"><img loading=\"lazy\" decoding=\"async\" class=\"aligncenter size-medium wp-image-2167\" src=\"https:\/\/agora.xtec.cat\/ieangeldetobies\/wp-content\/uploads\/usu1448\/2020\/05\/Logo-7-i-Tria-300x289.png\" alt=\"\" width=\"300\" height=\"289\" srcset=\"https:\/\/agora.xtec.cat\/ieangeldetobies\/wp-content\/uploads\/usu1448\/2020\/05\/Logo-7-i-Tria-300x289.png 300w, https:\/\/agora.xtec.cat\/ieangeldetobies\/wp-content\/uploads\/usu1448\/2020\/05\/Logo-7-i-Tria.png 349w\" sizes=\"auto, (max-width: 300px) 100vw, 300px\" \/><\/a><\/p>\n\n\n<div data-wp-interactive=\"core\/file\" class=\"wp-block-file\"><object data-wp-bind--hidden=\"!state.hasPdfPreview\" hidden class=\"wp-block-file__embed\" data=\"https:\/\/agora.xtec.cat\/ieangeldetobies\/wp-content\/uploads\/usu1448\/2025\/06\/Manual-App.-7iTria-Fundesplai-1.pdf\" type=\"application\/pdf\" style=\"width:100%;height:600px\" aria-label=\"Incrustaci\u00f3 del fitxer Manual App. 7iTria - Fundesplai (1).\"><\/object><a id=\"wp-block-file--media-7c46df32-0571-4404-b28e-7ff50465806f\" href=\"https:\/\/agora.xtec.cat\/ieangeldetobies\/wp-content\/uploads\/usu1448\/2025\/06\/Manual-App.-7iTria-Fundesplai-1.pdf\">Manual App. 7iTria &#8211; Fundesplai (1)<\/a><a href=\"https:\/\/agora.xtec.cat\/ieangeldetobies\/wp-content\/uploads\/usu1448\/2025\/06\/Manual-App.-7iTria-Fundesplai-1.pdf\" class=\"wp-block-file__button wp-element-button\" download aria-describedby=\"wp-block-file--media-7c46df32-0571-4404-b28e-7ff50465806f\">Baixa<\/a><\/div>\n","protected":false},"excerpt":{"rendered":"<p>L&#8217;equip de 7 i Tria, com a empresa que gestiona el Servei de Menjador, titular de la concessi\u00f3 administrativa atorgada [&hellip;]<\/p>\n","protected":false},"author":1,"featured_media":0,"parent":66,"menu_order":30,"comment_status":"closed","ping_status":"closed","template":"","meta":{"_bbp_topic_count":0,"_bbp_reply_count":0,"_bbp_total_topic_count":0,"_bbp_total_reply_count":0,"_bbp_voice_count":0,"_bbp_anonymous_reply_count":0,"_bbp_topic_count_hidden":0,"_bbp_reply_count_hidden":0,"_bbp_forum_subforum_count":0,"site-sidebar-layout":"default","site-content-layout":"","ast-site-content-layout":"default","site-content-style":"default","site-sidebar-style":"default","ast-global-header-display":"","ast-banner-title-visibility":"","ast-main-header-display":"","ast-hfb-above-header-display":"","ast-hfb-below-header-display":"","ast-hfb-mobile-header-display":"","site-post-title":"","ast-breadcrumbs-content":"","ast-featured-img":"","footer-sml-layout":"","theme-transparent-header-meta":"","adv-header-id-meta":"","stick-header-meta":"","header-above-stick-meta":"","header-main-stick-meta":"","header-below-stick-meta":"","astra-migrate-meta-layouts":"set","ast-page-background-enabled":"default","ast-page-background-meta":{"desktop":{"background-color":"var(--ast-global-color-4)","background-image":"","background-repeat":"repeat","background-position":"center center","background-size":"auto","background-attachment":"scroll","background-type":"","background-media":"","overlay-type":"","overlay-color":"","overlay-opacity":"","overlay-gradient":""},"tablet":{"background-color":"","background-image":"","background-repeat":"repeat","background-position":"center center","background-size":"auto","background-attachment":"scroll","background-type":"","background-media":"","overlay-type":"","overlay-color":"","overlay-opacity":"","overlay-gradient":""},"mobile":{"background-color":"","background-image":"","background-repeat":"repeat","background-position":"center center","background-size":"auto","background-attachment":"scroll","background-type":"","background-media":"","overlay-type":"","overlay-color":"","overlay-opacity":"","overlay-gradient":""}},"ast-content-background-meta":{"desktop":{"background-color":"var(--ast-global-color-5)","background-image":"","background-repeat":"repeat","background-position":"center center","background-size":"auto","background-attachment":"scroll","background-type":"","background-media":"","overlay-type":"","overlay-color":"","overlay-opacity":"","overlay-gradient":""},"tablet":{"background-color":"var(--ast-global-color-5)","background-image":"","background-repeat":"repeat","background-position":"center center","background-size":"auto","background-attachment":"scroll","background-type":"","background-media":"","overlay-type":"","overlay-color":"","overlay-opacity":"","overlay-gradient":""},"mobile":{"background-color":"var(--ast-global-color-5)","background-image":"","background-repeat":"repeat","background-position":"center center","background-size":"auto","background-attachment":"scroll","background-type":"","background-media":"","overlay-type":"","overlay-color":"","overlay-opacity":"","overlay-gradient":""}},"footnotes":""},"class_list":["post-73","page","type-page","status-publish","hentry"],"post_mailing_queue_ids":[],"_links":{"self":[{"href":"https:\/\/agora.xtec.cat\/ieangeldetobies\/wp-json\/wp\/v2\/pages\/73","targetHints":{"allow":["GET"]}}],"collection":[{"href":"https:\/\/agora.xtec.cat\/ieangeldetobies\/wp-json\/wp\/v2\/pages"}],"about":[{"href":"https:\/\/agora.xtec.cat\/ieangeldetobies\/wp-json\/wp\/v2\/types\/page"}],"author":[{"embeddable":true,"href":"https:\/\/agora.xtec.cat\/ieangeldetobies\/wp-json\/wp\/v2\/users\/1"}],"replies":[{"embeddable":true,"href":"https:\/\/agora.xtec.cat\/ieangeldetobies\/wp-json\/wp\/v2\/comments?post=73"}],"version-history":[{"count":3,"href":"https:\/\/agora.xtec.cat\/ieangeldetobies\/wp-json\/wp\/v2\/pages\/73\/revisions"}],"predecessor-version":[{"id":10349,"href":"https:\/\/agora.xtec.cat\/ieangeldetobies\/wp-json\/wp\/v2\/pages\/73\/revisions\/10349"}],"up":[{"embeddable":true,"href":"https:\/\/agora.xtec.cat\/ieangeldetobies\/wp-json\/wp\/v2\/pages\/66"}],"wp:attachment":[{"href":"https:\/\/agora.xtec.cat\/ieangeldetobies\/wp-json\/wp\/v2\/media?parent=73"}],"curies":[{"name":"wp","href":"https:\/\/api.w.org\/{rel}","templated":true}]}}