{"id":7000,"date":"2023-04-13T15:48:40","date_gmt":"2023-04-13T13:48:40","guid":{"rendered":"https:\/\/agora.xtec.cat\/ieangeldetobies\/?page_id=7000"},"modified":"2023-04-13T15:48:40","modified_gmt":"2023-04-13T13:48:40","slug":"cap-a-un-institut-escola-restauratiu","status":"publish","type":"page","link":"https:\/\/agora.xtec.cat\/ieangeldetobies\/projecte-educatiu\/cap-a-un-institut-escola-restauratiu\/","title":{"rendered":"Cap a un institut escola restauratiu"},"content":{"rendered":"<h4><a href=\"https:\/\/agora.xtec.cat\/ieangeldetobies\/wp-content\/uploads\/usu1448\/2023\/04\/Cercles-2.png\"><img loading=\"lazy\" decoding=\"async\" class=\"wp-image-7002 size-large aligncenter\" src=\"https:\/\/agora.xtec.cat\/ieangeldetobies\/wp-content\/uploads\/usu1448\/2023\/04\/Cercles-2-1024x258.png\" alt=\"\" width=\"1024\" height=\"258\" srcset=\"https:\/\/agora.xtec.cat\/ieangeldetobies\/wp-content\/uploads\/usu1448\/2023\/04\/Cercles-2-1024x258.png 1024w, https:\/\/agora.xtec.cat\/ieangeldetobies\/wp-content\/uploads\/usu1448\/2023\/04\/Cercles-2-300x76.png 300w, https:\/\/agora.xtec.cat\/ieangeldetobies\/wp-content\/uploads\/usu1448\/2023\/04\/Cercles-2-768x193.png 768w, https:\/\/agora.xtec.cat\/ieangeldetobies\/wp-content\/uploads\/usu1448\/2023\/04\/Cercles-2-1536x387.png 1536w, https:\/\/agora.xtec.cat\/ieangeldetobies\/wp-content\/uploads\/usu1448\/2023\/04\/Cercles-2.png 1671w\" sizes=\"auto, (max-width: 1024px) 100vw, 1024px\" \/><\/a><\/h4>\n<h4><strong>Qu\u00e8 \u00e9s la mirada restaurativa?<\/strong><\/h4>\n<p>\u00c9s treballar per a l\u2019aprenentatge sobre la responsabilitat, la reparaci\u00f3 i la resoluci\u00f3 de conflictes.<\/p>\n<p>&nbsp;<\/p>\n<h4><strong>Com ho fem?<\/strong><\/h4>\n<table width=\"643\">\n<tbody>\n<tr>\n<td width=\"148\"><strong>ACTUACI\u00d3<\/strong><\/td>\n<td width=\"125\"><strong>MESTRES<\/strong><\/td>\n<td width=\"136\"><strong>ALUMNES<\/strong><\/td>\n<td width=\"106\"><strong>FAM\u00cdLIES<\/strong><\/td>\n<td width=\"129\"><strong>ALTRES ENTITATS<\/strong><\/td>\n<\/tr>\n<tr>\n<td width=\"148\">1. TEMPS DE CERCLE<\/td>\n<td width=\"125\">X<\/p>\n<p>CS- ESO<\/td>\n<td width=\"136\">X<\/p>\n<p>CS-ESO<\/td>\n<td width=\"106\">&nbsp;<\/td>\n<td width=\"129\">&nbsp;<\/td>\n<\/tr>\n<tr>\n<td width=\"148\">2. CONVERSES RESTAURATIVES\/MEDIACI\u00d3<\/td>\n<td width=\"125\">X<\/p>\n<p>&nbsp;<\/td>\n<td width=\"136\">X<\/td>\n<td width=\"106\">X<\/td>\n<td width=\"129\">&nbsp;<\/td>\n<\/tr>\n<\/tbody>\n<\/table>\n<ol>\n<li style=\"list-style-type: none;\">\n<ol>\n<li style=\"list-style-type: none;\">\n<ol>\n<li>\n<h5>TEMPS DE CERCLE<\/h5>\n<\/li>\n<\/ol>\n<\/li>\n<\/ol>\n<\/li>\n<\/ol>\n<p>El temps de cercle facilita a les aules un espai segur de confian\u00e7a on tots i totes puguem expressar les nostres necessitats, ens puguem sentir escoltats i escoltades, acollits i acollides i que sentim que formem part des de la nostra individualitat d\u2019un projecte com\u00fa.<\/p>\n<p>&nbsp;<\/p>\n<ol>\n<li style=\"list-style-type: none;\">\n<ol>\n<li style=\"list-style-type: none;\">\n<ol start=\"2\">\n<li>\n<h5>CONVERSES RESTAURATIVES \/ MEDIACI\u00d3<\/h5>\n<\/li>\n<\/ol>\n<\/li>\n<\/ol>\n<\/li>\n<\/ol>\n<p>Les converses o reunions restauratives ajuden a reduir el tracte agressiu i el comportament violent, responsabilitzar-nos dels nostres actes, reparar danys ocasionats en els possibles conflictes i restaurar les relacions. L&#8217;objectiu no \u00e9s cercar culpables sin\u00f3 trobar solucions en qu\u00e8 les persones tinguin les seves necessitats cobertes i les relacions es restableixin.<\/p>\n<p><a href=\"https:\/\/agora.xtec.cat\/ieangeldetobies\/wp-content\/uploads\/usu1448\/2023\/04\/cercles.jpg\"><img loading=\"lazy\" decoding=\"async\" class=\"wp-image-7001 size-large aligncenter\" src=\"https:\/\/agora.xtec.cat\/ieangeldetobies\/wp-content\/uploads\/usu1448\/2023\/04\/cercles-1024x766.jpg\" alt=\"\" width=\"1024\" height=\"766\" srcset=\"https:\/\/agora.xtec.cat\/ieangeldetobies\/wp-content\/uploads\/usu1448\/2023\/04\/cercles-1024x766.jpg 1024w, https:\/\/agora.xtec.cat\/ieangeldetobies\/wp-content\/uploads\/usu1448\/2023\/04\/cercles-300x224.jpg 300w, https:\/\/agora.xtec.cat\/ieangeldetobies\/wp-content\/uploads\/usu1448\/2023\/04\/cercles-768x575.jpg 768w, https:\/\/agora.xtec.cat\/ieangeldetobies\/wp-content\/uploads\/usu1448\/2023\/04\/cercles-1536x1149.jpg 1536w, https:\/\/agora.xtec.cat\/ieangeldetobies\/wp-content\/uploads\/usu1448\/2023\/04\/cercles-200x150.jpg 200w, https:\/\/agora.xtec.cat\/ieangeldetobies\/wp-content\/uploads\/usu1448\/2023\/04\/cercles.jpg 1600w\" sizes=\"auto, (max-width: 1024px) 100vw, 1024px\" \/><\/a><\/p>\n<p>&nbsp;<\/p>\n<p>Per saber-ne m\u00e9s:<\/p>\n<p>https:\/\/www.youtube.com\/watch?v=6IJnUYRR6ik<\/p>\n","protected":false},"excerpt":{"rendered":"<p>Qu\u00e8 \u00e9s la mirada restaurativa? \u00c9s treballar per a l\u2019aprenentatge sobre la responsabilitat, la reparaci\u00f3 i la resoluci\u00f3 de conflictes. [&hellip;]<\/p>\n","protected":false},"author":1,"featured_media":0,"parent":64,"menu_order":0,"comment_status":"closed","ping_status":"closed","template":"","meta":{"_bbp_topic_count":0,"_bbp_reply_count":0,"_bbp_total_topic_count":0,"_bbp_total_reply_count":0,"_bbp_voice_count":0,"_bbp_anonymous_reply_count":0,"_bbp_topic_count_hidden":0,"_bbp_reply_count_hidden":0,"_bbp_forum_subforum_count":0,"site-sidebar-layout":"default","site-content-layout":"","ast-site-content-layout":"","site-content-style":"default","site-sidebar-style":"default","ast-global-header-display":"","ast-banner-title-visibility":"","ast-main-header-display":"","ast-hfb-above-header-display":"","ast-hfb-below-header-display":"","ast-hfb-mobile-header-display":"","site-post-title":"","ast-breadcrumbs-content":"","ast-featured-img":"","footer-sml-layout":"","theme-transparent-header-meta":"","adv-header-id-meta":"","stick-header-meta":"","header-above-stick-meta":"","header-main-stick-meta":"","header-below-stick-meta":"","astra-migrate-meta-layouts":"default","ast-page-background-enabled":"default","ast-page-background-meta":{"desktop":{"background-color":"var(--ast-global-color-4)","background-image":"","background-repeat":"repeat","background-position":"center center","background-size":"auto","background-attachment":"scroll","background-type":"","background-media":"","overlay-type":"","overlay-color":"","overlay-opacity":"","overlay-gradient":""},"tablet":{"background-color":"","background-image":"","background-repeat":"repeat","background-position":"center center","background-size":"auto","background-attachment":"scroll","background-type":"","background-media":"","overlay-type":"","overlay-color":"","overlay-opacity":"","overlay-gradient":""},"mobile":{"background-color":"","background-image":"","background-repeat":"repeat","background-position":"center center","background-size":"auto","background-attachment":"scroll","background-type":"","background-media":"","overlay-type":"","overlay-color":"","overlay-opacity":"","overlay-gradient":""}},"ast-content-background-meta":{"desktop":{"background-color":"var(--ast-global-color-5)","background-image":"","background-repeat":"repeat","background-position":"center center","background-size":"auto","background-attachment":"scroll","background-type":"","background-media":"","overlay-type":"","overlay-color":"","overlay-opacity":"","overlay-gradient":""},"tablet":{"background-color":"var(--ast-global-color-5)","background-image":"","background-repeat":"repeat","background-position":"center center","background-size":"auto","background-attachment":"scroll","background-type":"","background-media":"","overlay-type":"","overlay-color":"","overlay-opacity":"","overlay-gradient":""},"mobile":{"background-color":"var(--ast-global-color-5)","background-image":"","background-repeat":"repeat","background-position":"center center","background-size":"auto","background-attachment":"scroll","background-type":"","background-media":"","overlay-type":"","overlay-color":"","overlay-opacity":"","overlay-gradient":""}},"footnotes":""},"class_list":["post-7000","page","type-page","status-publish","hentry"],"post_mailing_queue_ids":[],"_links":{"self":[{"href":"https:\/\/agora.xtec.cat\/ieangeldetobies\/wp-json\/wp\/v2\/pages\/7000","targetHints":{"allow":["GET"]}}],"collection":[{"href":"https:\/\/agora.xtec.cat\/ieangeldetobies\/wp-json\/wp\/v2\/pages"}],"about":[{"href":"https:\/\/agora.xtec.cat\/ieangeldetobies\/wp-json\/wp\/v2\/types\/page"}],"author":[{"embeddable":true,"href":"https:\/\/agora.xtec.cat\/ieangeldetobies\/wp-json\/wp\/v2\/users\/1"}],"replies":[{"embeddable":true,"href":"https:\/\/agora.xtec.cat\/ieangeldetobies\/wp-json\/wp\/v2\/comments?post=7000"}],"version-history":[{"count":3,"href":"https:\/\/agora.xtec.cat\/ieangeldetobies\/wp-json\/wp\/v2\/pages\/7000\/revisions"}],"predecessor-version":[{"id":7005,"href":"https:\/\/agora.xtec.cat\/ieangeldetobies\/wp-json\/wp\/v2\/pages\/7000\/revisions\/7005"}],"up":[{"embeddable":true,"href":"https:\/\/agora.xtec.cat\/ieangeldetobies\/wp-json\/wp\/v2\/pages\/64"}],"wp:attachment":[{"href":"https:\/\/agora.xtec.cat\/ieangeldetobies\/wp-json\/wp\/v2\/media?parent=7000"}],"curies":[{"name":"wp","href":"https:\/\/api.w.org\/{rel}","templated":true}]}}