{"id":34,"date":"2014-09-18T12:32:18","date_gmt":"2014-09-18T11:32:18","guid":{"rendered":"http:\/\/agora.xtec.cat\/ieangeldetobies\/?page_id=34"},"modified":"2026-04-22T15:18:29","modified_gmt":"2026-04-22T13:18:29","slug":"oferta-educativa","status":"publish","type":"page","link":"https:\/\/agora.xtec.cat\/ieangeldetobies\/la-nostra-escola\/oferta-educativa\/","title":{"rendered":"Personal del centre"},"content":{"rendered":"\n<div class=\"wp-block-getwid-accordion has-icon-left\" data-active-element=\"none\">\n<div class=\"wp-block-getwid-accordion__header-wrapper\"><span class=\"wp-block-getwid-accordion__header\"><a href=\"#\"><span class=\"wp-block-getwid-accordion__header-title\">Equip directiu<\/span><span class=\"wp-block-getwid-accordion__icon is-active\"><i class=\"fas fa-plus\"><\/i><\/span><span class=\"wp-block-getwid-accordion__icon is-passive\"><i class=\"fas fa-minus\"><\/i><\/span><\/a><\/span><\/div><div class=\"wp-block-getwid-accordion__content-wrapper\"><div class=\"wp-block-getwid-accordion__content\">\n<p>Directora del centre: Yolanda Vallv\u00e9&nbsp; &nbsp; &nbsp; &nbsp;&nbsp; &nbsp; &nbsp;(<a href=\"https:\/\/agora.xtec.cat\/ieangeldetobies\/wp-content\/uploads\/usu1448\/2020\/11\/Fitxa_Perfil-i-trajectoria-professional_Y.V.E.pdf\" target=\"_blank\" rel=\"noreferrer noopener\">Fitxa i traject\u00f2ria professional<\/a>)<\/p>\n\n\n\n<p>Secret\u00e0ria: Reyes Jim\u00e9nez&nbsp;&nbsp; &nbsp; &nbsp; &nbsp; &nbsp; &nbsp; &nbsp; &nbsp; &nbsp; &nbsp; &nbsp; &nbsp; &nbsp; &nbsp; &nbsp; &nbsp; &nbsp;(<a href=\"https:\/\/agora.xtec.cat\/ieangeldetobies\/wp-content\/uploads\/usu1448\/2020\/11\/Perfil-i-trajectoria-professional.pdf\" target=\"_blank\" rel=\"noreferrer noopener\">Fitxa i traject\u00f2ria professional<\/a>)<\/p>\n\n\n\n<p>Cap d&#8217;estudis EI-PRI: Eduard \u00c0lvarez&nbsp; &nbsp; &nbsp; &nbsp; &nbsp; (<a href=\"https:\/\/agora.xtec.cat\/ieangeldetobies\/wp-content\/uploads\/usu1448\/2020\/11\/Fitxa_Perfil-i-trajectoria-professional_E.A.F.pdf\" target=\"_blank\" rel=\"noreferrer noopener\">Fitxa i traject\u00f2ria professional<\/a>)<\/p>\n\n\n\n<p>Cap d\u2019estudis ESO: Mar Bernad\u00f3&nbsp; &nbsp; &nbsp; &nbsp; &nbsp; &nbsp; &nbsp; &nbsp;  &nbsp; &nbsp;(<a href=\"https:\/\/agora.xtec.cat\/ieangeldetobies\/wp-content\/uploads\/usu1448\/2022\/02\/Perfil-i-traject\u00f2ria-professional-M.B-.pdf\" target=\"_blank\" rel=\"noreferrer noopener\">Fitxa i traject\u00f2ria professional<\/a>)<\/p>\n\n\n\n<p>Coord. Pedag\u00f2gic: Joan L\u00f3pez Ca\u00f1izares&nbsp; &nbsp;(<a href=\"https:\/\/agora.xtec.cat\/ieangeldetobies\/wp-content\/uploads\/usu1448\/2025\/07\/Fitxa_PTP_logo_gencat_accesssible_joan_lopez.pdf\">Fitxa i traject\u00f2ria professional<\/a>)<\/p>\n<\/div><\/div>\n\n\n\n<div class=\"wp-block-getwid-accordion__header-wrapper\"><span class=\"wp-block-getwid-accordion__header\"><a href=\"#\"><span class=\"wp-block-getwid-accordion__header-title\">Educaci\u00f3 infantil<\/span><span class=\"wp-block-getwid-accordion__icon is-active\"><i class=\"fas fa-plus\"><\/i><\/span><span class=\"wp-block-getwid-accordion__icon is-passive\"><i class=\"fas fa-minus\"><\/i><\/span><\/a><\/span><\/div><div class=\"wp-block-getwid-accordion__content-wrapper\"><div class=\"wp-block-getwid-accordion__content\">\n<p>I3: Raquel i Ariadna<\/p>\n\n\n\n<p>I4A: Cl\u00e0udia<\/p>\n\n\n\n<p>I4B: Marina<\/p>\n\n\n\n<p>I5A: Gemma i Gl\u00f2ria<\/p>\n\n\n\n<p>I5B: Bel\u00e9n<\/p>\n\n\n\n<p>Suport:&nbsp; N\u00faria i Maite<\/p>\n<\/div><\/div>\n\n\n\n<div class=\"wp-block-getwid-accordion__header-wrapper\"><span class=\"wp-block-getwid-accordion__header\"><a href=\"#\"><span class=\"wp-block-getwid-accordion__header-title\">Educaci\u00f3 prim\u00e0ria<\/span><span class=\"wp-block-getwid-accordion__icon is-active\"><i class=\"fas fa-plus\"><\/i><\/span><span class=\"wp-block-getwid-accordion__icon is-passive\"><i class=\"fas fa-minus\"><\/i><\/span><\/a><\/span><\/div><div class=\"wp-block-getwid-accordion__content-wrapper\"><div class=\"wp-block-getwid-accordion__content\">\n<p>1rA: Elisabet<\/p>\n\n\n\n<p>1rB: Carme<\/p>\n\n\n\n<p>2n: Laura<\/p>\n\n\n\n<p>3rA: M\u00edriam<\/p>\n\n\n\n<p>3rB: In\u00e9s<\/p>\n\n\n\n<p>4t: Pietro<\/p>\n\n\n\n<p>5\u00e8A: Patr\u00edcia<\/p>\n\n\n\n<p>5\u00e8B: Meritxell<\/p>\n\n\n\n<p>6\u00e8A: M\u00f2nica<\/p>\n\n\n\n<p>6\u00e8B: Enric<\/p>\n\n\n\n<p>Educaci\u00f3 F\u00edsica: Pol, Ferran i Sergio<\/p>\n\n\n\n<p>M\u00fasica: Patr\u00edcia \/ Sergio<\/p>\n\n\n\n<p>Angl\u00e8s: Yousra i Laura<\/p>\n\n\n\n<p>Educaci\u00f3 Especial: Anna,\/Houda, Eva, Ant\u00f2nia i Yasmina<\/p>\n\n\n\n<p>Aula d&#8217;Acollida: M\u00f2nica<\/p>\n\n\n\n<p>Religi\u00f3: Rub\u00e9n<\/p>\n\n\n\n<p>Suport: Adelaida i Miquel<\/p>\n<\/div><\/div>\n\n\n\n<div class=\"wp-block-getwid-accordion__header-wrapper\"><span class=\"wp-block-getwid-accordion__header\"><a href=\"#\"><span class=\"wp-block-getwid-accordion__header-title\">Educaci\u00f3 secund\u00e0ria<\/span><span class=\"wp-block-getwid-accordion__icon is-active\"><i class=\"fas fa-plus\"><\/i><\/span><span class=\"wp-block-getwid-accordion__icon is-passive\"><i class=\"fas fa-minus\"><\/i><\/span><\/a><\/span><\/div><div class=\"wp-block-getwid-accordion__content-wrapper\"><div class=\"wp-block-getwid-accordion__content\">\n<p>Tutor 1r A: Laureano<\/p>\n\n\n\n<p>Tutor 1r B: Hug<\/p>\n\n\n\n<p>Tutor 2n A: <\/p>\n\n\n\n<p>Tutora 2n B:<\/p>\n\n\n\n<p>Tutora 2n C: Mario<\/p>\n\n\n\n<p>Tutora 3r A: Omar<\/p>\n\n\n\n<p>Tutora 3r B: Laura<\/p>\n\n\n\n<p>Tutor 4t A: Vicent<\/p>\n\n\n\n<p>Tutor 4t B: Lidia<\/p>\n\n\n\n<p>Catal\u00e0: Victor, Joan L., Leopoldo, Bernat<\/p>\n\n\n\n<p>Castell\u00e0: Lidia<\/p>\n\n\n\n<p>Angl\u00e8s: Vicent, Antonia Jvavier, Eric<\/p>\n\n\n\n<p>Dibuix:<\/p>\n\n\n\n<p>Orientadors: Omar, Mario i Mar<\/p>\n\n\n\n<p>M\u00fasica: Silvia<\/p>\n\n\n\n<p>Matem\u00e0tiques: Maria, Eva, Laureano, Hug<\/p>\n\n\n\n<p>Geografia: Oriol, Laura<\/p>\n\n\n\n<p>F\u00edsica i qu\u00edmica: N\u00faria\/Victor<\/p>\n\n\n\n<p>Ed. F\u00edsica: Carlos i Maria<\/p>\n\n\n\n<p>Franc\u00e8s: Jordi<\/p>\n\n\n\n<p>Biologia: Amanda i C\u00e8lia<\/p>\n\n\n\n<p>Cultura cl\u00e0ssica: Maria del Pilar<\/p>\n\n\n\n<p>Tecnologia: Am\u00e8lia<\/p>\n\n\n\n<p>Religi\u00f3: Ventura<\/p>\n<\/div><\/div>\n\n\n\n<div class=\"wp-block-getwid-accordion__header-wrapper\"><span class=\"wp-block-getwid-accordion__header\"><a href=\"#\"><span class=\"wp-block-getwid-accordion__header-title\">Personal d&#8217;administraci\u00f3 i serveis i d&#8217;atenci\u00f3 educativa<\/span><span class=\"wp-block-getwid-accordion__icon is-active\"><i class=\"fas fa-plus\"><\/i><\/span><span class=\"wp-block-getwid-accordion__icon is-passive\"><i class=\"fas fa-minus\"><\/i><\/span><\/a><\/span><\/div><div class=\"wp-block-getwid-accordion__content-wrapper\"><div class=\"wp-block-getwid-accordion__content\">\n<p>Conserge: Marta<\/p>\n\n\n\n<p>Conserge: Miquel \u00c0ngel<\/p>\n\n\n\n<p>Administrativa: Puri<\/p>\n\n\n\n<p>Educador educaci\u00f3 especial: Esther<\/p>\n\n\n\n<p>T\u00e8cnica especialista en educaci\u00f3 infantil: M\u00aa Angeles<\/p>\n\n\n\n<p>Educadora social: Marta (<a href=\"https:\/\/agora.xtec.cat\/ieangeldetobies\/wp-content\/uploads\/usu1448\/2026\/04\/A1520_informacio-web.pdf\">programa temporal<\/a>)<\/p>\n\n\n\n<figure class=\"wp-block-image size-full\"><a href=\"https:\/\/agora.xtec.cat\/ieangeldetobies\/wp-content\/uploads\/usu1448\/2026\/04\/logo-cofinancament-programa.png\"><img loading=\"lazy\" decoding=\"async\" width=\"438\" height=\"97\" src=\"https:\/\/agora.xtec.cat\/ieangeldetobies\/wp-content\/uploads\/usu1448\/2026\/04\/logo-cofinancament-programa.png\" alt=\"\" class=\"wp-image-11496\" srcset=\"https:\/\/agora.xtec.cat\/ieangeldetobies\/wp-content\/uploads\/usu1448\/2026\/04\/logo-cofinancament-programa.png 438w, https:\/\/agora.xtec.cat\/ieangeldetobies\/wp-content\/uploads\/usu1448\/2026\/04\/logo-cofinancament-programa-300x66.png 300w\" sizes=\"auto, (max-width: 438px) 100vw, 438px\" \/><\/a><\/figure>\n<\/div><\/div>\n<\/div>\n","protected":false},"excerpt":{"rendered":"","protected":false},"author":1,"featured_media":0,"parent":22,"menu_order":60,"comment_status":"closed","ping_status":"closed","template":"","meta":{"_bbp_topic_count":0,"_bbp_reply_count":0,"_bbp_total_topic_count":0,"_bbp_total_reply_count":0,"_bbp_voice_count":0,"_bbp_anonymous_reply_count":0,"_bbp_topic_count_hidden":0,"_bbp_reply_count_hidden":0,"_bbp_forum_subforum_count":0,"site-sidebar-layout":"default","site-content-layout":"","ast-site-content-layout":"default","site-content-style":"default","site-sidebar-style":"default","ast-global-header-display":"","ast-banner-title-visibility":"","ast-main-header-display":"","ast-hfb-above-header-display":"","ast-hfb-below-header-display":"","ast-hfb-mobile-header-display":"","site-post-title":"","ast-breadcrumbs-content":"","ast-featured-img":"","footer-sml-layout":"","theme-transparent-header-meta":"","adv-header-id-meta":"","stick-header-meta":"","header-above-stick-meta":"","header-main-stick-meta":"","header-below-stick-meta":"","astra-migrate-meta-layouts":"set","ast-page-background-enabled":"default","ast-page-background-meta":{"desktop":{"background-color":"var(--ast-global-color-4)","background-image":"","background-repeat":"repeat","background-position":"center center","background-size":"auto","background-attachment":"scroll","background-type":"","background-media":"","overlay-type":"","overlay-color":"","overlay-opacity":"","overlay-gradient":""},"tablet":{"background-color":"","background-image":"","background-repeat":"repeat","background-position":"center center","background-size":"auto","background-attachment":"scroll","background-type":"","background-media":"","overlay-type":"","overlay-color":"","overlay-opacity":"","overlay-gradient":""},"mobile":{"background-color":"","background-image":"","background-repeat":"repeat","background-position":"center center","background-size":"auto","background-attachment":"scroll","background-type":"","background-media":"","overlay-type":"","overlay-color":"","overlay-opacity":"","overlay-gradient":""}},"ast-content-background-meta":{"desktop":{"background-color":"var(--ast-global-color-5)","background-image":"","background-repeat":"repeat","background-position":"center center","background-size":"auto","background-attachment":"scroll","background-type":"","background-media":"","overlay-type":"","overlay-color":"","overlay-opacity":"","overlay-gradient":""},"tablet":{"background-color":"var(--ast-global-color-5)","background-image":"","background-repeat":"repeat","background-position":"center center","background-size":"auto","background-attachment":"scroll","background-type":"","background-media":"","overlay-type":"","overlay-color":"","overlay-opacity":"","overlay-gradient":""},"mobile":{"background-color":"var(--ast-global-color-5)","background-image":"","background-repeat":"repeat","background-position":"center center","background-size":"auto","background-attachment":"scroll","background-type":"","background-media":"","overlay-type":"","overlay-color":"","overlay-opacity":"","overlay-gradient":""}},"footnotes":""},"class_list":["post-34","page","type-page","status-publish","hentry"],"post_mailing_queue_ids":[],"_links":{"self":[{"href":"https:\/\/agora.xtec.cat\/ieangeldetobies\/wp-json\/wp\/v2\/pages\/34","targetHints":{"allow":["GET"]}}],"collection":[{"href":"https:\/\/agora.xtec.cat\/ieangeldetobies\/wp-json\/wp\/v2\/pages"}],"about":[{"href":"https:\/\/agora.xtec.cat\/ieangeldetobies\/wp-json\/wp\/v2\/types\/page"}],"author":[{"embeddable":true,"href":"https:\/\/agora.xtec.cat\/ieangeldetobies\/wp-json\/wp\/v2\/users\/1"}],"replies":[{"embeddable":true,"href":"https:\/\/agora.xtec.cat\/ieangeldetobies\/wp-json\/wp\/v2\/comments?post=34"}],"version-history":[{"count":6,"href":"https:\/\/agora.xtec.cat\/ieangeldetobies\/wp-json\/wp\/v2\/pages\/34\/revisions"}],"predecessor-version":[{"id":11503,"href":"https:\/\/agora.xtec.cat\/ieangeldetobies\/wp-json\/wp\/v2\/pages\/34\/revisions\/11503"}],"up":[{"embeddable":true,"href":"https:\/\/agora.xtec.cat\/ieangeldetobies\/wp-json\/wp\/v2\/pages\/22"}],"wp:attachment":[{"href":"https:\/\/agora.xtec.cat\/ieangeldetobies\/wp-json\/wp\/v2\/media?parent=34"}],"curies":[{"name":"wp","href":"https:\/\/api.w.org\/{rel}","templated":true}]}}