{"id":2241,"date":"2020-06-18T16:34:08","date_gmt":"2020-06-18T14:34:08","guid":{"rendered":"https:\/\/agora.xtec.cat\/ieangeldetobies\/?page_id=2241"},"modified":"2025-02-18T13:09:39","modified_gmt":"2025-02-18T12:09:39","slug":"secretaria","status":"publish","type":"page","link":"https:\/\/agora.xtec.cat\/ieangeldetobies\/secretaria\/","title":{"rendered":"Secretaria"},"content":{"rendered":"<p>En aquesta secci\u00f3 podreu trobar tot all\u00f2 relacionat amb la part administrativa del nostre centre.<\/p>\n<p>L&#8217;horari d&#8217;atenci\u00f3 presencial de secretaria i administraci\u00f3 \u00e9s:<\/p>\n<p><strong>dilluns de 8.45h a 11h<\/strong><\/p>\n<p><strong>dimarts de 8.45h a 11h<\/strong><\/p>\n<p><strong>dimecres de 8.45h a 11h i de 14.30h a 16h<\/strong><\/p>\n<p><strong>dijous de 8.45h a 11h i de 13.30h a 14.30h<\/strong><\/p>\n<p><strong>divendres de 8.45h a 11h<\/strong><\/p>\n<p>En cas de voler posar-vos en contacte amb la secretaria del centre, ho podeu fer mitjan\u00e7ant el correu electr\u00f2nic: secretaria<span class=\"\">@angeldetobies.ca<\/span>t<\/p>\n<p>A continuaci\u00f3 podeu trobar l&#8217;enlla\u00e7 directe als apartats m\u00e9s importants de secretaria.<\/p>\n<p><a href=\"https:\/\/agora.xtec.cat\/ieangeldetobies\/serveis\/secretaria\/preinscripcio_matricula\/\">Preinscripci\u00f3 i matr\u00edcula<\/a><\/p>\n<p><a href=\"https:\/\/agora.xtec.cat\/ieangeldetobies\/serveis\/secretaria\/material-escolar\/\">Material escolar<\/a><\/p>\n<p><a href=\"https:\/\/agora.xtec.cat\/ieangeldetobies\/serveis\/secretaria\/documents\/\" target=\"_blank\" rel=\"noopener noreferrer\">Documents<\/a><\/p>\n","protected":false},"excerpt":{"rendered":"<p>En aquesta secci\u00f3 podreu trobar tot all\u00f2 relacionat amb la part administrativa del nostre centre. L&#8217;horari d&#8217;atenci\u00f3 presencial de secretaria [&hellip;]<\/p>\n","protected":false},"author":1,"featured_media":0,"parent":0,"menu_order":0,"comment_status":"closed","ping_status":"closed","template":"","meta":{"_bbp_topic_count":0,"_bbp_reply_count":0,"_bbp_total_topic_count":0,"_bbp_total_reply_count":0,"_bbp_voice_count":0,"_bbp_anonymous_reply_count":0,"_bbp_topic_count_hidden":0,"_bbp_reply_count_hidden":0,"_bbp_forum_subforum_count":0,"site-sidebar-layout":"default","site-content-layout":"","ast-site-content-layout":"","site-content-style":"default","site-sidebar-style":"default","ast-global-header-display":"","ast-banner-title-visibility":"","ast-main-header-display":"","ast-hfb-above-header-display":"","ast-hfb-below-header-display":"","ast-hfb-mobile-header-display":"","site-post-title":"","ast-breadcrumbs-content":"","ast-featured-img":"","footer-sml-layout":"","theme-transparent-header-meta":"","adv-header-id-meta":"","stick-header-meta":"","header-above-stick-meta":"","header-main-stick-meta":"","header-below-stick-meta":"","astra-migrate-meta-layouts":"default","ast-page-background-enabled":"default","ast-page-background-meta":{"desktop":{"background-color":"var(--ast-global-color-4)","background-image":"","background-repeat":"repeat","background-position":"center center","background-size":"auto","background-attachment":"scroll","background-type":"","background-media":"","overlay-type":"","overlay-color":"","overlay-opacity":"","overlay-gradient":""},"tablet":{"background-color":"","background-image":"","background-repeat":"repeat","background-position":"center center","background-size":"auto","background-attachment":"scroll","background-type":"","background-media":"","overlay-type":"","overlay-color":"","overlay-opacity":"","overlay-gradient":""},"mobile":{"background-color":"","background-image":"","background-repeat":"repeat","background-position":"center center","background-size":"auto","background-attachment":"scroll","background-type":"","background-media":"","overlay-type":"","overlay-color":"","overlay-opacity":"","overlay-gradient":""}},"ast-content-background-meta":{"desktop":{"background-color":"var(--ast-global-color-5)","background-image":"","background-repeat":"repeat","background-position":"center center","background-size":"auto","background-attachment":"scroll","background-type":"","background-media":"","overlay-type":"","overlay-color":"","overlay-opacity":"","overlay-gradient":""},"tablet":{"background-color":"var(--ast-global-color-5)","background-image":"","background-repeat":"repeat","background-position":"center center","background-size":"auto","background-attachment":"scroll","background-type":"","background-media":"","overlay-type":"","overlay-color":"","overlay-opacity":"","overlay-gradient":""},"mobile":{"background-color":"var(--ast-global-color-5)","background-image":"","background-repeat":"repeat","background-position":"center center","background-size":"auto","background-attachment":"scroll","background-type":"","background-media":"","overlay-type":"","overlay-color":"","overlay-opacity":"","overlay-gradient":""}},"footnotes":""},"class_list":["post-2241","page","type-page","status-publish","hentry"],"post_mailing_queue_ids":[],"_links":{"self":[{"href":"https:\/\/agora.xtec.cat\/ieangeldetobies\/wp-json\/wp\/v2\/pages\/2241","targetHints":{"allow":["GET"]}}],"collection":[{"href":"https:\/\/agora.xtec.cat\/ieangeldetobies\/wp-json\/wp\/v2\/pages"}],"about":[{"href":"https:\/\/agora.xtec.cat\/ieangeldetobies\/wp-json\/wp\/v2\/types\/page"}],"author":[{"embeddable":true,"href":"https:\/\/agora.xtec.cat\/ieangeldetobies\/wp-json\/wp\/v2\/users\/1"}],"replies":[{"embeddable":true,"href":"https:\/\/agora.xtec.cat\/ieangeldetobies\/wp-json\/wp\/v2\/comments?post=2241"}],"version-history":[{"count":4,"href":"https:\/\/agora.xtec.cat\/ieangeldetobies\/wp-json\/wp\/v2\/pages\/2241\/revisions"}],"predecessor-version":[{"id":7373,"href":"https:\/\/agora.xtec.cat\/ieangeldetobies\/wp-json\/wp\/v2\/pages\/2241\/revisions\/7373"}],"wp:attachment":[{"href":"https:\/\/agora.xtec.cat\/ieangeldetobies\/wp-json\/wp\/v2\/media?parent=2241"}],"curies":[{"name":"wp","href":"https:\/\/api.w.org\/{rel}","templated":true}]}}