{"id":2032,"date":"2020-05-09T11:56:31","date_gmt":"2020-05-09T09:56:31","guid":{"rendered":"https:\/\/agora.xtec.cat\/ieangeldetobies\/?page_id=2032"},"modified":"2026-04-23T10:41:32","modified_gmt":"2026-04-23T08:41:32","slug":"preinscripcio_matricula","status":"publish","type":"page","link":"https:\/\/agora.xtec.cat\/ieangeldetobies\/secretaria\/preinscripcio_matricula\/","title":{"rendered":"Preinscripci\u00f3 i matr\u00edcula"},"content":{"rendered":"\n<figure data-wp-context=\"{&quot;imageId&quot;:&quot;69eb2b890e731&quot;}\" data-wp-interactive=\"core\/image\" class=\"wp-block-image size-full wp-lightbox-container\"><img loading=\"lazy\" decoding=\"async\" width=\"1900\" height=\"372\" data-wp-class--hide=\"state.isContentHidden\" data-wp-class--show=\"state.isContentVisible\" data-wp-init=\"callbacks.setButtonStyles\" data-wp-on-async--click=\"actions.showLightbox\" data-wp-on-async--load=\"callbacks.setButtonStyles\" data-wp-on-async-window--resize=\"callbacks.setButtonStyles\" src=\"https:\/\/agora.xtec.cat\/ieangeldetobies\/wp-content\/uploads\/usu1448\/2026\/02\/Preinscripcio_baners_Web_educacio__Preinscripcio_web_educacio_1900x372_3imatges.jpg\" alt=\"\" class=\"wp-image-11369\" srcset=\"https:\/\/agora.xtec.cat\/ieangeldetobies\/wp-content\/uploads\/usu1448\/2026\/02\/Preinscripcio_baners_Web_educacio__Preinscripcio_web_educacio_1900x372_3imatges.jpg 1900w, https:\/\/agora.xtec.cat\/ieangeldetobies\/wp-content\/uploads\/usu1448\/2026\/02\/Preinscripcio_baners_Web_educacio__Preinscripcio_web_educacio_1900x372_3imatges-300x59.jpg 300w, https:\/\/agora.xtec.cat\/ieangeldetobies\/wp-content\/uploads\/usu1448\/2026\/02\/Preinscripcio_baners_Web_educacio__Preinscripcio_web_educacio_1900x372_3imatges-1024x200.jpg 1024w, https:\/\/agora.xtec.cat\/ieangeldetobies\/wp-content\/uploads\/usu1448\/2026\/02\/Preinscripcio_baners_Web_educacio__Preinscripcio_web_educacio_1900x372_3imatges-768x150.jpg 768w, https:\/\/agora.xtec.cat\/ieangeldetobies\/wp-content\/uploads\/usu1448\/2026\/02\/Preinscripcio_baners_Web_educacio__Preinscripcio_web_educacio_1900x372_3imatges-1536x301.jpg 1536w\" sizes=\"auto, (max-width: 1900px) 100vw, 1900px\" \/><button\n\t\t\tclass=\"lightbox-trigger\"\n\t\t\ttype=\"button\"\n\t\t\taria-haspopup=\"dialog\"\n\t\t\taria-label=\"Amplia la imatge\"\n\t\t\tdata-wp-init=\"callbacks.initTriggerButton\"\n\t\t\tdata-wp-on-async--click=\"actions.showLightbox\"\n\t\t\tdata-wp-style--right=\"state.imageButtonRight\"\n\t\t\tdata-wp-style--top=\"state.imageButtonTop\"\n\t\t>\n\t\t\t<svg xmlns=\"http:\/\/www.w3.org\/2000\/svg\" width=\"12\" height=\"12\" fill=\"none\" viewBox=\"0 0 12 12\">\n\t\t\t\t<path fill=\"#fff\" d=\"M2 0a2 2 0 0 0-2 2v2h1.5V2a.5.5 0 0 1 .5-.5h2V0H2Zm2 10.5H2a.5.5 0 0 1-.5-.5V8H0v2a2 2 0 0 0 2 2h2v-1.5ZM8 12v-1.5h2a.5.5 0 0 0 .5-.5V8H12v2a2 2 0 0 1-2 2H8Zm2-12a2 2 0 0 1 2 2v2h-1.5V2a.5.5 0 0 0-.5-.5H8V0h2Z\" \/>\n\t\t\t<\/svg>\n\t\t<\/button><\/figure>\n\n\n\n<div class=\"wp-block-getwid-tabs\" data-active-tab=\"0\"><ul class=\"wp-block-getwid-tabs__nav-links\"><\/ul>\n<div class=\"wp-block-getwid-tabs__nav-link\"><span class=\"wp-block-getwid-tabs__title-wrapper\"><a href=\"#\"><span class=\"wp-block-getwid-tabs__title\">Coneix el nostre centre<\/span><\/a><\/span><\/div><div class=\"wp-block-getwid-tabs__tab-content-wrapper\"><div class=\"wp-block-getwid-tabs__tab-content\">\n<h4 class=\"wp-block-heading\"><a href=\"https:\/\/agora.xtec.cat\/ieangeldetobies\/wp-content\/uploads\/usu1448\/2022\/03\/Triptic-de-centre-3_page-0001.jpg\"><\/a><\/h4>\n\n\n\n<figure class=\"wp-block-embed is-type-video is-provider-youtube wp-block-embed-youtube wp-embed-aspect-16-9 wp-has-aspect-ratio\"><div class=\"wp-block-embed__wrapper\">\n<div class=\"ast-oembed-container \" style=\"height: 100%;\"><iframe loading=\"lazy\" title=\"Coneixem l\u2019Institut Escola (1a part)\" width=\"500\" height=\"281\" src=\"https:\/\/www.youtube.com\/embed\/Wiw2QdR9Z8k?feature=oembed\" frameborder=\"0\" allow=\"accelerometer; autoplay; clipboard-write; encrypted-media; gyroscope; picture-in-picture; web-share\" referrerpolicy=\"strict-origin-when-cross-origin\" allowfullscreen><\/iframe><\/div>\n<\/div><\/figure>\n\n\n\n<figure class=\"wp-block-image size-large\"><a href=\"https:\/\/agora.xtec.cat\/ieangeldetobies\/wp-content\/uploads\/usu1448\/2022\/03\/Triptic-de-centre-3_page-0002.jpg\"><img loading=\"lazy\" decoding=\"async\" width=\"1024\" height=\"724\" src=\"https:\/\/agora.xtec.cat\/ieangeldetobies\/wp-content\/uploads\/usu1448\/2022\/03\/Triptic-de-centre-3_page-0002-1024x724.jpg\" alt=\"\" class=\"wp-image-5199\" srcset=\"https:\/\/agora.xtec.cat\/ieangeldetobies\/wp-content\/uploads\/usu1448\/2022\/03\/Triptic-de-centre-3_page-0002-1024x724.jpg 1024w, https:\/\/agora.xtec.cat\/ieangeldetobies\/wp-content\/uploads\/usu1448\/2022\/03\/Triptic-de-centre-3_page-0002-300x212.jpg 300w, https:\/\/agora.xtec.cat\/ieangeldetobies\/wp-content\/uploads\/usu1448\/2022\/03\/Triptic-de-centre-3_page-0002-768x543.jpg 768w, https:\/\/agora.xtec.cat\/ieangeldetobies\/wp-content\/uploads\/usu1448\/2022\/03\/Triptic-de-centre-3_page-0002-1536x1086.jpg 1536w, https:\/\/agora.xtec.cat\/ieangeldetobies\/wp-content\/uploads\/usu1448\/2022\/03\/Triptic-de-centre-3_page-0002.jpg 1755w\" sizes=\"auto, (max-width: 1024px) 100vw, 1024px\" \/><\/a><\/figure>\n<\/div><\/div>\n\n\n\n<div class=\"wp-block-getwid-tabs__nav-link\"><span class=\"wp-block-getwid-tabs__title-wrapper\"><a href=\"#\"><span class=\"wp-block-getwid-tabs__title\">Dates clau<\/span><\/a><\/span><\/div><div class=\"wp-block-getwid-tabs__tab-content-wrapper\"><div class=\"wp-block-getwid-tabs__tab-content\">\n<figure class=\"wp-block-table is-style-stripes\"><table class=\"has-ast-global-color-0-background-color has-background\"><tbody><tr><td><strong>Fases de la preinscripci\u00f3\u200b<\/strong><\/td><td><strong>Dates<\/strong><\/td><\/tr><tr><td>Portes obertes Infantil i Prim\u00e0ria<\/td><td>El 25 de febrer de 15h a 16.30h<\/td><\/tr><tr><td>Portes obertes Secund\u00e0ria<\/td><td>El 25 de febrer de 15h a 16.30h<\/td><\/tr><tr><td>Publicaci\u00f3 de l&#8217;oferta inicial<\/td><td>3 de mar\u00e7<\/td><\/tr><tr><td>Presentaci\u00f3 i\/o modificaci\u00f3 de sol\u00b7licituds&nbsp;INF-PRIM Presentaci\u00f3 i\/o modificaci\u00f3 de sol\u00b7licituds ESO<\/td><td>Del 4 al 18 de mar\u00e7 Del 6 al 18 de mar\u00e7<\/td><\/tr><tr><td>Presentaci\u00f3 de documentaci\u00f3&nbsp;<\/td><td>Fins al 19 de mar\u00e7<\/td><\/tr><tr><td>Publicaci\u00f3 de la llista de sol\u00b7licituds amb la puntuaci\u00f3 provisional.<\/td><td>15 d&#8217;abril<\/td><\/tr><tr><td>Presentaci\u00f3 de reclamacions a la llista amb la puntuaci\u00f3 provisional<\/td><td>Del 15 al 20 d&#8217;abril<\/td><\/tr><tr><td>Publicaci\u00f3 de la llista amb la puntuaci\u00f3, resoltes les reclamacions<\/td><td>23 d&#8217;abril<\/td><\/tr><tr><td>Sorteig<\/td><td>28 d&#8217;abril<\/td><\/tr><tr><td>Publicaci\u00f3 de la llista ordenada<\/td><td>30 d&#8217;abril<\/td><\/tr><tr><td>Ampliaci\u00f3 de peticions per a alumnes sense pla\u00e7a assignada a cap centre.<\/td><td>13-14 de maig<\/td><\/tr><tr><td>Publicaci\u00f3 de l&#8217;oferta final<\/td><td>10 de juny<\/td><\/tr><tr><td>Publicaci\u00f3 de la llista d&#8217;admesos i la llista d&#8217;espera<\/td><td>10 de juny<\/td><\/tr><tr><td>\u200bMatricula\u200b<\/td><td>\u200bDel 22 al 30 de juny<\/td><\/tr><\/tbody><\/table><\/figure>\n<\/div><\/div>\n\n\n\n<div class=\"wp-block-getwid-tabs__nav-link\"><span class=\"wp-block-getwid-tabs__title-wrapper\"><a href=\"#\"><span class=\"wp-block-getwid-tabs__title\">Com fer la preinscripci\u00f3?<\/span><\/a><\/span><\/div><div class=\"wp-block-getwid-tabs__tab-content-wrapper\"><div class=\"wp-block-getwid-tabs__tab-content\">\n<p>La preinscripci\u00f3 es pot realitzar de 2 maneres:<\/p>\n\n\n\n<ul class=\"wp-block-list\">\n<li>Preinscripci\u00f3 telem\u00e0tica al web <a href=\"http:\/\/preinscripcio.gencat.cat\" target=\"_blank\" rel=\"noreferrer noopener\">preinscripcio.gencat.cat<\/a><\/li>\n\n\n\n<li>Preinscripci\u00f3 presencialment al nostre centre tenint en compte les seg\u00fcents indicacions:\n<ul class=\"wp-block-list\">\n<li>Cal <strong>reservar cita pr\u00e8viament<\/strong> mitjan\u00e7ant:\n<ul class=\"wp-block-list\">\n<li>Tel\u00e8fon: 977.66.68.65<\/li>\n\n\n\n<li><a href=\"https:\/\/aplicacions.gestioeducativa.gencat.cat\/pls\/apex\/f?p=CITA_PREVIA:4::::4:P4_TIPUS_CALENDARI,P4_DOMINI:01_Oblig,43013075\" target=\"_blank\" rel=\"noreferrer noopener\">Formulari de reserva&nbsp;<\/a><\/li>\n\n\n\n<li>Servei: de dilluns a divendres de 9h a 12h<\/li>\n\n\n\n<li>En cas de dubte contacteu amb secretaria@angeldetobies.cat<\/li>\n<\/ul>\n<\/li>\n<\/ul>\n<\/li>\n<\/ul>\n\n\n\n<p>Les preinscripcions presencials es realitzaran de les 9h a les 12h . S&#8217;adjudicar\u00e0 1 cita cada 15 minuts.<\/p>\n<\/div><\/div>\n\n\n\n<div class=\"wp-block-getwid-tabs__nav-link\"><span class=\"wp-block-getwid-tabs__title-wrapper\"><a href=\"#\"><span class=\"wp-block-getwid-tabs__title\">Qu\u00e8 necessito?<\/span><\/a><\/span><\/div><div class=\"wp-block-getwid-tabs__tab-content-wrapper\"><div class=\"wp-block-getwid-tabs__tab-content\">\n<h4 class=\"wp-block-heading\">ALUMNAT NOUVINGUTS O SENSE ESCOLARITZACI\u00d3<\/h4>\n\n\n\n<p>\u2714 <strong>Tipus de sol\u00b7licitud: <\/strong>Electr\u00f2nica.<\/p>\n\n\n\n<h5 class=\"wp-block-heading\">\u2714 Documents:<\/h5>\n\n\n\n<ul class=\"wp-block-list\">\n<li>Llibre de fam\u00edlia o altres documents de filiaci\u00f3.<\/li>\n\n\n\n<li>DNI\/NIE pare, mare o tutor\/a amb certificat digital (si no es pot validar).<\/li>\n\n\n\n<li>DNI de l&#8217;alumne\/a (si en t\u00e9 i no es pot validar).<\/li>\n\n\n\n<li>Resoluci\u00f3 d&#8217;acolliment (si s&#8217;escau).<\/li>\n\n\n\n<li>Fam\u00edlia nombrosa\/monoparental. N\u00famero i data de venciment del carnet o t\u00edtol<\/li>\n<\/ul>\n\n\n\n<h4 class=\"wp-block-heading\">ALUMNAT JA ESCOLARITZAT A ALTRES CENTRES DE CATALUNYA<\/h4>\n\n\n\n<p>\u2714 <strong>Sol\u00b7licitud: <\/strong>Electr\u00f2nica.<\/p>\n\n\n\n<h5 class=\"wp-block-heading\">\u2714 Documents:<\/h5>\n\n\n\n<ul class=\"wp-block-list\">\n<li>IDALU de l\u2019alumne\/a.<\/li>\n\n\n\n<li>DNI pare\/mare amb certificat digital.<\/li>\n\n\n\n<li>Llibre de fam\u00edlia o altres documents de filiaci\u00f3 (si no ho detecta l\u2019aplicaci\u00f3).<\/li>\n\n\n\n<li>Fam\u00edlia nombrosa\/monoparental. N\u00famero i data de venciment del carnet o t\u00edtol<\/li>\n<\/ul>\n\n\n\n<h4 class=\"wp-block-heading\">DOCUMENTACI\u00d3 SEGONS CRITERIS ESPEC\u00cdFICS<\/h4>\n\n\n\n<ul class=\"wp-block-list\">\n<li><strong>Germans escolaritzats <\/strong>\u279d No cal aportar documentaci\u00f3.<\/li>\n\n\n\n<li><strong>Proximitat del lloc de treball <\/strong>\u279d Contracte laboral o certificat d\u2019empresa.<\/li>\n\n\n\n<li><strong>V\u00edctima de viol\u00e8ncia de g\u00e8nere o terrorisme <\/strong>\u279d Sent\u00e8ncia, ordre de protecci\u00f3 o certificat oficial.<\/li>\n<\/ul>\n\n\n\n<h4 class=\"wp-block-heading\">DOCUMENTACI\u00d3 ADDICIONAL (SI L\u2019APLICACI\u00d3 NO HO DETECTA)<\/h4>\n\n\n\n<ul class=\"wp-block-list\">\n<li><strong>Proximitat domicili-centre <\/strong>\u279d Certificat de resid\u00e8ncia.<\/li>\n\n\n\n<li><strong>Renda garantida de ciutadania <\/strong>\u279d Document acreditatiu.<\/li>\n\n\n\n<li><strong>Discapacitat (\u2265<\/strong> <strong>33%) <\/strong>\u279d Certificat de discapacitat (ICASS).<\/li>\n\n\n\n<li><strong>Fam\u00edlia nombrosa \/ monoparental <\/strong>\u279d T\u00edtol corresponent o targeta.<\/li>\n\n\n\n<li><strong>Part m\u00faltiple (bessons, trig\u00e8mins) <\/strong>\u279d Certificat de naixement o llibre de fam\u00edlia.<\/li>\n<\/ul>\n\n\n\n<p><strong>Porta la documentaci\u00f3 necess\u00e0ria per evitar problemes en la preinscripci\u00f3!<\/strong><\/p>\n<\/div><\/div>\n\n\n\n<div class=\"wp-block-getwid-tabs__nav-link\"><span class=\"wp-block-getwid-tabs__title-wrapper\"><a href=\"#\"><span class=\"wp-block-getwid-tabs__title\">M\u00e9s informaci\u00f3<\/span><\/a><\/span><\/div><div class=\"wp-block-getwid-tabs__tab-content-wrapper\"><div class=\"wp-block-getwid-tabs__tab-content\">\n<ul class=\"wp-block-list\">\n<li>Tel\u00e8fon: 977.66.68.65<\/li>\n\n\n\n<li>Web: agora.xtec.cat\/ieangeldetobies<\/li>\n\n\n\n<li>https:\/\/preinscripcio.gencat.cat\/ca\/inici\/index.html<\/li>\n<\/ul>\n\n\n\n<figure class=\"wp-block-image size-large\"><a href=\"https:\/\/agora.xtec.cat\/ieangeldetobies\/wp-content\/uploads\/usu1448\/2022\/03\/Triptic-de-centre-3_page-0001.jpg\"><img loading=\"lazy\" decoding=\"async\" width=\"1024\" height=\"724\" src=\"https:\/\/agora.xtec.cat\/ieangeldetobies\/wp-content\/uploads\/usu1448\/2022\/03\/Triptic-de-centre-3_page-0001-1024x724.jpg\" alt=\"\" class=\"wp-image-5198\" srcset=\"https:\/\/agora.xtec.cat\/ieangeldetobies\/wp-content\/uploads\/usu1448\/2022\/03\/Triptic-de-centre-3_page-0001-1024x724.jpg 1024w, https:\/\/agora.xtec.cat\/ieangeldetobies\/wp-content\/uploads\/usu1448\/2022\/03\/Triptic-de-centre-3_page-0001-300x212.jpg 300w, https:\/\/agora.xtec.cat\/ieangeldetobies\/wp-content\/uploads\/usu1448\/2022\/03\/Triptic-de-centre-3_page-0001-768x543.jpg 768w, https:\/\/agora.xtec.cat\/ieangeldetobies\/wp-content\/uploads\/usu1448\/2022\/03\/Triptic-de-centre-3_page-0001-1536x1086.jpg 1536w, https:\/\/agora.xtec.cat\/ieangeldetobies\/wp-content\/uploads\/usu1448\/2022\/03\/Triptic-de-centre-3_page-0001.jpg 1755w\" sizes=\"auto, (max-width: 1024px) 100vw, 1024px\" \/><\/a><\/figure>\n<\/div><\/div>\n\n\n\n<div class=\"wp-block-getwid-tabs__nav-link\"><span class=\"wp-block-getwid-tabs__title-wrapper\"><a href=\"#\"><span class=\"wp-block-getwid-tabs__title\">Documentaci\u00f3<\/span><\/a><\/span><\/div><div class=\"wp-block-getwid-tabs__tab-content-wrapper\"><div class=\"wp-block-getwid-tabs__tab-content\">\n<p><\/p>\n\n\n\n<div class=\"wp-block-getwid-accordion has-icon-left\" data-active-element=\"none\">\n<div class=\"wp-block-getwid-accordion__header-wrapper\"><span class=\"wp-block-getwid-accordion__header\"><a href=\"#\"><span class=\"wp-block-getwid-accordion__header-title\">Oferta inicial de places<\/span><span class=\"wp-block-getwid-accordion__icon is-active\"><i class=\"fas fa-plus\"><\/i><\/span><span class=\"wp-block-getwid-accordion__icon is-passive\"><i class=\"fas fa-minus\"><\/i><\/span><\/a><\/span><\/div><div class=\"wp-block-getwid-accordion__content-wrapper\"><div class=\"wp-block-getwid-accordion__content\">\n<div data-wp-interactive=\"core\/file\" class=\"wp-block-file\"><object data-wp-bind--hidden=\"!state.hasPdfPreview\" hidden class=\"wp-block-file__embed\" data=\"https:\/\/agora.xtec.cat\/ieangeldetobies\/wp-content\/uploads\/usu1448\/2026\/03\/INFORME_OFERTA_OME_Oferta-Inicial.pdf\" type=\"application\/pdf\" style=\"width:100%;height:600px\" aria-label=\"Incrustaci\u00f3 del fitxer INFORME_OFERTA_OME_Oferta Inicial.\"><\/object><a id=\"wp-block-file--media-696fee75-d156-48ec-835b-30b0a224f4be\" href=\"https:\/\/agora.xtec.cat\/ieangeldetobies\/wp-content\/uploads\/usu1448\/2026\/03\/INFORME_OFERTA_OME_Oferta-Inicial.pdf\">INFORME_OFERTA_OME_Oferta Inicial<\/a><a href=\"https:\/\/agora.xtec.cat\/ieangeldetobies\/wp-content\/uploads\/usu1448\/2026\/03\/INFORME_OFERTA_OME_Oferta-Inicial.pdf\" class=\"wp-block-file__button wp-element-button\" download aria-describedby=\"wp-block-file--media-696fee75-d156-48ec-835b-30b0a224f4be\">Baixa<\/a><\/div>\n\n\n\n<p><\/p>\n<\/div><\/div>\n\n\n\n<div class=\"wp-block-getwid-accordion__header-wrapper\"><span class=\"wp-block-getwid-accordion__header\"><a href=\"#\"><span class=\"wp-block-getwid-accordion__header-title\">Barem provisional<\/span><span class=\"wp-block-getwid-accordion__icon is-active\"><i class=\"fas fa-plus\"><\/i><\/span><span class=\"wp-block-getwid-accordion__icon is-passive\"><i class=\"fas fa-minus\"><\/i><\/span><\/a><\/span><\/div><div class=\"wp-block-getwid-accordion__content-wrapper\"><div class=\"wp-block-getwid-accordion__content\">\n<div data-wp-interactive=\"core\/file\" class=\"wp-block-file\"><object data-wp-bind--hidden=\"!state.hasPdfPreview\" hidden class=\"wp-block-file__embed\" data=\"https:\/\/agora.xtec.cat\/ieangeldetobies\/wp-content\/uploads\/usu1448\/2026\/04\/Llista-sollicituds-amb-puntuacio-provisional.pdf\" type=\"application\/pdf\" style=\"width:100%;height:600px\" aria-label=\"Incrustaci\u00f3 del fitxer Llista sol\u00b7licituds amb puntuaci\u00f3 provisional.\"><\/object><a id=\"wp-block-file--media-ef6c64f3-787f-484a-bf78-a94cad2f5112\" href=\"https:\/\/agora.xtec.cat\/ieangeldetobies\/wp-content\/uploads\/usu1448\/2026\/04\/Llista-sollicituds-amb-puntuacio-provisional.pdf\">Llista sol\u00b7licituds amb puntuaci\u00f3 provisional<\/a><a href=\"https:\/\/agora.xtec.cat\/ieangeldetobies\/wp-content\/uploads\/usu1448\/2026\/04\/Llista-sollicituds-amb-puntuacio-provisional.pdf\" class=\"wp-block-file__button wp-element-button\" download aria-describedby=\"wp-block-file--media-ef6c64f3-787f-484a-bf78-a94cad2f5112\">Baixa<\/a><\/div>\n<\/div><\/div>\n\n\n\n<div class=\"wp-block-getwid-accordion__header-wrapper\"><span class=\"wp-block-getwid-accordion__header\"><a href=\"#\"><span class=\"wp-block-getwid-accordion__header-title\">Barem definitiu<\/span><span class=\"wp-block-getwid-accordion__icon is-active\"><i class=\"fas fa-plus\"><\/i><\/span><span class=\"wp-block-getwid-accordion__icon is-passive\"><i class=\"fas fa-minus\"><\/i><\/span><\/a><\/span><\/div><div class=\"wp-block-getwid-accordion__content-wrapper\"><div class=\"wp-block-getwid-accordion__content\">\n<div data-wp-interactive=\"core\/file\" class=\"wp-block-file\"><object data-wp-bind--hidden=\"!state.hasPdfPreview\" hidden class=\"wp-block-file__embed\" data=\"https:\/\/agora.xtec.cat\/ieangeldetobies\/wp-content\/uploads\/usu1448\/2026\/04\/INFORME_BAREM_RESOLTES_BAREM-23042026.pdf\" type=\"application\/pdf\" style=\"width:100%;height:600px\" aria-label=\"Incrustaci\u00f3 del fitxer INFORME_BAREM_RESOLTES_BAREM 23042026.\"><\/object><a id=\"wp-block-file--media-f34e120d-6b9a-4a91-888e-a0be55db6fc0\" href=\"https:\/\/agora.xtec.cat\/ieangeldetobies\/wp-content\/uploads\/usu1448\/2026\/04\/INFORME_BAREM_RESOLTES_BAREM-23042026.pdf\">INFORME_BAREM_RESOLTES_BAREM 23042026<\/a><a href=\"https:\/\/agora.xtec.cat\/ieangeldetobies\/wp-content\/uploads\/usu1448\/2026\/04\/INFORME_BAREM_RESOLTES_BAREM-23042026.pdf\" class=\"wp-block-file__button wp-element-button\" download aria-describedby=\"wp-block-file--media-f34e120d-6b9a-4a91-888e-a0be55db6fc0\">Baixa<\/a><\/div>\n<\/div><\/div>\n\n\n\n<div class=\"wp-block-getwid-accordion__header-wrapper\"><span class=\"wp-block-getwid-accordion__header\"><a href=\"#\"><span class=\"wp-block-getwid-accordion__header-title\">Oferta definitiva<\/span><span class=\"wp-block-getwid-accordion__icon is-active\"><i class=\"fas fa-plus\"><\/i><\/span><span class=\"wp-block-getwid-accordion__icon is-passive\"><i class=\"fas fa-minus\"><\/i><\/span><\/a><\/span><\/div><div class=\"wp-block-getwid-accordion__content-wrapper\"><div class=\"wp-block-getwid-accordion__content\">\n<p><\/p>\n<\/div><\/div>\n\n\n\n<div class=\"wp-block-getwid-accordion__header-wrapper\"><span class=\"wp-block-getwid-accordion__header\"><a href=\"#\"><span class=\"wp-block-getwid-accordion__header-title\">Llistat d&#8217;alumnes admesos<\/span><span class=\"wp-block-getwid-accordion__icon is-active\"><i class=\"fas fa-plus\"><\/i><\/span><span class=\"wp-block-getwid-accordion__icon is-passive\"><i class=\"fas fa-minus\"><\/i><\/span><\/a><\/span><\/div><div class=\"wp-block-getwid-accordion__content-wrapper\"><div class=\"wp-block-getwid-accordion__content\">\n<p><\/p>\n<\/div><\/div>\n\n\n\n<div class=\"wp-block-getwid-accordion__header-wrapper\"><span class=\"wp-block-getwid-accordion__header\"><a href=\"#\"><span class=\"wp-block-getwid-accordion__header-title\">Llista d&#8217;espera<\/span><span class=\"wp-block-getwid-accordion__icon is-active\"><i class=\"fas fa-plus\"><\/i><\/span><span class=\"wp-block-getwid-accordion__icon is-passive\"><i class=\"fas fa-minus\"><\/i><\/span><\/a><\/span><\/div><div class=\"wp-block-getwid-accordion__content-wrapper\"><div class=\"wp-block-getwid-accordion__content\">\n<p><\/p>\n<\/div><\/div>\n<\/div>\n<\/div><\/div>\n<\/div>\n","protected":false},"excerpt":{"rendered":"","protected":false},"author":1,"featured_media":0,"parent":2241,"menu_order":0,"comment_status":"closed","ping_status":"closed","template":"","meta":{"_bbp_topic_count":0,"_bbp_reply_count":0,"_bbp_total_topic_count":0,"_bbp_total_reply_count":0,"_bbp_voice_count":0,"_bbp_anonymous_reply_count":0,"_bbp_topic_count_hidden":0,"_bbp_reply_count_hidden":0,"_bbp_forum_subforum_count":0,"site-sidebar-layout":"default","site-content-layout":"","ast-site-content-layout":"default","site-content-style":"default","site-sidebar-style":"default","ast-global-header-display":"","ast-banner-title-visibility":"","ast-main-header-display":"","ast-hfb-above-header-display":"","ast-hfb-below-header-display":"","ast-hfb-mobile-header-display":"","site-post-title":"","ast-breadcrumbs-content":"","ast-featured-img":"","footer-sml-layout":"","theme-transparent-header-meta":"default","adv-header-id-meta":"","stick-header-meta":"","header-above-stick-meta":"","header-main-stick-meta":"","header-below-stick-meta":"","astra-migrate-meta-layouts":"set","ast-page-background-enabled":"default","ast-page-background-meta":{"desktop":{"background-color":"var(--ast-global-color-4)","background-image":"","background-repeat":"repeat","background-position":"center center","background-size":"auto","background-attachment":"scroll","background-type":"","background-media":"","overlay-type":"","overlay-color":"","overlay-opacity":"","overlay-gradient":""},"tablet":{"background-color":"","background-image":"","background-repeat":"repeat","background-position":"center center","background-size":"auto","background-attachment":"scroll","background-type":"","background-media":"","overlay-type":"","overlay-color":"","overlay-opacity":"","overlay-gradient":""},"mobile":{"background-color":"","background-image":"","background-repeat":"repeat","background-position":"center center","background-size":"auto","background-attachment":"scroll","background-type":"","background-media":"","overlay-type":"","overlay-color":"","overlay-opacity":"","overlay-gradient":""}},"ast-content-background-meta":{"desktop":{"background-color":"var(--ast-global-color-5)","background-image":"","background-repeat":"repeat","background-position":"center center","background-size":"auto","background-attachment":"scroll","background-type":"","background-media":"","overlay-type":"","overlay-color":"","overlay-opacity":"","overlay-gradient":""},"tablet":{"background-color":"var(--ast-global-color-5)","background-image":"","background-repeat":"repeat","background-position":"center center","background-size":"auto","background-attachment":"scroll","background-type":"","background-media":"","overlay-type":"","overlay-color":"","overlay-opacity":"","overlay-gradient":""},"mobile":{"background-color":"var(--ast-global-color-5)","background-image":"","background-repeat":"repeat","background-position":"center center","background-size":"auto","background-attachment":"scroll","background-type":"","background-media":"","overlay-type":"","overlay-color":"","overlay-opacity":"","overlay-gradient":""}},"footnotes":""},"class_list":["post-2032","page","type-page","status-publish","hentry"],"post_mailing_queue_ids":[],"_links":{"self":[{"href":"https:\/\/agora.xtec.cat\/ieangeldetobies\/wp-json\/wp\/v2\/pages\/2032","targetHints":{"allow":["GET"]}}],"collection":[{"href":"https:\/\/agora.xtec.cat\/ieangeldetobies\/wp-json\/wp\/v2\/pages"}],"about":[{"href":"https:\/\/agora.xtec.cat\/ieangeldetobies\/wp-json\/wp\/v2\/types\/page"}],"author":[{"embeddable":true,"href":"https:\/\/agora.xtec.cat\/ieangeldetobies\/wp-json\/wp\/v2\/users\/1"}],"replies":[{"embeddable":true,"href":"https:\/\/agora.xtec.cat\/ieangeldetobies\/wp-json\/wp\/v2\/comments?post=2032"}],"version-history":[{"count":6,"href":"https:\/\/agora.xtec.cat\/ieangeldetobies\/wp-json\/wp\/v2\/pages\/2032\/revisions"}],"predecessor-version":[{"id":11506,"href":"https:\/\/agora.xtec.cat\/ieangeldetobies\/wp-json\/wp\/v2\/pages\/2032\/revisions\/11506"}],"up":[{"embeddable":true,"href":"https:\/\/agora.xtec.cat\/ieangeldetobies\/wp-json\/wp\/v2\/pages\/2241"}],"wp:attachment":[{"href":"https:\/\/agora.xtec.cat\/ieangeldetobies\/wp-json\/wp\/v2\/media?parent=2032"}],"curies":[{"name":"wp","href":"https:\/\/api.w.org\/{rel}","templated":true}]}}