{"id":73,"date":"2014-09-18T14:01:51","date_gmt":"2014-09-18T12:01:51","guid":{"rendered":"http:\/\/agora.xtec.cat\/ieagustibarbera\/\/?page_id=73"},"modified":"2026-02-19T15:08:26","modified_gmt":"2026-02-19T14:08:26","slug":"menjador-escolar","status":"publish","type":"page","link":"https:\/\/agora.xtec.cat\/ieagustibarbera\/serveis\/menjador-escolar\/","title":{"rendered":"Menjador escolar"},"content":{"rendered":"<p>D\u2019acord amb el Decret 160\/1996, de 14 de maig, pel qual es regula el servei escolar de menjador als centres docents p\u00fablics de titularitat del Departament d\u2019Ensenyament (Diari Oficial de la Generalitat de Catalunya N\u00fam. 2208-20.5.1996):<\/p>\n<ul>\n<li>El servei escolar de menjador es regula com una prestaci\u00f3 de car\u00e0cter opcional que tots els centres poden oferir sempre que garanteixin la idone\u00eftat de la prestaci\u00f3.<\/li>\n<li>Se\u2019n fa part\u00edcip a tots els sectors de la comunitat educativa de l\u2019organitzaci\u00f3 i gesti\u00f3. En aquest sentit tenen una especial participaci\u00f3 els Consells Escolars mitjan\u00e7ant l\u2019elaboraci\u00f3 d\u2019un Pla de Funcionament el qual hauran d\u2019aprovar i formar\u00e0 part de la programaci\u00f3 anual del centre.<\/li>\n<li>El servei escolar de menjador s\u2019ha de prestar dins les instal\u00b7lacions del centre.<\/li>\n<li>Els menjars s\u2019elaboraran i manipularan en les condicions d\u2019higiene, salubritat i qualitat que estableixin les disposicions tecnicosanit\u00e0ries vigents. A aquests efectes el personal de menjador i cuina haur\u00e0 d\u2019estar en possessi\u00f3 del carnet de manipulador d\u2019aliments.<\/li>\n<li>Els men\u00fas s\u2019adequaran a les necessitats de l\u2019alumnat atenent el correcte equilibri diet\u00e8tic, i tenint cura de la variaci\u00f3 i la presentaci\u00f3 dels aliments.<\/li>\n<li>El personal laboral contractat per a l\u2019elaboraci\u00f3 i manipulaci\u00f3 dels aliments, s\u2019encarregaran de la neteja de la cuina i el menjador.<\/li>\n<li>Correspon als Departaments d\u2019Ensenyament i de Sanitat i Seguretat Social, en \u00fas de les seves respectives compet\u00e8ncies, dur a terme la inspecci\u00f3 del servei escolar de menjador.<\/li>\n<li>Correspon als Consells Comarcals la gesti\u00f3 dels ajuts de menjador per necessitats socioecon\u00f2miques o de situaci\u00f3 geogr\u00e0fica de l\u2019alumnat.<\/li>\n<\/ul>\n<p><strong>OBJECTIUS<\/strong><\/p>\n<ul>\n<li>Adquirir h\u00e0bits alimentaris: s\u2019intentar\u00e0 que tot l\u2019alumnat s\u2019acostumi a menjar de tot.<\/li>\n<li>Assumir responsabilitats: mantenir la taula neta, aprendre a servir, demanar les coses correctament, utilitzar els coberts correctament, adoptar una posici\u00f3 correcta a la taula, utilitzar el tovall\u00f3.<\/li>\n<li>Adquirir h\u00e0bits d\u2019higiene: netejar-se les mans abans de dinar i les dents despr\u00e8s.<\/li>\n<\/ul>\n<h4 id=\"sites-page-title-header\" align=\"left\"><span id=\"sites-page-title\" dir=\"ltr\" tabindex=\"-1\">Funcionament<\/span><\/h4>\n<p><span style=\"font-family: Arial,Helvetica;\">El Centre disposa d&#8217;un Menjador Escolar vigilat per personal docent i monitors.<\/span><br \/>\n<span style=\"font-family: Arial,Helvetica;\">El preu del men\u00fa durant el curs escolar 2025-2026 \u00e9s de 7&#8217;54 \u20ac<b>.\u00a0<\/b>cada dia.<\/span><br \/>\n<span style=\"font-family: Arial,Helvetica;\">El Consell Comarcal del Montsi\u00e0 adjudica<b> ajuts<\/b> per l&#8217;alumnat en aquesta despesa.<\/span><br \/>\n<span style=\"font-family: Arial,Helvetica;\">Els\u00a0<b>plats s&#8217;elaboren a la cuina<\/b>\u00a0del Centre per personal qualificat essent de tipus casol\u00e0 mediterrani i variat.<\/span><\/p>\n<div id=\"sites-canvas-main\" class=\"sites-canvas-main\">\u00a0<img decoding=\"async\" class=\"aligncenter\" src=\"http:\/\/www.xtec.cat\/ceip-agustibarbera-amposta\/imatges\/cuina.jpg\" \/><\/div>\n","protected":false},"excerpt":{"rendered":"<p>D\u2019acord amb el Decret 160\/1996, de 14 de maig, pel qual es regula el servei escolar de menjador als centres docents p\u00fablics de titularitat del Departament d\u2019Ensenyament (Diari Oficial de la Generalitat de Catalunya N\u00fam. 2208-20.5.1996): El servei escolar de menjador es regula com una prestaci\u00f3 de car\u00e0cter opcional que tots els centres poden oferir [&hellip;]<\/p>\n","protected":false},"author":1,"featured_media":0,"parent":66,"menu_order":30,"comment_status":"closed","ping_status":"closed","template":"","meta":{"_bbp_topic_count":0,"_bbp_reply_count":0,"_bbp_total_topic_count":0,"_bbp_total_reply_count":0,"_bbp_voice_count":0,"_bbp_anonymous_reply_count":0,"_bbp_topic_count_hidden":0,"_bbp_reply_count_hidden":0,"_bbp_forum_subforum_count":0,"site-sidebar-layout":"default","site-content-layout":"","ast-site-content-layout":"default","site-content-style":"default","site-sidebar-style":"default","ast-global-header-display":"","ast-banner-title-visibility":"","ast-main-header-display":"","ast-hfb-above-header-display":"","ast-hfb-below-header-display":"","ast-hfb-mobile-header-display":"","site-post-title":"","ast-breadcrumbs-content":"","ast-featured-img":"","footer-sml-layout":"","theme-transparent-header-meta":"default","adv-header-id-meta":"","stick-header-meta":"","header-above-stick-meta":"","header-main-stick-meta":"","header-below-stick-meta":"","astra-migrate-meta-layouts":"set","ast-page-background-enabled":"default","ast-page-background-meta":{"desktop":{"background-color":"var(--ast-global-color-5)","background-image":"","background-repeat":"repeat","background-position":"center center","background-size":"auto","background-attachment":"scroll","background-type":"","background-media":"","overlay-type":"","overlay-color":"","overlay-opacity":"","overlay-gradient":""},"tablet":{"background-color":"","background-image":"","background-repeat":"repeat","background-position":"center center","background-size":"auto","background-attachment":"scroll","background-type":"","background-media":"","overlay-type":"","overlay-color":"","overlay-opacity":"","overlay-gradient":""},"mobile":{"background-color":"","background-image":"","background-repeat":"repeat","background-position":"center center","background-size":"auto","background-attachment":"scroll","background-type":"","background-media":"","overlay-type":"","overlay-color":"","overlay-opacity":"","overlay-gradient":""}},"ast-content-background-meta":{"desktop":{"background-color":"var(--ast-global-color-4)","background-image":"","background-repeat":"repeat","background-position":"center center","background-size":"auto","background-attachment":"scroll","background-type":"","background-media":"","overlay-type":"","overlay-color":"","overlay-opacity":"","overlay-gradient":""},"tablet":{"background-color":"var(--ast-global-color-4)","background-image":"","background-repeat":"repeat","background-position":"center center","background-size":"auto","background-attachment":"scroll","background-type":"","background-media":"","overlay-type":"","overlay-color":"","overlay-opacity":"","overlay-gradient":""},"mobile":{"background-color":"var(--ast-global-color-4)","background-image":"","background-repeat":"repeat","background-position":"center center","background-size":"auto","background-attachment":"scroll","background-type":"","background-media":"","overlay-type":"","overlay-color":"","overlay-opacity":"","overlay-gradient":""}},"footnotes":""},"class_list":["post-73","page","type-page","status-publish","hentry"],"post_mailing_queue_ids":[],"_links":{"self":[{"href":"https:\/\/agora.xtec.cat\/ieagustibarbera\/wp-json\/wp\/v2\/pages\/73","targetHints":{"allow":["GET"]}}],"collection":[{"href":"https:\/\/agora.xtec.cat\/ieagustibarbera\/wp-json\/wp\/v2\/pages"}],"about":[{"href":"https:\/\/agora.xtec.cat\/ieagustibarbera\/wp-json\/wp\/v2\/types\/page"}],"author":[{"embeddable":true,"href":"https:\/\/agora.xtec.cat\/ieagustibarbera\/wp-json\/wp\/v2\/users\/1"}],"replies":[{"embeddable":true,"href":"https:\/\/agora.xtec.cat\/ieagustibarbera\/wp-json\/wp\/v2\/comments?post=73"}],"version-history":[{"count":6,"href":"https:\/\/agora.xtec.cat\/ieagustibarbera\/wp-json\/wp\/v2\/pages\/73\/revisions"}],"predecessor-version":[{"id":5581,"href":"https:\/\/agora.xtec.cat\/ieagustibarbera\/wp-json\/wp\/v2\/pages\/73\/revisions\/5581"}],"up":[{"embeddable":true,"href":"https:\/\/agora.xtec.cat\/ieagustibarbera\/wp-json\/wp\/v2\/pages\/66"}],"wp:attachment":[{"href":"https:\/\/agora.xtec.cat\/ieagustibarbera\/wp-json\/wp\/v2\/media?parent=73"}],"curies":[{"name":"wp","href":"https:\/\/api.w.org\/{rel}","templated":true}]}}