{"id":64,"date":"2014-09-18T12:39:08","date_gmt":"2014-09-18T11:39:08","guid":{"rendered":"http:\/\/agora.xtec.cat\/ieagustibarbera\/\/?page_id=64"},"modified":"2026-03-09T12:37:06","modified_gmt":"2026-03-09T11:37:06","slug":"projecte-educatiu","status":"publish","type":"page","link":"https:\/\/agora.xtec.cat\/ieagustibarbera\/projecte-educatiu\/","title":{"rendered":"Projectes, programes i xarxes"},"content":{"rendered":"<ul>\n<li>Projectes:\n<ul>\n<li><a href=\"https:\/\/agora.xtec.cat\/ieagustibarbera\/socialitzacio\/\">Socialitzaci\u00f3<\/a>.<\/li>\n<li><a href=\"https:\/\/agora.xtec.cat\/ieagustibarbera\/escoles-verdes\/\">Escoles Verdes<\/a>.<\/li>\n<li><a href=\"https:\/\/agora.xtec.cat\/ieagustibarbera\/inspira-steam\/\">Inspira STEAM<\/a> (1r ESO).<\/li>\n<li><a href=\"https:\/\/agora.xtec.cat\/ieagustibarbera\/robots-en-accio\/\">Robots en Acci\u00f3!<\/a> (2n ESO).<\/li>\n<li><a href=\"https:\/\/agora.xtec.cat\/ieagustibarbera\/categoria\/erasmus\/\" target=\"_blank\" rel=\"noopener\">Erasmus+.<\/a><\/li>\n<li><a href=\"https:\/\/agora.xtec.cat\/ieagustibarbera\/justicia-climatica-eurecat\/\">JUST SAFE<\/a> (Projecte Europeu. EURECAT. Resili\u00e8ncia clim\u00e0tica).<\/li>\n<li><a href=\"https:\/\/agora.xtec.cat\/ieagustibarbera\/projecte-taa\/\">Ter\u00e0pia assistida en animals<\/a> (TAA).<\/li>\n<\/ul>\n<\/li>\n<\/ul>\n<ul>\n<li>Programes:\n<ul>\n<li><a href=\"https:\/\/agora.xtec.cat\/ieagustibarbera\/aqui-prou-bullying\/\">Aqu\u00ed prou bullying<\/a>.<\/li>\n<li><a href=\"https:\/\/agora.xtec.cat\/ieagustibarbera\/pcee-pla-catala-de-lesport-a-lescola\/\">Pla Catal\u00e0 de l&#8217;Esport a l&#8217;Escola (PCEE)<\/a>.<\/li>\n<li><a href=\"https:\/\/agora.xtec.cat\/ieagustibarbera\/salut-escola\/\">Salut i Escola (PSiE).<\/a><\/li>\n<li><a href=\"https:\/\/agora.xtec.cat\/ieagustibarbera\/la-industria-sobre-a-lescola-en-perspectiva-de-genere\/\">La ind\u00fastria s&#8217;obre a l&#8217;escola amb perspectiva de g\u00e8nere<\/a> (1r ESO).<\/li>\n<li><a href=\"https:\/\/agora.xtec.cat\/ieagustibarbera\/pmoe-proa\/\">PMOE PROA +<\/a>.<\/li>\n<li><a href=\"https:\/\/agora.xtec.cat\/ieagustibarbera\/codi-escola-4-0\/\">Codi Escola 4.0<\/a>.<\/li>\n<li><a href=\"https:\/\/agora.xtec.cat\/ieagustibarbera\/edumedia\/\">EDUm\u00e8dia<\/a>.<\/li>\n<li><a href=\"https:\/\/agora.xtec.cat\/ieagustibarbera\/fitjove\/\">FITjove<\/a>.<\/li>\n<li><a href=\"https:\/\/agora.xtec.cat\/ieagustibarbera\/fitjove\/\">Educaci\u00f3 financera<\/a> (EFEC).<\/li>\n<\/ul>\n<\/li>\n<li>Xarxes:\n<ul>\n<li><a href=\"https:\/\/agora.xtec.cat\/ieagustibarbera\/xtme-xarxa-territorial-millora-educativa\/\">XaTME<\/a>.<\/li>\n<li><a href=\"https:\/\/serveiseducatius.xtec.cat\/montsia\/xarxes\/xarxa-0-6-de-terres-de-lebre\/\">XEITE<\/a>.<\/li>\n<li><a href=\"https:\/\/agora.xtec.cat\/ieagustibarbera\/xerg-xarxa-enfocament-restauratiu-global\/\">XERG<\/a>.<\/li>\n<\/ul>\n<\/li>\n<\/ul>\n","protected":false},"excerpt":{"rendered":"<p>Projectes: Socialitzaci\u00f3. Escoles Verdes. Inspira STEAM (1r ESO). Robots en Acci\u00f3! (2n ESO). Erasmus+. JUST SAFE (Projecte Europeu. EURECAT. Resili\u00e8ncia clim\u00e0tica). Ter\u00e0pia assistida en animals (TAA). Programes: Aqu\u00ed prou bullying. Pla Catal\u00e0 de l&#8217;Esport a l&#8217;Escola (PCEE). Salut i Escola (PSiE). La ind\u00fastria s&#8217;obre a l&#8217;escola amb perspectiva de g\u00e8nere (1r ESO). PMOE PROA +. [&hellip;]<\/p>\n","protected":false},"author":1,"featured_media":0,"parent":0,"menu_order":0,"comment_status":"closed","ping_status":"closed","template":"","meta":{"_bbp_topic_count":0,"_bbp_reply_count":0,"_bbp_total_topic_count":0,"_bbp_total_reply_count":0,"_bbp_voice_count":0,"_bbp_anonymous_reply_count":0,"_bbp_topic_count_hidden":0,"_bbp_reply_count_hidden":0,"_bbp_forum_subforum_count":0,"site-sidebar-layout":"default","site-content-layout":"","ast-site-content-layout":"default","site-content-style":"default","site-sidebar-style":"default","ast-global-header-display":"","ast-banner-title-visibility":"","ast-main-header-display":"","ast-hfb-above-header-display":"","ast-hfb-below-header-display":"","ast-hfb-mobile-header-display":"","site-post-title":"","ast-breadcrumbs-content":"","ast-featured-img":"","footer-sml-layout":"","theme-transparent-header-meta":"default","adv-header-id-meta":"","stick-header-meta":"","header-above-stick-meta":"","header-main-stick-meta":"","header-below-stick-meta":"","astra-migrate-meta-layouts":"set","ast-page-background-enabled":"default","ast-page-background-meta":{"desktop":{"background-color":"var(--ast-global-color-5)","background-image":"","background-repeat":"repeat","background-position":"center center","background-size":"auto","background-attachment":"scroll","background-type":"","background-media":"","overlay-type":"","overlay-color":"","overlay-opacity":"","overlay-gradient":""},"tablet":{"background-color":"","background-image":"","background-repeat":"repeat","background-position":"center center","background-size":"auto","background-attachment":"scroll","background-type":"","background-media":"","overlay-type":"","overlay-color":"","overlay-opacity":"","overlay-gradient":""},"mobile":{"background-color":"","background-image":"","background-repeat":"repeat","background-position":"center center","background-size":"auto","background-attachment":"scroll","background-type":"","background-media":"","overlay-type":"","overlay-color":"","overlay-opacity":"","overlay-gradient":""}},"ast-content-background-meta":{"desktop":{"background-color":"var(--ast-global-color-4)","background-image":"","background-repeat":"repeat","background-position":"center center","background-size":"auto","background-attachment":"scroll","background-type":"","background-media":"","overlay-type":"","overlay-color":"","overlay-opacity":"","overlay-gradient":""},"tablet":{"background-color":"var(--ast-global-color-4)","background-image":"","background-repeat":"repeat","background-position":"center center","background-size":"auto","background-attachment":"scroll","background-type":"","background-media":"","overlay-type":"","overlay-color":"","overlay-opacity":"","overlay-gradient":""},"mobile":{"background-color":"var(--ast-global-color-4)","background-image":"","background-repeat":"repeat","background-position":"center center","background-size":"auto","background-attachment":"scroll","background-type":"","background-media":"","overlay-type":"","overlay-color":"","overlay-opacity":"","overlay-gradient":""}},"footnotes":""},"class_list":["post-64","page","type-page","status-publish","hentry"],"post_mailing_queue_ids":[],"_links":{"self":[{"href":"https:\/\/agora.xtec.cat\/ieagustibarbera\/wp-json\/wp\/v2\/pages\/64","targetHints":{"allow":["GET"]}}],"collection":[{"href":"https:\/\/agora.xtec.cat\/ieagustibarbera\/wp-json\/wp\/v2\/pages"}],"about":[{"href":"https:\/\/agora.xtec.cat\/ieagustibarbera\/wp-json\/wp\/v2\/types\/page"}],"author":[{"embeddable":true,"href":"https:\/\/agora.xtec.cat\/ieagustibarbera\/wp-json\/wp\/v2\/users\/1"}],"replies":[{"embeddable":true,"href":"https:\/\/agora.xtec.cat\/ieagustibarbera\/wp-json\/wp\/v2\/comments?post=64"}],"version-history":[{"count":7,"href":"https:\/\/agora.xtec.cat\/ieagustibarbera\/wp-json\/wp\/v2\/pages\/64\/revisions"}],"predecessor-version":[{"id":5634,"href":"https:\/\/agora.xtec.cat\/ieagustibarbera\/wp-json\/wp\/v2\/pages\/64\/revisions\/5634"}],"wp:attachment":[{"href":"https:\/\/agora.xtec.cat\/ieagustibarbera\/wp-json\/wp\/v2\/media?parent=64"}],"curies":[{"name":"wp","href":"https:\/\/api.w.org\/{rel}","templated":true}]}}