{"id":5522,"date":"2026-01-12T09:43:39","date_gmt":"2026-01-12T08:43:39","guid":{"rendered":"https:\/\/agora.xtec.cat\/ieagustibarbera\/?page_id=5522"},"modified":"2026-01-12T09:46:13","modified_gmt":"2026-01-12T08:46:13","slug":"codi-escola-4-0","status":"publish","type":"page","link":"https:\/\/agora.xtec.cat\/ieagustibarbera\/codi-escola-4-0\/","title":{"rendered":"Codi Escola 4.0"},"content":{"rendered":"<p>El Departament porta a terme una s\u00e8rie d&#8217;actuacions amb l&#8217;objectiu de refor\u00e7ar la digitalitzaci\u00f3 del sistema educatiu i d&#8217;implantar el nou Marc de refer\u00e8ncia de la compet\u00e8ncia digital docent (MRCDD), perqu\u00e8 serveixi com a palanca per a la innovaci\u00f3 en els centres educatius de Catalunya.<\/p>\n<p>La finalitat \u00e9s facilitar, al professorat i l&#8217;alumnat dels centres educatius finan\u00e7ats amb fons p\u00fablics, el desenvolupament de les compet\u00e8ncies digitals relacionades amb el pensament computacional i la programaci\u00f3.<\/p>\n<p>Les actuacions s&#8217;emmarquen en el programa <strong>&#8220;<em>C\u00f3digo Escuela 4.0<\/em>&#8220;<\/strong> del Ministeri d&#8217;Educaci\u00f3, Formaci\u00f3 Professional i Esports. Aquest <strong>Programa<\/strong> pret\u00e9n articular una resposta integral per:<\/p>\n<ol>\n<li>Capacitar i actualitzar el professorat amb accions formatives concretes, que inclouen:\n<ul>\n<li>acompanyar el docent dins de l&#8217;aula, i<\/li>\n<li>facilitar recursos educatius oberts espec\u00edfics que es puguin portar a terme f\u00e0cilment dins l&#8217;aula.<\/li>\n<\/ul>\n<\/li>\n<li>Dotar els centres educatius amb:\n<ul>\n<li>recursos necessaris per treballar\u00a0la programaci\u00f3 a les aules, i<\/li>\n<li>equipaments de rob\u00f2tica educativa.<\/li>\n<\/ul>\n<\/li>\n<\/ol>\n<p>Trobareu m\u00e9s informaci\u00f3 al seg\u00fcent enlla\u00e7: <a href=\"https:\/\/espanadigital.gob.es\/va\/linies-dactuacio\/programa-codigo-escuela-40\">m\u00e9s info<\/a>.<\/p>\n","protected":false},"excerpt":{"rendered":"<p>El Departament porta a terme una s\u00e8rie d&#8217;actuacions amb l&#8217;objectiu de refor\u00e7ar la digitalitzaci\u00f3 del sistema educatiu i d&#8217;implantar el nou Marc de refer\u00e8ncia de la compet\u00e8ncia digital docent (MRCDD), perqu\u00e8 serveixi com a palanca per a la innovaci\u00f3 en els centres educatius de Catalunya. La finalitat \u00e9s facilitar, al professorat i l&#8217;alumnat dels centres [&hellip;]<\/p>\n","protected":false},"author":49,"featured_media":0,"parent":0,"menu_order":0,"comment_status":"closed","ping_status":"closed","template":"","meta":{"_bbp_topic_count":0,"_bbp_reply_count":0,"_bbp_total_topic_count":0,"_bbp_total_reply_count":0,"_bbp_voice_count":0,"_bbp_anonymous_reply_count":0,"_bbp_topic_count_hidden":0,"_bbp_reply_count_hidden":0,"_bbp_forum_subforum_count":0,"site-sidebar-layout":"default","site-content-layout":"","ast-site-content-layout":"","site-content-style":"default","site-sidebar-style":"default","ast-global-header-display":"","ast-banner-title-visibility":"","ast-main-header-display":"","ast-hfb-above-header-display":"","ast-hfb-below-header-display":"","ast-hfb-mobile-header-display":"","site-post-title":"","ast-breadcrumbs-content":"","ast-featured-img":"","footer-sml-layout":"","theme-transparent-header-meta":"","adv-header-id-meta":"","stick-header-meta":"","header-above-stick-meta":"","header-main-stick-meta":"","header-below-stick-meta":"","astra-migrate-meta-layouts":"default","ast-page-background-enabled":"default","ast-page-background-meta":{"desktop":{"background-color":"var(--ast-global-color-5)","background-image":"","background-repeat":"repeat","background-position":"center center","background-size":"auto","background-attachment":"scroll","background-type":"","background-media":"","overlay-type":"","overlay-color":"","overlay-opacity":"","overlay-gradient":""},"tablet":{"background-color":"","background-image":"","background-repeat":"repeat","background-position":"center center","background-size":"auto","background-attachment":"scroll","background-type":"","background-media":"","overlay-type":"","overlay-color":"","overlay-opacity":"","overlay-gradient":""},"mobile":{"background-color":"","background-image":"","background-repeat":"repeat","background-position":"center center","background-size":"auto","background-attachment":"scroll","background-type":"","background-media":"","overlay-type":"","overlay-color":"","overlay-opacity":"","overlay-gradient":""}},"ast-content-background-meta":{"desktop":{"background-color":"var(--ast-global-color-4)","background-image":"","background-repeat":"repeat","background-position":"center center","background-size":"auto","background-attachment":"scroll","background-type":"","background-media":"","overlay-type":"","overlay-color":"","overlay-opacity":"","overlay-gradient":""},"tablet":{"background-color":"var(--ast-global-color-4)","background-image":"","background-repeat":"repeat","background-position":"center center","background-size":"auto","background-attachment":"scroll","background-type":"","background-media":"","overlay-type":"","overlay-color":"","overlay-opacity":"","overlay-gradient":""},"mobile":{"background-color":"var(--ast-global-color-4)","background-image":"","background-repeat":"repeat","background-position":"center center","background-size":"auto","background-attachment":"scroll","background-type":"","background-media":"","overlay-type":"","overlay-color":"","overlay-opacity":"","overlay-gradient":""}},"footnotes":""},"class_list":["post-5522","page","type-page","status-publish","hentry"],"post_mailing_queue_ids":[],"_links":{"self":[{"href":"https:\/\/agora.xtec.cat\/ieagustibarbera\/wp-json\/wp\/v2\/pages\/5522","targetHints":{"allow":["GET"]}}],"collection":[{"href":"https:\/\/agora.xtec.cat\/ieagustibarbera\/wp-json\/wp\/v2\/pages"}],"about":[{"href":"https:\/\/agora.xtec.cat\/ieagustibarbera\/wp-json\/wp\/v2\/types\/page"}],"author":[{"embeddable":true,"href":"https:\/\/agora.xtec.cat\/ieagustibarbera\/wp-json\/wp\/v2\/users\/49"}],"replies":[{"embeddable":true,"href":"https:\/\/agora.xtec.cat\/ieagustibarbera\/wp-json\/wp\/v2\/comments?post=5522"}],"version-history":[{"count":2,"href":"https:\/\/agora.xtec.cat\/ieagustibarbera\/wp-json\/wp\/v2\/pages\/5522\/revisions"}],"predecessor-version":[{"id":5526,"href":"https:\/\/agora.xtec.cat\/ieagustibarbera\/wp-json\/wp\/v2\/pages\/5522\/revisions\/5526"}],"wp:attachment":[{"href":"https:\/\/agora.xtec.cat\/ieagustibarbera\/wp-json\/wp\/v2\/media?parent=5522"}],"curies":[{"name":"wp","href":"https:\/\/api.w.org\/{rel}","templated":true}]}}