{"id":5464,"date":"2025-10-21T10:27:08","date_gmt":"2025-10-21T08:27:08","guid":{"rendered":"https:\/\/agora.xtec.cat\/ieagustibarbera\/?page_id=5464"},"modified":"2026-02-19T15:11:38","modified_gmt":"2026-02-19T14:11:38","slug":"xtme-xarxa-territorial-millora-educativa","status":"publish","type":"page","link":"https:\/\/agora.xtec.cat\/ieagustibarbera\/xtme-xarxa-territorial-millora-educativa\/","title":{"rendered":"XaTME (Xarxa Territorial Millora Educativa)"},"content":{"rendered":"<p>La <strong>Xarxa Territorial de Millora Educativa<\/strong> (XaTME) t\u00e9 com a objectiu oferir als centres educatius un espai de reflexi\u00f3 i intercanvi, on puguin explorar diferents camins cap a la qualitat educativa i dotar-se d\u2019eines i recursos que els enforteixin com a comunitat. Aquesta xarxa pot resultar d\u2019inter\u00e8s tant per a centres que ja vau formar part de l\u2019antiga XTTE, com per a aquells que, per primera vegada, vulgueu endinsar-vos en un proc\u00e9s de recerca i reflexi\u00f3 sobre el vostre projecte educatiu.<\/p>\n<p>Les xarxes educatives s\u00f3n estructures intencionals, amb interessos-objectius comuns en qu\u00e8 tots els seus membres tenen la possibilitat de treballar i responsabilitzar-se en igualtat, oferint un entorn per exercir el lideratge i la responsabilitat compartits. Aix\u00f2 genera una gran cohesi\u00f3 de grup que incrementa la confian\u00e7a, aix\u00ed com un enfortiment de relacions satisfact\u00f2ries.<\/p>\n<p>La finalitat de les xarxa \u00e9s la seg\u00fcent:<\/p>\n<ul>\n<li>Impulsar estrat\u00e8gies de desenvolupament professional del professorat, el treball en xarxa, la formaci\u00f3 en el centre, la transfer\u00e8ncia i l\u2019avaluaci\u00f3 de l\u2019impacte de la formaci\u00f3 permanent.<\/li>\n<\/ul>\n<ul>\n<li>Dissenyar estrat\u00e8gies de suport i acompanyament als centres i al professorat que fomentin el treball en xarxa i el desenvolupament professional dels docents i afavoreixin la millora dels processos d\u2019ensenyament i d\u2019aprenentatge.<\/li>\n<\/ul>\n<ul>\n<li>Planificar, implementar i coordinar xarxes de transformaci\u00f3 educativa d\u2019\u00e0mbit territorial o local, amb la participaci\u00f3 dels serveis educatius i en col\u00b7laboraci\u00f3 amb altres agents educatius, per a la millora dels centres i l\u2019aprenentatge de l\u2019alumnat.<\/li>\n<\/ul>\n<p>&nbsp;<\/p>\n<p>Per a m\u00e9s informaci\u00f3:<a href=\"https:\/\/projectes.xtec.cat\/transformacioenxarxa\/xarxes-territorials-de-transformacio-educativa\/\"> enlla\u00e7<\/a><\/p>\n","protected":false},"excerpt":{"rendered":"<p>La Xarxa Territorial de Millora Educativa (XaTME) t\u00e9 com a objectiu oferir als centres educatius un espai de reflexi\u00f3 i intercanvi, on puguin explorar diferents camins cap a la qualitat educativa i dotar-se d\u2019eines i recursos que els enforteixin com a comunitat. Aquesta xarxa pot resultar d\u2019inter\u00e8s tant per a centres que ja vau formar [&hellip;]<\/p>\n","protected":false},"author":49,"featured_media":0,"parent":0,"menu_order":0,"comment_status":"closed","ping_status":"closed","template":"","meta":{"_bbp_topic_count":0,"_bbp_reply_count":0,"_bbp_total_topic_count":0,"_bbp_total_reply_count":0,"_bbp_voice_count":0,"_bbp_anonymous_reply_count":0,"_bbp_topic_count_hidden":0,"_bbp_reply_count_hidden":0,"_bbp_forum_subforum_count":0,"site-sidebar-layout":"default","site-content-layout":"","ast-site-content-layout":"default","site-content-style":"default","site-sidebar-style":"default","ast-global-header-display":"","ast-banner-title-visibility":"","ast-main-header-display":"","ast-hfb-above-header-display":"","ast-hfb-below-header-display":"","ast-hfb-mobile-header-display":"","site-post-title":"","ast-breadcrumbs-content":"","ast-featured-img":"","footer-sml-layout":"","theme-transparent-header-meta":"default","adv-header-id-meta":"","stick-header-meta":"","header-above-stick-meta":"","header-main-stick-meta":"","header-below-stick-meta":"","astra-migrate-meta-layouts":"set","ast-page-background-enabled":"default","ast-page-background-meta":{"desktop":{"background-color":"var(--ast-global-color-5)","background-image":"","background-repeat":"repeat","background-position":"center center","background-size":"auto","background-attachment":"scroll","background-type":"","background-media":"","overlay-type":"","overlay-color":"","overlay-opacity":"","overlay-gradient":""},"tablet":{"background-color":"","background-image":"","background-repeat":"repeat","background-position":"center center","background-size":"auto","background-attachment":"scroll","background-type":"","background-media":"","overlay-type":"","overlay-color":"","overlay-opacity":"","overlay-gradient":""},"mobile":{"background-color":"","background-image":"","background-repeat":"repeat","background-position":"center center","background-size":"auto","background-attachment":"scroll","background-type":"","background-media":"","overlay-type":"","overlay-color":"","overlay-opacity":"","overlay-gradient":""}},"ast-content-background-meta":{"desktop":{"background-color":"var(--ast-global-color-4)","background-image":"","background-repeat":"repeat","background-position":"center center","background-size":"auto","background-attachment":"scroll","background-type":"","background-media":"","overlay-type":"","overlay-color":"","overlay-opacity":"","overlay-gradient":""},"tablet":{"background-color":"var(--ast-global-color-4)","background-image":"","background-repeat":"repeat","background-position":"center center","background-size":"auto","background-attachment":"scroll","background-type":"","background-media":"","overlay-type":"","overlay-color":"","overlay-opacity":"","overlay-gradient":""},"mobile":{"background-color":"var(--ast-global-color-4)","background-image":"","background-repeat":"repeat","background-position":"center center","background-size":"auto","background-attachment":"scroll","background-type":"","background-media":"","overlay-type":"","overlay-color":"","overlay-opacity":"","overlay-gradient":""}},"footnotes":""},"class_list":["post-5464","page","type-page","status-publish","hentry"],"post_mailing_queue_ids":[],"_links":{"self":[{"href":"https:\/\/agora.xtec.cat\/ieagustibarbera\/wp-json\/wp\/v2\/pages\/5464","targetHints":{"allow":["GET"]}}],"collection":[{"href":"https:\/\/agora.xtec.cat\/ieagustibarbera\/wp-json\/wp\/v2\/pages"}],"about":[{"href":"https:\/\/agora.xtec.cat\/ieagustibarbera\/wp-json\/wp\/v2\/types\/page"}],"author":[{"embeddable":true,"href":"https:\/\/agora.xtec.cat\/ieagustibarbera\/wp-json\/wp\/v2\/users\/49"}],"replies":[{"embeddable":true,"href":"https:\/\/agora.xtec.cat\/ieagustibarbera\/wp-json\/wp\/v2\/comments?post=5464"}],"version-history":[{"count":3,"href":"https:\/\/agora.xtec.cat\/ieagustibarbera\/wp-json\/wp\/v2\/pages\/5464\/revisions"}],"predecessor-version":[{"id":5582,"href":"https:\/\/agora.xtec.cat\/ieagustibarbera\/wp-json\/wp\/v2\/pages\/5464\/revisions\/5582"}],"wp:attachment":[{"href":"https:\/\/agora.xtec.cat\/ieagustibarbera\/wp-json\/wp\/v2\/media?parent=5464"}],"curies":[{"name":"wp","href":"https:\/\/api.w.org\/{rel}","templated":true}]}}