{"id":5459,"date":"2025-10-21T10:27:08","date_gmt":"2025-10-21T08:27:08","guid":{"rendered":"https:\/\/agora.xtec.cat\/ieagustibarbera\/?page_id=5459"},"modified":"2025-10-21T10:37:57","modified_gmt":"2025-10-21T08:37:57","slug":"aqui-prou-bullying","status":"publish","type":"page","link":"https:\/\/agora.xtec.cat\/ieagustibarbera\/aqui-prou-bullying\/","title":{"rendered":"Aqu\u00ed prou Bullying"},"content":{"rendered":"<p>El Programa d\u2019innovaci\u00f3 pedag\u00f2gica\u00a0<a title=\"#aquiproubullying\" href=\"https:\/\/xtec.gencat.cat\/ca\/centres\/projeducatiu\/convivencia\/aquiproubullying\/\" target=\"_blank\" rel=\"noopener\"><strong>#aquiproubullying<\/strong>,<\/a>\u00a0impulsat per la Direcci\u00f3 General d&#8217;Atenci\u00f3 a la Fam\u00edlia i Comunitat Educativa, promou el benestar emocional de l\u2019alumnat, la\u00a0implicaci\u00f3 individual i col\u00b7lectiva en la millora de la conviv\u00e8ncia, i la sensibilitzaci\u00f3 envers\u00a0l\u2019assetjament escolar com a factors clau en la prevenci\u00f3. A banda, promou estrat\u00e8gies de detecci\u00f3\u00a0preventiva continuada, estructures de tipificaci\u00f3 i pautes en el proc\u00e9s d\u2019abordatge de situacions\u00a0d\u2019assetjament i ciberassetjament escolar.<\/p>\n<p><a href=\"https:\/\/agora.xtec.cat\/ieagustibarbera\/wp-content\/uploads\/usu625\/2025\/10\/299x299-aqui-prou-bullying.png_30133267.png\"><img loading=\"lazy\" decoding=\"async\" class=\"aligncenter size-full wp-image-5477\" src=\"https:\/\/agora.xtec.cat\/ieagustibarbera\/wp-content\/uploads\/usu625\/2025\/10\/299x299-aqui-prou-bullying.png_30133267.png\" alt=\"\" width=\"299\" height=\"299\" srcset=\"https:\/\/agora.xtec.cat\/ieagustibarbera\/wp-content\/uploads\/usu625\/2025\/10\/299x299-aqui-prou-bullying.png_30133267.png 299w, https:\/\/agora.xtec.cat\/ieagustibarbera\/wp-content\/uploads\/usu625\/2025\/10\/299x299-aqui-prou-bullying.png_30133267-150x150.png 150w\" sizes=\"auto, (max-width: 299px) 100vw, 299px\" \/><\/a><\/p>\n<p>Per a m\u00e9s informaci\u00f3: <a href=\"https:\/\/xtec.gencat.cat\/ca\/centres\/projeducatiu\/convivencia\/aquiproubullying\/\">enlla\u00e7<\/a>.<\/p>\n","protected":false},"excerpt":{"rendered":"<p>El Programa d\u2019innovaci\u00f3 pedag\u00f2gica\u00a0#aquiproubullying,\u00a0impulsat per la Direcci\u00f3 General d&#8217;Atenci\u00f3 a la Fam\u00edlia i Comunitat Educativa, promou el benestar emocional de l\u2019alumnat, la\u00a0implicaci\u00f3 individual i col\u00b7lectiva en la millora de la conviv\u00e8ncia, i la sensibilitzaci\u00f3 envers\u00a0l\u2019assetjament escolar com a factors clau en la prevenci\u00f3. A banda, promou estrat\u00e8gies de detecci\u00f3\u00a0preventiva continuada, estructures de tipificaci\u00f3 i pautes [&hellip;]<\/p>\n","protected":false},"author":49,"featured_media":0,"parent":0,"menu_order":0,"comment_status":"closed","ping_status":"closed","template":"","meta":{"_bbp_topic_count":0,"_bbp_reply_count":0,"_bbp_total_topic_count":0,"_bbp_total_reply_count":0,"_bbp_voice_count":0,"_bbp_anonymous_reply_count":0,"_bbp_topic_count_hidden":0,"_bbp_reply_count_hidden":0,"_bbp_forum_subforum_count":0,"site-sidebar-layout":"default","site-content-layout":"","ast-site-content-layout":"","site-content-style":"default","site-sidebar-style":"default","ast-global-header-display":"","ast-banner-title-visibility":"","ast-main-header-display":"","ast-hfb-above-header-display":"","ast-hfb-below-header-display":"","ast-hfb-mobile-header-display":"","site-post-title":"","ast-breadcrumbs-content":"","ast-featured-img":"","footer-sml-layout":"","theme-transparent-header-meta":"","adv-header-id-meta":"","stick-header-meta":"","header-above-stick-meta":"","header-main-stick-meta":"","header-below-stick-meta":"","astra-migrate-meta-layouts":"default","ast-page-background-enabled":"default","ast-page-background-meta":{"desktop":{"background-color":"var(--ast-global-color-5)","background-image":"","background-repeat":"repeat","background-position":"center center","background-size":"auto","background-attachment":"scroll","background-type":"","background-media":"","overlay-type":"","overlay-color":"","overlay-opacity":"","overlay-gradient":""},"tablet":{"background-color":"","background-image":"","background-repeat":"repeat","background-position":"center center","background-size":"auto","background-attachment":"scroll","background-type":"","background-media":"","overlay-type":"","overlay-color":"","overlay-opacity":"","overlay-gradient":""},"mobile":{"background-color":"","background-image":"","background-repeat":"repeat","background-position":"center center","background-size":"auto","background-attachment":"scroll","background-type":"","background-media":"","overlay-type":"","overlay-color":"","overlay-opacity":"","overlay-gradient":""}},"ast-content-background-meta":{"desktop":{"background-color":"var(--ast-global-color-4)","background-image":"","background-repeat":"repeat","background-position":"center center","background-size":"auto","background-attachment":"scroll","background-type":"","background-media":"","overlay-type":"","overlay-color":"","overlay-opacity":"","overlay-gradient":""},"tablet":{"background-color":"var(--ast-global-color-4)","background-image":"","background-repeat":"repeat","background-position":"center center","background-size":"auto","background-attachment":"scroll","background-type":"","background-media":"","overlay-type":"","overlay-color":"","overlay-opacity":"","overlay-gradient":""},"mobile":{"background-color":"var(--ast-global-color-4)","background-image":"","background-repeat":"repeat","background-position":"center center","background-size":"auto","background-attachment":"scroll","background-type":"","background-media":"","overlay-type":"","overlay-color":"","overlay-opacity":"","overlay-gradient":""}},"footnotes":""},"class_list":["post-5459","page","type-page","status-publish","hentry"],"post_mailing_queue_ids":[],"_links":{"self":[{"href":"https:\/\/agora.xtec.cat\/ieagustibarbera\/wp-json\/wp\/v2\/pages\/5459","targetHints":{"allow":["GET"]}}],"collection":[{"href":"https:\/\/agora.xtec.cat\/ieagustibarbera\/wp-json\/wp\/v2\/pages"}],"about":[{"href":"https:\/\/agora.xtec.cat\/ieagustibarbera\/wp-json\/wp\/v2\/types\/page"}],"author":[{"embeddable":true,"href":"https:\/\/agora.xtec.cat\/ieagustibarbera\/wp-json\/wp\/v2\/users\/49"}],"replies":[{"embeddable":true,"href":"https:\/\/agora.xtec.cat\/ieagustibarbera\/wp-json\/wp\/v2\/comments?post=5459"}],"version-history":[{"count":3,"href":"https:\/\/agora.xtec.cat\/ieagustibarbera\/wp-json\/wp\/v2\/pages\/5459\/revisions"}],"predecessor-version":[{"id":5478,"href":"https:\/\/agora.xtec.cat\/ieagustibarbera\/wp-json\/wp\/v2\/pages\/5459\/revisions\/5478"}],"wp:attachment":[{"href":"https:\/\/agora.xtec.cat\/ieagustibarbera\/wp-json\/wp\/v2\/media?parent=5459"}],"curies":[{"name":"wp","href":"https:\/\/api.w.org\/{rel}","templated":true}]}}