{"id":5402,"date":"2025-08-21T13:16:35","date_gmt":"2025-08-21T11:16:35","guid":{"rendered":"https:\/\/agora.xtec.cat\/ieagustibarbera\/?page_id=5402"},"modified":"2025-08-21T13:19:31","modified_gmt":"2025-08-21T11:19:31","slug":"pcee-pla-catala-de-lesport-a-lescola","status":"publish","type":"page","link":"https:\/\/agora.xtec.cat\/ieagustibarbera\/pcee-pla-catala-de-lesport-a-lescola\/","title":{"rendered":"PCEE (Pla Catal\u00e0 de l&#8217;Esport a l&#8217;Escola)"},"content":{"rendered":"<p>Aquest programa est\u00e0 regulat des de la Secretaria General de l\u2019Esport i el Departament d\u2019Educaci\u00f3 i, s\u2019adre\u00e7a a tots els centres educatius de Catalunya.<\/p>\n<p><strong>Els objectius principals<\/strong>\u00a0s\u00f3n els seg\u00fcents:<\/p>\n<ul>\n<li>Incrementar la pr\u00e0ctica regular d&#8217;activitat f\u00edsica i esportiva en horari no lectiu.<\/li>\n<li>Facilitar l\u2019acc\u00e9s a la pr\u00e0ctica esportiva escolar a tota la comunitat educativa, aix\u00ed com la col\u00b7laboraci\u00f3 en la seva dinamitzaci\u00f3.<\/li>\n<li>Fomentar l\u2019adquisici\u00f3 d\u2019h\u00e0bits saludables que contribueixin a la millora del benestar personal i social.<\/li>\n<li>Contribuir mitjan\u00e7ant la pr\u00e0ctica esportiva a l\u2019educaci\u00f3 en valors i fomentar la participaci\u00f3 per sobre de la competici\u00f3.<\/li>\n<\/ul>\n<p>Per obtenir m\u00e9s informaci\u00f3, podeu visitar el lloc web fent clic a l&#8217;<a href=\"https:\/\/esport.gencat.cat\/ca\/arees_dactuacio\/escolar\/placatala_esportescola\/index.html\">enlla\u00e7<\/a>.<\/p>\n","protected":false},"excerpt":{"rendered":"<p>Aquest programa est\u00e0 regulat des de la Secretaria General de l\u2019Esport i el Departament d\u2019Educaci\u00f3 i, s\u2019adre\u00e7a a tots els centres educatius de Catalunya. Els objectius principals\u00a0s\u00f3n els seg\u00fcents: Incrementar la pr\u00e0ctica regular d&#8217;activitat f\u00edsica i esportiva en horari no lectiu. Facilitar l\u2019acc\u00e9s a la pr\u00e0ctica esportiva escolar a tota la comunitat educativa, aix\u00ed com [&hellip;]<\/p>\n","protected":false},"author":49,"featured_media":0,"parent":0,"menu_order":0,"comment_status":"closed","ping_status":"closed","template":"","meta":{"_bbp_topic_count":0,"_bbp_reply_count":0,"_bbp_total_topic_count":0,"_bbp_total_reply_count":0,"_bbp_voice_count":0,"_bbp_anonymous_reply_count":0,"_bbp_topic_count_hidden":0,"_bbp_reply_count_hidden":0,"_bbp_forum_subforum_count":0,"site-sidebar-layout":"default","site-content-layout":"","ast-site-content-layout":"","site-content-style":"default","site-sidebar-style":"default","ast-global-header-display":"","ast-banner-title-visibility":"","ast-main-header-display":"","ast-hfb-above-header-display":"","ast-hfb-below-header-display":"","ast-hfb-mobile-header-display":"","site-post-title":"","ast-breadcrumbs-content":"","ast-featured-img":"","footer-sml-layout":"","theme-transparent-header-meta":"","adv-header-id-meta":"","stick-header-meta":"","header-above-stick-meta":"","header-main-stick-meta":"","header-below-stick-meta":"","astra-migrate-meta-layouts":"default","ast-page-background-enabled":"default","ast-page-background-meta":{"desktop":{"background-color":"var(--ast-global-color-5)","background-image":"","background-repeat":"repeat","background-position":"center center","background-size":"auto","background-attachment":"scroll","background-type":"","background-media":"","overlay-type":"","overlay-color":"","overlay-opacity":"","overlay-gradient":""},"tablet":{"background-color":"","background-image":"","background-repeat":"repeat","background-position":"center center","background-size":"auto","background-attachment":"scroll","background-type":"","background-media":"","overlay-type":"","overlay-color":"","overlay-opacity":"","overlay-gradient":""},"mobile":{"background-color":"","background-image":"","background-repeat":"repeat","background-position":"center center","background-size":"auto","background-attachment":"scroll","background-type":"","background-media":"","overlay-type":"","overlay-color":"","overlay-opacity":"","overlay-gradient":""}},"ast-content-background-meta":{"desktop":{"background-color":"var(--ast-global-color-4)","background-image":"","background-repeat":"repeat","background-position":"center center","background-size":"auto","background-attachment":"scroll","background-type":"","background-media":"","overlay-type":"","overlay-color":"","overlay-opacity":"","overlay-gradient":""},"tablet":{"background-color":"var(--ast-global-color-4)","background-image":"","background-repeat":"repeat","background-position":"center center","background-size":"auto","background-attachment":"scroll","background-type":"","background-media":"","overlay-type":"","overlay-color":"","overlay-opacity":"","overlay-gradient":""},"mobile":{"background-color":"var(--ast-global-color-4)","background-image":"","background-repeat":"repeat","background-position":"center center","background-size":"auto","background-attachment":"scroll","background-type":"","background-media":"","overlay-type":"","overlay-color":"","overlay-opacity":"","overlay-gradient":""}},"footnotes":""},"class_list":["post-5402","page","type-page","status-publish","hentry"],"post_mailing_queue_ids":[],"_links":{"self":[{"href":"https:\/\/agora.xtec.cat\/ieagustibarbera\/wp-json\/wp\/v2\/pages\/5402","targetHints":{"allow":["GET"]}}],"collection":[{"href":"https:\/\/agora.xtec.cat\/ieagustibarbera\/wp-json\/wp\/v2\/pages"}],"about":[{"href":"https:\/\/agora.xtec.cat\/ieagustibarbera\/wp-json\/wp\/v2\/types\/page"}],"author":[{"embeddable":true,"href":"https:\/\/agora.xtec.cat\/ieagustibarbera\/wp-json\/wp\/v2\/users\/49"}],"replies":[{"embeddable":true,"href":"https:\/\/agora.xtec.cat\/ieagustibarbera\/wp-json\/wp\/v2\/comments?post=5402"}],"version-history":[{"count":2,"href":"https:\/\/agora.xtec.cat\/ieagustibarbera\/wp-json\/wp\/v2\/pages\/5402\/revisions"}],"predecessor-version":[{"id":5406,"href":"https:\/\/agora.xtec.cat\/ieagustibarbera\/wp-json\/wp\/v2\/pages\/5402\/revisions\/5406"}],"wp:attachment":[{"href":"https:\/\/agora.xtec.cat\/ieagustibarbera\/wp-json\/wp\/v2\/media?parent=5402"}],"curies":[{"name":"wp","href":"https:\/\/api.w.org\/{rel}","templated":true}]}}