{"id":5312,"date":"2025-08-18T19:51:06","date_gmt":"2025-08-18T17:51:06","guid":{"rendered":"https:\/\/agora.xtec.cat\/ieagustibarbera\/?page_id=5312"},"modified":"2025-09-22T10:06:22","modified_gmt":"2025-09-22T08:06:22","slug":"ambit-cientificotecnologic-i-social","status":"publish","type":"page","link":"https:\/\/agora.xtec.cat\/ieagustibarbera\/ambit-cientificotecnologic-i-social\/","title":{"rendered":"\u00c0mbit cientificotecnol\u00f2gic i social"},"content":{"rendered":"<table style=\"width: 34.9817%;\">\n<tbody>\n<tr>\n<td style=\"width: 123.15%;\" colspan=\"2\"><b>COORDINACI\u00d3 PEDAG\u00d2GICA D\u2019\u00c0MBIT CIENTIFICOTECNOL\u00d2GIC I SOCIAL<\/b><\/td>\n<\/tr>\n<tr>\n<td style=\"width: 55.619%;\"><b>Coordinaci\u00f3<\/b><\/td>\n<td style=\"width: 67.5307%;\"><span style=\"font-weight: 400;\">Carlos Bell\u00e9s<\/span><\/td>\n<\/tr>\n<tr>\n<td style=\"width: 55.619%;\"><b>Educaci\u00f3 Infantil<\/b><\/td>\n<td style=\"width: 67.5307%;\">Lara Galo<\/td>\n<\/tr>\n<tr>\n<td style=\"width: 55.619%;\"><b>Cicle Inicial<\/b><\/td>\n<td style=\"width: 67.5307%;\">Lourdes Mart\u00ednez<\/td>\n<\/tr>\n<tr>\n<td style=\"width: 55.619%;\"><b>Cicle Mitj\u00e0<\/b><\/td>\n<td style=\"width: 67.5307%;\">Merc\u00e8 Albuixech<\/p>\n<p>Carme Uni\u00f3<\/td>\n<\/tr>\n<tr>\n<td style=\"width: 55.619%;\"><b>Cicle Superior<\/b><\/td>\n<td style=\"width: 67.5307%;\">J\u00e8ssica Bertomeu<\/td>\n<\/tr>\n<tr>\n<td style=\"width: 55.619%;\"><b>ESO<\/b><\/td>\n<td style=\"width: 67.5307%;\">Elena Mir\u00f3<\/p>\n<p>N\u00faria Falc\u00f3<\/p>\n<p>Irene Verge<\/p>\n<p>Gema Esparducer<\/p>\n<p>Cl\u00e0udia Belenguer<\/p>\n<p>Armand Vizcarro<\/p>\n<p>M\u00edriam Calvet<\/td>\n<\/tr>\n<\/tbody>\n<\/table>\n<p>&nbsp;<\/p>\n","protected":false},"excerpt":{"rendered":"<p>COORDINACI\u00d3 PEDAG\u00d2GICA D\u2019\u00c0MBIT CIENTIFICOTECNOL\u00d2GIC I SOCIAL Coordinaci\u00f3 Carlos Bell\u00e9s Educaci\u00f3 Infantil Lara Galo Cicle Inicial Lourdes Mart\u00ednez Cicle Mitj\u00e0 Merc\u00e8 Albuixech Carme Uni\u00f3 Cicle Superior J\u00e8ssica Bertomeu ESO Elena Mir\u00f3 N\u00faria Falc\u00f3 Irene Verge Gema Esparducer Cl\u00e0udia Belenguer Armand Vizcarro M\u00edriam Calvet &nbsp;<\/p>\n","protected":false},"author":49,"featured_media":0,"parent":0,"menu_order":0,"comment_status":"closed","ping_status":"closed","template":"","meta":{"_bbp_topic_count":0,"_bbp_reply_count":0,"_bbp_total_topic_count":0,"_bbp_total_reply_count":0,"_bbp_voice_count":0,"_bbp_anonymous_reply_count":0,"_bbp_topic_count_hidden":0,"_bbp_reply_count_hidden":0,"_bbp_forum_subforum_count":0,"site-sidebar-layout":"default","site-content-layout":"","ast-site-content-layout":"","site-content-style":"default","site-sidebar-style":"default","ast-global-header-display":"","ast-banner-title-visibility":"","ast-main-header-display":"","ast-hfb-above-header-display":"","ast-hfb-below-header-display":"","ast-hfb-mobile-header-display":"","site-post-title":"","ast-breadcrumbs-content":"","ast-featured-img":"","footer-sml-layout":"","theme-transparent-header-meta":"","adv-header-id-meta":"","stick-header-meta":"","header-above-stick-meta":"","header-main-stick-meta":"","header-below-stick-meta":"","astra-migrate-meta-layouts":"default","ast-page-background-enabled":"default","ast-page-background-meta":{"desktop":{"background-color":"var(--ast-global-color-5)","background-image":"","background-repeat":"repeat","background-position":"center center","background-size":"auto","background-attachment":"scroll","background-type":"","background-media":"","overlay-type":"","overlay-color":"","overlay-opacity":"","overlay-gradient":""},"tablet":{"background-color":"","background-image":"","background-repeat":"repeat","background-position":"center center","background-size":"auto","background-attachment":"scroll","background-type":"","background-media":"","overlay-type":"","overlay-color":"","overlay-opacity":"","overlay-gradient":""},"mobile":{"background-color":"","background-image":"","background-repeat":"repeat","background-position":"center center","background-size":"auto","background-attachment":"scroll","background-type":"","background-media":"","overlay-type":"","overlay-color":"","overlay-opacity":"","overlay-gradient":""}},"ast-content-background-meta":{"desktop":{"background-color":"var(--ast-global-color-4)","background-image":"","background-repeat":"repeat","background-position":"center center","background-size":"auto","background-attachment":"scroll","background-type":"","background-media":"","overlay-type":"","overlay-color":"","overlay-opacity":"","overlay-gradient":""},"tablet":{"background-color":"var(--ast-global-color-4)","background-image":"","background-repeat":"repeat","background-position":"center center","background-size":"auto","background-attachment":"scroll","background-type":"","background-media":"","overlay-type":"","overlay-color":"","overlay-opacity":"","overlay-gradient":""},"mobile":{"background-color":"var(--ast-global-color-4)","background-image":"","background-repeat":"repeat","background-position":"center center","background-size":"auto","background-attachment":"scroll","background-type":"","background-media":"","overlay-type":"","overlay-color":"","overlay-opacity":"","overlay-gradient":""}},"footnotes":""},"class_list":["post-5312","page","type-page","status-publish","hentry"],"post_mailing_queue_ids":[],"_links":{"self":[{"href":"https:\/\/agora.xtec.cat\/ieagustibarbera\/wp-json\/wp\/v2\/pages\/5312","targetHints":{"allow":["GET"]}}],"collection":[{"href":"https:\/\/agora.xtec.cat\/ieagustibarbera\/wp-json\/wp\/v2\/pages"}],"about":[{"href":"https:\/\/agora.xtec.cat\/ieagustibarbera\/wp-json\/wp\/v2\/types\/page"}],"author":[{"embeddable":true,"href":"https:\/\/agora.xtec.cat\/ieagustibarbera\/wp-json\/wp\/v2\/users\/49"}],"replies":[{"embeddable":true,"href":"https:\/\/agora.xtec.cat\/ieagustibarbera\/wp-json\/wp\/v2\/comments?post=5312"}],"version-history":[{"count":5,"href":"https:\/\/agora.xtec.cat\/ieagustibarbera\/wp-json\/wp\/v2\/pages\/5312\/revisions"}],"predecessor-version":[{"id":5428,"href":"https:\/\/agora.xtec.cat\/ieagustibarbera\/wp-json\/wp\/v2\/pages\/5312\/revisions\/5428"}],"wp:attachment":[{"href":"https:\/\/agora.xtec.cat\/ieagustibarbera\/wp-json\/wp\/v2\/media?parent=5312"}],"curies":[{"name":"wp","href":"https:\/\/api.w.org\/{rel}","templated":true}]}}