{"id":5310,"date":"2025-08-18T19:51:06","date_gmt":"2025-08-18T17:51:06","guid":{"rendered":"https:\/\/agora.xtec.cat\/ieagustibarbera\/?page_id=5310"},"modified":"2025-09-22T10:03:22","modified_gmt":"2025-09-22T08:03:22","slug":"ambit-linguistic","status":"publish","type":"page","link":"https:\/\/agora.xtec.cat\/ieagustibarbera\/ambit-linguistic\/","title":{"rendered":"\u00c0mbit ling\u00fc\u00edstic"},"content":{"rendered":"<table style=\"width: 27.1698%;\">\n<tbody>\n<tr>\n<td style=\"width: 129.757%;\" colspan=\"2\"><b>COORDINACI\u00d3 PEDAG\u00d2GICA D\u2019\u00c0MBIT LING\u00dc\u00cdSTIC<\/b><\/td>\n<\/tr>\n<tr>\n<td style=\"width: 47.7193%;\"><b>Coordinaci\u00f3<\/b><\/td>\n<td style=\"width: 82.0377%;\"><span style=\"font-weight: 400;\">Montse Ruiz<\/span><\/td>\n<\/tr>\n<tr>\n<td style=\"width: 47.7193%;\"><b>Educaci\u00f3 Infantil<\/b><\/td>\n<td style=\"width: 82.0377%;\">Tere Margalef<\/td>\n<\/tr>\n<tr>\n<td style=\"width: 47.7193%;\"><b>Cicle Inicial<\/b><\/td>\n<td style=\"width: 82.0377%;\">M\u00aaJos\u00e9 Garcia<\/td>\n<\/tr>\n<tr>\n<td style=\"width: 47.7193%;\"><b>Cicle Mitj\u00e0<\/b><\/td>\n<td style=\"width: 82.0377%;\">\u00c0ngels Forcadell<\/td>\n<\/tr>\n<tr>\n<td style=\"width: 47.7193%;\"><b>Cicle Superior<\/b><\/td>\n<td style=\"width: 82.0377%;\">M\u00aaJos\u00e9 Mahiques<\/td>\n<\/tr>\n<tr>\n<td style=\"width: 47.7193%;\"><b>ESO<\/b><\/td>\n<td style=\"width: 82.0377%;\">Sara Sanz<\/p>\n<p>Gina Mart\u00ed<\/p>\n<p>J\u00e8nnifer Revert\u00e9<\/td>\n<\/tr>\n<\/tbody>\n<\/table>\n","protected":false},"excerpt":{"rendered":"<p>COORDINACI\u00d3 PEDAG\u00d2GICA D\u2019\u00c0MBIT LING\u00dc\u00cdSTIC Coordinaci\u00f3 Montse Ruiz Educaci\u00f3 Infantil Tere Margalef Cicle Inicial M\u00aaJos\u00e9 Garcia Cicle Mitj\u00e0 \u00c0ngels Forcadell Cicle Superior M\u00aaJos\u00e9 Mahiques ESO Sara Sanz Gina Mart\u00ed J\u00e8nnifer Revert\u00e9<\/p>\n","protected":false},"author":49,"featured_media":0,"parent":0,"menu_order":0,"comment_status":"closed","ping_status":"closed","template":"","meta":{"_bbp_topic_count":0,"_bbp_reply_count":0,"_bbp_total_topic_count":0,"_bbp_total_reply_count":0,"_bbp_voice_count":0,"_bbp_anonymous_reply_count":0,"_bbp_topic_count_hidden":0,"_bbp_reply_count_hidden":0,"_bbp_forum_subforum_count":0,"site-sidebar-layout":"default","site-content-layout":"","ast-site-content-layout":"","site-content-style":"default","site-sidebar-style":"default","ast-global-header-display":"","ast-banner-title-visibility":"","ast-main-header-display":"","ast-hfb-above-header-display":"","ast-hfb-below-header-display":"","ast-hfb-mobile-header-display":"","site-post-title":"","ast-breadcrumbs-content":"","ast-featured-img":"","footer-sml-layout":"","theme-transparent-header-meta":"","adv-header-id-meta":"","stick-header-meta":"","header-above-stick-meta":"","header-main-stick-meta":"","header-below-stick-meta":"","astra-migrate-meta-layouts":"default","ast-page-background-enabled":"default","ast-page-background-meta":{"desktop":{"background-color":"var(--ast-global-color-5)","background-image":"","background-repeat":"repeat","background-position":"center center","background-size":"auto","background-attachment":"scroll","background-type":"","background-media":"","overlay-type":"","overlay-color":"","overlay-opacity":"","overlay-gradient":""},"tablet":{"background-color":"","background-image":"","background-repeat":"repeat","background-position":"center center","background-size":"auto","background-attachment":"scroll","background-type":"","background-media":"","overlay-type":"","overlay-color":"","overlay-opacity":"","overlay-gradient":""},"mobile":{"background-color":"","background-image":"","background-repeat":"repeat","background-position":"center center","background-size":"auto","background-attachment":"scroll","background-type":"","background-media":"","overlay-type":"","overlay-color":"","overlay-opacity":"","overlay-gradient":""}},"ast-content-background-meta":{"desktop":{"background-color":"var(--ast-global-color-4)","background-image":"","background-repeat":"repeat","background-position":"center center","background-size":"auto","background-attachment":"scroll","background-type":"","background-media":"","overlay-type":"","overlay-color":"","overlay-opacity":"","overlay-gradient":""},"tablet":{"background-color":"var(--ast-global-color-4)","background-image":"","background-repeat":"repeat","background-position":"center center","background-size":"auto","background-attachment":"scroll","background-type":"","background-media":"","overlay-type":"","overlay-color":"","overlay-opacity":"","overlay-gradient":""},"mobile":{"background-color":"var(--ast-global-color-4)","background-image":"","background-repeat":"repeat","background-position":"center center","background-size":"auto","background-attachment":"scroll","background-type":"","background-media":"","overlay-type":"","overlay-color":"","overlay-opacity":"","overlay-gradient":""}},"footnotes":""},"class_list":["post-5310","page","type-page","status-publish","hentry"],"post_mailing_queue_ids":[],"_links":{"self":[{"href":"https:\/\/agora.xtec.cat\/ieagustibarbera\/wp-json\/wp\/v2\/pages\/5310","targetHints":{"allow":["GET"]}}],"collection":[{"href":"https:\/\/agora.xtec.cat\/ieagustibarbera\/wp-json\/wp\/v2\/pages"}],"about":[{"href":"https:\/\/agora.xtec.cat\/ieagustibarbera\/wp-json\/wp\/v2\/types\/page"}],"author":[{"embeddable":true,"href":"https:\/\/agora.xtec.cat\/ieagustibarbera\/wp-json\/wp\/v2\/users\/49"}],"replies":[{"embeddable":true,"href":"https:\/\/agora.xtec.cat\/ieagustibarbera\/wp-json\/wp\/v2\/comments?post=5310"}],"version-history":[{"count":7,"href":"https:\/\/agora.xtec.cat\/ieagustibarbera\/wp-json\/wp\/v2\/pages\/5310\/revisions"}],"predecessor-version":[{"id":5427,"href":"https:\/\/agora.xtec.cat\/ieagustibarbera\/wp-json\/wp\/v2\/pages\/5310\/revisions\/5427"}],"wp:attachment":[{"href":"https:\/\/agora.xtec.cat\/ieagustibarbera\/wp-json\/wp\/v2\/media?parent=5310"}],"curies":[{"name":"wp","href":"https:\/\/api.w.org\/{rel}","templated":true}]}}