{"id":5295,"date":"2025-08-18T19:45:36","date_gmt":"2025-08-18T17:45:36","guid":{"rendered":"https:\/\/agora.xtec.cat\/ieagustibarbera\/?page_id=5295"},"modified":"2025-09-22T13:49:29","modified_gmt":"2025-09-22T11:49:29","slug":"cocobe","status":"publish","type":"page","link":"https:\/\/agora.xtec.cat\/ieagustibarbera\/cocobe\/","title":{"rendered":"COCOBE"},"content":{"rendered":"<table style=\"width: 31.8368%;\">\n<tbody>\n<tr>\n<td style=\"width: 106.284%;\" colspan=\"2\"><b>COMISSI\u00d3 DE CONVIV\u00c8NCIA, COEDUACI\u00d3 I BENESTAR EMOCIONAL (COCOBE)<\/b><\/td>\n<\/tr>\n<tr>\n<td style=\"width: 57.2711%;\"><b>Referent Equip Directiu<\/b><\/td>\n<td style=\"width: 49.0126%;\"><span style=\"font-weight: 400;\">J\u00e8nnifer Revert\u00e9<\/span><\/td>\n<\/tr>\n<tr>\n<td style=\"width: 57.2711%;\"><b>Coordinaci\u00f3<\/b><\/td>\n<td style=\"width: 49.0126%;\"><span style=\"font-weight: 400;\">Roser Romeu<\/span><\/td>\n<\/tr>\n<tr>\n<td style=\"width: 57.2711%;\"><b>Educaci\u00f3 Infantil<\/b><\/td>\n<td style=\"width: 49.0126%;\"><span style=\"font-weight: 400;\">Tere Margalef<\/span><\/td>\n<\/tr>\n<tr>\n<td style=\"width: 57.2711%;\"><b>Cicle Inicial<\/b><\/td>\n<td style=\"width: 49.0126%;\"><span style=\"font-weight: 400;\">M\u00aa Jos\u00e9 Garcia<\/span><\/td>\n<\/tr>\n<tr>\n<td style=\"width: 57.2711%;\"><b>Cicle Mitj\u00e0<\/b><\/td>\n<td style=\"width: 49.0126%;\"><span style=\"font-weight: 400;\">Carme Uni\u00f3<\/span><\/td>\n<\/tr>\n<tr>\n<td style=\"width: 57.2711%;\"><b>Cicle Superior<\/b><\/td>\n<td style=\"width: 49.0126%;\">M\u00aaIsabel Dauden<\/p>\n<p><span style=\"font-weight: 400;\">N\u00faria Gisbert<\/span><\/td>\n<\/tr>\n<tr>\n<td style=\"width: 57.2711%;\"><b>ESO<\/b><\/td>\n<td style=\"width: 49.0126%;\">Clara Ferrer<\/p>\n<p>Elea Hern\u00e1ndez<\/p>\n<p>Cinta \u00c0lvaro<\/p>\n<p>Irene Verge<\/p>\n<p>N\u00faria Matheu<\/p>\n<p>Xavi Gil<\/p>\n<p>Laura Pueyo<\/td>\n<\/tr>\n<\/tbody>\n<\/table>\n","protected":false},"excerpt":{"rendered":"<p>COMISSI\u00d3 DE CONVIV\u00c8NCIA, COEDUACI\u00d3 I BENESTAR EMOCIONAL (COCOBE) Referent Equip Directiu J\u00e8nnifer Revert\u00e9 Coordinaci\u00f3 Roser Romeu Educaci\u00f3 Infantil Tere Margalef Cicle Inicial M\u00aa Jos\u00e9 Garcia Cicle Mitj\u00e0 Carme Uni\u00f3 Cicle Superior M\u00aaIsabel Dauden N\u00faria Gisbert ESO Clara Ferrer Elea Hern\u00e1ndez Cinta \u00c0lvaro Irene Verge N\u00faria Matheu Xavi Gil Laura Pueyo<\/p>\n","protected":false},"author":49,"featured_media":0,"parent":0,"menu_order":0,"comment_status":"closed","ping_status":"closed","template":"","meta":{"_bbp_topic_count":0,"_bbp_reply_count":0,"_bbp_total_topic_count":0,"_bbp_total_reply_count":0,"_bbp_voice_count":0,"_bbp_anonymous_reply_count":0,"_bbp_topic_count_hidden":0,"_bbp_reply_count_hidden":0,"_bbp_forum_subforum_count":0,"site-sidebar-layout":"default","site-content-layout":"","ast-site-content-layout":"","site-content-style":"default","site-sidebar-style":"default","ast-global-header-display":"","ast-banner-title-visibility":"","ast-main-header-display":"","ast-hfb-above-header-display":"","ast-hfb-below-header-display":"","ast-hfb-mobile-header-display":"","site-post-title":"","ast-breadcrumbs-content":"","ast-featured-img":"","footer-sml-layout":"","theme-transparent-header-meta":"","adv-header-id-meta":"","stick-header-meta":"","header-above-stick-meta":"","header-main-stick-meta":"","header-below-stick-meta":"","astra-migrate-meta-layouts":"default","ast-page-background-enabled":"default","ast-page-background-meta":{"desktop":{"background-color":"var(--ast-global-color-5)","background-image":"","background-repeat":"repeat","background-position":"center center","background-size":"auto","background-attachment":"scroll","background-type":"","background-media":"","overlay-type":"","overlay-color":"","overlay-opacity":"","overlay-gradient":""},"tablet":{"background-color":"","background-image":"","background-repeat":"repeat","background-position":"center center","background-size":"auto","background-attachment":"scroll","background-type":"","background-media":"","overlay-type":"","overlay-color":"","overlay-opacity":"","overlay-gradient":""},"mobile":{"background-color":"","background-image":"","background-repeat":"repeat","background-position":"center center","background-size":"auto","background-attachment":"scroll","background-type":"","background-media":"","overlay-type":"","overlay-color":"","overlay-opacity":"","overlay-gradient":""}},"ast-content-background-meta":{"desktop":{"background-color":"var(--ast-global-color-4)","background-image":"","background-repeat":"repeat","background-position":"center center","background-size":"auto","background-attachment":"scroll","background-type":"","background-media":"","overlay-type":"","overlay-color":"","overlay-opacity":"","overlay-gradient":""},"tablet":{"background-color":"var(--ast-global-color-4)","background-image":"","background-repeat":"repeat","background-position":"center center","background-size":"auto","background-attachment":"scroll","background-type":"","background-media":"","overlay-type":"","overlay-color":"","overlay-opacity":"","overlay-gradient":""},"mobile":{"background-color":"var(--ast-global-color-4)","background-image":"","background-repeat":"repeat","background-position":"center center","background-size":"auto","background-attachment":"scroll","background-type":"","background-media":"","overlay-type":"","overlay-color":"","overlay-opacity":"","overlay-gradient":""}},"footnotes":""},"class_list":["post-5295","page","type-page","status-publish","hentry"],"post_mailing_queue_ids":[],"_links":{"self":[{"href":"https:\/\/agora.xtec.cat\/ieagustibarbera\/wp-json\/wp\/v2\/pages\/5295","targetHints":{"allow":["GET"]}}],"collection":[{"href":"https:\/\/agora.xtec.cat\/ieagustibarbera\/wp-json\/wp\/v2\/pages"}],"about":[{"href":"https:\/\/agora.xtec.cat\/ieagustibarbera\/wp-json\/wp\/v2\/types\/page"}],"author":[{"embeddable":true,"href":"https:\/\/agora.xtec.cat\/ieagustibarbera\/wp-json\/wp\/v2\/users\/49"}],"replies":[{"embeddable":true,"href":"https:\/\/agora.xtec.cat\/ieagustibarbera\/wp-json\/wp\/v2\/comments?post=5295"}],"version-history":[{"count":3,"href":"https:\/\/agora.xtec.cat\/ieagustibarbera\/wp-json\/wp\/v2\/pages\/5295\/revisions"}],"predecessor-version":[{"id":5448,"href":"https:\/\/agora.xtec.cat\/ieagustibarbera\/wp-json\/wp\/v2\/pages\/5295\/revisions\/5448"}],"wp:attachment":[{"href":"https:\/\/agora.xtec.cat\/ieagustibarbera\/wp-json\/wp\/v2\/media?parent=5295"}],"curies":[{"name":"wp","href":"https:\/\/api.w.org\/{rel}","templated":true}]}}