{"id":5294,"date":"2025-08-18T19:45:36","date_gmt":"2025-08-18T17:45:36","guid":{"rendered":"https:\/\/agora.xtec.cat\/ieagustibarbera\/?page_id=5294"},"modified":"2025-09-22T13:45:44","modified_gmt":"2025-09-22T11:45:44","slug":"per-la-sostenibilitat","status":"publish","type":"page","link":"https:\/\/agora.xtec.cat\/ieagustibarbera\/per-la-sostenibilitat\/","title":{"rendered":"Per la Sostenibilitat"},"content":{"rendered":"<table style=\"width: 29.1712%;\">\n<tbody>\n<tr>\n<td style=\"width: 131.477%;\" colspan=\"2\"><b>COMISSI\u00d3 PER LA SOSTENIBILITAT<\/b><\/td>\n<\/tr>\n<tr>\n<td style=\"width: 42.3729%;\"><b>Referent Equip Directiu<\/b><\/td>\n<td style=\"width: 89.1041%;\"><span style=\"font-weight: 400;\">Sara Tirado<\/span><\/td>\n<\/tr>\n<tr>\n<td style=\"width: 42.3729%;\"><b>Coordinaci\u00f3<\/b><\/td>\n<td style=\"width: 89.1041%;\"><span style=\"font-weight: 400;\">Merc\u00e8 Albuixech (Escoles Verdes)<\/span><\/p>\n<p><span style=\"font-weight: 400;\">Meritxell Pons (Pati)<\/span><\/td>\n<\/tr>\n<tr>\n<td style=\"width: 42.3729%;\"><b>Educaci\u00f3 Infantil<\/b><\/td>\n<td style=\"width: 89.1041%;\"><span style=\"font-weight: 400;\">Andrea Morales<\/span><\/td>\n<\/tr>\n<tr>\n<td style=\"width: 42.3729%;\"><b>Cicle Inicial<\/b><\/td>\n<td style=\"width: 89.1041%;\"><span style=\"font-weight: 400;\">Neus Arasa<\/span><\/td>\n<\/tr>\n<tr>\n<td style=\"width: 42.3729%;\"><b>Cicle Mitj\u00e0<\/b><\/td>\n<td style=\"width: 89.1041%;\"><span style=\"font-weight: 400;\">Joan Zaragoza<\/span><\/td>\n<\/tr>\n<tr>\n<td style=\"width: 42.3729%;\"><b>Cicle Superior<\/b><\/td>\n<td style=\"width: 89.1041%;\"><span style=\"font-weight: 400;\">M\u00aa Jos\u00e9 Mahiques<\/span><\/td>\n<\/tr>\n<tr>\n<td style=\"width: 42.3729%;\"><b>ESO<\/b><\/td>\n<td style=\"width: 89.1041%;\"><span style=\"font-weight: 400;\">N\u00faria Falc\u00f3<\/span><\/p>\n<p><span style=\"font-weight: 400;\">Carlos Bell\u00e9s<\/span><\/p>\n<p>Gisela Verge<\/td>\n<\/tr>\n<\/tbody>\n<\/table>\n","protected":false},"excerpt":{"rendered":"<p>COMISSI\u00d3 PER LA SOSTENIBILITAT Referent Equip Directiu Sara Tirado Coordinaci\u00f3 Merc\u00e8 Albuixech (Escoles Verdes) Meritxell Pons (Pati) Educaci\u00f3 Infantil Andrea Morales Cicle Inicial Neus Arasa Cicle Mitj\u00e0 Joan Zaragoza Cicle Superior M\u00aa Jos\u00e9 Mahiques ESO N\u00faria Falc\u00f3 Carlos Bell\u00e9s Gisela Verge<\/p>\n","protected":false},"author":49,"featured_media":0,"parent":0,"menu_order":0,"comment_status":"closed","ping_status":"closed","template":"","meta":{"_bbp_topic_count":0,"_bbp_reply_count":0,"_bbp_total_topic_count":0,"_bbp_total_reply_count":0,"_bbp_voice_count":0,"_bbp_anonymous_reply_count":0,"_bbp_topic_count_hidden":0,"_bbp_reply_count_hidden":0,"_bbp_forum_subforum_count":0,"site-sidebar-layout":"default","site-content-layout":"","ast-site-content-layout":"","site-content-style":"default","site-sidebar-style":"default","ast-global-header-display":"","ast-banner-title-visibility":"","ast-main-header-display":"","ast-hfb-above-header-display":"","ast-hfb-below-header-display":"","ast-hfb-mobile-header-display":"","site-post-title":"","ast-breadcrumbs-content":"","ast-featured-img":"","footer-sml-layout":"","theme-transparent-header-meta":"","adv-header-id-meta":"","stick-header-meta":"","header-above-stick-meta":"","header-main-stick-meta":"","header-below-stick-meta":"","astra-migrate-meta-layouts":"default","ast-page-background-enabled":"default","ast-page-background-meta":{"desktop":{"background-color":"var(--ast-global-color-5)","background-image":"","background-repeat":"repeat","background-position":"center center","background-size":"auto","background-attachment":"scroll","background-type":"","background-media":"","overlay-type":"","overlay-color":"","overlay-opacity":"","overlay-gradient":""},"tablet":{"background-color":"","background-image":"","background-repeat":"repeat","background-position":"center center","background-size":"auto","background-attachment":"scroll","background-type":"","background-media":"","overlay-type":"","overlay-color":"","overlay-opacity":"","overlay-gradient":""},"mobile":{"background-color":"","background-image":"","background-repeat":"repeat","background-position":"center center","background-size":"auto","background-attachment":"scroll","background-type":"","background-media":"","overlay-type":"","overlay-color":"","overlay-opacity":"","overlay-gradient":""}},"ast-content-background-meta":{"desktop":{"background-color":"var(--ast-global-color-4)","background-image":"","background-repeat":"repeat","background-position":"center center","background-size":"auto","background-attachment":"scroll","background-type":"","background-media":"","overlay-type":"","overlay-color":"","overlay-opacity":"","overlay-gradient":""},"tablet":{"background-color":"var(--ast-global-color-4)","background-image":"","background-repeat":"repeat","background-position":"center center","background-size":"auto","background-attachment":"scroll","background-type":"","background-media":"","overlay-type":"","overlay-color":"","overlay-opacity":"","overlay-gradient":""},"mobile":{"background-color":"var(--ast-global-color-4)","background-image":"","background-repeat":"repeat","background-position":"center center","background-size":"auto","background-attachment":"scroll","background-type":"","background-media":"","overlay-type":"","overlay-color":"","overlay-opacity":"","overlay-gradient":""}},"footnotes":""},"class_list":["post-5294","page","type-page","status-publish","hentry"],"post_mailing_queue_ids":[],"_links":{"self":[{"href":"https:\/\/agora.xtec.cat\/ieagustibarbera\/wp-json\/wp\/v2\/pages\/5294","targetHints":{"allow":["GET"]}}],"collection":[{"href":"https:\/\/agora.xtec.cat\/ieagustibarbera\/wp-json\/wp\/v2\/pages"}],"about":[{"href":"https:\/\/agora.xtec.cat\/ieagustibarbera\/wp-json\/wp\/v2\/types\/page"}],"author":[{"embeddable":true,"href":"https:\/\/agora.xtec.cat\/ieagustibarbera\/wp-json\/wp\/v2\/users\/49"}],"replies":[{"embeddable":true,"href":"https:\/\/agora.xtec.cat\/ieagustibarbera\/wp-json\/wp\/v2\/comments?post=5294"}],"version-history":[{"count":4,"href":"https:\/\/agora.xtec.cat\/ieagustibarbera\/wp-json\/wp\/v2\/pages\/5294\/revisions"}],"predecessor-version":[{"id":5447,"href":"https:\/\/agora.xtec.cat\/ieagustibarbera\/wp-json\/wp\/v2\/pages\/5294\/revisions\/5447"}],"wp:attachment":[{"href":"https:\/\/agora.xtec.cat\/ieagustibarbera\/wp-json\/wp\/v2\/media?parent=5294"}],"curies":[{"name":"wp","href":"https:\/\/api.w.org\/{rel}","templated":true}]}}