{"id":5293,"date":"2025-08-18T19:45:36","date_gmt":"2025-08-18T17:45:36","guid":{"rendered":"https:\/\/agora.xtec.cat\/ieagustibarbera\/?page_id=5293"},"modified":"2025-09-22T13:20:32","modified_gmt":"2025-09-22T11:20:32","slug":"digital-i-pensament-compuacional","status":"publish","type":"page","link":"https:\/\/agora.xtec.cat\/ieagustibarbera\/digital-i-pensament-compuacional\/","title":{"rendered":"Digital i pensament compuacional"},"content":{"rendered":"<table>\n<tbody>\n<tr>\n<td colspan=\"2\"><b>COMISSI\u00d3 DIGITAL I PENSAMENT COMPUTACIONAL<\/b><\/td>\n<\/tr>\n<tr>\n<td><b>Referent Equip Directiu<\/b><\/td>\n<td><span style=\"font-weight: 400;\">M\u00edriam Calvet<\/span><\/td>\n<\/tr>\n<tr>\n<td><b>Coordinaci\u00f3<\/b><\/td>\n<td><span style=\"font-weight: 400;\">Montse Anguera (TIC)<\/span><\/p>\n<p><span style=\"font-weight: 400;\">Elena Mir\u00f3 (PENSAMENT COMPUTACIONAL)<\/span><\/td>\n<\/tr>\n<tr>\n<td><b>Educaci\u00f3 Infantil<\/b><\/td>\n<td><span style=\"font-weight: 400;\">Gisela Valldep\u00e9rez<\/span><\/td>\n<\/tr>\n<tr>\n<td><b>Cicle Inicial<\/b><\/td>\n<td>Mariela Chillida<\/td>\n<\/tr>\n<tr>\n<td><b>Cicle Mitj\u00e0<\/b><\/td>\n<td>Josep Beltran<\/td>\n<\/tr>\n<tr>\n<td><b>Cicle Superior<\/b><\/td>\n<td><span style=\"font-weight: 400;\">Montse Anguera<\/span><\/td>\n<\/tr>\n<tr>\n<td><b>ESO<\/b><\/td>\n<td><span style=\"font-weight: 400;\">Elena Mir\u00f3<\/span><\/p>\n<p>Javier Sendra<\/p>\n<p>Sara Sanz<\/p>\n<p>Claudia Belenguer<\/td>\n<\/tr>\n<\/tbody>\n<\/table>\n","protected":false},"excerpt":{"rendered":"<p>COMISSI\u00d3 DIGITAL I PENSAMENT COMPUTACIONAL Referent Equip Directiu M\u00edriam Calvet Coordinaci\u00f3 Montse Anguera (TIC) Elena Mir\u00f3 (PENSAMENT COMPUTACIONAL) Educaci\u00f3 Infantil Gisela Valldep\u00e9rez Cicle Inicial Mariela Chillida Cicle Mitj\u00e0 Josep Beltran Cicle Superior Montse Anguera ESO Elena Mir\u00f3 Javier Sendra Sara Sanz Claudia Belenguer<\/p>\n","protected":false},"author":49,"featured_media":0,"parent":0,"menu_order":0,"comment_status":"closed","ping_status":"closed","template":"","meta":{"_bbp_topic_count":0,"_bbp_reply_count":0,"_bbp_total_topic_count":0,"_bbp_total_reply_count":0,"_bbp_voice_count":0,"_bbp_anonymous_reply_count":0,"_bbp_topic_count_hidden":0,"_bbp_reply_count_hidden":0,"_bbp_forum_subforum_count":0,"site-sidebar-layout":"default","site-content-layout":"","ast-site-content-layout":"","site-content-style":"default","site-sidebar-style":"default","ast-global-header-display":"","ast-banner-title-visibility":"","ast-main-header-display":"","ast-hfb-above-header-display":"","ast-hfb-below-header-display":"","ast-hfb-mobile-header-display":"","site-post-title":"","ast-breadcrumbs-content":"","ast-featured-img":"","footer-sml-layout":"","theme-transparent-header-meta":"","adv-header-id-meta":"","stick-header-meta":"","header-above-stick-meta":"","header-main-stick-meta":"","header-below-stick-meta":"","astra-migrate-meta-layouts":"default","ast-page-background-enabled":"default","ast-page-background-meta":{"desktop":{"background-color":"var(--ast-global-color-5)","background-image":"","background-repeat":"repeat","background-position":"center center","background-size":"auto","background-attachment":"scroll","background-type":"","background-media":"","overlay-type":"","overlay-color":"","overlay-opacity":"","overlay-gradient":""},"tablet":{"background-color":"","background-image":"","background-repeat":"repeat","background-position":"center center","background-size":"auto","background-attachment":"scroll","background-type":"","background-media":"","overlay-type":"","overlay-color":"","overlay-opacity":"","overlay-gradient":""},"mobile":{"background-color":"","background-image":"","background-repeat":"repeat","background-position":"center center","background-size":"auto","background-attachment":"scroll","background-type":"","background-media":"","overlay-type":"","overlay-color":"","overlay-opacity":"","overlay-gradient":""}},"ast-content-background-meta":{"desktop":{"background-color":"var(--ast-global-color-4)","background-image":"","background-repeat":"repeat","background-position":"center center","background-size":"auto","background-attachment":"scroll","background-type":"","background-media":"","overlay-type":"","overlay-color":"","overlay-opacity":"","overlay-gradient":""},"tablet":{"background-color":"var(--ast-global-color-4)","background-image":"","background-repeat":"repeat","background-position":"center center","background-size":"auto","background-attachment":"scroll","background-type":"","background-media":"","overlay-type":"","overlay-color":"","overlay-opacity":"","overlay-gradient":""},"mobile":{"background-color":"var(--ast-global-color-4)","background-image":"","background-repeat":"repeat","background-position":"center center","background-size":"auto","background-attachment":"scroll","background-type":"","background-media":"","overlay-type":"","overlay-color":"","overlay-opacity":"","overlay-gradient":""}},"footnotes":""},"class_list":["post-5293","page","type-page","status-publish","hentry"],"post_mailing_queue_ids":[],"_links":{"self":[{"href":"https:\/\/agora.xtec.cat\/ieagustibarbera\/wp-json\/wp\/v2\/pages\/5293","targetHints":{"allow":["GET"]}}],"collection":[{"href":"https:\/\/agora.xtec.cat\/ieagustibarbera\/wp-json\/wp\/v2\/pages"}],"about":[{"href":"https:\/\/agora.xtec.cat\/ieagustibarbera\/wp-json\/wp\/v2\/types\/page"}],"author":[{"embeddable":true,"href":"https:\/\/agora.xtec.cat\/ieagustibarbera\/wp-json\/wp\/v2\/users\/49"}],"replies":[{"embeddable":true,"href":"https:\/\/agora.xtec.cat\/ieagustibarbera\/wp-json\/wp\/v2\/comments?post=5293"}],"version-history":[{"count":4,"href":"https:\/\/agora.xtec.cat\/ieagustibarbera\/wp-json\/wp\/v2\/pages\/5293\/revisions"}],"predecessor-version":[{"id":5444,"href":"https:\/\/agora.xtec.cat\/ieagustibarbera\/wp-json\/wp\/v2\/pages\/5293\/revisions\/5444"}],"wp:attachment":[{"href":"https:\/\/agora.xtec.cat\/ieagustibarbera\/wp-json\/wp\/v2\/media?parent=5293"}],"curies":[{"name":"wp","href":"https:\/\/api.w.org\/{rel}","templated":true}]}}