{"id":5291,"date":"2025-08-18T19:45:36","date_gmt":"2025-08-18T17:45:36","guid":{"rendered":"https:\/\/agora.xtec.cat\/ieagustibarbera\/?page_id=5291"},"modified":"2025-09-22T10:19:26","modified_gmt":"2025-09-22T08:19:26","slug":"plurilingue","status":"publish","type":"page","link":"https:\/\/agora.xtec.cat\/ieagustibarbera\/plurilingue\/","title":{"rendered":"Pluriling\u00fce"},"content":{"rendered":"<table style=\"width: 26.9052%;\">\n<tbody>\n<tr>\n<td style=\"width: 160.147%;\" colspan=\"2\"><b>COMISSI\u00d3 PLURILING\u00dcE<\/b><\/td>\n<\/tr>\n<tr>\n<td style=\"width: 57.3333%;\"><b>Referent Equip Directiu<\/b><\/td>\n<td style=\"width: 102.813%;\"><span style=\"font-weight: 400;\">Sabrina Calvet<\/span><\/td>\n<\/tr>\n<tr>\n<td style=\"width: 57.3333%;\"><b>Coordinaci\u00f3<\/b><\/td>\n<td style=\"width: 102.813%;\"><span style=\"font-weight: 400;\">Joana Ort\u00ed<\/span><\/td>\n<\/tr>\n<tr>\n<td style=\"width: 57.3333%;\"><b>Educaci\u00f3 Infantil<\/b><\/td>\n<td style=\"width: 102.813%;\"><span style=\"font-weight: 400;\">\u00c0ngels Ruiz<\/span><\/td>\n<\/tr>\n<tr>\n<td style=\"width: 57.3333%;\"><b>Cicle Inicial<\/b><\/td>\n<td style=\"width: 102.813%;\"><span style=\"font-weight: 400;\">Sandra Bel<\/span><\/td>\n<\/tr>\n<tr>\n<td style=\"width: 57.3333%;\"><b>Cicle Mitj\u00e0<\/b><\/td>\n<td style=\"width: 102.813%;\"><span style=\"font-weight: 400;\">Aida Rallo<\/span><\/td>\n<\/tr>\n<tr>\n<td style=\"width: 57.3333%;\"><b>Cicle Superior<\/b><\/td>\n<td style=\"width: 102.813%;\"><span style=\"font-weight: 400;\">Marta Ort\u00ed<\/span><\/td>\n<\/tr>\n<tr>\n<td style=\"width: 57.3333%;\"><b>ESO<\/b><\/td>\n<td style=\"width: 102.813%;\"><span style=\"font-weight: 400;\">Mariona Revert\u00e9<\/span><\/p>\n<p>\u00c0lex Garcia<\/p>\n<p>Armand Vizcarro<\/td>\n<\/tr>\n<\/tbody>\n<\/table>\n","protected":false},"excerpt":{"rendered":"<p>COMISSI\u00d3 PLURILING\u00dcE Referent Equip Directiu Sabrina Calvet Coordinaci\u00f3 Joana Ort\u00ed Educaci\u00f3 Infantil \u00c0ngels Ruiz Cicle Inicial Sandra Bel Cicle Mitj\u00e0 Aida Rallo Cicle Superior Marta Ort\u00ed ESO Mariona Revert\u00e9 \u00c0lex Garcia Armand Vizcarro<\/p>\n","protected":false},"author":49,"featured_media":0,"parent":0,"menu_order":0,"comment_status":"closed","ping_status":"closed","template":"","meta":{"_bbp_topic_count":0,"_bbp_reply_count":0,"_bbp_total_topic_count":0,"_bbp_total_reply_count":0,"_bbp_voice_count":0,"_bbp_anonymous_reply_count":0,"_bbp_topic_count_hidden":0,"_bbp_reply_count_hidden":0,"_bbp_forum_subforum_count":0,"site-sidebar-layout":"default","site-content-layout":"","ast-site-content-layout":"","site-content-style":"default","site-sidebar-style":"default","ast-global-header-display":"","ast-banner-title-visibility":"","ast-main-header-display":"","ast-hfb-above-header-display":"","ast-hfb-below-header-display":"","ast-hfb-mobile-header-display":"","site-post-title":"","ast-breadcrumbs-content":"","ast-featured-img":"","footer-sml-layout":"","theme-transparent-header-meta":"","adv-header-id-meta":"","stick-header-meta":"","header-above-stick-meta":"","header-main-stick-meta":"","header-below-stick-meta":"","astra-migrate-meta-layouts":"default","ast-page-background-enabled":"default","ast-page-background-meta":{"desktop":{"background-color":"var(--ast-global-color-5)","background-image":"","background-repeat":"repeat","background-position":"center center","background-size":"auto","background-attachment":"scroll","background-type":"","background-media":"","overlay-type":"","overlay-color":"","overlay-opacity":"","overlay-gradient":""},"tablet":{"background-color":"","background-image":"","background-repeat":"repeat","background-position":"center center","background-size":"auto","background-attachment":"scroll","background-type":"","background-media":"","overlay-type":"","overlay-color":"","overlay-opacity":"","overlay-gradient":""},"mobile":{"background-color":"","background-image":"","background-repeat":"repeat","background-position":"center center","background-size":"auto","background-attachment":"scroll","background-type":"","background-media":"","overlay-type":"","overlay-color":"","overlay-opacity":"","overlay-gradient":""}},"ast-content-background-meta":{"desktop":{"background-color":"var(--ast-global-color-4)","background-image":"","background-repeat":"repeat","background-position":"center center","background-size":"auto","background-attachment":"scroll","background-type":"","background-media":"","overlay-type":"","overlay-color":"","overlay-opacity":"","overlay-gradient":""},"tablet":{"background-color":"var(--ast-global-color-4)","background-image":"","background-repeat":"repeat","background-position":"center center","background-size":"auto","background-attachment":"scroll","background-type":"","background-media":"","overlay-type":"","overlay-color":"","overlay-opacity":"","overlay-gradient":""},"mobile":{"background-color":"var(--ast-global-color-4)","background-image":"","background-repeat":"repeat","background-position":"center center","background-size":"auto","background-attachment":"scroll","background-type":"","background-media":"","overlay-type":"","overlay-color":"","overlay-opacity":"","overlay-gradient":""}},"footnotes":""},"class_list":["post-5291","page","type-page","status-publish","hentry"],"post_mailing_queue_ids":[],"_links":{"self":[{"href":"https:\/\/agora.xtec.cat\/ieagustibarbera\/wp-json\/wp\/v2\/pages\/5291","targetHints":{"allow":["GET"]}}],"collection":[{"href":"https:\/\/agora.xtec.cat\/ieagustibarbera\/wp-json\/wp\/v2\/pages"}],"about":[{"href":"https:\/\/agora.xtec.cat\/ieagustibarbera\/wp-json\/wp\/v2\/types\/page"}],"author":[{"embeddable":true,"href":"https:\/\/agora.xtec.cat\/ieagustibarbera\/wp-json\/wp\/v2\/users\/49"}],"replies":[{"embeddable":true,"href":"https:\/\/agora.xtec.cat\/ieagustibarbera\/wp-json\/wp\/v2\/comments?post=5291"}],"version-history":[{"count":3,"href":"https:\/\/agora.xtec.cat\/ieagustibarbera\/wp-json\/wp\/v2\/pages\/5291\/revisions"}],"predecessor-version":[{"id":5440,"href":"https:\/\/agora.xtec.cat\/ieagustibarbera\/wp-json\/wp\/v2\/pages\/5291\/revisions\/5440"}],"wp:attachment":[{"href":"https:\/\/agora.xtec.cat\/ieagustibarbera\/wp-json\/wp\/v2\/media?parent=5291"}],"curies":[{"name":"wp","href":"https:\/\/api.w.org\/{rel}","templated":true}]}}