{"id":5289,"date":"2025-08-18T19:45:36","date_gmt":"2025-08-18T17:45:36","guid":{"rendered":"https:\/\/agora.xtec.cat\/ieagustibarbera\/?page_id=5289"},"modified":"2025-09-22T10:18:12","modified_gmt":"2025-09-22T08:18:12","slug":"biblioteca","status":"publish","type":"page","link":"https:\/\/agora.xtec.cat\/ieagustibarbera\/biblioteca\/","title":{"rendered":"Biblioteca"},"content":{"rendered":"<table style=\"width: 27.1896%;\">\n<tbody>\n<tr>\n<td style=\"width: 133.487%;\" colspan=\"2\"><b>COMISSI\u00d3 DE BIBLIOTECA<\/b><\/td>\n<\/tr>\n<tr>\n<td style=\"width: 46.4%;\"><b>Referent Equip Directiu<\/b><\/td>\n<td style=\"width: 87.087%;\"><span style=\"font-weight: 400;\">Sabrina Calvet<\/span><\/td>\n<\/tr>\n<tr>\n<td style=\"width: 46.4%;\"><b>Coordinaci\u00f3<\/b><\/td>\n<td style=\"width: 87.087%;\"><span style=\"font-weight: 400;\">\u00c0ngels Forcadell<\/span><\/td>\n<\/tr>\n<tr>\n<td style=\"width: 46.4%;\"><b>Educaci\u00f3 Infantil<\/b><\/td>\n<td style=\"width: 87.087%;\">Montse Llobera<\/td>\n<\/tr>\n<tr>\n<td style=\"width: 46.4%;\"><b>Cicle Inicial<\/b><\/td>\n<td style=\"width: 87.087%;\"><span style=\"font-weight: 400;\">Anna Montagut<\/span><\/td>\n<\/tr>\n<tr>\n<td style=\"width: 46.4%;\"><b>Cicle Mitj\u00e0<\/b><\/td>\n<td style=\"width: 87.087%;\"><span style=\"font-weight: 400;\">Rosa M\u00aa Foix<\/span><\/td>\n<\/tr>\n<tr>\n<td style=\"width: 46.4%;\"><b>Cicle Superior<\/b><\/td>\n<td style=\"width: 87.087%;\">Oriol Esteve<\/td>\n<\/tr>\n<tr>\n<td style=\"width: 46.4%;\"><b>ESO<\/b><\/td>\n<td style=\"width: 87.087%;\"><span style=\"font-weight: 400;\">Montse Ruiz\u00a0<\/span><\/p>\n<p><span style=\"font-weight: 400;\">Gina Mart\u00ed<\/span><\/p>\n<p><span style=\"font-weight: 400;\">Rosal\u00e9n Chillida<\/span><\/p>\n<p><span style=\"font-weight: 400;\">Cruz Sabat\u00e9<\/span><\/td>\n<\/tr>\n<\/tbody>\n<\/table>\n","protected":false},"excerpt":{"rendered":"<p>COMISSI\u00d3 DE BIBLIOTECA Referent Equip Directiu Sabrina Calvet Coordinaci\u00f3 \u00c0ngels Forcadell Educaci\u00f3 Infantil Montse Llobera Cicle Inicial Anna Montagut Cicle Mitj\u00e0 Rosa M\u00aa Foix Cicle Superior Oriol Esteve ESO Montse Ruiz\u00a0 Gina Mart\u00ed Rosal\u00e9n Chillida Cruz Sabat\u00e9<\/p>\n","protected":false},"author":49,"featured_media":0,"parent":0,"menu_order":0,"comment_status":"closed","ping_status":"closed","template":"","meta":{"_bbp_topic_count":0,"_bbp_reply_count":0,"_bbp_total_topic_count":0,"_bbp_total_reply_count":0,"_bbp_voice_count":0,"_bbp_anonymous_reply_count":0,"_bbp_topic_count_hidden":0,"_bbp_reply_count_hidden":0,"_bbp_forum_subforum_count":0,"site-sidebar-layout":"default","site-content-layout":"","ast-site-content-layout":"","site-content-style":"default","site-sidebar-style":"default","ast-global-header-display":"","ast-banner-title-visibility":"","ast-main-header-display":"","ast-hfb-above-header-display":"","ast-hfb-below-header-display":"","ast-hfb-mobile-header-display":"","site-post-title":"","ast-breadcrumbs-content":"","ast-featured-img":"","footer-sml-layout":"","theme-transparent-header-meta":"","adv-header-id-meta":"","stick-header-meta":"","header-above-stick-meta":"","header-main-stick-meta":"","header-below-stick-meta":"","astra-migrate-meta-layouts":"default","ast-page-background-enabled":"default","ast-page-background-meta":{"desktop":{"background-color":"var(--ast-global-color-5)","background-image":"","background-repeat":"repeat","background-position":"center center","background-size":"auto","background-attachment":"scroll","background-type":"","background-media":"","overlay-type":"","overlay-color":"","overlay-opacity":"","overlay-gradient":""},"tablet":{"background-color":"","background-image":"","background-repeat":"repeat","background-position":"center center","background-size":"auto","background-attachment":"scroll","background-type":"","background-media":"","overlay-type":"","overlay-color":"","overlay-opacity":"","overlay-gradient":""},"mobile":{"background-color":"","background-image":"","background-repeat":"repeat","background-position":"center center","background-size":"auto","background-attachment":"scroll","background-type":"","background-media":"","overlay-type":"","overlay-color":"","overlay-opacity":"","overlay-gradient":""}},"ast-content-background-meta":{"desktop":{"background-color":"var(--ast-global-color-4)","background-image":"","background-repeat":"repeat","background-position":"center center","background-size":"auto","background-attachment":"scroll","background-type":"","background-media":"","overlay-type":"","overlay-color":"","overlay-opacity":"","overlay-gradient":""},"tablet":{"background-color":"var(--ast-global-color-4)","background-image":"","background-repeat":"repeat","background-position":"center center","background-size":"auto","background-attachment":"scroll","background-type":"","background-media":"","overlay-type":"","overlay-color":"","overlay-opacity":"","overlay-gradient":""},"mobile":{"background-color":"var(--ast-global-color-4)","background-image":"","background-repeat":"repeat","background-position":"center center","background-size":"auto","background-attachment":"scroll","background-type":"","background-media":"","overlay-type":"","overlay-color":"","overlay-opacity":"","overlay-gradient":""}},"footnotes":""},"class_list":["post-5289","page","type-page","status-publish","hentry"],"post_mailing_queue_ids":[],"_links":{"self":[{"href":"https:\/\/agora.xtec.cat\/ieagustibarbera\/wp-json\/wp\/v2\/pages\/5289","targetHints":{"allow":["GET"]}}],"collection":[{"href":"https:\/\/agora.xtec.cat\/ieagustibarbera\/wp-json\/wp\/v2\/pages"}],"about":[{"href":"https:\/\/agora.xtec.cat\/ieagustibarbera\/wp-json\/wp\/v2\/types\/page"}],"author":[{"embeddable":true,"href":"https:\/\/agora.xtec.cat\/ieagustibarbera\/wp-json\/wp\/v2\/users\/49"}],"replies":[{"embeddable":true,"href":"https:\/\/agora.xtec.cat\/ieagustibarbera\/wp-json\/wp\/v2\/comments?post=5289"}],"version-history":[{"count":3,"href":"https:\/\/agora.xtec.cat\/ieagustibarbera\/wp-json\/wp\/v2\/pages\/5289\/revisions"}],"predecessor-version":[{"id":5439,"href":"https:\/\/agora.xtec.cat\/ieagustibarbera\/wp-json\/wp\/v2\/pages\/5289\/revisions\/5439"}],"wp:attachment":[{"href":"https:\/\/agora.xtec.cat\/ieagustibarbera\/wp-json\/wp\/v2\/media?parent=5289"}],"curies":[{"name":"wp","href":"https:\/\/api.w.org\/{rel}","templated":true}]}}