{"id":5288,"date":"2025-08-18T19:45:36","date_gmt":"2025-08-18T17:45:36","guid":{"rendered":"https:\/\/agora.xtec.cat\/ieagustibarbera\/?page_id=5288"},"modified":"2025-09-22T10:16:57","modified_gmt":"2025-09-22T08:16:57","slug":"caei-infantil-primaria-i-secundaria","status":"publish","type":"page","link":"https:\/\/agora.xtec.cat\/ieagustibarbera\/caei-infantil-primaria-i-secundaria\/","title":{"rendered":"CAEI (Infantil, prim\u00e0ria i secund\u00e0ria)"},"content":{"rendered":"<table style=\"width: 32.3599%;\">\n<tbody>\n<tr>\n<td style=\"width: 106.463%;\" colspan=\"2\"><b>COMISSI\u00d3 D\u2019ATENCI\u00d3 EDUCATIVA INCLUSIVA PRIM\u00c0RIA (CAEI INF-PRIM\u00c0RIA)<\/b><\/td>\n<\/tr>\n<tr>\n<td style=\"width: 51.3465%;\"><b>Referent Equip Directiu<\/b><\/td>\n<td style=\"width: 55.1167%;\"><span style=\"font-weight: 400;\">M\u00edriam Calvet<\/span><\/td>\n<\/tr>\n<tr>\n<td style=\"width: 51.3465%;\"><b>Coordinaci\u00f3<\/b><\/td>\n<td style=\"width: 55.1167%;\"><span style=\"font-weight: 400;\">Isabel Dauden<\/span><\/td>\n<\/tr>\n<tr>\n<td style=\"width: 51.3465%;\"><b>SIEI<\/b><\/td>\n<td style=\"width: 55.1167%;\">Sara Tirado<\/p>\n<p>Lara Galo (Educadora)<\/td>\n<\/tr>\n<tr>\n<td style=\"width: 51.3465%;\"><b>Educaci\u00f3 Especial<\/b><\/td>\n<td style=\"width: 55.1167%;\">Anna Montagut<\/td>\n<\/tr>\n<tr>\n<td style=\"width: 51.3465%;\"><b>Aula d\u2019Acollida<\/b><\/td>\n<td style=\"width: 55.1167%;\">Rosa M\u00aa Foix<\/td>\n<\/tr>\n<tr>\n<td style=\"width: 51.3465%;\"><b>PAE<\/b><\/td>\n<td style=\"width: 55.1167%;\"><span style=\"font-weight: 400;\">N\u00faria Gisbert<\/span><\/td>\n<\/tr>\n<tr>\n<td style=\"width: 51.3465%;\"><b>EAP<\/b><\/td>\n<td style=\"width: 55.1167%;\">Paula Sol\u00e0<\/td>\n<\/tr>\n<\/tbody>\n<\/table>\n<p>&nbsp;<\/p>\n<table style=\"width: 36.4494%;\">\n<tbody>\n<tr>\n<td style=\"width: 116.301%;\" colspan=\"2\"><b>COMISSI\u00d3 D\u2019ATENCI\u00d3 EDUCATIVA INCLUSIVA SECUND\u00c0RIA (CAEI SECUND\u00c0RIA)<\/b><\/td>\n<\/tr>\n<tr>\n<td style=\"width: 58.7826%;\"><b>Referent Equip Directiu<\/b><\/td>\n<td style=\"width: 57.5188%;\"><span style=\"font-weight: 400;\">M\u00edriam Calvet<\/span><\/td>\n<\/tr>\n<tr>\n<td style=\"width: 58.7826%;\"><b>Coordinaci\u00f3<\/b><\/td>\n<td style=\"width: 57.5188%;\"><span style=\"font-weight: 400;\">Roser Romeu<\/span><\/td>\n<\/tr>\n<tr>\n<td style=\"width: 58.7826%;\"><b>Suport SIEI<\/b><\/td>\n<td style=\"width: 57.5188%;\"><span style=\"font-weight: 400;\">Laura Pueyo<\/span><\/td>\n<\/tr>\n<tr>\n<td style=\"width: 58.7826%;\"><b>POE<\/b><\/td>\n<td style=\"width: 57.5188%;\"><span style=\"font-weight: 400;\">Elea Hern\u00e1ndez<\/span><\/p>\n<p><span style=\"font-weight: 400;\">Roser Romeu<\/span><\/p>\n<p><span style=\"font-weight: 400;\">Cinta Alvaro<\/span><\/td>\n<\/tr>\n<tr>\n<td style=\"width: 58.7826%;\"><b>Aula d\u2019Acollida<\/b><\/td>\n<td style=\"width: 57.5188%;\"><span style=\"font-weight: 400;\">Ra\u00fcl Paris<\/span><\/td>\n<\/tr>\n<tr>\n<td style=\"width: 58.7826%;\"><b>PAE<\/b><\/td>\n<td style=\"width: 57.5188%;\"><span style=\"font-weight: 400;\">N\u00faria Gisbert<\/span><\/td>\n<\/tr>\n<tr>\n<td style=\"width: 58.7826%;\"><b>EAP<\/b><\/td>\n<td style=\"width: 57.5188%;\"><span style=\"font-weight: 400;\">Paula Sol\u00e0<\/span><\/td>\n<\/tr>\n<\/tbody>\n<\/table>\n","protected":false},"excerpt":{"rendered":"<p>COMISSI\u00d3 D\u2019ATENCI\u00d3 EDUCATIVA INCLUSIVA PRIM\u00c0RIA (CAEI INF-PRIM\u00c0RIA) Referent Equip Directiu M\u00edriam Calvet Coordinaci\u00f3 Isabel Dauden SIEI Sara Tirado Lara Galo (Educadora) Educaci\u00f3 Especial Anna Montagut Aula d\u2019Acollida Rosa M\u00aa Foix PAE N\u00faria Gisbert EAP Paula Sol\u00e0 &nbsp; COMISSI\u00d3 D\u2019ATENCI\u00d3 EDUCATIVA INCLUSIVA SECUND\u00c0RIA (CAEI SECUND\u00c0RIA) Referent Equip Directiu M\u00edriam Calvet Coordinaci\u00f3 Roser Romeu Suport SIEI Laura [&hellip;]<\/p>\n","protected":false},"author":49,"featured_media":0,"parent":0,"menu_order":0,"comment_status":"closed","ping_status":"closed","template":"","meta":{"_bbp_topic_count":0,"_bbp_reply_count":0,"_bbp_total_topic_count":0,"_bbp_total_reply_count":0,"_bbp_voice_count":0,"_bbp_anonymous_reply_count":0,"_bbp_topic_count_hidden":0,"_bbp_reply_count_hidden":0,"_bbp_forum_subforum_count":0,"site-sidebar-layout":"default","site-content-layout":"","ast-site-content-layout":"","site-content-style":"default","site-sidebar-style":"default","ast-global-header-display":"","ast-banner-title-visibility":"","ast-main-header-display":"","ast-hfb-above-header-display":"","ast-hfb-below-header-display":"","ast-hfb-mobile-header-display":"","site-post-title":"","ast-breadcrumbs-content":"","ast-featured-img":"","footer-sml-layout":"","theme-transparent-header-meta":"","adv-header-id-meta":"","stick-header-meta":"","header-above-stick-meta":"","header-main-stick-meta":"","header-below-stick-meta":"","astra-migrate-meta-layouts":"default","ast-page-background-enabled":"default","ast-page-background-meta":{"desktop":{"background-color":"var(--ast-global-color-5)","background-image":"","background-repeat":"repeat","background-position":"center center","background-size":"auto","background-attachment":"scroll","background-type":"","background-media":"","overlay-type":"","overlay-color":"","overlay-opacity":"","overlay-gradient":""},"tablet":{"background-color":"","background-image":"","background-repeat":"repeat","background-position":"center center","background-size":"auto","background-attachment":"scroll","background-type":"","background-media":"","overlay-type":"","overlay-color":"","overlay-opacity":"","overlay-gradient":""},"mobile":{"background-color":"","background-image":"","background-repeat":"repeat","background-position":"center center","background-size":"auto","background-attachment":"scroll","background-type":"","background-media":"","overlay-type":"","overlay-color":"","overlay-opacity":"","overlay-gradient":""}},"ast-content-background-meta":{"desktop":{"background-color":"var(--ast-global-color-4)","background-image":"","background-repeat":"repeat","background-position":"center center","background-size":"auto","background-attachment":"scroll","background-type":"","background-media":"","overlay-type":"","overlay-color":"","overlay-opacity":"","overlay-gradient":""},"tablet":{"background-color":"var(--ast-global-color-4)","background-image":"","background-repeat":"repeat","background-position":"center center","background-size":"auto","background-attachment":"scroll","background-type":"","background-media":"","overlay-type":"","overlay-color":"","overlay-opacity":"","overlay-gradient":""},"mobile":{"background-color":"var(--ast-global-color-4)","background-image":"","background-repeat":"repeat","background-position":"center center","background-size":"auto","background-attachment":"scroll","background-type":"","background-media":"","overlay-type":"","overlay-color":"","overlay-opacity":"","overlay-gradient":""}},"footnotes":""},"class_list":["post-5288","page","type-page","status-publish","hentry"],"post_mailing_queue_ids":[],"_links":{"self":[{"href":"https:\/\/agora.xtec.cat\/ieagustibarbera\/wp-json\/wp\/v2\/pages\/5288","targetHints":{"allow":["GET"]}}],"collection":[{"href":"https:\/\/agora.xtec.cat\/ieagustibarbera\/wp-json\/wp\/v2\/pages"}],"about":[{"href":"https:\/\/agora.xtec.cat\/ieagustibarbera\/wp-json\/wp\/v2\/types\/page"}],"author":[{"embeddable":true,"href":"https:\/\/agora.xtec.cat\/ieagustibarbera\/wp-json\/wp\/v2\/users\/49"}],"replies":[{"embeddable":true,"href":"https:\/\/agora.xtec.cat\/ieagustibarbera\/wp-json\/wp\/v2\/comments?post=5288"}],"version-history":[{"count":4,"href":"https:\/\/agora.xtec.cat\/ieagustibarbera\/wp-json\/wp\/v2\/pages\/5288\/revisions"}],"predecessor-version":[{"id":5438,"href":"https:\/\/agora.xtec.cat\/ieagustibarbera\/wp-json\/wp\/v2\/pages\/5288\/revisions\/5438"}],"wp:attachment":[{"href":"https:\/\/agora.xtec.cat\/ieagustibarbera\/wp-json\/wp\/v2\/media?parent=5288"}],"curies":[{"name":"wp","href":"https:\/\/api.w.org\/{rel}","templated":true}]}}