{"id":5280,"date":"2025-08-18T19:36:10","date_gmt":"2025-08-18T17:36:10","guid":{"rendered":"https:\/\/agora.xtec.cat\/ieagustibarbera\/?page_id=5280"},"modified":"2026-02-19T13:27:52","modified_gmt":"2026-02-19T12:27:52","slug":"coordinacions-pedagogiques-de-centre","status":"publish","type":"page","link":"https:\/\/agora.xtec.cat\/ieagustibarbera\/coordinacions-pedagogiques-de-centre\/","title":{"rendered":"Coordinacions pedag\u00f2giques de centre"},"content":{"rendered":"<table>\n<tbody>\n<tr>\n<td colspan=\"2\"><b>COORDINACIONS PEDAG\u00d2GIQUES<\/b><\/td>\n<\/tr>\n<tr>\n<td><b>Referent equip directiu i coordinaci\u00f3<\/b><\/td>\n<td><span style=\"font-weight: 400;\">M\u00edriam Calvet<\/span><\/td>\n<\/tr>\n<tr>\n<td><b>\u00c0mbit ling\u00fc\u00edstic<\/b><\/td>\n<td><span style=\"font-weight: 400;\">Montse Ruiz\u00a0<\/span><\/td>\n<\/tr>\n<tr>\n<td><b>\u00c0mbit cientificotecnol\u00f2gic i social<\/b><\/td>\n<td><span style=\"font-weight: 400;\">Carlos Bell\u00e9s\u00a0<\/span><\/td>\n<\/tr>\n<tr>\n<td><b>\u00c0mbit matem\u00e0tic<\/b><\/td>\n<td><span style=\"font-weight: 400;\">Rosal\u00e9n Chillida<\/span><\/td>\n<\/tr>\n<tr>\n<td><b>\u00c0mbit pluriling\u00fce<\/b><\/td>\n<td><span style=\"font-weight: 400;\">Mariona Revert\u00e9\u00a0<\/span><\/td>\n<\/tr>\n<tr>\n<td><b>\u00c0mbit de l&#8217;Educaci\u00f3 F\u00edsica<\/b><\/td>\n<td><span style=\"font-weight: 400;\">Joan Zaragoza<\/span><\/td>\n<\/tr>\n<tr>\n<td><b>\u00c0mbit art\u00edstic\u00a0<\/b><\/td>\n<td><span style=\"font-weight: 400;\">N\u00faria Matheu<\/span><\/td>\n<\/tr>\n<tr>\n<td><b>\u00c0mbit per a la inclusi\u00f3<\/b><\/td>\n<td><span style=\"font-weight: 400;\">Roser Romeu\u00a0<\/span><\/td>\n<\/tr>\n<\/tbody>\n<\/table>\n","protected":false},"excerpt":{"rendered":"<p>COORDINACIONS PEDAG\u00d2GIQUES Referent equip directiu i coordinaci\u00f3 M\u00edriam Calvet \u00c0mbit ling\u00fc\u00edstic Montse Ruiz\u00a0 \u00c0mbit cientificotecnol\u00f2gic i social Carlos Bell\u00e9s\u00a0 \u00c0mbit matem\u00e0tic Rosal\u00e9n Chillida \u00c0mbit pluriling\u00fce Mariona Revert\u00e9\u00a0 \u00c0mbit de l&#8217;Educaci\u00f3 F\u00edsica Joan Zaragoza \u00c0mbit art\u00edstic\u00a0 N\u00faria Matheu \u00c0mbit per a la inclusi\u00f3 Roser Romeu\u00a0<\/p>\n","protected":false},"author":49,"featured_media":0,"parent":0,"menu_order":0,"comment_status":"closed","ping_status":"closed","template":"","meta":{"_bbp_topic_count":0,"_bbp_reply_count":0,"_bbp_total_topic_count":0,"_bbp_total_reply_count":0,"_bbp_voice_count":0,"_bbp_anonymous_reply_count":0,"_bbp_topic_count_hidden":0,"_bbp_reply_count_hidden":0,"_bbp_forum_subforum_count":0,"site-sidebar-layout":"default","site-content-layout":"","ast-site-content-layout":"default","site-content-style":"default","site-sidebar-style":"default","ast-global-header-display":"","ast-banner-title-visibility":"","ast-main-header-display":"","ast-hfb-above-header-display":"","ast-hfb-below-header-display":"","ast-hfb-mobile-header-display":"","site-post-title":"","ast-breadcrumbs-content":"","ast-featured-img":"","footer-sml-layout":"","theme-transparent-header-meta":"default","adv-header-id-meta":"","stick-header-meta":"","header-above-stick-meta":"","header-main-stick-meta":"","header-below-stick-meta":"","astra-migrate-meta-layouts":"set","ast-page-background-enabled":"default","ast-page-background-meta":{"desktop":{"background-color":"var(--ast-global-color-5)","background-image":"","background-repeat":"repeat","background-position":"center center","background-size":"auto","background-attachment":"scroll","background-type":"","background-media":"","overlay-type":"","overlay-color":"","overlay-opacity":"","overlay-gradient":""},"tablet":{"background-color":"","background-image":"","background-repeat":"repeat","background-position":"center center","background-size":"auto","background-attachment":"scroll","background-type":"","background-media":"","overlay-type":"","overlay-color":"","overlay-opacity":"","overlay-gradient":""},"mobile":{"background-color":"","background-image":"","background-repeat":"repeat","background-position":"center center","background-size":"auto","background-attachment":"scroll","background-type":"","background-media":"","overlay-type":"","overlay-color":"","overlay-opacity":"","overlay-gradient":""}},"ast-content-background-meta":{"desktop":{"background-color":"var(--ast-global-color-4)","background-image":"","background-repeat":"repeat","background-position":"center center","background-size":"auto","background-attachment":"scroll","background-type":"","background-media":"","overlay-type":"","overlay-color":"","overlay-opacity":"","overlay-gradient":""},"tablet":{"background-color":"var(--ast-global-color-4)","background-image":"","background-repeat":"repeat","background-position":"center center","background-size":"auto","background-attachment":"scroll","background-type":"","background-media":"","overlay-type":"","overlay-color":"","overlay-opacity":"","overlay-gradient":""},"mobile":{"background-color":"var(--ast-global-color-4)","background-image":"","background-repeat":"repeat","background-position":"center center","background-size":"auto","background-attachment":"scroll","background-type":"","background-media":"","overlay-type":"","overlay-color":"","overlay-opacity":"","overlay-gradient":""}},"footnotes":""},"class_list":["post-5280","page","type-page","status-publish","hentry"],"post_mailing_queue_ids":[],"_links":{"self":[{"href":"https:\/\/agora.xtec.cat\/ieagustibarbera\/wp-json\/wp\/v2\/pages\/5280","targetHints":{"allow":["GET"]}}],"collection":[{"href":"https:\/\/agora.xtec.cat\/ieagustibarbera\/wp-json\/wp\/v2\/pages"}],"about":[{"href":"https:\/\/agora.xtec.cat\/ieagustibarbera\/wp-json\/wp\/v2\/types\/page"}],"author":[{"embeddable":true,"href":"https:\/\/agora.xtec.cat\/ieagustibarbera\/wp-json\/wp\/v2\/users\/49"}],"replies":[{"embeddable":true,"href":"https:\/\/agora.xtec.cat\/ieagustibarbera\/wp-json\/wp\/v2\/comments?post=5280"}],"version-history":[{"count":5,"href":"https:\/\/agora.xtec.cat\/ieagustibarbera\/wp-json\/wp\/v2\/pages\/5280\/revisions"}],"predecessor-version":[{"id":5578,"href":"https:\/\/agora.xtec.cat\/ieagustibarbera\/wp-json\/wp\/v2\/pages\/5280\/revisions\/5578"}],"wp:attachment":[{"href":"https:\/\/agora.xtec.cat\/ieagustibarbera\/wp-json\/wp\/v2\/media?parent=5280"}],"curies":[{"name":"wp","href":"https:\/\/api.w.org\/{rel}","templated":true}]}}