{"id":5257,"date":"2025-08-18T19:30:31","date_gmt":"2025-08-18T17:30:31","guid":{"rendered":"https:\/\/agora.xtec.cat\/ieagustibarbera\/?page_id=5257"},"modified":"2025-08-20T18:39:48","modified_gmt":"2025-08-20T16:39:48","slug":"efec","status":"publish","type":"page","link":"https:\/\/agora.xtec.cat\/ieagustibarbera\/efec\/","title":{"rendered":"EFEC (Educaci\u00f3 financera)"},"content":{"rendered":"<p>L&#8217;EFEC t\u00e9 per objectiu oferir a les escoles p\u00fabliques, concertades i privades de Catalunya la possibilitat d&#8217;impartir educaci\u00f3 financera b\u00e0sica a l&#8217;alumnat de <strong>4t d&#8217;ESO<\/strong> (\u00faltim curs d&#8217;Educaci\u00f3 Secund\u00e0ria Obligat\u00f2ria).<\/p>\n<p>Els tallers s\u00f3n impartits per treballadors voluntaris vinculats a al sector econ\u00f2mic, financer, tributari i assegurador (professionals en exercici o jubilats). Tamb\u00e9 s&#8217;ofereix l&#8217;opci\u00f3 que els professors imparteixin ells mateixos el tallers als seus alumnes. Els centres educatius que participen del programa s\u2019hi apunten de manera volunt\u00e0ria per tal que els seus alumnes rebin compet\u00e8ncies en finances personals.<\/p>\n<p>Aquest programa d&#8217;alfabetitzaci\u00f3 i educaci\u00f3 financera s&#8217;emmarca en les recomanacions d&#8217;organismes internacionals tant rellevants com l&#8217;Organitzaci\u00f3 per a la Cooperaci\u00f3 i el Desenvolupament Econ\u00f2mic (OCDE) i la Uni\u00f3 Europea (UE), i est\u00e0 supervisat pel Departament d\u2019Ensenyament de la Generalitat de Catalunya. Ambdues organitzacions han fet \u00e8mfasi en la necessitat de dotar a la ciutadania de compet\u00e8ncies per tal de gestionar els seus ingressos i despeses, que ajudin a evitar episodis de sobreendeutament i d&#8217;exclusi\u00f3 financera.<\/p>\n<p>Per obtenir m\u00e9s informaci\u00f3 sobre el projecte, feu clic a l&#8217;<a href=\"https:\/\/efec.cat\/\">enlla\u00e7<\/a>.<\/p>\n","protected":false},"excerpt":{"rendered":"<p>L&#8217;EFEC t\u00e9 per objectiu oferir a les escoles p\u00fabliques, concertades i privades de Catalunya la possibilitat d&#8217;impartir educaci\u00f3 financera b\u00e0sica a l&#8217;alumnat de 4t d&#8217;ESO (\u00faltim curs d&#8217;Educaci\u00f3 Secund\u00e0ria Obligat\u00f2ria). Els tallers s\u00f3n impartits per treballadors voluntaris vinculats a al sector econ\u00f2mic, financer, tributari i assegurador (professionals en exercici o jubilats). Tamb\u00e9 s&#8217;ofereix l&#8217;opci\u00f3 que [&hellip;]<\/p>\n","protected":false},"author":49,"featured_media":0,"parent":0,"menu_order":0,"comment_status":"closed","ping_status":"closed","template":"","meta":{"_bbp_topic_count":0,"_bbp_reply_count":0,"_bbp_total_topic_count":0,"_bbp_total_reply_count":0,"_bbp_voice_count":0,"_bbp_anonymous_reply_count":0,"_bbp_topic_count_hidden":0,"_bbp_reply_count_hidden":0,"_bbp_forum_subforum_count":0,"site-sidebar-layout":"default","site-content-layout":"","ast-site-content-layout":"","site-content-style":"default","site-sidebar-style":"default","ast-global-header-display":"","ast-banner-title-visibility":"","ast-main-header-display":"","ast-hfb-above-header-display":"","ast-hfb-below-header-display":"","ast-hfb-mobile-header-display":"","site-post-title":"","ast-breadcrumbs-content":"","ast-featured-img":"","footer-sml-layout":"","theme-transparent-header-meta":"","adv-header-id-meta":"","stick-header-meta":"","header-above-stick-meta":"","header-main-stick-meta":"","header-below-stick-meta":"","astra-migrate-meta-layouts":"default","ast-page-background-enabled":"default","ast-page-background-meta":{"desktop":{"background-color":"var(--ast-global-color-5)","background-image":"","background-repeat":"repeat","background-position":"center center","background-size":"auto","background-attachment":"scroll","background-type":"","background-media":"","overlay-type":"","overlay-color":"","overlay-opacity":"","overlay-gradient":""},"tablet":{"background-color":"","background-image":"","background-repeat":"repeat","background-position":"center center","background-size":"auto","background-attachment":"scroll","background-type":"","background-media":"","overlay-type":"","overlay-color":"","overlay-opacity":"","overlay-gradient":""},"mobile":{"background-color":"","background-image":"","background-repeat":"repeat","background-position":"center center","background-size":"auto","background-attachment":"scroll","background-type":"","background-media":"","overlay-type":"","overlay-color":"","overlay-opacity":"","overlay-gradient":""}},"ast-content-background-meta":{"desktop":{"background-color":"var(--ast-global-color-4)","background-image":"","background-repeat":"repeat","background-position":"center center","background-size":"auto","background-attachment":"scroll","background-type":"","background-media":"","overlay-type":"","overlay-color":"","overlay-opacity":"","overlay-gradient":""},"tablet":{"background-color":"var(--ast-global-color-4)","background-image":"","background-repeat":"repeat","background-position":"center center","background-size":"auto","background-attachment":"scroll","background-type":"","background-media":"","overlay-type":"","overlay-color":"","overlay-opacity":"","overlay-gradient":""},"mobile":{"background-color":"var(--ast-global-color-4)","background-image":"","background-repeat":"repeat","background-position":"center center","background-size":"auto","background-attachment":"scroll","background-type":"","background-media":"","overlay-type":"","overlay-color":"","overlay-opacity":"","overlay-gradient":""}},"footnotes":""},"class_list":["post-5257","page","type-page","status-publish","hentry"],"post_mailing_queue_ids":[],"_links":{"self":[{"href":"https:\/\/agora.xtec.cat\/ieagustibarbera\/wp-json\/wp\/v2\/pages\/5257","targetHints":{"allow":["GET"]}}],"collection":[{"href":"https:\/\/agora.xtec.cat\/ieagustibarbera\/wp-json\/wp\/v2\/pages"}],"about":[{"href":"https:\/\/agora.xtec.cat\/ieagustibarbera\/wp-json\/wp\/v2\/types\/page"}],"author":[{"embeddable":true,"href":"https:\/\/agora.xtec.cat\/ieagustibarbera\/wp-json\/wp\/v2\/users\/49"}],"replies":[{"embeddable":true,"href":"https:\/\/agora.xtec.cat\/ieagustibarbera\/wp-json\/wp\/v2\/comments?post=5257"}],"version-history":[{"count":2,"href":"https:\/\/agora.xtec.cat\/ieagustibarbera\/wp-json\/wp\/v2\/pages\/5257\/revisions"}],"predecessor-version":[{"id":5401,"href":"https:\/\/agora.xtec.cat\/ieagustibarbera\/wp-json\/wp\/v2\/pages\/5257\/revisions\/5401"}],"wp:attachment":[{"href":"https:\/\/agora.xtec.cat\/ieagustibarbera\/wp-json\/wp\/v2\/media?parent=5257"}],"curies":[{"name":"wp","href":"https:\/\/api.w.org\/{rel}","templated":true}]}}