{"id":5256,"date":"2025-08-18T19:30:31","date_gmt":"2025-08-18T17:30:31","guid":{"rendered":"https:\/\/agora.xtec.cat\/ieagustibarbera\/?page_id=5256"},"modified":"2026-01-12T10:19:41","modified_gmt":"2026-01-12T09:19:41","slug":"justicia-climatica-eurecat","status":"publish","type":"page","link":"https:\/\/agora.xtec.cat\/ieagustibarbera\/justicia-climatica-eurecat\/","title":{"rendered":"Just\u00edcia clim\u00e0tica (EURECAT)"},"content":{"rendered":"<p><span dir=\"auto\"><strong>JUST-SAFE<\/strong> \u00e9s un <strong>projecte europeu<\/strong> que cerca dissenyar i implementar estrat\u00e8gies justes i inclusives per millorar la resili\u00e8ncia clim\u00e0tica i avan\u00e7ar en les transicions digitals. S&#8217;enfoca a prioritzar els grups socials m\u00e9s vulnerabilitzats, que solen veure&#8217;s afectats de manera desproporcionada pel canvi clim\u00e0tic.<\/span><\/p>\n<p><span dir=\"auto\">El projecte promou inversions directes per part d&#8217;autoritats locals que generin un impacte positiu a aquestes comunitats. Tamb\u00e9 impulsa activitats digitals co-creatives, l&#8217;activisme clim\u00e0tic i digital, i el comprom\u00eds pol\u00edtic per donar suport a innovacions sostenibles a les ciutats, evitant aix\u00ed l&#8217;exclusi\u00f3 social.\u00a0<\/span><\/p>\n<p>Es treballar\u00e0 a la mat\u00e8ria d&#8217;ODS de 4t d&#8217;ESO (4 hores setmanals) durant tres cursos escolars, per\u00f2 cada curs tindr\u00e0 la seva proposta validada, consensuada, viable i executada.<\/p>\n<p>M\u00e9s informaci\u00f3 a l&#8217;enlla\u00e7 seg\u00fcent: <a href=\"https:\/\/ibercivis.es\/just-safe\/\">Just Safe<\/a>.<\/p>\n","protected":false},"excerpt":{"rendered":"<p>JUST-SAFE \u00e9s un projecte europeu que cerca dissenyar i implementar estrat\u00e8gies justes i inclusives per millorar la resili\u00e8ncia clim\u00e0tica i avan\u00e7ar en les transicions digitals. S&#8217;enfoca a prioritzar els grups socials m\u00e9s vulnerabilitzats, que solen veure&#8217;s afectats de manera desproporcionada pel canvi clim\u00e0tic. El projecte promou inversions directes per part d&#8217;autoritats locals que generin un [&hellip;]<\/p>\n","protected":false},"author":49,"featured_media":0,"parent":0,"menu_order":0,"comment_status":"closed","ping_status":"closed","template":"","meta":{"_bbp_topic_count":0,"_bbp_reply_count":0,"_bbp_total_topic_count":0,"_bbp_total_reply_count":0,"_bbp_voice_count":0,"_bbp_anonymous_reply_count":0,"_bbp_topic_count_hidden":0,"_bbp_reply_count_hidden":0,"_bbp_forum_subforum_count":0,"site-sidebar-layout":"default","site-content-layout":"","ast-site-content-layout":"","site-content-style":"default","site-sidebar-style":"default","ast-global-header-display":"","ast-banner-title-visibility":"","ast-main-header-display":"","ast-hfb-above-header-display":"","ast-hfb-below-header-display":"","ast-hfb-mobile-header-display":"","site-post-title":"","ast-breadcrumbs-content":"","ast-featured-img":"","footer-sml-layout":"","theme-transparent-header-meta":"","adv-header-id-meta":"","stick-header-meta":"","header-above-stick-meta":"","header-main-stick-meta":"","header-below-stick-meta":"","astra-migrate-meta-layouts":"default","ast-page-background-enabled":"default","ast-page-background-meta":{"desktop":{"background-color":"var(--ast-global-color-5)","background-image":"","background-repeat":"repeat","background-position":"center center","background-size":"auto","background-attachment":"scroll","background-type":"","background-media":"","overlay-type":"","overlay-color":"","overlay-opacity":"","overlay-gradient":""},"tablet":{"background-color":"","background-image":"","background-repeat":"repeat","background-position":"center center","background-size":"auto","background-attachment":"scroll","background-type":"","background-media":"","overlay-type":"","overlay-color":"","overlay-opacity":"","overlay-gradient":""},"mobile":{"background-color":"","background-image":"","background-repeat":"repeat","background-position":"center center","background-size":"auto","background-attachment":"scroll","background-type":"","background-media":"","overlay-type":"","overlay-color":"","overlay-opacity":"","overlay-gradient":""}},"ast-content-background-meta":{"desktop":{"background-color":"var(--ast-global-color-4)","background-image":"","background-repeat":"repeat","background-position":"center center","background-size":"auto","background-attachment":"scroll","background-type":"","background-media":"","overlay-type":"","overlay-color":"","overlay-opacity":"","overlay-gradient":""},"tablet":{"background-color":"var(--ast-global-color-4)","background-image":"","background-repeat":"repeat","background-position":"center center","background-size":"auto","background-attachment":"scroll","background-type":"","background-media":"","overlay-type":"","overlay-color":"","overlay-opacity":"","overlay-gradient":""},"mobile":{"background-color":"var(--ast-global-color-4)","background-image":"","background-repeat":"repeat","background-position":"center center","background-size":"auto","background-attachment":"scroll","background-type":"","background-media":"","overlay-type":"","overlay-color":"","overlay-opacity":"","overlay-gradient":""}},"footnotes":""},"class_list":["post-5256","page","type-page","status-publish","hentry"],"post_mailing_queue_ids":[],"_links":{"self":[{"href":"https:\/\/agora.xtec.cat\/ieagustibarbera\/wp-json\/wp\/v2\/pages\/5256","targetHints":{"allow":["GET"]}}],"collection":[{"href":"https:\/\/agora.xtec.cat\/ieagustibarbera\/wp-json\/wp\/v2\/pages"}],"about":[{"href":"https:\/\/agora.xtec.cat\/ieagustibarbera\/wp-json\/wp\/v2\/types\/page"}],"author":[{"embeddable":true,"href":"https:\/\/agora.xtec.cat\/ieagustibarbera\/wp-json\/wp\/v2\/users\/49"}],"replies":[{"embeddable":true,"href":"https:\/\/agora.xtec.cat\/ieagustibarbera\/wp-json\/wp\/v2\/comments?post=5256"}],"version-history":[{"count":3,"href":"https:\/\/agora.xtec.cat\/ieagustibarbera\/wp-json\/wp\/v2\/pages\/5256\/revisions"}],"predecessor-version":[{"id":5528,"href":"https:\/\/agora.xtec.cat\/ieagustibarbera\/wp-json\/wp\/v2\/pages\/5256\/revisions\/5528"}],"wp:attachment":[{"href":"https:\/\/agora.xtec.cat\/ieagustibarbera\/wp-json\/wp\/v2\/media?parent=5256"}],"curies":[{"name":"wp","href":"https:\/\/api.w.org\/{rel}","templated":true}]}}